{"id":32,"date":"2017-03-08T12:44:09","date_gmt":"2017-03-08T11:44:09","guid":{"rendered":"http:\/\/multimedia.uoc.edu\/blogs\/animacio\/?page_id=32"},"modified":"2017-03-09T11:21:21","modified_gmt":"2017-03-09T10:21:21","slug":"estirar-i-encongir","status":"publish","type":"page","link":"http:\/\/multimedia.uoc.edu\/blogs\/animacio\/principis-animacio\/estirar-i-encongir\/","title":{"rendered":"Estirar i encongir"},"content":{"rendered":"<p><b>El primer principi \u00e9s el d&#8217;estirar i encongir. <\/b><span style=\"font-weight: 400\">Estirar i encongir consisteix en exagerar les deformacions dels cossos per a dotar els elements d&#8217;elasticitat. Si se n&#8217;abusa s&#8217;obtenen amb certa facilitat sensacions que tenen un aire c\u00f2mic o tamb\u00e9 cert dramatisme. Si a un objecte s&#8217;hi aplica una estirada i un encongiment adequats, la seva representaci\u00f3 guanya inter\u00e8s i credibilitat visual.<\/span><\/p>","protected":false},"excerpt":{"rendered":"<p>El primer principi \u00e9s el d&#8217;estirar i encongir. Estirar i encongir consisteix en exagerar les deformacions dels cossos per a dotar els elements d&#8217;elasticitat. Si se n&#8217;abusa s&#8217;obtenen amb certa facilitat sensacions que tenen un aire c\u00f2mic o tamb\u00e9 cert dramatisme. Si a un objecte s&#8217;hi aplica una estirada i un encongiment adequats, la seva &hellip; <\/p>\n<p class=\"link-more\"><a href=\"http:\/\/multimedia.uoc.edu\/blogs\/animacio\/principis-animacio\/estirar-i-encongir\/\" class=\"more-link\">Continua llegint <span class=\"screen-reader-text\">\u00abEstirar i encongir\u00bb<\/span><\/a><\/p>\n","protected":false},"author":140,"featured_media":0,"parent":2,"menu_order":0,"comment_status":"closed","ping_status":"closed","template":"plantilla-pagina.php","meta":{"footnotes":""},"tags":[],"class_list":["post-32","page","type-page","status-publish","hentry","entry"],"_links":{"self":[{"href":"http:\/\/multimedia.uoc.edu\/blogs\/animacio\/wp-json\/wp\/v2\/pages\/32","targetHints":{"allow":["GET"]}}],"collection":[{"href":"http:\/\/multimedia.uoc.edu\/blogs\/animacio\/wp-json\/wp\/v2\/pages"}],"about":[{"href":"http:\/\/multimedia.uoc.edu\/blogs\/animacio\/wp-json\/wp\/v2\/types\/page"}],"author":[{"embeddable":true,"href":"http:\/\/multimedia.uoc.edu\/blogs\/animacio\/wp-json\/wp\/v2\/users\/140"}],"replies":[{"embeddable":true,"href":"http:\/\/multimedia.uoc.edu\/blogs\/animacio\/wp-json\/wp\/v2\/comments?post=32"}],"version-history":[{"count":3,"href":"http:\/\/multimedia.uoc.edu\/blogs\/animacio\/wp-json\/wp\/v2\/pages\/32\/revisions"}],"predecessor-version":[{"id":102,"href":"http:\/\/multimedia.uoc.edu\/blogs\/animacio\/wp-json\/wp\/v2\/pages\/32\/revisions\/102"}],"up":[{"embeddable":true,"href":"http:\/\/multimedia.uoc.edu\/blogs\/animacio\/wp-json\/wp\/v2\/pages\/2"}],"wp:attachment":[{"href":"http:\/\/multimedia.uoc.edu\/blogs\/animacio\/wp-json\/wp\/v2\/media?parent=32"}],"wp:term":[{"taxonomy":"post_tag","embeddable":true,"href":"http:\/\/multimedia.uoc.edu\/blogs\/animacio\/wp-json\/wp\/v2\/tags?post=32"}],"curies":[{"name":"wp","href":"https:\/\/api.w.org\/{rel}","templated":true}]}}