{"id":13,"date":"2013-02-13T16:53:55","date_gmt":"2013-02-13T16:53:55","guid":{"rendered":"http:\/\/multimedia.uoc.edu\/blogs\/dg\/?page_id=13"},"modified":"2019-05-10T15:03:44","modified_gmt":"2019-05-10T15:03:44","slug":"tipografia","status":"publish","type":"page","link":"http:\/\/multimedia.uoc.edu\/blogs\/dg\/es\/tipografia\/","title":{"rendered":"Tipograf\u00eda"},"content":{"rendered":"<p><\/p>\n<h1><img loading=\"lazy\" decoding=\"async\" class=\"alignnone size-full wp-image-1107\" src=\"http:\/\/multimedia.uoc.edu\/blogs\/dg\/files\/2019\/02\/tipografia.jpg\" alt=\"\" width=\"568\" height=\"239\" \/><\/h1>\n<h6>photo by <a href=\"https:\/\/www.flickr.com\/photos\/adactio\/5739318101\" target=\"_blank\" rel=\"noopener noreferrer\">Jeremy Keith.<\/a>\u00a0CC BY.<\/h6>\n<h1>Fuentes\u00a0 (fundiciones, estudios, tiendas&#8230;):<\/h1>\n<ul>\n<li><strong> My fonts<\/strong> <a href=\"http:\/\/www.myfonts.com\/\" target=\"_blank\" rel=\"noopener noreferrer\">http:\/\/www.myfonts.com<\/a><\/li>\n<li><strong> Adobe Font Finder<\/strong> <a href=\"http:\/\/www.adobe.com\/type\/fontfinder\" target=\"_blank\" rel=\"noopener noreferrer\">http:\/\/www.adobe.com\/type\/fontfinder<\/a><\/li>\n<li><strong> Fontsshop<\/strong> <a href=\"http:\/\/www.fontshop.com\/\" target=\"_blank\" rel=\"noopener noreferrer\">http:\/\/www.fontshop.com<\/a><\/li>\n<li><strong> Lino Type<\/strong>: <a href=\"http:\/\/www.linotype.com\/\" target=\"_blank\" rel=\"noopener noreferrer\">http:\/\/www.linotype.com<\/a><\/li>\n<li><strong> Fonts.com<\/strong> <a href=\"http:\/\/www.fonts.com\/\" target=\"_blank\" rel=\"noopener noreferrer\">http:\/\/www.fonts.com<\/a><\/li>\n<li><strong> Emigre<\/strong> <a href=\"http:\/\/www.emigre.com\/\" target=\"_blank\" rel=\"noopener noreferrer\">http:\/\/www.emigre.com<\/a><\/li>\n<li><strong> Type Republic<\/strong> <a href=\"http:\/\/www.typerepublic.com\/\" target=\"_blank\" rel=\"noopener noreferrer\">http:\/\/www.typerepublic.com<\/a><\/li>\n<li><strong>Andreu Balius<\/strong>\u00a0:\u00a0<a href=\"http:\/\/www.andreubalius.com\/\" target=\"_blank\" rel=\"noopener noreferrer\">http:\/\/www.andreubalius.com\/<\/a><\/li>\n<\/ul>\n<h1><strong>Free Fonts:<\/strong><\/h1>\n<ul>\n<li><strong>Dafont.com<\/strong> Para localizar fuentes y descargarlas si son freeware. La p\u00e1gina permite tambi\u00e9n poner un texto y ver como queda con las diferentes fuentes elegidas: <a href=\"http:\/\/www.dafont.com\/\">http:\/\/www.dafont.com<\/a><\/li>\n<li><a href=\"http:\/\/www.fontsquirrel.com\/\" target=\"_blank\" rel=\"noopener noreferrer\">http:\/\/www.fontsquirrel.com<\/a><\/li>\n<li><a href=\"http:\/\/www.fontspace.com\/\" target=\"_blank\" rel=\"noopener noreferrer\">http:\/\/www.fontspace.com<\/a><\/li>\n<\/ul>\n<h1><strong>Identificaci\u00f3n de fuentes:<\/strong><\/h1>\n<ul>\n<li><strong>Identifont.<\/strong> Permite identificar una fuente a partir de observar una serie de caracter\u00edsticas. Tambi\u00e9n permite buscar por tip\u00f3grafos.: <a href=\"http:\/\/www.identifont.com\/\" target=\"_blank\" rel=\"noopener noreferrer\">http:\/\/www.identifont.com<\/a><\/li>\n<li><strong>What the font. <\/strong>Una herramienta muy util para identificar una fuente a partir de un texto, se env\u00eda una imagen del texto y el programa identifica la fuente o, en su lugar, las m\u00e1s parecidas. Tambi\u00e9n disponible para smartphone!!!: <a href=\"http:\/\/www.myfonts.com\/WhatTheFont\/\" target=\"_blank\" rel=\"noopener noreferrer\">http:\/\/www.myfonts.com\/WhatTheFont\/<\/a><\/li>\n<\/ul>\n<h1><strong>Recursos:<\/strong><\/h1>\n<ul>\n<li><b>FOUNT. <\/b>\u00c9ste es un plugin que se instala directamente en la barra de favoritos del navegador (safari, explorer, firefox&#8230;) y cuando se quiere identificar una fuente de cualquier web, s\u00f3lo se ha de clicar el plugin y seleccionar la fuente y te dir\u00e1 el nombre de la tipo, medida y color web (\u00a1siempre que no sea un trazado o imagen!). <a href=\"http:\/\/www.linkedin.com\/redirect?url=http%3A%2F%2Ffount%2Eartequalswork%2Ecom%2F&amp;urlhash=y_FI&amp;_t=tracking_anet\" target=\"_blank\" rel=\"noopener noreferrer\">http:\/\/fount.artequalswork.com\/<\/a><\/li>\n<li><strong>A Beautifully Illustrated Glossary Of Typographic Terms You Should Know. <\/strong>Glosario de t\u00e9rminos tipogr\u00e1ficos explicados de manera muy gr\u00e1fica.<a href=\"https:\/\/designschool.canva.com\/blog\/typography-terms\/\" target=\"_blank\" rel=\"noopener noreferrer\"> https:\/\/designschool.canva.com\/blog\/typography-terms\/<\/a><\/li>\n<\/ul>\n<h1><strong>Tipograf\u00eda (blogs y m\u00e1s&#8230;):<\/strong><\/h1>\n<ul>\n<li><strong><b>Blog: <\/b>Unos tipos duros:<\/strong> <a href=\"http:\/\/www.unostiposduros.com\/\" target=\"_blank\" rel=\"noopener noreferrer\">http:\/\/www.unostiposduros.com<\/a><\/li>\n<li><strong><b>Blog: <\/b>I love typography:<\/strong> <a href=\"http:\/\/ilovetypography.com\/\" target=\"_blank\" rel=\"noopener noreferrer\">http:\/\/ilovetypography.com\/<\/a><\/li>\n<li><a href=\"https:\/\/www.behance.net\/galleries\/2\/Dise%C3%B1o-gr%C3%A1fico?content=projects&amp;queues=3\" target=\"_blank\" rel=\"noopener noreferrer\"><strong>Behance typography.<\/strong><\/a><\/li>\n<li><b>Blog: Typetheory: <\/b><a href=\"http:\/\/www.typetheory.com\">http:\/\/www.typetheory.com <\/a><\/li>\n<li><b>Blog: Fontfeed: <\/b><a href=\"http:\/\/fontfeed.com\">http:\/\/fontfeed.com <\/a><\/li>\n<li><b>Blog: Type Directors Club: <\/b><a href=\"http:\/\/tdc.org\/\">http:\/\/tdc.org\/ <\/a><\/li>\n<li><b>Blog: Typesites: <\/b><a href=\"http:\/\/typesites.com\">http:\/\/typesites.com<\/a><\/li>\n<\/ul>\n<h1><b>Texto simulado:<\/b><\/h1>\n<ul>\n<li><a href=\"http:\/\/es.wikipedia.org\/wiki\/Lorem_ipsum\">Entrada \u00abLorem ipsum\u00bb en Wikipedia-es<\/a><\/li>\n<li><a href=\"http:\/\/www.blindtextgenerator.com\/es\">Blind Text Generator<\/a><\/li>\n<li><a href=\"http:\/\/es.lipsum.com\/\">Lorem Ipsum Generator<\/a><\/li>\n<\/ul>\n<h1><strong>Combinaci\u00f3n tipogr\u00e1fica:<\/strong><\/h1>\n<ul>\n<li><strong>19 top fonts<\/strong>: <a href=\"http:\/\/bonfx.com\/19-top-fonts-in-19-top-combinations\">http:\/\/bonfx.com\/19-top-fonts-in-19-top-combinations<\/a><\/li>\n<li>Sobre combinaciones de tipograf\u00edas en peri\u00f3dicos: <a href=\"http:\/\/cuatrotipos.wordpress.com\/2008\/09\/12\/el-combinado-tipografico-perfecto\">http:\/\/cuatrotipos.wordpress.com\/2008\/09\/12\/el-combinado-tipografico-perfecto<\/a><\/li>\n<li><strong>4 t\u00e9cnicas para combinar fuentes<\/strong>:\u00a0<a href=\"http:\/\/www.typography.com\/email\/2010_03\/index.htm\">http:\/\/www.typography.com\/email\/2010_03\/index.htm<\/a><\/li>\n<li><strong>Herramientas y recursos para combinar fuentes web<\/strong>:\u00a0<a href=\"http:\/\/ddsign.es\/2013\/08\/05\/herramientas-y-recursos-para-combinar-fuentes-web\/\">http:\/\/ddsign.es\/2013\/08\/05\/herramientas-y-recursos-para-combinar-fuentes-web\/<\/a><\/li>\n<li><strong>10 combinaciones de fuentes para web con Google Fonts:<\/strong>\u00a0<a href=\"http:\/\/designshack.net\/articles\/css\/10-great-google-font-combinations-you-can-copy\" target=\"_blank\" rel=\"noopener noreferrer\">http:\/\/designshack.net\/articles\/css\/10-great-google-font-combinations-you-can-copy<\/a><\/li>\n<li><strong>Recomendaciones para combinar fuentes<\/strong>:\u00a0<a href=\"http:\/\/www.catedracosgaya.com.ar\/tipoblog\/combinaciones-tipograficas-un-problema\/\" target=\"_blank\" rel=\"noopener noreferrer\">http:\/\/www.catedracosgaya.com.ar\/tipoblog\/combinaciones-tipograficas-un-problema\/<\/a><\/li>\n<li><strong>Recursos para combinar fuentes:<\/strong>\u00a0<a href=\"http:\/\/ddsign.es\/2013\/08\/05\/herramientas-y-recursos-para-combinar-fuentes-web\/\" target=\"_blank\" rel=\"noopener noreferrer\"><em>http:\/\/ddsign.es\/2013\/08\/05\/herramientas-y-recursos-para-combinar-fuentes-web\/<\/em>\u00a0<\/a><\/li>\n<li><strong>Typecast:<\/strong>\u00a0<a href=\"http:\/\/typecast.com\/\" target=\"_blank\" rel=\"noopener noreferrer\">http:\/\/typecast.com\/<\/a><\/li>\n<\/ul>\n<h1><b>Referencias tipogr\u00e1ficas que tambi\u00e9n os pueden interesar:<\/b><\/h1>\n<ul>\n<li>Josep M. Pujol. \u00abLa escritura tipogr\u00e1fica, 1: La fuente digital\u00bb. Lengua y Uso n\u00fam. 22 (2002): 17-29. <a href=\"http:\/\/213.176.163.147\/%7Eebraso\/informat2005\/write\/tipografia\/LaFontDigital.pdf\">LaFontDigital.pdf<\/a><\/li>\n<li>Josep M. Pujol. \u00abLa escritura tipogr\u00e1fica, 2: Tipograf\u00eda de calidad\u00bb. Lengua y Uso n\u00fam. 23 (2002): 25-36. <a href=\"http:\/\/www.raco.cat\/index.php\/LlenguaUs\/article\/view\/128012\/177352\">Tipograf\u00eda de calidad<\/a><\/li>\n<li><b>Tipowiki <\/b>(Universidad de Chile) <a href=\"http:\/\/tipowiki.netne.net\/wiki\/P%25%20C3%25%20A1gina_Principal\">http:\/\/tipowiki.netne.net\/wiki\/P% C3% A1gina_Principal<\/a><\/li>\n<\/ul>\n<h1>Art\u00edculos relacionados con tipograf\u00eda:<\/h1>\n<ul class=\"lcp_catlist\" id=\"lcp_instance_0\"><li><a href=\"http:\/\/multimedia.uoc.edu\/blogs\/dg\/es\/2017\/03\/31\/video-matthew-carter-my-life-in-typefaces\/\">V\u00eddeo:  Matthew Carter: My life in typefaces<\/a><\/li><li><a href=\"http:\/\/multimedia.uoc.edu\/blogs\/dg\/es\/2016\/08\/25\/alguns-consells-sobre-tipografia\/\">Algunos consejos sobre tipograf\u00eda<\/a><\/li><\/ul>\n<p>&nbsp;<\/p>","protected":false},"excerpt":{"rendered":"<p>photo by Jeremy Keith.\u00a0CC BY. Fuentes\u00a0 (fundiciones, estudios, tiendas&#8230;): My fonts http:\/\/www.myfonts.com Adobe Font Finder http:\/\/www.adobe.com\/type\/fontfinder Fontsshop http:\/\/www.fontshop.com Lino Type: http:\/\/www.linotype.com Fonts.com http:\/\/www.fonts.com Emigre http:\/\/www.emigre.com Type Republic http:\/\/www.typerepublic.com Andreu Balius\u00a0:\u00a0http:\/\/www.andreubalius.com\/ Free Fonts: Dafont.com Para localizar fuentes y descargarlas si son freeware. La p\u00e1gina permite tambi\u00e9n poner un texto y ver como queda con las diferentes [&hellip;]<\/p>\n","protected":false},"author":8,"featured_media":0,"parent":0,"menu_order":0,"comment_status":"closed","ping_status":"open","template":"plantilla-pagina.php","meta":{"footnotes":""},"tags":[],"class_list":["post-13","page","type-page","status-publish","hentry"],"_links":{"self":[{"href":"http:\/\/multimedia.uoc.edu\/blogs\/dg\/es\/wp-json\/wp\/v2\/pages\/13","targetHints":{"allow":["GET"]}}],"collection":[{"href":"http:\/\/multimedia.uoc.edu\/blogs\/dg\/es\/wp-json\/wp\/v2\/pages"}],"about":[{"href":"http:\/\/multimedia.uoc.edu\/blogs\/dg\/es\/wp-json\/wp\/v2\/types\/page"}],"author":[{"embeddable":true,"href":"http:\/\/multimedia.uoc.edu\/blogs\/dg\/es\/wp-json\/wp\/v2\/users\/8"}],"replies":[{"embeddable":true,"href":"http:\/\/multimedia.uoc.edu\/blogs\/dg\/es\/wp-json\/wp\/v2\/comments?post=13"}],"version-history":[{"count":27,"href":"http:\/\/multimedia.uoc.edu\/blogs\/dg\/es\/wp-json\/wp\/v2\/pages\/13\/revisions"}],"predecessor-version":[{"id":1167,"href":"http:\/\/multimedia.uoc.edu\/blogs\/dg\/es\/wp-json\/wp\/v2\/pages\/13\/revisions\/1167"}],"wp:attachment":[{"href":"http:\/\/multimedia.uoc.edu\/blogs\/dg\/es\/wp-json\/wp\/v2\/media?parent=13"}],"wp:term":[{"taxonomy":"post_tag","embeddable":true,"href":"http:\/\/multimedia.uoc.edu\/blogs\/dg\/es\/wp-json\/wp\/v2\/tags?post=13"}],"curies":[{"name":"wp","href":"https:\/\/api.w.org\/{rel}","templated":true}]}}