{"id":604,"date":"2016-08-27T00:13:59","date_gmt":"2016-08-27T00:13:59","guid":{"rendered":"http:\/\/multimedia.uoc.edu\/blogs\/dg\/?page_id=604"},"modified":"2019-02-26T14:32:54","modified_gmt":"2019-02-26T14:32:54","slug":"eines","status":"publish","type":"page","link":"http:\/\/multimedia.uoc.edu\/blogs\/dg\/eines\/","title":{"rendered":"Eines"},"content":{"rendered":"<p><a href=\"https:\/\/method.ac\/\" target=\"_blank\" rel=\"noopener\">Method of Action.<\/a> Una col\u00b7lecci\u00f3 d&#8217;eines, jocs i articles que us ajudaran a aprendre el disseny.<\/p>\n<h2>Articles relacionats amb eines:<\/h2>\n<p><div class=\"lcp_catlist\" id=\"lcp_instance_0\"><p><a href=\"http:\/\/multimedia.uoc.edu\/blogs\/dg\/2016\/10\/10\/manual-per-a-dissenyadors-novaera\/\">Manual per a dissenyadors de Nova Era<\/a><div class=\"lcp_content\"><p><a href=\"http:\/\/multimedia.uoc.edu\/blogs\/dg\/files\/2016\/10\/todo-copia.pdf\"><img loading=\"lazy\" decoding=\"async\" class=\"alignnone wp-image-678 \" src=\"http:\/\/multimedia.uoc.edu\/blogs\/dg\/files\/2016\/10\/todo-1024x705.jpg\" alt=\"todo\" width=\"534\" height=\"391\" \/><\/a><\/p>\n<p>L&#8217;empresa d&#8217;arts gr\u00e0fiques <a href=\"http:\/\/www.novaerapublications.com\/es\/\" target=\"_blank\">Nova Era<\/a>\u00a0ha publicat un manual que ells mateixos defineixen com &#8220;tot el que un bon dissenyador ha de tenir en compte&#8221;. La inquietud de posar aquest document al nostre abast sorgeix del fet que molts dissenyadors no s&#8217;involucren prou en el proc\u00e9s de producci\u00f3 industrial dels seus productes, no coneixen totes les opcions, acabats ni costos.<\/p>\n<p>Esperem, doncs, que us sigui de molta ajuda!<\/p>\n<p><a href=\"http:\/\/multimedia.uoc.edu\/blogs\/dg\/files\/2016\/10\/todo-copia.pdf\">Descarrega&#8217;t el Manual per a dissenyadors (PDF)<\/a><\/p>\n<a href=\"http:\/\/multimedia.uoc.edu\/blogs\/dg\/2016\/10\/10\/manual-per-a-dissenyadors-novaera\/\" title=\"Continue reading &rarr;\">Continue reading &rarr;<\/a><\/div><\/p><p><a href=\"http:\/\/multimedia.uoc.edu\/blogs\/dg\/2016\/08\/25\/video-proces-de-disseny-dun-logo\/\">V\u00eddeo: proc\u00e9s de disseny d&#8217;un logo<\/a><div class=\"lcp_content\"><p>Si voleu saber com \u00e9s el proc\u00e9s de creaci\u00f3 d&#8217;un logo, mireu-vos aquest v\u00eddeo d&#8217;<a href=\"http:\/\/draplin.com\/\">Aaron Draplin<\/a>, on podreu observar tamb\u00e9 com pren notes, fa esborranys i prototips per a trobar el logotip m\u00e9s apropiat. Interessant!<\/p>\n<p><a href=\"https:\/\/www.youtube.com\/watch?v=zOPA0NaeTBk\">https:\/\/www.youtube.com\/watch?v=zOPA0NaeTBk<\/a><\/p>\n<a href=\"http:\/\/multimedia.uoc.edu\/blogs\/dg\/2016\/08\/25\/video-proces-de-disseny-dun-logo\/\" title=\"Continue reading &rarr;\">Continue reading &rarr;<\/a><\/div><\/p><p><a href=\"http:\/\/multimedia.uoc.edu\/blogs\/dg\/2016\/08\/25\/castellano-openclipart-un-banco-de-recursos-realizados-con-inkscape\/\">OpenClipArt, un banc de recursos realizats amb Inkscape<\/a><div class=\"lcp_content\"><p><span id=\"result_box\" class=\"\" lang=\"ca\"><span class=\"\">OpenClipArt \u00e9s un projecte<\/span> de clips lliures (domini p\u00fablic), dissenyats 100% amb Inkscape. \u00c9<span class=\"\">s una base d&#8217;<\/span>arxius molt gran, per la qual cosa us recomanem que l&#8217;examineu amb paci\u00e8ncia. <span class=\"\">Aqu\u00ed teniu l&#8217;enlla\u00e7<\/span>:<\/span><\/p>\n<p><a href=\"http:\/\/openclipart.org\"><span class=\"\">http:\/\/openclipart.org<\/span><\/a><\/p>\n<p>Per si aix\u00f2 no fos prou, us deixem l&#8217;enlla\u00e7 <span class=\"\">a un extraordinari<\/span> treball realitzat 100% amb Inkscape:<\/p>\n<p><img loading=\"lazy\" decoding=\"async\" class=\"alignnone size-full wp-image-459\" src=\"http:\/\/multimedia.uoc.edu\/blogs\/dg\/files\/2016\/08\/Anime_Girl.svg_.png\" alt=\"Anime_Girl.svg\" width=\"640\" height=\"453\" srcset=\"http:\/\/multimedia.uoc.edu\/blogs\/dg\/files\/2016\/08\/Anime_Girl.svg_.png 640w, http:\/\/multimedia.uoc.edu\/blogs\/dg\/files\/2016\/08\/Anime_Girl.svg_-300x212.png 300w\" sizes=\"auto, (max-width: 640px) 100vw, 640px\" \/><\/p>\n<p><a href=\"http:\/\/commons.wikimedia.org\/wiki\/File%3aAnime_Girl.svg\">http:\/\/commons.wikimedia.org\/wiki\/File%3aAnime_Girl.svg<\/a><\/p>\n<p>Llegir m\u00e9s: Inkscape: l&#8217;alternativa a Illustrator? <a href=\"http:\/\/www.softhoy.com\/inkscape-la-alternativa-illustrator.html#WvA1McL3hKmPBcdA\"><span class=\"\">http:\/\/www.softhoy.com\/inkscape-la-alternativa-illustrator.html#WvA1McL3hKmPBcdA<\/span><\/a><\/p>\n<a href=\"http:\/\/multimedia.uoc.edu\/blogs\/dg\/2016\/08\/25\/castellano-openclipart-un-banco-de-recursos-realizados-con-inkscape\/\" title=\"Continue reading &rarr;\">Continue reading &rarr;<\/a><\/div><\/p><\/div><\/p>","protected":false},"excerpt":{"rendered":"<p>Method of Action. Una col\u00b7lecci\u00f3 d&#8217;eines, jocs i articles que us ajudaran a aprendre el disseny. Articles relacionats amb eines:<\/p>\n","protected":false},"author":26,"featured_media":0,"parent":0,"menu_order":0,"comment_status":"closed","ping_status":"closed","template":"plantilla-pagina.php","meta":{"footnotes":""},"tags":[],"class_list":["post-604","page","type-page","status-publish","hentry"],"_links":{"self":[{"href":"http:\/\/multimedia.uoc.edu\/blogs\/dg\/wp-json\/wp\/v2\/pages\/604","targetHints":{"allow":["GET"]}}],"collection":[{"href":"http:\/\/multimedia.uoc.edu\/blogs\/dg\/wp-json\/wp\/v2\/pages"}],"about":[{"href":"http:\/\/multimedia.uoc.edu\/blogs\/dg\/wp-json\/wp\/v2\/types\/page"}],"author":[{"embeddable":true,"href":"http:\/\/multimedia.uoc.edu\/blogs\/dg\/wp-json\/wp\/v2\/users\/26"}],"replies":[{"embeddable":true,"href":"http:\/\/multimedia.uoc.edu\/blogs\/dg\/wp-json\/wp\/v2\/comments?post=604"}],"version-history":[{"count":6,"href":"http:\/\/multimedia.uoc.edu\/blogs\/dg\/wp-json\/wp\/v2\/pages\/604\/revisions"}],"predecessor-version":[{"id":1064,"href":"http:\/\/multimedia.uoc.edu\/blogs\/dg\/wp-json\/wp\/v2\/pages\/604\/revisions\/1064"}],"wp:attachment":[{"href":"http:\/\/multimedia.uoc.edu\/blogs\/dg\/wp-json\/wp\/v2\/media?parent=604"}],"wp:term":[{"taxonomy":"post_tag","embeddable":true,"href":"http:\/\/multimedia.uoc.edu\/blogs\/dg\/wp-json\/wp\/v2\/tags?post=604"}],"curies":[{"name":"wp","href":"https:\/\/api.w.org\/{rel}","templated":true}]}}