{"id":10,"date":"2013-02-22T19:51:46","date_gmt":"2013-02-22T18:51:46","guid":{"rendered":"http:\/\/multimedia.uoc.edu\/blogs\/dii\/?page_id=10"},"modified":"2015-08-06T12:06:53","modified_gmt":"2015-08-06T11:06:53","slug":"inici","status":"publish","type":"page","link":"http:\/\/multimedia.uoc.edu\/blogs\/dii\/es\/","title":{"rendered":"Inicio"},"content":{"rendered":"<p>Este es un espacio web con materiales de las asignaturas sobre dise\u00f1o de interfaces del <a href=\"http:\/\/estudios.uoc.edu\/es\/grados\/multimedia\/presentacion\">Grado de Multimedia<\/a> y del <a href=\"http:\/\/estudios.uoc.edu\/es\/masters-universitarios\/aplicaciones-multimedia\/presentacion\">M\u00e1ster en Aplicaciones Multimedia<\/a> de la <a href=\"http:\/\/www.uoc.edu\">Universitat Oberta de Catalunya<\/a>.<\/p>\n<p>Contiene distintos recursos (enlaces a webs, blogs, herramientas, explicaciones m\u00e1s espec\u00edficas&#8230;) relacionados con los contenidos de distintas asignaturas. En ellas se desarrolla la capacidad para dise\u00f1ar interfaces de acuerdo con los criterios y orientaciones propuestos por el Dise\u00f1o Centrado en el Usuario a trav\u00e9s de la creaci\u00f3n de los recursos conceptuales, creativos y t\u00e9cnicos adecuados para cada interfaz. Adem\u00e1s, se practica la toma de decisiones en relaci\u00f3n con el dise\u00f1o de interfaces, teniendo en cuenta los distintos niveles de accesibilidad y la informaci\u00f3n obtenida a trav\u00e9s de sistemas de evaluaci\u00f3n. Asimismo, de desarrolla la capacidad de an\u00e1lisis y justificaci\u00f3n de interfaces de dise\u00f1o propio y ajeno.<\/p>\n<p>En este espacio tambi\u00e9n encontrar\u00e9is algunos trabajos realizados por estudiantes. Algunas de estas experiencias docentes tambi\u00e9n han sido publicadas en la revista <a title=\"Mosaic\" href=\"http:\/\/mosaic.uoc.edu\/\">Mosaic<\/a>, revista del \u00e1mbito multimedia de la UOC.<\/p>","protected":false},"excerpt":{"rendered":"<p>Este es un espacio web con materiales de las asignaturas sobre dise\u00f1o de interfaces del Grado de Multimedia y del M\u00e1ster en Aplicaciones Multimedia de la Universitat Oberta de Catalunya. Contiene distintos recursos (enlaces a webs, blogs, herramientas, explicaciones m\u00e1s espec\u00edficas&#8230;) relacionados con los contenidos de distintas asignaturas. En ellas se desarrolla la capacidad para &hellip; <\/p>\n<p class=\"link-more\"><a href=\"http:\/\/multimedia.uoc.edu\/blogs\/dii\/es\/\" class=\"more-link\">Seguir leyendo<span class=\"screen-reader-text\"> \u00abInicio\u00bb<\/span><\/a><\/p>\n","protected":false},"author":8,"featured_media":0,"parent":0,"menu_order":0,"comment_status":"closed","ping_status":"open","template":"","meta":{"footnotes":""},"tags":[],"class_list":["post-10","page","type-page","status-publish","hentry","entry"],"_links":{"self":[{"href":"http:\/\/multimedia.uoc.edu\/blogs\/dii\/es\/wp-json\/wp\/v2\/pages\/10","targetHints":{"allow":["GET"]}}],"collection":[{"href":"http:\/\/multimedia.uoc.edu\/blogs\/dii\/es\/wp-json\/wp\/v2\/pages"}],"about":[{"href":"http:\/\/multimedia.uoc.edu\/blogs\/dii\/es\/wp-json\/wp\/v2\/types\/page"}],"author":[{"embeddable":true,"href":"http:\/\/multimedia.uoc.edu\/blogs\/dii\/es\/wp-json\/wp\/v2\/users\/8"}],"replies":[{"embeddable":true,"href":"http:\/\/multimedia.uoc.edu\/blogs\/dii\/es\/wp-json\/wp\/v2\/comments?post=10"}],"version-history":[{"count":12,"href":"http:\/\/multimedia.uoc.edu\/blogs\/dii\/es\/wp-json\/wp\/v2\/pages\/10\/revisions"}],"predecessor-version":[{"id":664,"href":"http:\/\/multimedia.uoc.edu\/blogs\/dii\/es\/wp-json\/wp\/v2\/pages\/10\/revisions\/664"}],"wp:attachment":[{"href":"http:\/\/multimedia.uoc.edu\/blogs\/dii\/es\/wp-json\/wp\/v2\/media?parent=10"}],"wp:term":[{"taxonomy":"post_tag","embeddable":true,"href":"http:\/\/multimedia.uoc.edu\/blogs\/dii\/es\/wp-json\/wp\/v2\/tags?post=10"}],"curies":[{"name":"wp","href":"https:\/\/api.w.org\/{rel}","templated":true}]}}