{"id":375,"date":"2015-03-12T13:34:39","date_gmt":"2015-03-12T12:34:39","guid":{"rendered":"http:\/\/multimedia.uoc.edu\/blogs\/dii\/?page_id=375"},"modified":"2015-10-19T11:46:00","modified_gmt":"2015-10-19T10:46:00","slug":"experiencia-dusuari","status":"publish","type":"page","link":"http:\/\/multimedia.uoc.edu\/blogs\/dii\/es\/disseny-centrat-en-lusuari-dcu\/experiencia-dusuari\/","title":{"rendered":"Experiencia de usuario"},"content":{"rendered":"<p>Para Kankainen (2002), la experiencia de usuario es el resultado de una acci\u00f3n motivada en un contexto determinado, poniendo \u00e9nfasis en la importancia condicionante de las expectativas del usuario y las experiencias previas.<\/p>\n<p>El siguiente art\u00edculo plantea, de forma resumida y clara, <a href=\"http:\/\/mosaic.uoc.edu\/2015\/10\/14\/diez-principios-para-la-excelencia-en-el-diseno-de-experiencias-web\/\" target=\"_blank\">Diez principios para la excelencia en el dise\u00f1o de experiencias web<\/a><\/p>\n<p><strong>Enlaces relacionados:<\/strong><\/p>\n<ul>\n<li><a href=\"http:\/\/www.nosolousabilidad.com\/articulos\/experiencia_del_usuario.htm\" target=\"_blank\">La experiencia del usuario<\/a><\/li>\n<li><a href=\"http:\/\/jordisan.net\/blog\/2011\/usabilidad-y-ux-son-lo-mismo-o-no\/\" target=\"_blank\">Usabilidad y UX s\u00f3n lo mismo, o no<\/a><\/li>\n<li><a href=\"http:\/\/goodui.org\/?utm_content=buffer939dd&amp;utm_source=buffer&amp;utm_medium=twitter&amp;utm_campaign=Buffer\" target=\"_blank\">Consejos para mejorar la experiencia de usuario de una aplicaci\u00f3n<\/a><\/li>\n<p><\/p>","protected":false},"excerpt":{"rendered":"<p>Para Kankainen (2002), la experiencia de usuario es el resultado de una acci\u00f3n motivada en un contexto determinado, poniendo \u00e9nfasis en la importancia condicionante de las expectativas del usuario y las experiencias previas. El siguiente art\u00edculo plantea, de forma resumida y clara, Diez principios para la excelencia en el dise\u00f1o de experiencias web Enlaces relacionados: &hellip; <\/p>\n<p class=\"link-more\"><a href=\"http:\/\/multimedia.uoc.edu\/blogs\/dii\/es\/disseny-centrat-en-lusuari-dcu\/experiencia-dusuari\/\" class=\"more-link\">Seguir leyendo<span class=\"screen-reader-text\"> \u00abExperiencia de usuario\u00bb<\/span><\/a><\/p>\n","protected":false},"author":65,"featured_media":0,"parent":356,"menu_order":0,"comment_status":"closed","ping_status":"open","template":"plantilla-pagina.php","meta":{"footnotes":""},"tags":[],"class_list":["post-375","page","type-page","status-publish","hentry","entry"],"_links":{"self":[{"href":"http:\/\/multimedia.uoc.edu\/blogs\/dii\/es\/wp-json\/wp\/v2\/pages\/375","targetHints":{"allow":["GET"]}}],"collection":[{"href":"http:\/\/multimedia.uoc.edu\/blogs\/dii\/es\/wp-json\/wp\/v2\/pages"}],"about":[{"href":"http:\/\/multimedia.uoc.edu\/blogs\/dii\/es\/wp-json\/wp\/v2\/types\/page"}],"author":[{"embeddable":true,"href":"http:\/\/multimedia.uoc.edu\/blogs\/dii\/es\/wp-json\/wp\/v2\/users\/65"}],"replies":[{"embeddable":true,"href":"http:\/\/multimedia.uoc.edu\/blogs\/dii\/es\/wp-json\/wp\/v2\/comments?post=375"}],"version-history":[{"count":4,"href":"http:\/\/multimedia.uoc.edu\/blogs\/dii\/es\/wp-json\/wp\/v2\/pages\/375\/revisions"}],"predecessor-version":[{"id":679,"href":"http:\/\/multimedia.uoc.edu\/blogs\/dii\/es\/wp-json\/wp\/v2\/pages\/375\/revisions\/679"}],"up":[{"embeddable":true,"href":"http:\/\/multimedia.uoc.edu\/blogs\/dii\/es\/wp-json\/wp\/v2\/pages\/356"}],"wp:attachment":[{"href":"http:\/\/multimedia.uoc.edu\/blogs\/dii\/es\/wp-json\/wp\/v2\/media?parent=375"}],"wp:term":[{"taxonomy":"post_tag","embeddable":true,"href":"http:\/\/multimedia.uoc.edu\/blogs\/dii\/es\/wp-json\/wp\/v2\/tags?post=375"}],"curies":[{"name":"wp","href":"https:\/\/api.w.org\/{rel}","templated":true}]}}