{"id":7,"date":"2013-02-22T19:48:53","date_gmt":"2013-02-22T18:48:53","guid":{"rendered":"http:\/\/multimedia.uoc.edu\/blogs\/dii\/?page_id=7"},"modified":"2015-04-07T12:02:25","modified_gmt":"2015-04-07T11:02:25","slug":"experiencies","status":"publish","type":"page","link":"http:\/\/multimedia.uoc.edu\/blogs\/dii\/es\/experiencies\/","title":{"rendered":"Experiencias"},"content":{"rendered":"<p>En este espacio presentamos una selecci\u00f3n de trabajos destacables tanto por su originalidad en el planteamiento como por su creatividad y calidad en la ejecuci\u00f3n.<\/p>\n<h2><a href=\"http:\/\/multimedia.uoc.edu\/blogs\/dii\/es\/experiencies\/my-wee-app\/\">My Wee App (Autora: Mar\u00eda Fern\u00e1ndez Colodrero)<br \/>\n<\/a><\/h2>\n<p><a href=\"http:\/\/multimedia.uoc.edu\/blogs\/dii\/es\/2014\/02\/23\/castellano-my-wee-app\/\"><img loading=\"lazy\" decoding=\"async\" src=\"http:\/\/multimedia.uoc.edu\/blogs\/dii\/files\/2014\/02\/FdezCol-10-150x150.png\" alt=\"FdezCol-10\" width=\"150\" height=\"150\" align=\"right\" class=\"alignright size-thumbnail wp-image-180\" style=\"border: 0px;margin: 10px\" \/><\/a><em>\u00ab&#8230;tras pensar en diferentes soluciones susceptibles a ser medidas y controladas temporalmente, decid\u00ed dise\u00f1ar el prototipo de una aplicaci\u00f3n que habr\u00eda de servir a padres y madres para gestionar el tiempo en las diferentes necesidades que requiere un beb\u00e9, como son la lactancia, el cambio de pa\u00f1ales o la toma de medicinas, entre otras.\u00bb<\/em><br \/>\n<a href=\"http:\/\/multimedia.uoc.edu\/blogs\/dii\/es\/experiencies\/my-wee-app\/\" target=\"_blank\">Seguir leyendo<\/a><\/p>\n<h2><a href=\"http:\/\/multimedia.uoc.edu\/blogs\/dii\/es\/experiencies\/my-news\/\">My News (Autor: Ramon Gras)<\/a><\/h2>\n<p><a href=\"http:\/\/multimedia.uoc.edu\/blogs\/dii\/es\/2014\/02\/23\/my-news\/\"><img loading=\"lazy\" decoding=\"async\" src=\"http:\/\/multimedia.uoc.edu\/blogs\/dii\/files\/2014\/02\/Gras-1-150x150.png\" alt=\"Gras-1\" width=\"150\" height=\"150\" align=\"right\" class=\"alignright size-thumbnail wp-image-189\" style=\"border: 0px;margin: 10px\" \/><\/a><em>\u00ab&#8230;los tel\u00e9fonos inteligentes o las tabletas nos permiten estar permanentemente conectados y disponer de acceso a multitud de servicios e informaci\u00f3n disponible en Internet. Sin embargo, la cantidad de informaci\u00f3n es tan grande y las fuentes de las que procede tan numerosas, que, o bien empleamos demasiado tiempo en separar y seleccionar aquello que nos interesa de lo que no, o bien, sencillamente, lo obviamos o lo pasamos por alto. El aplicativo que desarroll\u00e9 nace con el objetivo de paliar esta situaci\u00f3n&#8230;\u00bb<\/em><br \/>\n<a href=\"http:\/\/multimedia.uoc.edu\/blogs\/dii\/es\/experiencies\/my-news\/\" target=\"_blank\">Seguir leyendo<\/a><\/p>\n<h2><a href=\"http:\/\/multimedia.uoc.edu\/blogs\/dii\/es\/experiencies\/gestionat\/\">Gestiona&#8217;T (Autor: Xavier Fibla Agust\u00edn)<\/a><\/h2>\n<p><a href=\"http:\/\/multimedia.uoc.edu\/blogs\/dii\/2014\/02\/24\/gestionat\/\"><img loading=\"lazy\" decoding=\"async\" src=\"http:\/\/multimedia.uoc.edu\/blogs\/dii\/files\/2014\/02\/Fibla-0-150x150.png\" alt=\"Fibla-0\" width=\"150\" height=\"150\" align=\"right\" class=\"alignright size-thumbnail wp-image-221\" style=\"border: 0px;margin: 10px\" \/><\/a><em>\u00abPartiendo del concepto del tiempo, la idea es crear una aplicaci\u00f3n (Gestiona\u2019T) que nos ayude a saber a que dedicamos nuestro tiempo o dicho de otro modo, qu\u00e9 cantidad de tiempo dedicamos a una actividad en concreto&#8230;\u00bb<\/em><br \/>\n<a href=\"http:\/\/multimedia.uoc.edu\/blogs\/dii\/es\/experiencies\/gestionat\/\" target=\"_blank\">Seguir leyendo<\/a><\/p>\n<h2><a href=\"http:\/\/multimedia.uoc.edu\/blogs\/dii\/es\/experiencies\/timebank-prototipo-interactivo-de-un-banco-de-tiempo\/\">TimeBank: prototipo interactivo de un banco de tiempo (Autor: Bernat G\u00f3mez Garcia)<\/a><\/h2>\n<p><a href=\"http:\/\/multimedia.uoc.edu\/blogs\/dii\/2014\/02\/24\/timebank-prototipo-interactivo-de-un-banco-de-tiempo\/\"><img loading=\"lazy\" decoding=\"async\" src=\"http:\/\/multimedia.uoc.edu\/blogs\/dii\/files\/2014\/02\/Gomez-1-150x150.jpg\" alt=\"Gomez-1\" width=\"150\" height=\"150\" align=\"right\" class=\"alignright size-thumbnail wp-image-236\" style=\"border: 0px;margin: 10px\" \/><\/a><em>\u00ab&#8230;despue\u0301s de descartar las aplicaciones ma\u0301s comunes (alarma, reloj, timetracker, etc.) y de aparcar algunas ideas demasiado abstractas (como una agenda en realidad aumentada), finalmente opte\u0301 por desarrollar un banco de tiempo, concebido como una comunidad virtual de intercambio de servicios entre particulares.\u00bb<\/em><br \/>\n<a href=\"http:\/\/multimedia.uoc.edu\/blogs\/dii\/es\/experiencies\/timebank-prototipo-interactivo-de-un-banco-de-tiempo\/\" target=\"_blank\">Seguir leyendo<\/a><\/p>\n<h2><a href=\"http:\/\/mosaic.uoc.edu\/2011\/10\/31\/mas-alla-de-la-web-rediseno-de-la-arquitectura-de-la-informacion-de-un-sitio-para-web-y-para-movil\/\" target=\"_blank\">M\u00e1s all\u00e1 de la web. Redise\u00f1o de la arquitectura de la informaci\u00f3n de un sitio para web y para m\u00f3vil (Autor: Luis Joaqu\u00edn L\u00e1zaro<\/a><\/h2>\n<p>Aunque esta experiencia del <i>Mosaic<\/i> pertenece a la asignatura <i>Arquitectura de la informaci\u00f3n<\/i>, es muy interesante que pod\u00e1is ver el trabajo hecho para adaptar una web pensando en dispositivos m\u00f3viles.<br \/>\nTambi\u00e9n pod\u00e9is revisar la metodolog\u00eda para desarrollar los <i>wireframes<\/i>.<\/p>\n<p><a href=\"http:\/\/mosaic.uoc.edu\/2011\/10\/31\/mas-alla-de-la-web-rediseno-de-la-arquitectura-de-la-informacion-de-un-sitio-para-web-y-para-movil\/\" target=\"_blank\">Ver experiencia<\/a><\/p>","protected":false},"excerpt":{"rendered":"<p>En este espacio presentamos una selecci\u00f3n de trabajos destacables tanto por su originalidad en el planteamiento como por su creatividad y calidad en la ejecuci\u00f3n. My Wee App (Autora: Mar\u00eda Fern\u00e1ndez Colodrero) \u00ab&#8230;tras pensar en diferentes soluciones susceptibles a ser medidas y controladas temporalmente, decid\u00ed dise\u00f1ar el prototipo de una aplicaci\u00f3n que habr\u00eda de servir &hellip; <\/p>\n<p class=\"link-more\"><a href=\"http:\/\/multimedia.uoc.edu\/blogs\/dii\/es\/experiencies\/\" class=\"more-link\">Seguir leyendo<span class=\"screen-reader-text\"> \u00abExperiencias\u00bb<\/span><\/a><\/p>\n","protected":false},"author":8,"featured_media":0,"parent":0,"menu_order":0,"comment_status":"closed","ping_status":"open","template":"plantilla-pagina.php","meta":{"footnotes":""},"tags":[],"class_list":["post-7","page","type-page","status-publish","hentry","entry"],"_links":{"self":[{"href":"http:\/\/multimedia.uoc.edu\/blogs\/dii\/es\/wp-json\/wp\/v2\/pages\/7","targetHints":{"allow":["GET"]}}],"collection":[{"href":"http:\/\/multimedia.uoc.edu\/blogs\/dii\/es\/wp-json\/wp\/v2\/pages"}],"about":[{"href":"http:\/\/multimedia.uoc.edu\/blogs\/dii\/es\/wp-json\/wp\/v2\/types\/page"}],"author":[{"embeddable":true,"href":"http:\/\/multimedia.uoc.edu\/blogs\/dii\/es\/wp-json\/wp\/v2\/users\/8"}],"replies":[{"embeddable":true,"href":"http:\/\/multimedia.uoc.edu\/blogs\/dii\/es\/wp-json\/wp\/v2\/comments?post=7"}],"version-history":[{"count":46,"href":"http:\/\/multimedia.uoc.edu\/blogs\/dii\/es\/wp-json\/wp\/v2\/pages\/7\/revisions"}],"predecessor-version":[{"id":645,"href":"http:\/\/multimedia.uoc.edu\/blogs\/dii\/es\/wp-json\/wp\/v2\/pages\/7\/revisions\/645"}],"wp:attachment":[{"href":"http:\/\/multimedia.uoc.edu\/blogs\/dii\/es\/wp-json\/wp\/v2\/media?parent=7"}],"wp:term":[{"taxonomy":"post_tag","embeddable":true,"href":"http:\/\/multimedia.uoc.edu\/blogs\/dii\/es\/wp-json\/wp\/v2\/tags?post=7"}],"curies":[{"name":"wp","href":"https:\/\/api.w.org\/{rel}","templated":true}]}}