{"id":435,"date":"2015-03-17T10:20:00","date_gmt":"2015-03-17T09:20:00","guid":{"rendered":"http:\/\/multimedia.uoc.edu\/blogs\/dii\/?page_id=435"},"modified":"2015-03-17T10:27:22","modified_gmt":"2015-03-17T09:27:22","slug":"realitat-virtual","status":"publish","type":"page","link":"http:\/\/multimedia.uoc.edu\/blogs\/dii\/plataformes-i-resolucions\/realitat-virtual\/","title":{"rendered":"Realitat virtual"},"content":{"rendered":"<p>El terme <em>realitat virtual<\/em> va n\u00e9ixer als anys setanta, i suposa un cas especial en el desenvolupament d&#8217;interf\u00edcies gr\u00e0fiques, ja que permet generar entorns sint\u00e8tics amb els quals l&#8217;usuari interactua en temps real. Pot ser de dos tipus:<\/p>\n<ul>\n<li><strong>Immersiva. <\/strong>L&#8217;usuari s&#8217;introdueix en un entorn tridimensional, en qu\u00e8 interactua amb objectes o altres persones mitjan\u00e7ant diferents dispositius (auriculars, guants, etc.).\n<p><figure id=\"attachment_437\" aria-describedby=\"caption-attachment-437\" style=\"width: 272px\" class=\"wp-caption aligncenter\"><a href=\"http:\/\/multimedia.uoc.edu\/blogs\/dii\/files\/2015\/03\/realitatVirtual.png\"><img loading=\"lazy\" decoding=\"async\" class=\"wp-image-437 size-medium\" src=\"http:\/\/multimedia.uoc.edu\/blogs\/dii\/files\/2015\/03\/realitatVirtual-272x300.png\" alt=\"Font: http:\/\/www.sxc.hu\/browse.phtml?f=download&amp;id=288584\" width=\"272\" height=\"300\" srcset=\"http:\/\/multimedia.uoc.edu\/blogs\/dii\/files\/2015\/03\/realitatVirtual-272x300.png 272w, http:\/\/multimedia.uoc.edu\/blogs\/dii\/files\/2015\/03\/realitatVirtual.png 303w\" sizes=\"auto, (max-width: 272px) 100vw, 272px\" \/><\/a><figcaption id=\"caption-attachment-437\" class=\"wp-caption-text\">Realitat virtual immersiva (<a href=\"http:\/\/www.sxc.hu\/browse.phtml?f=download&amp;id=288584\">Font<\/a>)<\/figcaption><\/figure><\/li>\n<li><strong>No immersiva. <\/strong>L&#8217;usuari interactua amb altres objectes o persones, mantenint-se fora de l&#8217;escena. SecondLife \u00e9s un exemple d&#8217;experi\u00e8ncia no immersiva.\n<p><figure id=\"attachment_438\" aria-describedby=\"caption-attachment-438\" style=\"width: 300px\" class=\"wp-caption aligncenter\"><a href=\"http:\/\/multimedia.uoc.edu\/blogs\/dii\/files\/2015\/03\/realitatVirtual2.jpg\"><img loading=\"lazy\" decoding=\"async\" class=\"wp-image-438 size-medium\" src=\"http:\/\/multimedia.uoc.edu\/blogs\/dii\/files\/2015\/03\/realitatVirtual2-300x219.jpg\" alt=\"Font: http:\/\/secondlife.com\/showcase\/screenshots.php\" width=\"300\" height=\"219\" \/><\/a><figcaption id=\"caption-attachment-438\" class=\"wp-caption-text\">Realitat virtual no inmersiva (<a href=\"http:\/\/secondlife.com\/showcase\/screenshots.php\">Font<\/a>)<\/figcaption><\/figure><\/li>\n<\/ul>\n<p>En ambd\u00f3s casos, l&#8217;objectiu consisteix a proporcionar a l&#8217;usuari la m\u00e0xima <strong>sensaci\u00f3 de llibertat en la interacci\u00f3<\/strong>, mitjan\u00e7ant la simulaci\u00f3 d&#8217;entorns reals, processos d&#8217;interacci\u00f3 naturals i respostes del sistema en temps real.<\/p>\n<p>Els sistemes de realitat virtual es dirigeixen a tots els sentits de l&#8217;usuari mitjan\u00e7ant dispositius de diferents caracter\u00edstiques:<\/p>\n<ul>\n<li><strong>Dispositius de visualitzaci\u00f3<\/strong> (auriculars, binoculars, etc.). S\u00f3n dispositius que permeten tenir una visi\u00f3 estereosc\u00f2pica en temps real, mitjan\u00e7ant la qual l&#8217;usuari pot observar l&#8217;entorn en tres dimensions.\n<p><figure id=\"attachment_439\" aria-describedby=\"caption-attachment-439\" style=\"width: 300px\" class=\"wp-caption aligncenter\"><a href=\"http:\/\/multimedia.uoc.edu\/blogs\/dii\/files\/2015\/03\/realitatVirtual3.jpg\"><img loading=\"lazy\" decoding=\"async\" src=\"http:\/\/multimedia.uoc.edu\/blogs\/dii\/files\/2015\/03\/realitatVirtual3-300x195.jpg\" alt=\"(Font)\" width=\"300\" height=\"195\" class=\"size-medium wp-image-439\" srcset=\"http:\/\/multimedia.uoc.edu\/blogs\/dii\/files\/2015\/03\/realitatVirtual3-300x195.jpg 300w, http:\/\/multimedia.uoc.edu\/blogs\/dii\/files\/2015\/03\/realitatVirtual3.jpg 320w\" sizes=\"auto, (max-width: 300px) 100vw, 300px\" \/><\/a><figcaption id=\"caption-attachment-439\" class=\"wp-caption-text\">(<a href=\"http:\/\/en.wikipedia.org\/wiki\/Image:VR-Helm.jpg\">Font<\/a>)<\/figcaption><\/figure><\/li>\n<li><strong>Dispositius d&#8217;interacci\u00f3<\/strong> (guants, ratolins, palanques de control, etc.). Permeten que el sistema pugui recon\u00e8ixer les accions, transmetent les respostes adequades en temps real. S\u00f3n dispositius d&#8217;entrada (en el sentit que transmeten al sistema dades sobre l&#8217;estat de l&#8217;usuari), per\u00f2 tamb\u00e9 de sortida, ja que transmeten a l&#8217;usuari les respostes del sistema a les seves accions: moviment dels objectes, pes, qualitats t\u00e0ctils, etc.\n<p><figure id=\"attachment_440\" aria-describedby=\"caption-attachment-440\" style=\"width: 272px\" class=\"wp-caption aligncenter\"><a href=\"http:\/\/multimedia.uoc.edu\/blogs\/dii\/files\/2015\/03\/realitatVirtual4.jpg\"><img loading=\"lazy\" decoding=\"async\" src=\"http:\/\/multimedia.uoc.edu\/blogs\/dii\/files\/2015\/03\/realitatVirtual4.jpg\" alt=\"(Font)\" width=\"272\" height=\"186\" class=\"size-full wp-image-440\" \/><\/a><figcaption id=\"caption-attachment-440\" class=\"wp-caption-text\">(<a href=\"http:\/\/www.sxc.hu\/photo\/708174\">Font<\/a>)<\/figcaption><\/figure><\/li>\n<li><strong>Dispositius de seguiment.<\/strong> Permeten detectar la posici\u00f3 de l&#8217;usuari dins de l&#8217;entorn, aix\u00ed com els seus moviments i girs. L&#8217;objectiu d&#8217;aquests dispositius \u00e9s proporcionar una resposta visual adequada per a mantenir la simulaci\u00f3 del context.<\/li>\n<li><strong>Dispositius d&#8217;audici\u00f3.<\/strong> Permeten transmetre el so de l&#8217;entorn a l&#8217;usuari. Permeten refor\u00e7ar les condicions de la simulaci\u00f3, ja que depenen tant de la ubicaci\u00f3 de l&#8217;usuari, com dels sons generats pels objectes de l&#8217;entorn.<\/li>\n<\/ul>\n<p><\/p>","protected":false},"excerpt":{"rendered":"<p>El terme realitat virtual va n\u00e9ixer als anys setanta, i suposa un cas especial en el desenvolupament d&#8217;interf\u00edcies gr\u00e0fiques, ja que permet generar entorns sint\u00e8tics amb els quals l&#8217;usuari interactua en temps real. Pot ser de dos tipus: Immersiva. L&#8217;usuari s&#8217;introdueix en un entorn tridimensional, en qu\u00e8 interactua amb objectes o altres persones mitjan\u00e7ant diferents &hellip; <\/p>\n<p class=\"link-more\"><a href=\"http:\/\/multimedia.uoc.edu\/blogs\/dii\/plataformes-i-resolucions\/realitat-virtual\/\" class=\"more-link\">Continua llegint <span class=\"screen-reader-text\">\u00abRealitat virtual\u00bb<\/span><\/a><\/p>\n","protected":false},"author":65,"featured_media":0,"parent":19,"menu_order":0,"comment_status":"closed","ping_status":"open","template":"plantilla-pagina.php","meta":{"footnotes":""},"tags":[],"class_list":["post-435","page","type-page","status-publish","hentry","entry"],"_links":{"self":[{"href":"http:\/\/multimedia.uoc.edu\/blogs\/dii\/wp-json\/wp\/v2\/pages\/435","targetHints":{"allow":["GET"]}}],"collection":[{"href":"http:\/\/multimedia.uoc.edu\/blogs\/dii\/wp-json\/wp\/v2\/pages"}],"about":[{"href":"http:\/\/multimedia.uoc.edu\/blogs\/dii\/wp-json\/wp\/v2\/types\/page"}],"author":[{"embeddable":true,"href":"http:\/\/multimedia.uoc.edu\/blogs\/dii\/wp-json\/wp\/v2\/users\/65"}],"replies":[{"embeddable":true,"href":"http:\/\/multimedia.uoc.edu\/blogs\/dii\/wp-json\/wp\/v2\/comments?post=435"}],"version-history":[{"count":8,"href":"http:\/\/multimedia.uoc.edu\/blogs\/dii\/wp-json\/wp\/v2\/pages\/435\/revisions"}],"predecessor-version":[{"id":448,"href":"http:\/\/multimedia.uoc.edu\/blogs\/dii\/wp-json\/wp\/v2\/pages\/435\/revisions\/448"}],"up":[{"embeddable":true,"href":"http:\/\/multimedia.uoc.edu\/blogs\/dii\/wp-json\/wp\/v2\/pages\/19"}],"wp:attachment":[{"href":"http:\/\/multimedia.uoc.edu\/blogs\/dii\/wp-json\/wp\/v2\/media?parent=435"}],"wp:term":[{"taxonomy":"post_tag","embeddable":true,"href":"http:\/\/multimedia.uoc.edu\/blogs\/dii\/wp-json\/wp\/v2\/tags?post=435"}],"curies":[{"name":"wp","href":"https:\/\/api.w.org\/{rel}","templated":true}]}}