{"id":27,"date":"2013-04-08T20:50:36","date_gmt":"2013-04-08T19:50:36","guid":{"rendered":"http:\/\/multimedia.uoc.edu\/blogs\/dim\/?page_id=27"},"modified":"2014-03-13T18:29:19","modified_gmt":"2014-03-13T17:29:19","slug":"dcu","status":"publish","type":"page","link":"http:\/\/multimedia.uoc.edu\/blogs\/dim\/ca\/dcu\/","title":{"rendered":"DCU"},"content":{"rendered":"<p>El Disseny Centrat en l&#8217;Usuari (DCU) \u00e9s una metodologia de disseny que pren com a centre les persones que utilitzaran el producte\/servei. Consta de les seg\u00fcents fases:<\/p>\n<ul>\n<li>An\u00e0lisi<\/li>\n<li>Disseny conceptual<\/li>\n<li>Disseny de continguts i arquitectura de la informaci\u00f3<\/li>\n<li>Disseny visual<\/li>\n<li>Prototipatge de baixa fidelitat (o <em>wireframes<\/em>)<\/li>\n<li>Prototipatge d&#8217;alta fidelitat (o proposta gr\u00e0fica)<\/li>\n<li>Avaluaci\u00f3<\/li>\n<\/ul>\n<p><strong> Enlla\u00e7os relacionats <\/strong><\/p>\n<ul>\n<li><a href=\"http:\/\/www.nosolousabilidad.com\/manual\/3.htm\" target=\"_blank\">Qu\u00e8 \u00e9s el disseny centrat en l&#8217;usuari i les fases que el composen<\/a><\/li>\n<li><a href=\"http:\/\/interiorgrafico.com\/articulos\/53-decima-primera-edicion\/399-interfaces-digitales\" target=\"_blank\">Algunes consideracions per al disseny d&#8217;interf\u00edcies centrades en l&#8217;usuari<\/a><\/li>\n<\/ul>\n<hr \/>\n<h3>Conceptes relacionats amb el DCU<\/h3>\n<p>Al voltant del disseny de les interf\u00edcies i el DCU hi ha alguns conceptes clau com interacci\u00f3 persona-ordinador, usabilitat, accessibilitat, disseny emocional o experi\u00e8ncia d&#8217;usuari que conv\u00e9 tenir clars.<\/p>\n<p><a href=\"conceptes_dcu\">Llegir m\u00e9s<\/a><\/p>\n<hr \/>\n<h3>Principals \u00e0mbits o g\u00e8neres de producci\u00f3 d&#8217;aplicacions interactives<\/h3>\n<p>L\u2019objectiu comunicatiu d\u2019una aplicaci\u00f3 interactiva \u00e9s un dels principals factors que determinen quin ser\u00e0 el seu tractament, tant funcional com gr\u00e0fic. <\/p>\n<p><a href=\"ambits\">Llegir m\u00e9s<\/a><\/p>\n<hr \/>\n<h3>Prototipat de baixa fidelitat o wireframes<\/h3>\n<p>Un cop realitzades les fases d&#8217;\u00e0nalisi, disseny conceptual, de continguts i visual, es procedeix al prototipatge: de baixa fidelitat o <em>wireframes<\/em>. El prototipat de baixa fidelitat es pot fer sobre paper o en ordinador, esquematitza una proposta d&#8217;estructura de pantalla i permet fer els primers tests d&#8217;usabilitat per detectar aix\u00ed possibles punts conflictius i poder resoldre&#8217;ls.<\/p>\n<p><a href=\"prototipat-de-baixa-fidelitat-o-wireframes\">Llegir m\u00e9s<\/a><\/p>","protected":false},"excerpt":{"rendered":"<p>El Disseny Centrat en l&#8217;Usuari (DCU) \u00e9s una metodologia de disseny que pren com a centre les persones que utilitzaran el producte\/servei. Consta de les seg\u00fcents fases: An\u00e0lisi Disseny conceptual Disseny de continguts i arquitectura de la informaci\u00f3 Disseny visual Prototipatge de baixa fidelitat (o wireframes) Prototipatge d&#8217;alta fidelitat (o proposta gr\u00e0fica) Avaluaci\u00f3 Enlla\u00e7os relacionats &hellip; <\/p>\n<p class=\"link-more\"><a href=\"http:\/\/multimedia.uoc.edu\/blogs\/dim\/ca\/dcu\/\" class=\"more-link\">Continua llegint <span class=\"screen-reader-text\">\u00abDCU\u00bb<\/span><\/a><\/p>\n","protected":false},"author":35,"featured_media":0,"parent":0,"menu_order":4,"comment_status":"closed","ping_status":"open","template":"plantilla-pagina.php","meta":{"footnotes":""},"tags":[],"class_list":["post-27","page","type-page","status-publish","hentry","entry"],"_links":{"self":[{"href":"http:\/\/multimedia.uoc.edu\/blogs\/dim\/ca\/wp-json\/wp\/v2\/pages\/27","targetHints":{"allow":["GET"]}}],"collection":[{"href":"http:\/\/multimedia.uoc.edu\/blogs\/dim\/ca\/wp-json\/wp\/v2\/pages"}],"about":[{"href":"http:\/\/multimedia.uoc.edu\/blogs\/dim\/ca\/wp-json\/wp\/v2\/types\/page"}],"author":[{"embeddable":true,"href":"http:\/\/multimedia.uoc.edu\/blogs\/dim\/ca\/wp-json\/wp\/v2\/users\/35"}],"replies":[{"embeddable":true,"href":"http:\/\/multimedia.uoc.edu\/blogs\/dim\/ca\/wp-json\/wp\/v2\/comments?post=27"}],"version-history":[{"count":62,"href":"http:\/\/multimedia.uoc.edu\/blogs\/dim\/ca\/wp-json\/wp\/v2\/pages\/27\/revisions"}],"predecessor-version":[{"id":800,"href":"http:\/\/multimedia.uoc.edu\/blogs\/dim\/ca\/wp-json\/wp\/v2\/pages\/27\/revisions\/800"}],"wp:attachment":[{"href":"http:\/\/multimedia.uoc.edu\/blogs\/dim\/ca\/wp-json\/wp\/v2\/media?parent=27"}],"wp:term":[{"taxonomy":"post_tag","embeddable":true,"href":"http:\/\/multimedia.uoc.edu\/blogs\/dim\/ca\/wp-json\/wp\/v2\/tags?post=27"}],"curies":[{"name":"wp","href":"https:\/\/api.w.org\/{rel}","templated":true}]}}