{"id":27,"date":"2013-04-08T20:50:36","date_gmt":"2013-04-08T19:50:36","guid":{"rendered":"http:\/\/multimedia.uoc.edu\/blogs\/dim\/?page_id=27"},"modified":"2014-03-13T18:29:19","modified_gmt":"2014-03-13T17:29:19","slug":"dcu","status":"publish","type":"page","link":"http:\/\/multimedia.uoc.edu\/blogs\/dim\/es\/dcu\/","title":{"rendered":"DCU"},"content":{"rendered":"<p>El Dise\u00f1o Centrado en el Usuario (DCU) es una metodolog\u00eda de dise\u00f1o que tona como centro las personas que utilizar\u00e1n el producto\/servicio. Consta de las siguientes fases:<\/p>\n<ul>\n<li>An\u00e1lisis<\/li>\n<li>Dise\u00f1o conceptual<\/li>\n<li>Dise\u00f1o de contenidos y arquitectura de la informaci\u00f3n<\/li>\n<li>Dise\u00f1o visual<\/li>\n<li>Prototipado de baja fidelidad (o <i>wireframes<\/i>)<\/li>\n<li>Prototipado de alta fidelidad (o propuesta gr\u00e1fica)<\/li>\n<li>Evaluaci\u00f3n<\/li>\n<\/ul>\n<p><strong> Enlaces relacionados<\/strong><\/p>\n<ul>\n<li><a href=\"http:\/\/www.nosolousabilidad.com\/manual\/3.htm\" target=\"_blank\">Qu\u00e9 es el dise\u00f1o centrado en el usuario y las fases que lo componen<\/a><\/li>\n<li><a href=\"http:\/\/interiorgrafico.com\/articulos\/53-decima-primera-edicion\/399-interfaces-digitales\" target=\"_blank\">Algunas consideraciones para el dise\u00f1o de interfaces centradas en el usuario<\/a><\/li>\n<\/ul>\n<hr \/>\n<h3>Conceptos relacionados con el DCU<\/h3>\n<p>Entorno al dise\u00f1o de las interfaces y el DCU hay algunos conceptos clave como interacci\u00f3n persona-ordenador, usabilidad, accesibilidad, dise\u00f1o emocional o experiencia de usuario que conviene tener claros. <\/p>\n<p><a href=\"conceptes_dcu\/\">Leer m\u00e1s<\/a><\/p>\n<hr \/>\n<h3>Principales \u00e1mbitos o g\u00e9neros de producci\u00f3n de aplicaciones interactivas<\/h3>\n<p>El objetivo comunicativo de una aplicaci\u00f3n interactiva es uno de los principales factores que determinan cu\u00e1l ser\u00e1 su tratamiento, tanto funcional como gr\u00e1fico.<\/p>\n<p><a href=\"ambits\/\">Leer m\u00e1s<\/a><\/p>\n<hr \/>\n<h3>Prototipado de baja fidelidad o wireframes<\/h3>\n<p>Despu\u00e9s de finalizar las fases de an\u00e1lisis, dise\u00f1o conceptual, de contenidos y visual se procede al prototipado de baja fidelidad o <em>wireframes<\/em>.  El prototipo de baja fidelidad se puede hacer sobre papel o en ordenador, y esquematiza una propuesta de estructura de pantalla que permite hacer los primeros tests de usabilidad para detectar as\u00ed posibles puntos conflictivos y poder resolverlos.<\/p>\n<p><a href=\"prototipat-de-baixa-fidelitat-o-wireframes\/\">Leer m\u00e1s<\/a><\/p>","protected":false},"excerpt":{"rendered":"<p>El Dise\u00f1o Centrado en el Usuario (DCU) es una metodolog\u00eda de dise\u00f1o que tona como centro las personas que utilizar\u00e1n el producto\/servicio. Consta de las siguientes fases: An\u00e1lisis Dise\u00f1o conceptual Dise\u00f1o de contenidos y arquitectura de la informaci\u00f3n Dise\u00f1o visual Prototipado de baja fidelidad (o wireframes) Prototipado de alta fidelidad (o propuesta gr\u00e1fica) Evaluaci\u00f3n Enlaces &hellip; <\/p>\n<p class=\"link-more\"><a href=\"http:\/\/multimedia.uoc.edu\/blogs\/dim\/es\/dcu\/\" class=\"more-link\">Seguir leyendo<span class=\"screen-reader-text\"> \u00abDCU\u00bb<\/span><\/a><\/p>\n","protected":false},"author":35,"featured_media":0,"parent":0,"menu_order":4,"comment_status":"closed","ping_status":"open","template":"plantilla-pagina.php","meta":{"footnotes":""},"tags":[],"class_list":["post-27","page","type-page","status-publish","hentry","entry"],"_links":{"self":[{"href":"http:\/\/multimedia.uoc.edu\/blogs\/dim\/es\/wp-json\/wp\/v2\/pages\/27","targetHints":{"allow":["GET"]}}],"collection":[{"href":"http:\/\/multimedia.uoc.edu\/blogs\/dim\/es\/wp-json\/wp\/v2\/pages"}],"about":[{"href":"http:\/\/multimedia.uoc.edu\/blogs\/dim\/es\/wp-json\/wp\/v2\/types\/page"}],"author":[{"embeddable":true,"href":"http:\/\/multimedia.uoc.edu\/blogs\/dim\/es\/wp-json\/wp\/v2\/users\/35"}],"replies":[{"embeddable":true,"href":"http:\/\/multimedia.uoc.edu\/blogs\/dim\/es\/wp-json\/wp\/v2\/comments?post=27"}],"version-history":[{"count":62,"href":"http:\/\/multimedia.uoc.edu\/blogs\/dim\/es\/wp-json\/wp\/v2\/pages\/27\/revisions"}],"predecessor-version":[{"id":800,"href":"http:\/\/multimedia.uoc.edu\/blogs\/dim\/es\/wp-json\/wp\/v2\/pages\/27\/revisions\/800"}],"wp:attachment":[{"href":"http:\/\/multimedia.uoc.edu\/blogs\/dim\/es\/wp-json\/wp\/v2\/media?parent=27"}],"wp:term":[{"taxonomy":"post_tag","embeddable":true,"href":"http:\/\/multimedia.uoc.edu\/blogs\/dim\/es\/wp-json\/wp\/v2\/tags?post=27"}],"curies":[{"name":"wp","href":"https:\/\/api.w.org\/{rel}","templated":true}]}}