{"id":2,"date":"2013-09-12T15:17:53","date_gmt":"2013-09-12T15:17:53","guid":{"rendered":"http:\/\/multimedia.uoc.edu\/blogs\/documentacio\/?page_id=2"},"modified":"2014-10-23T16:42:22","modified_gmt":"2014-10-23T16:42:22","slug":"inici","status":"publish","type":"page","link":"http:\/\/multimedia.uoc.edu\/blogs\/documentacio\/es\/","title":{"rendered":"Inicio"},"content":{"rendered":"<p><\/p>\n<p>Este es un espacio con material de la asignatura\u00a0<strong>Documentaci\u00f3n Audiovisual: documentaci\u00f3n en la creaci\u00f3n, producci\u00f3n, difusi\u00f3n y preservaci\u00f3n de contenidos multimedia<\/strong> del <a>Grado de Multim\u00e8dia<\/a> de la <a href=\"http:\/\/www.uoc.edu\">Universitat Oberta de Catalunya<\/a>.<\/p>\n<p>Contiene recursos relacionados con los contenidos de la materia, divididos en cuatro categorias: casos de estudio, tutoriales, guias y not\u00edcias.<\/p>\n<p>En este espacio tambi\u00e9n podr\u00e9is encontrar trabajos realizados por los estudiantes. Como ver\u00e9is, algunas de estas experiencias docentes tambi\u00e9n han sido publicadas en la revista <a title=\"Mosaic\" href=\"http:\/\/mosaic.uoc.edu\/\">Mosaic<\/a>.<\/p>\n<p><\/p>","protected":false},"excerpt":{"rendered":"<p>Este es un espacio con material de la asignatura\u00a0Documentaci\u00f3n Audiovisual: documentaci\u00f3n en la creaci\u00f3n, producci\u00f3n, difusi\u00f3n y preservaci\u00f3n de contenidos multimedia del Grado de Multim\u00e8dia de la Universitat Oberta de Catalunya. Contiene recursos relacionados con los contenidos de la materia, divididos en cuatro categorias: casos de estudio, tutoriales, guias y not\u00edcias. En este espacio tambi\u00e9n &hellip; <\/p>\n<p class=\"link-more\"><a href=\"http:\/\/multimedia.uoc.edu\/blogs\/documentacio\/es\/\" class=\"more-link\">Seguir leyendo<span class=\"screen-reader-text\"> \u00abInicio\u00bb<\/span><\/a><\/p>\n","protected":false},"author":8,"featured_media":0,"parent":0,"menu_order":0,"comment_status":"open","ping_status":"open","template":"","meta":{"footnotes":""},"tags":[],"class_list":["post-2","page","type-page","status-publish","hentry","entry"],"_links":{"self":[{"href":"http:\/\/multimedia.uoc.edu\/blogs\/documentacio\/es\/wp-json\/wp\/v2\/pages\/2","targetHints":{"allow":["GET"]}}],"collection":[{"href":"http:\/\/multimedia.uoc.edu\/blogs\/documentacio\/es\/wp-json\/wp\/v2\/pages"}],"about":[{"href":"http:\/\/multimedia.uoc.edu\/blogs\/documentacio\/es\/wp-json\/wp\/v2\/types\/page"}],"author":[{"embeddable":true,"href":"http:\/\/multimedia.uoc.edu\/blogs\/documentacio\/es\/wp-json\/wp\/v2\/users\/8"}],"replies":[{"embeddable":true,"href":"http:\/\/multimedia.uoc.edu\/blogs\/documentacio\/es\/wp-json\/wp\/v2\/comments?post=2"}],"version-history":[{"count":10,"href":"http:\/\/multimedia.uoc.edu\/blogs\/documentacio\/es\/wp-json\/wp\/v2\/pages\/2\/revisions"}],"predecessor-version":[{"id":332,"href":"http:\/\/multimedia.uoc.edu\/blogs\/documentacio\/es\/wp-json\/wp\/v2\/pages\/2\/revisions\/332"}],"wp:attachment":[{"href":"http:\/\/multimedia.uoc.edu\/blogs\/documentacio\/es\/wp-json\/wp\/v2\/media?parent=2"}],"wp:term":[{"taxonomy":"post_tag","embeddable":true,"href":"http:\/\/multimedia.uoc.edu\/blogs\/documentacio\/es\/wp-json\/wp\/v2\/tags?post=2"}],"curies":[{"name":"wp","href":"https:\/\/api.w.org\/{rel}","templated":true}]}}