{"id":140,"date":"2014-02-19T16:04:18","date_gmt":"2014-02-19T16:04:18","guid":{"rendered":"http:\/\/multimedia.uoc.edu\/blogs\/?page_id=140"},"modified":"2019-09-17T08:36:25","modified_gmt":"2019-09-17T08:36:25","slug":"presentacio","status":"publish","type":"page","link":"http:\/\/multimedia.uoc.edu\/blogs\/es\/","title":{"rendered":"Presentaci\u00f3n"},"content":{"rendered":"<p>El Grado Multimedia de la\u00a0 UOC ha creado un circulo de webs asociadas a sus asignaturas donde encontrareis todo tipo de recursos. Cada asignatura utiliza este sistema de publicaci\u00f3n de recursos online para publicar recursos propios, temas de actualizado o referenciar otros recursos disponibles en la red.<\/p>\n<p>El objetivo de este sistema es facilitar el acceso a la informaci\u00f3n util para el aprendizaje y adquisici\u00f3n de competencias del alumnado. Se trata de recursos en abierto, a disposici\u00f3n de cualquier navegante<\/p>\n<p>Lista de webs disponibles en estos momentos en nuestros servidores:<\/p>\n<ul>\n<li style=\"list-style-type: none;\">\n<ul>\n<li><a href=\"http:\/\/multimedia.uoc.edu\/blogs\/mi\/es\">Medios interactivos<\/a><\/li>\n<li><a href=\"http:\/\/multimedia.uoc.edu\/blogs\/scsw\/es\">Seguridad y calidad en servidores web<\/a><\/li>\n<li><a href=\"http:\/\/multimedia.uoc.edu\/blogs\/fem\/es\">Fundamentos y evoluci\u00f3n de la multimedia<\/a><\/li>\n<li><a href=\"http:\/\/multimedia.uoc.edu\/blogs\/htmlcss\/es\">Lenguajes y est\u00e1ndares web<\/a><\/li>\n<li><a href=\"http:\/\/multimedia.uoc.edu\/blogs\/narrativa\/es\">Narrativa interactiva<\/a><\/li>\n<li><a href=\"http:\/\/multimedia.uoc.edu\/blogs\/linux\/es\">Manual de introducci\u00f3n a GNU\/Linux<\/a><\/li>\n<li><a href=\"http:\/\/multimedia.uoc.edu\/blogs\/fotografia\/es\">Fotograf\u00eda<\/a><\/li>\n<li><a href=\"http:\/\/multimedia.uoc.edu\/blogs\/labeines\/es\">Laboratorio de herramientas<\/a><\/li>\n<li><a href=\"http:\/\/multimedia.uoc.edu\/blogs\/dg\/es\">Dise\u00f1o gr\u00e1fico<\/a><\/li>\n<li><a href=\"http:\/\/multimedia.uoc.edu\/blogs\/ilv\/es\">Imagen y Lenguaje Visual<\/a><\/li>\n<li><a href=\"http:\/\/multimedia.uoc.edu\/blogs\/estetica\/es\">Creatividad y est\u00e9tica<\/a><\/li>\n<li><a href=\"http:\/\/multimedia.uoc.edu\/blogs\/dii\/es\">Dise\u00f1o de interfaces<\/a><\/li>\n<li><a href=\"http:\/\/multimedia.uoc.edu\/blogs\/labpc\/es\">Laboratorio de programaci\u00f3n creativa<\/a><\/li>\n<li><a href=\"http:\/\/multimedia.uoc.edu\/blogs\/pw\/es\">Programaci\u00f3n Web<\/a><\/li>\n<li><a href=\"http:\/\/multimedia.uoc.edu\/blogs\/video\/es\">V\u00eddeo para multimedia<\/a><\/li>\n<li><a href=\"http:\/\/multimedia.uoc.edu\/blogs\/rv\/es\">Realidad Virtual<\/a><\/li>\n<li><a href=\"http:\/\/multimedia.uoc.edu\/blogs\/metodologia\/es\/\">Metodolog\u00eda y desarrollo de proyectos en red<\/a><\/li>\n<li><a href=\"http:\/\/multimedia.uoc.edu\/blogs\/lab3dav\/es\">lab.3d.av<\/a><\/li>\n<li><a href=\"http:\/\/multimedia.uoc.edu\/blogs\/documentacio\/es\/\">Documentaci\u00f3n Audiovisual<\/a><\/li>\n<li><a href=\"http:\/\/multimedia.uoc.edu\/blogs\/tfgcreativitat\/\">TFG Creatividad<\/a><\/li>\n<\/ul>\n<\/li>\n<\/ul>\n<p><!--\n \t\n\n<li><a href=\"http:\/\/multimedia.uoc.edu\/blogs\/vis\/es\">Visualizaci\u00f3n<\/a><\/li>\n\n\n--><\/p>","protected":false},"excerpt":{"rendered":"<p>El Grado Multimedia de la\u00a0 UOC ha creado un circulo de webs asociadas a sus asignaturas donde encontrareis todo tipo de recursos. Cada asignatura utiliza este sistema de publicaci\u00f3n de recursos online para publicar recursos propios, temas de actualizado o referenciar otros recursos disponibles en la red. El objetivo de este sistema es facilitar el [&hellip;]<\/p>\n","protected":false},"author":2,"featured_media":0,"parent":0,"menu_order":0,"comment_status":"closed","ping_status":"closed","template":"","meta":{"footnotes":""},"tags":[],"class_list":["post-140","page","type-page","status-publish","hentry"],"_links":{"self":[{"href":"http:\/\/multimedia.uoc.edu\/blogs\/es\/wp-json\/wp\/v2\/pages\/140","targetHints":{"allow":["GET"]}}],"collection":[{"href":"http:\/\/multimedia.uoc.edu\/blogs\/es\/wp-json\/wp\/v2\/pages"}],"about":[{"href":"http:\/\/multimedia.uoc.edu\/blogs\/es\/wp-json\/wp\/v2\/types\/page"}],"author":[{"embeddable":true,"href":"http:\/\/multimedia.uoc.edu\/blogs\/es\/wp-json\/wp\/v2\/users\/2"}],"replies":[{"embeddable":true,"href":"http:\/\/multimedia.uoc.edu\/blogs\/es\/wp-json\/wp\/v2\/comments?post=140"}],"version-history":[{"count":18,"href":"http:\/\/multimedia.uoc.edu\/blogs\/es\/wp-json\/wp\/v2\/pages\/140\/revisions"}],"predecessor-version":[{"id":429,"href":"http:\/\/multimedia.uoc.edu\/blogs\/es\/wp-json\/wp\/v2\/pages\/140\/revisions\/429"}],"wp:attachment":[{"href":"http:\/\/multimedia.uoc.edu\/blogs\/es\/wp-json\/wp\/v2\/media?parent=140"}],"wp:term":[{"taxonomy":"post_tag","embeddable":true,"href":"http:\/\/multimedia.uoc.edu\/blogs\/es\/wp-json\/wp\/v2\/tags?post=140"}],"curies":[{"name":"wp","href":"https:\/\/api.w.org\/{rel}","templated":true}]}}