{"id":10,"date":"2013-02-22T19:48:41","date_gmt":"2013-02-22T18:48:41","guid":{"rendered":"http:\/\/multimedia.uoc.edu\/blogs\/estetica\/?page_id=10"},"modified":"2015-03-02T14:08:56","modified_gmt":"2015-03-02T13:08:56","slug":"experiencies","status":"publish","type":"page","link":"http:\/\/multimedia.uoc.edu\/blogs\/estetica\/es\/experiencies\/","title":{"rendered":"Experiencias"},"content":{"rendered":"<p><strong>Espacio de experiencias, casos de estudio y ejemplos variados de trabajos relacionados con la creatividad, el arte y la cultura visual.<\/strong><\/p>\n<h2><span style=\"color: #008080\"><strong>EMPRESAS Y COLECTIVOS<\/strong><\/span><\/h2>\n<p><strong>Funky projects<\/strong><\/p>\n<p>Ejemplo de empresa creativa. Se definen como una consultor\u00eda de innovaci\u00f3n mediante el dise\u00f1o, y su oferta se basa en la colaboraci\u00f3n con empresas e instituciones que quieran evolucionar desde la innovaci\u00f3n centrada en clientes, usuarios y personas. Sus servicios son los siguientes: dise\u00f1o de servicios y experiencias, dise\u00f1o de comunicaci\u00f3n, investigaci\u00f3n cualitativa e inspiracional, ideaci\u00f3n estrat\u00e9gica y facilitaci\u00f3n, cambio organizacional hacia innovaci\u00f3n y dise\u00f1o y aceleraci\u00f3n de <em>startups<\/em>.<\/p>\n<ul>\n<li>WEB: <a href=\"http:\/\/www.funkyprojects.com\/es\" target=\"_blank\">http:\/\/www.funkyprojects.com\/es<\/a><\/li>\n<\/ul>\n<p><strong>Telenoika<\/strong><\/p>\n<p>Comunidad abierta de creadores audiovisuales en Barcelona. Adem\u00e1s de la web del colectivo referenciamos aqu\u00ed un art\u00edculo-entrevista a Telenoika publicado en la revista <em>Mosaic<\/em> en el que explican su trayectoria, objetivos y las actividades que realizan. Hay que subrayar su dedicaci\u00f3n a la formaci\u00f3n en el esp\u00edritu de la comunidad al divulgar y compartir conocimientos.<\/p>\n<ul>\n<li>WEB: <a href=\"http:\/\/www.telenoika.net\" target=\"_blank\">http:\/\/www.telenoika.net<\/a><\/li>\n<li>Entrevista en <em>Mosaic<\/em>: <a href=\"http:\/\/mosaic.uoc.edu\/2014\/03\/04\/entrevista-a-telenoika\" target=\"_blank\">http:\/\/mosaic.uoc.edu\/2014\/03\/04\/entrevista-a-telenoika<\/a><\/li>\n<\/ul>\n<p><strong>Club de Creativos<\/strong><\/p>\n<p>El Club de Creativos (c de c) es una organizaci\u00f3n sin \u00e1nimo de lucro que trabaja para mejorar la calidad del trabajo creativo en Espa\u00f1a y que busca la uni\u00f3n de los profesionales de este sector a favor de la educaci\u00f3n y la formaci\u00f3n. Es la \u00fanica organizaci\u00f3n de su g\u00e9nero que existe actualmente en Espa\u00f1a. En su web se comparten muchos recursos de inter\u00e9s como resultado de sus actividades, entre las que podr\u00edan destacarse los encuentros, las tertulias y las <em>matersclass<\/em>.<\/p>\n<ul>\n<li>WEB: <a href=\"http:\/\/www.clubdecreativos.com\" target=\"_blank\">http:\/\/www.clubdecreativos.com<\/a><\/li>\n<\/ul>\n<p><strong>BrainStore<\/strong><\/p>\n<p>Fundada por Markus Mettler, esta empresa de servicios naci\u00f3 con una idea: descifrar el ADN de la innovaci\u00f3n y el dise\u00f1o de procesos escalables, repetibles y de aplicaci\u00f3n universal que permitan crear grandes ideas con solo pulsar un bot\u00f3n. Markus y su equipo buscan deleitar a sus clientes con ideas frescas. El equipo BrainStore ha estado trabajando en m\u00e1s de 2.000 proyectos de innovaci\u00f3n desde su fundaci\u00f3n hasta ahora. Trabajan sobre casi cualquier tema imaginable y en m\u00e1s de 20 pa\u00edses.<\/p>\n<ul>\n<li>Web: <a href=\"http:\/\/www.brainstore.com\" target=\"_blank\">http:\/\/www.brainstore.com<\/a><\/li>\n<\/ul>\n<p>&nbsp;<\/p>\n<h2><span style=\"color: #008080\"><strong>PROYECTOS CREATIVOS<\/strong><\/span><\/h2>\n<p><strong>Investigaci\u00f3n, creaci\u00f3n e interdisciplinariedad para un \u201cInterface Manifesto\u201d <\/strong>PIPES BCN: una primera experiencia de colaboraci\u00f3n entre la UOC y Hangar.<\/p>\n<p>En t\u00e9rminos generales, este proyecto busca crear espacios de investigaci\u00f3n participativa que vinculen creatividad y tecnolog\u00eda, dando soporte a interacciones interdisciplinarias entre artistas multimedia, especialistas en comunicaci\u00f3n, acad\u00e9micos, arquitectos, activistas o ciudadanos con el objetivo de experimentar con nuevos modelos y formas simb\u00f3licas de comunicaci\u00f3n.<\/p>\n<ul>\n<li><a href=\"http:\/\/mosaic.uoc.edu\/2014\/07\/23\/investigacion-creacion-e-interdisciplinariedad-para-un-interface-manifesto\/\" target=\"_blank\">http:\/\/mosaic.uoc.edu\/2014\/07\/23\/investigacion-creacion-e-interdisciplinariedad-para-un-interface-manifesto\/<\/a><\/li>\n<\/ul>\n<p><strong>Proyecto Free Universal Construction Kit<\/strong><\/p>\n<p><a href=\"http:\/\/multimedia.uoc.edu\/blogs\/estetica\/files\/2013\/02\/free-universal-construction-kit-poster-500px.png\"><img loading=\"lazy\" decoding=\"async\" class=\"alignnone size-full wp-image-288\" src=\"http:\/\/multimedia.uoc.edu\/blogs\/estetica\/files\/2013\/02\/free-universal-construction-kit-poster-500px.png\" alt=\"free-universal-construction-kit-poster-500px\" width=\"500\" height=\"707\" srcset=\"http:\/\/multimedia.uoc.edu\/blogs\/estetica\/files\/2013\/02\/free-universal-construction-kit-poster-500px.png 500w, http:\/\/multimedia.uoc.edu\/blogs\/estetica\/files\/2013\/02\/free-universal-construction-kit-poster-500px-212x300.png 212w\" sizes=\"auto, (max-width: 500px) 100vw, 500px\" \/><\/a><\/p>\n<p>F.A.T. Lab y Sy-Lab F.A.T. desarrollaron el Free Universal Construction Kit: una matriz de casi 80 piezas-adaptadores que permiten la interoperabilidad completa entre diez de los juguetes de construcci\u00f3n infantiles m\u00e1s populares. El kit permite que cualquier pieza pueda unirse a cualquier otra y anima totalmente a desarrollar nuevos modos de relaciones entre los sistemas cerrados de los diferentes juegos. De este modo se genera un juego constructivo radicalmente h\u00edbrido, con la creaci\u00f3n de dise\u00f1os que antes eran imposibles y, en \u00faltima instancia, dando m\u00e1s oportunidades creativas para los ni\u00f1os. Igual que con otras soluciones de interoperabilidad de base, el Kit de Construcci\u00f3n Gratuita Universal implementa protocolos propietarios con el fin de prestar un servicio p\u00fablico no satisfecho, imposible de generar desde los intereses corporativos de las empresas.<\/p>\n<p>Los modelos 3D del Free Universal Construction Kit 3D se pueden descargar gratuitamente en formato .STL formado desde diferentes webs.<\/p>\n<ul>\n<li><a href=\"http:\/\/fffff.at\/free-universal-construction-kit\" target=\"_blank\">http:\/\/fffff.at\/free-universal-construction-kit<\/a><\/li>\n<\/ul>\n<p><strong>Design wiht intent (<em>e-book<\/em>)<\/strong><\/p>\n<p>Design with intent (dise\u00f1o con intenci\u00f3n) es un trabajo en <em>e-book<\/em> de Dan Lockton, David Harrison y Neville A. Stanton, que recoge 101 patrones para influir en el comportamiento de las personas. Los diferentes ejemplos muestran la importancia de los comportamientos y c\u00f3mo el dise\u00f1o de espacios, objetos, dispositivos y elementos de comunicaci\u00f3n requieren un importante an\u00e1lisis de su uso. En el proceso de ideaci\u00f3n, el ingenio y la creatividad son necesarias para generar soluciones.<\/p>\n<ul>\n<li><em>e-book<\/em>: <a href=\"http:\/\/research.danlockton.co.uk\/toolkit\/designwithintent_cards_1.0_draft_300dpi.pdf\" target=\"_blank\">http:\/\/research.danlockton.co.uk\/toolkit\/designwithintent_cards_1.0_draft_300dpi.pdf<\/a><\/li>\n<\/ul>\n<p><strong>H\u00e9roes sociales 2.0<\/strong><\/p>\n<p>Decenas de personas construyen cada d\u00eda una web m\u00e1s social, m\u00e1s solidaria y justa. Son personas que han decidido aprovechar el poder y las posibilidades de internet, de los blogs, de las redes sociales para liderar causas, para sensibilizar sobre problemas como el c\u00e1ncer, la esclerosis lateral amiotr\u00f3fica o la accesibilidad, para crear comunidades comprometidas con la ayuda a los otros. Este libro, editado por la Obra Social de Caja Madrid en el 2012, recog\u00eda la experiencia de quince de estas personas y sus proyectos.<\/p>\n<ul>\n<li>Cat\u00e1logo: <a href=\"http:\/\/www.fundacionmontemadrid.es\/Ficheros\/CMA\/ficheros\/OBSSocial_LibroHeroesSociales20.PDF\" target=\"_blank\">http:\/\/www.fundacionmontemadrid.es\/Ficheros\/CMA\/ficheros\/OBSSocial_LibroHeroesSociales20.PDF<\/a><\/li>\n<\/ul>\n<p><strong>Entrevista a Alvaro Ulldemolins y Pere Barnola Aug\u00e9 en la revista <em>Mosaic<\/em><\/strong><\/p>\n<p>Alvaro Ulldemolins y Pere Barnola son los creadores de <strong>360<\/strong> <strong>Catalunya Experience<\/strong>, una experiencia que muestra aspectos de Catalu\u00f1a a trav\u00e9s de la realidad virtual.<\/p>\n<ul>\n<li><a href=\"http:\/\/mosaic.uoc.edu\/2013\/12\/11\/entrevista-a-alvaro-ulldemolins-y-pere-barnola-auge\" target=\"_blank\">http:\/\/mosaic.uoc.edu\/2013\/12\/11\/entrevista-a-alvaro-ulldemolins-y-pere-barnola-auge<\/a><\/li>\n<\/ul>\n<p><strong>The Science of creativity<\/strong><\/p>\n<p>El blog creativo del dise\u00f1ador Christian Etter, un interesante ejemplo de trabajo de archivo personal como medio de reflexi\u00f3n, inspiraci\u00f3n y fuente creativa<\/p>\n<ul>\n<li>WEB: <a href=\"http:\/\/www.thescienceofcreativity.com\" target=\"_blank\">http:\/\/www.thescienceofcreativity.com<\/a><\/li>\n<\/ul>\n<p><strong>99U<\/strong> &#8211; <strong>Insights on making ideas happen<\/strong><\/p>\n<p>Durante demasiado tiempo, el mundo creativo se ha centrado en la generaci\u00f3n de ideas a costa de ejecuci\u00f3n de ideas. Como el legendario inventor Thomas Edison dijo, \u201cEl genio es 1% inspiraci\u00f3n y 99% transpiraci\u00f3n\u201d, por lo que para tener realmente grandes ideas en una realidad, debemos actuar, experimentar, fracasar, adaptar y aprender sobre una base diaria.<\/p>\n<p>99U es el esfuerzo de Behance.com por proporcionar este \u201cplan de estudios que falta\u201d para hacer realidad tus ideas. En nuestro sitio web Webby Award-winning podr\u00e1n encontrarse eventos populares y libros de gran \u00e9xito, y se comparten ideas pragm\u00e1ticas orientadas a la acci\u00f3n de los principales investigadores y creadores visionarios.<\/p>\n<p>En 99U no queremos dar m\u00e1s ideas, queremos dar poder para hacer bien aquellas que la gente tiene en la cabeza.<\/p>\n<ul>\n<li>WEB: <a href=\"http:\/\/99u.com\" target=\"_blank\">http:\/\/99u.com<\/a><\/li>\n<\/ul>\n<h2><\/h2>\n<h2><span style=\"color: #008080\"><strong>PREMIOS Y SELECCIONES<\/strong><\/span><\/h2>\n<p><strong>100 MOST AWARDED ADVERTS OF 2013<\/strong><\/p>\n<p>Los 100 anuncios m\u00e1s premiados del 2013 recopilados en un <em>e-book<\/em>.<\/p>\n<ul>\n<li><a href=\"http:\/\/www.welovead.com\/en\/bookshelf\/details\/d_ad_2013\" target=\"_blank\">http:\/\/www.welovead.com\/en\/bookshelf\/details\/d_ad_2013<\/a><\/li>\n<\/ul>\n<p><strong>2013 TRENDS WEB AND MOBILE<\/strong><\/p>\n<p>Las tendencias visuales en web y m\u00f3viles del 2013 reunidas en un <em>e-book<\/em>.<\/p>\n<ul>\n<li><a href=\"http:\/\/www.awwwards.com\/web-design-and-mobile-trends-for-2013-ebook-download-it-for-free.htm\" target=\"_blank\">http:\/\/www.awwwards.com\/web-design-and-mobile-trends-for-2013-ebook-download-it-for-free.htm<\/a><\/li>\n<\/ul>\n<p><strong>Premios Gr\u00e0ffica<\/strong><\/p>\n<p>Despu\u00e9s de su paso por Valencia, Madrid y Bilbao en ediciones anteriores, los Premios Gr\u00e0ffica pasaron por Barcelona para celebrar su quinta edici\u00f3n.<\/p>\n<ul>\n<li>Web: <a href=\"http:\/\/graffica.info\/premios-graffica-2013-ganadores\" target=\"_blank\">http:\/\/graffica.info\/premios-graffica-2013-ganadores<\/a><\/li>\n<\/ul>\n<p>&nbsp;<\/p>\n<p>&nbsp;<\/p>\n<h2><span style=\"color: #008080\"><strong>EXPERIENCIAS DE ALUMNOS EN <em>MOSAIC<\/em><\/strong><\/span><\/h2>\n<p><strong>Consumo colaborativo en la educaci\u00f3n<\/strong><\/p>\n<p>TFG de Jordi Llonch Esteve, que consisti\u00f3 en convertir una idea de negocio en un m\u00ednimo producto viable mediante un largo e intenso proceso, que empieza desde la b\u00fasqueda de la idea hasta el desarrollo del MPV, pasando por el predise\u00f1o del modelo de negocio, la validaci\u00f3n de los primeros usuarios, la constituci\u00f3n de la empresa y la b\u00fasqueda de financiaci\u00f3n p\u00fablica.<\/p>\n<p>La idea de negocio consiste en crear una plataforma de consumo colaborativo orientada al refuerzo de la educaci\u00f3n reglada. Es una plataforma de clases particulares que conecta a estudiantes que necesitan refuerzo con estudiantes que han superado satisfactoriamente una asignatura, para que se conviertan en profesores particulares adecuados para sus compa\u00f1eros.<\/p>\n<p>El resultado final se puede ver <a href=\"http:\/\/en:%20www.sharingacademy.com\">en: www.sharingacademy.com<\/a>.<\/p>\n<ul>\n<li><a href=\"http:\/\/mosaic.uoc.edu\/2014\/09\/17\/consumo-colaborativo-en-la-educacion\" target=\"_blank\">http:\/\/mosaic.uoc.edu\/2014\/09\/17\/consumo-colaborativo-en-la-educacion<\/a><\/li>\n<\/ul>\n<p><strong>Sp\u00e9cula: una historia transmedia<\/strong><\/p>\n<p>Un trabajo de Manuel Moro para la asignatura <em>Narrativa interactiva<\/em>. La PEC2 de <em>Narrativa interactiva<\/em> nos ped\u00eda crear una historia para un cortometraje y planificar sus posibles extensiones transmedia. Una de las extensiones deb\u00eda ser obligatoriamente un videojuego, el guion completo constituir\u00eda la entrega de la pr\u00e1ctica final del semestre.<\/p>\n<p>\u201cEn mi caso este encargo coincidi\u00f3 con otro de la asignatura <em>Animaci\u00f3n 3D<\/em>: realizar un corto de dos minutos como m\u00ednimo. Un paso previo imprescindible era redactar el correspondiente guion secuencial. Decid\u00ed combinar los dos trabajos, aunque era consciente de que la producci\u00f3n de animaci\u00f3n impon\u00eda restricciones \u2013uno o dos personajes y muy probablemente uno solo\u201d.<\/p>\n<ul>\n<li><a href=\"http:\/\/mosaic.uoc.edu\/2013\/11\/21\/specula-una-historia-transmedia\" target=\"_blank\">http:\/\/mosaic.uoc.edu\/2013\/11\/21\/specula-una-historia-transmedia<\/a><\/li>\n<\/ul>\n<p>&nbsp;<\/p>\n<p>___<\/p>\n<p>Os recomendamos la visita de experiencias en la <a href=\"http:\/\/mosaic.uoc.edu\/category\/experiencias\/\">revista <em>Mosaic<\/em> de la UOC<\/a>.<\/p>\n<p>&nbsp;<\/p>","protected":false},"excerpt":{"rendered":"<p>Espacio de experiencias, casos de estudio y ejemplos variados de trabajos relacionados con la creatividad, el arte y la cultura visual. EMPRESAS Y COLECTIVOS Funky projects Ejemplo de empresa creativa. Se definen como una consultor\u00eda de innovaci\u00f3n mediante el dise\u00f1o, y su oferta se basa en la colaboraci\u00f3n con empresas e instituciones que quieran evolucionar &hellip; <\/p>\n<p class=\"link-more\"><a href=\"http:\/\/multimedia.uoc.edu\/blogs\/estetica\/es\/experiencies\/\" class=\"more-link\">Seguir leyendo<span class=\"screen-reader-text\"> \u00abExperiencias\u00bb<\/span><\/a><\/p>\n","protected":false},"author":8,"featured_media":0,"parent":0,"menu_order":0,"comment_status":"closed","ping_status":"open","template":"plantilla-pagina.php","meta":{"footnotes":""},"tags":[],"class_list":["post-10","page","type-page","status-publish","hentry","entry"],"_links":{"self":[{"href":"http:\/\/multimedia.uoc.edu\/blogs\/estetica\/es\/wp-json\/wp\/v2\/pages\/10","targetHints":{"allow":["GET"]}}],"collection":[{"href":"http:\/\/multimedia.uoc.edu\/blogs\/estetica\/es\/wp-json\/wp\/v2\/pages"}],"about":[{"href":"http:\/\/multimedia.uoc.edu\/blogs\/estetica\/es\/wp-json\/wp\/v2\/types\/page"}],"author":[{"embeddable":true,"href":"http:\/\/multimedia.uoc.edu\/blogs\/estetica\/es\/wp-json\/wp\/v2\/users\/8"}],"replies":[{"embeddable":true,"href":"http:\/\/multimedia.uoc.edu\/blogs\/estetica\/es\/wp-json\/wp\/v2\/comments?post=10"}],"version-history":[{"count":16,"href":"http:\/\/multimedia.uoc.edu\/blogs\/estetica\/es\/wp-json\/wp\/v2\/pages\/10\/revisions"}],"predecessor-version":[{"id":301,"href":"http:\/\/multimedia.uoc.edu\/blogs\/estetica\/es\/wp-json\/wp\/v2\/pages\/10\/revisions\/301"}],"wp:attachment":[{"href":"http:\/\/multimedia.uoc.edu\/blogs\/estetica\/es\/wp-json\/wp\/v2\/media?parent=10"}],"wp:term":[{"taxonomy":"post_tag","embeddable":true,"href":"http:\/\/multimedia.uoc.edu\/blogs\/estetica\/es\/wp-json\/wp\/v2\/tags?post=10"}],"curies":[{"name":"wp","href":"https:\/\/api.w.org\/{rel}","templated":true}]}}