{"id":8,"date":"2013-02-22T19:34:25","date_gmt":"2013-02-22T18:34:25","guid":{"rendered":"http:\/\/multimedia.uoc.edu\/blogs\/estetica\/?page_id=8"},"modified":"2014-09-21T15:35:50","modified_gmt":"2014-09-21T14:35:50","slug":"inici","status":"publish","type":"page","link":"http:\/\/multimedia.uoc.edu\/blogs\/estetica\/es\/","title":{"rendered":"Inicio"},"content":{"rendered":"<p>Bienvenidos al web de recursos de la asignatura de Creatividad y est\u00e9tica del Grado Multimedia<\/p>\n<p>Esta asignatura desarrolla una propuesta de an\u00e1lisis y reflexi\u00f3n en profundidad sobre nuevos territorios expresivos de la cultura digital. Trabaja dos conceptos complejos: la creatividad y la est\u00e9tica.<\/p>\n<p>Conceptos ligados al mundo del arte y la cultura visual digital que hoy en d\u00eda el creativo multimedia debe manejar con una visi\u00f3n de marketing tambi\u00e9n importante.<\/p>\n<p>La asignatura no focaliza su atenci\u00f3n sobre un determinado software de producci\u00f3n gr\u00e1fica, sino que busca la interrelaci\u00f3n de contenidos y herramientas de creaci\u00f3n digital para ahondar en la teor\u00eda y la pr\u00e1ctica creativa multimedia.<\/p>\n<p>Aqu\u00ed encontrar\u00e9is material complementario de la asignatura distribuido en diferentes apartados para facilitar la b\u00fasqueda. Hay enlaces a sitios webs, blogs y p\u00e1ginas afines a los conocimientos que se explican a lo largo del semestre.<\/p>\n<p>Tambi\u00e9n hay un apartado de actualidad relacionado con noticias entorno a la cultura digital y con contenidos relacionados con los contenidos estudiados.<\/p>","protected":false},"excerpt":{"rendered":"<p>Bienvenidos al web de recursos de la asignatura de Creatividad y est\u00e9tica del Grado Multimedia Esta asignatura desarrolla una propuesta de an\u00e1lisis y reflexi\u00f3n en profundidad sobre nuevos territorios expresivos de la cultura digital. Trabaja dos conceptos complejos: la creatividad y la est\u00e9tica. Conceptos ligados al mundo del arte y la cultura visual digital que &hellip; <\/p>\n<p class=\"link-more\"><a href=\"http:\/\/multimedia.uoc.edu\/blogs\/estetica\/es\/\" class=\"more-link\">Seguir leyendo<span class=\"screen-reader-text\"> \u00abInicio\u00bb<\/span><\/a><\/p>\n","protected":false},"author":8,"featured_media":0,"parent":0,"menu_order":0,"comment_status":"closed","ping_status":"open","template":"","meta":{"footnotes":""},"tags":[],"class_list":["post-8","page","type-page","status-publish","hentry","entry"],"_links":{"self":[{"href":"http:\/\/multimedia.uoc.edu\/blogs\/estetica\/es\/wp-json\/wp\/v2\/pages\/8","targetHints":{"allow":["GET"]}}],"collection":[{"href":"http:\/\/multimedia.uoc.edu\/blogs\/estetica\/es\/wp-json\/wp\/v2\/pages"}],"about":[{"href":"http:\/\/multimedia.uoc.edu\/blogs\/estetica\/es\/wp-json\/wp\/v2\/types\/page"}],"author":[{"embeddable":true,"href":"http:\/\/multimedia.uoc.edu\/blogs\/estetica\/es\/wp-json\/wp\/v2\/users\/8"}],"replies":[{"embeddable":true,"href":"http:\/\/multimedia.uoc.edu\/blogs\/estetica\/es\/wp-json\/wp\/v2\/comments?post=8"}],"version-history":[{"count":6,"href":"http:\/\/multimedia.uoc.edu\/blogs\/estetica\/es\/wp-json\/wp\/v2\/pages\/8\/revisions"}],"predecessor-version":[{"id":160,"href":"http:\/\/multimedia.uoc.edu\/blogs\/estetica\/es\/wp-json\/wp\/v2\/pages\/8\/revisions\/160"}],"wp:attachment":[{"href":"http:\/\/multimedia.uoc.edu\/blogs\/estetica\/es\/wp-json\/wp\/v2\/media?parent=8"}],"wp:term":[{"taxonomy":"post_tag","embeddable":true,"href":"http:\/\/multimedia.uoc.edu\/blogs\/estetica\/es\/wp-json\/wp\/v2\/tags?post=8"}],"curies":[{"name":"wp","href":"https:\/\/api.w.org\/{rel}","templated":true}]}}