{"id":44,"date":"2013-03-02T10:36:17","date_gmt":"2013-03-02T10:36:17","guid":{"rendered":"http:\/\/multimedia.uoc.edu\/blogs\/fem\/?page_id=44"},"modified":"2014-07-02T21:24:37","modified_gmt":"2014-07-02T21:24:37","slug":"home","status":"publish","type":"page","link":"http:\/\/multimedia.uoc.edu\/blogs\/fem\/es\/","title":{"rendered":"Inicio"},"content":{"rendered":"<p><\/p>\n<p>Este es un espacio que recoge materiales suplementarios de la asignatura Fundamentos y evoluci\u00f3n de la multimedia del  <a href=\"http:\/\/estudios.uoc.edu\/es\/grados-2-ciclo\/multimedia\/presentacion\">Grado de Multimedia<\/a> de la <a href=\"http:\/\/www.uoc.edu\">Universitat Oberta de Catalunya<\/a><\/p>\n<p>En este recurso web encontrar\u00e9is informaci\u00f3n complementaria y actualizada sobre algunos de los conceptos desarrollados en la asignatura gracias a enlaces a libros, art\u00edculos, sitios web o material audiovisual. <\/p>\n<p>Esperamos que esta informaci\u00f3n sea de vuestro inter\u00e9s.<\/p>\n<p><\/p>","protected":false},"excerpt":{"rendered":"<p>Este es un espacio que recoge materiales suplementarios de la asignatura Fundamentos y evoluci\u00f3n de la multimedia del Grado de Multimedia de la Universitat Oberta de Catalunya En este recurso web encontrar\u00e9is informaci\u00f3n complementaria y actualizada sobre algunos de los conceptos desarrollados en la asignatura gracias a enlaces a libros, art\u00edculos, sitios web o material &hellip; <\/p>\n<p class=\"link-more\"><a href=\"http:\/\/multimedia.uoc.edu\/blogs\/fem\/es\/\" class=\"more-link\">Seguir leyendo<span class=\"screen-reader-text\"> \u00abInicio\u00bb<\/span><\/a><\/p>\n","protected":false},"author":4,"featured_media":0,"parent":0,"menu_order":0,"comment_status":"closed","ping_status":"closed","template":"","meta":{"footnotes":""},"tags":[],"class_list":["post-44","page","type-page","status-publish","hentry","entry"],"_links":{"self":[{"href":"http:\/\/multimedia.uoc.edu\/blogs\/fem\/es\/wp-json\/wp\/v2\/pages\/44","targetHints":{"allow":["GET"]}}],"collection":[{"href":"http:\/\/multimedia.uoc.edu\/blogs\/fem\/es\/wp-json\/wp\/v2\/pages"}],"about":[{"href":"http:\/\/multimedia.uoc.edu\/blogs\/fem\/es\/wp-json\/wp\/v2\/types\/page"}],"author":[{"embeddable":true,"href":"http:\/\/multimedia.uoc.edu\/blogs\/fem\/es\/wp-json\/wp\/v2\/users\/4"}],"replies":[{"embeddable":true,"href":"http:\/\/multimedia.uoc.edu\/blogs\/fem\/es\/wp-json\/wp\/v2\/comments?post=44"}],"version-history":[{"count":10,"href":"http:\/\/multimedia.uoc.edu\/blogs\/fem\/es\/wp-json\/wp\/v2\/pages\/44\/revisions"}],"predecessor-version":[{"id":563,"href":"http:\/\/multimedia.uoc.edu\/blogs\/fem\/es\/wp-json\/wp\/v2\/pages\/44\/revisions\/563"}],"wp:attachment":[{"href":"http:\/\/multimedia.uoc.edu\/blogs\/fem\/es\/wp-json\/wp\/v2\/media?parent=44"}],"wp:term":[{"taxonomy":"post_tag","embeddable":true,"href":"http:\/\/multimedia.uoc.edu\/blogs\/fem\/es\/wp-json\/wp\/v2\/tags?post=44"}],"curies":[{"name":"wp","href":"https:\/\/api.w.org\/{rel}","templated":true}]}}