{"id":44,"date":"2013-03-02T10:36:17","date_gmt":"2013-03-02T10:36:17","guid":{"rendered":"http:\/\/multimedia.uoc.edu\/blogs\/fem\/?page_id=44"},"modified":"2014-07-02T21:24:37","modified_gmt":"2014-07-02T21:24:37","slug":"home","status":"publish","type":"page","link":"http:\/\/multimedia.uoc.edu\/blogs\/fem\/","title":{"rendered":"Inici"},"content":{"rendered":"<p><\/p>\n<p>Aquest \u00e9s un espai amb materials de l&#8217;assignatura Fonaments i evoluci\u00f3 de la multim\u00e8dia del <a href=\"http:\/\/estudis.uoc.edu\/ca\/graus-2n-cicle\/multimedia\/presentacio\">Grau de Multim\u00e8dia<\/a> de la <a href=\"http:\/\/www.uoc.edu\">Universitat Oberta de Catalunya.<\/a><\/p>\n<p>En aquest recurs web trobareu informaci\u00f3 complementaria i actualitzada sobre alguns dels conceptes desenvolupats a l\u2019assignatura gr\u00e0cies a enlla\u00e7os a llibres, articles, llocs web o material audovisual.<\/p>\n<p>Esperem que aquesta informaci\u00f3 us sigui d\u2019inter\u00e8s.<\/p>\n<p><\/p>","protected":false},"excerpt":{"rendered":"<p>Aquest \u00e9s un espai amb materials de l&#8217;assignatura Fonaments i evoluci\u00f3 de la multim\u00e8dia del Grau de Multim\u00e8dia de la Universitat Oberta de Catalunya. En aquest recurs web trobareu informaci\u00f3 complementaria i actualitzada sobre alguns dels conceptes desenvolupats a l\u2019assignatura gr\u00e0cies a enlla\u00e7os a llibres, articles, llocs web o material audovisual. Esperem que aquesta informaci\u00f3 &hellip; <\/p>\n<p class=\"link-more\"><a href=\"http:\/\/multimedia.uoc.edu\/blogs\/fem\/\" class=\"more-link\">Continua llegint <span class=\"screen-reader-text\">\u00abInici\u00bb<\/span><\/a><\/p>\n","protected":false},"author":4,"featured_media":0,"parent":0,"menu_order":0,"comment_status":"closed","ping_status":"closed","template":"","meta":{"footnotes":""},"tags":[],"class_list":["post-44","page","type-page","status-publish","hentry","entry"],"_links":{"self":[{"href":"http:\/\/multimedia.uoc.edu\/blogs\/fem\/wp-json\/wp\/v2\/pages\/44","targetHints":{"allow":["GET"]}}],"collection":[{"href":"http:\/\/multimedia.uoc.edu\/blogs\/fem\/wp-json\/wp\/v2\/pages"}],"about":[{"href":"http:\/\/multimedia.uoc.edu\/blogs\/fem\/wp-json\/wp\/v2\/types\/page"}],"author":[{"embeddable":true,"href":"http:\/\/multimedia.uoc.edu\/blogs\/fem\/wp-json\/wp\/v2\/users\/4"}],"replies":[{"embeddable":true,"href":"http:\/\/multimedia.uoc.edu\/blogs\/fem\/wp-json\/wp\/v2\/comments?post=44"}],"version-history":[{"count":10,"href":"http:\/\/multimedia.uoc.edu\/blogs\/fem\/wp-json\/wp\/v2\/pages\/44\/revisions"}],"predecessor-version":[{"id":563,"href":"http:\/\/multimedia.uoc.edu\/blogs\/fem\/wp-json\/wp\/v2\/pages\/44\/revisions\/563"}],"wp:attachment":[{"href":"http:\/\/multimedia.uoc.edu\/blogs\/fem\/wp-json\/wp\/v2\/media?parent=44"}],"wp:term":[{"taxonomy":"post_tag","embeddable":true,"href":"http:\/\/multimedia.uoc.edu\/blogs\/fem\/wp-json\/wp\/v2\/tags?post=44"}],"curies":[{"name":"wp","href":"https:\/\/api.w.org\/{rel}","templated":true}]}}