{"id":35,"date":"2016-03-04T22:38:16","date_gmt":"2016-03-04T22:38:16","guid":{"rendered":"http:\/\/multimedia.uoc.edu\/blogs\/frontend\/?page_id=35"},"modified":"2016-03-07T08:48:16","modified_gmt":"2016-03-07T08:48:16","slug":"catala-bienvenida","status":"publish","type":"page","link":"http:\/\/multimedia.uoc.edu\/blogs\/frontend\/ca\/","title":{"rendered":"Benvinguda"},"content":{"rendered":"<p>Benvingut al bloc de Desenvolupament Front-end (web i dispositius), on ampliarem el material docent amb refer\u00e8ncies, tutorials i articles relacionats amb la tem\u00e0tica de l&#8217;assignatura.<\/p>\n<p>Al men\u00fa de l&#8217;esquerra teniu l&#8217;acc\u00e9s als diferents apartats de que disposa la web.<\/p>","protected":false},"excerpt":{"rendered":"<p>Benvingut al bloc de Desenvolupament Front-end (web i dispositius), on ampliarem el material docent amb refer\u00e8ncies, tutorials i articles relacionats amb la tem\u00e0tica de l&#8217;assignatura. Al men\u00fa de l&#8217;esquerra teniu l&#8217;acc\u00e9s als diferents apartats de que disposa la web.<\/p>\n","protected":false},"author":49,"featured_media":0,"parent":0,"menu_order":0,"comment_status":"closed","ping_status":"closed","template":"plantilla-pagina.php","meta":{"footnotes":""},"tags":[],"class_list":["post-35","page","type-page","status-publish","hentry","entry"],"_links":{"self":[{"href":"http:\/\/multimedia.uoc.edu\/blogs\/frontend\/ca\/wp-json\/wp\/v2\/pages\/35","targetHints":{"allow":["GET"]}}],"collection":[{"href":"http:\/\/multimedia.uoc.edu\/blogs\/frontend\/ca\/wp-json\/wp\/v2\/pages"}],"about":[{"href":"http:\/\/multimedia.uoc.edu\/blogs\/frontend\/ca\/wp-json\/wp\/v2\/types\/page"}],"author":[{"embeddable":true,"href":"http:\/\/multimedia.uoc.edu\/blogs\/frontend\/ca\/wp-json\/wp\/v2\/users\/49"}],"replies":[{"embeddable":true,"href":"http:\/\/multimedia.uoc.edu\/blogs\/frontend\/ca\/wp-json\/wp\/v2\/comments?post=35"}],"version-history":[{"count":3,"href":"http:\/\/multimedia.uoc.edu\/blogs\/frontend\/ca\/wp-json\/wp\/v2\/pages\/35\/revisions"}],"predecessor-version":[{"id":40,"href":"http:\/\/multimedia.uoc.edu\/blogs\/frontend\/ca\/wp-json\/wp\/v2\/pages\/35\/revisions\/40"}],"wp:attachment":[{"href":"http:\/\/multimedia.uoc.edu\/blogs\/frontend\/ca\/wp-json\/wp\/v2\/media?parent=35"}],"wp:term":[{"taxonomy":"post_tag","embeddable":true,"href":"http:\/\/multimedia.uoc.edu\/blogs\/frontend\/ca\/wp-json\/wp\/v2\/tags?post=35"}],"curies":[{"name":"wp","href":"https:\/\/api.w.org\/{rel}","templated":true}]}}