{"id":5,"date":"2013-10-28T14:43:20","date_gmt":"2013-10-28T14:43:20","guid":{"rendered":"http:\/\/multimedia.uoc.edu\/blogs\/lab3dav\/?page_id=5"},"modified":"2013-11-26T18:03:24","modified_gmt":"2013-11-26T18:03:24","slug":"inici","status":"publish","type":"page","link":"http:\/\/multimedia.uoc.edu\/blogs\/lab3dav\/es\/","title":{"rendered":"El blog en el laboratorio"},"content":{"rendered":"<p><\/p>\n<div dir=\"ltr\">En este blog encontrar\u00e9is entradas relacionadas con los programas usuales de las asignaturas a las que se asocia el laboratorio. Se trata de los programas relacionados en las categor\u00edas del men\u00fa de la izquierda. Tambi\u00e9n existen entradas relacionadas con otros programas, \u00e9stas integradas dentro de las dos categor\u00edas gen\u00e9ricas de Programas AV y Programas 3D.<\/div>\n<div dir=\"ltr\">La b\u00fasqueda de entradas puede llevarse a cabo tambi\u00e9n a trav\u00e9s de los tags.<\/div>\n<p><\/p>","protected":false},"excerpt":{"rendered":"<p>En este blog encontrar\u00e9is entradas relacionadas con los programas usuales de las asignaturas a las que se asocia el laboratorio. Se trata de los programas relacionados en las categor\u00edas del men\u00fa de la izquierda. Tambi\u00e9n existen entradas relacionadas con otros programas, \u00e9stas integradas dentro de las dos categor\u00edas gen\u00e9ricas de Programas AV y Programas 3D. &hellip; <\/p>\n<p class=\"link-more\"><a href=\"http:\/\/multimedia.uoc.edu\/blogs\/lab3dav\/es\/\" class=\"more-link\">Seguir leyendo<span class=\"screen-reader-text\"> \u00abEl blog en el laboratorio\u00bb<\/span><\/a><\/p>\n","protected":false},"author":4,"featured_media":0,"parent":0,"menu_order":0,"comment_status":"open","ping_status":"open","template":"","meta":{"footnotes":""},"tags":[],"class_list":["post-5","page","type-page","status-publish","hentry","entry"],"_links":{"self":[{"href":"http:\/\/multimedia.uoc.edu\/blogs\/lab3dav\/es\/wp-json\/wp\/v2\/pages\/5","targetHints":{"allow":["GET"]}}],"collection":[{"href":"http:\/\/multimedia.uoc.edu\/blogs\/lab3dav\/es\/wp-json\/wp\/v2\/pages"}],"about":[{"href":"http:\/\/multimedia.uoc.edu\/blogs\/lab3dav\/es\/wp-json\/wp\/v2\/types\/page"}],"author":[{"embeddable":true,"href":"http:\/\/multimedia.uoc.edu\/blogs\/lab3dav\/es\/wp-json\/wp\/v2\/users\/4"}],"replies":[{"embeddable":true,"href":"http:\/\/multimedia.uoc.edu\/blogs\/lab3dav\/es\/wp-json\/wp\/v2\/comments?post=5"}],"version-history":[{"count":8,"href":"http:\/\/multimedia.uoc.edu\/blogs\/lab3dav\/es\/wp-json\/wp\/v2\/pages\/5\/revisions"}],"predecessor-version":[{"id":99,"href":"http:\/\/multimedia.uoc.edu\/blogs\/lab3dav\/es\/wp-json\/wp\/v2\/pages\/5\/revisions\/99"}],"wp:attachment":[{"href":"http:\/\/multimedia.uoc.edu\/blogs\/lab3dav\/es\/wp-json\/wp\/v2\/media?parent=5"}],"wp:term":[{"taxonomy":"post_tag","embeddable":true,"href":"http:\/\/multimedia.uoc.edu\/blogs\/lab3dav\/es\/wp-json\/wp\/v2\/tags?post=5"}],"curies":[{"name":"wp","href":"https:\/\/api.w.org\/{rel}","templated":true}]}}