{"id":100,"date":"2017-10-07T08:43:52","date_gmt":"2017-10-07T07:43:52","guid":{"rendered":"http:\/\/multimedia.uoc.edu\/blogs\/labdoc\/?page_id=100"},"modified":"2017-11-10T19:21:17","modified_gmt":"2017-11-10T18:21:17","slug":"diari-dartista","status":"publish","type":"page","link":"http:\/\/multimedia.uoc.edu\/blogs\/labdoc\/es\/diari-dartista\/","title":{"rendered":"Diario de artista"},"content":{"rendered":"<p><\/p>\n<h1>\u00bfQu\u00e9 es un diario de artista?<\/h1>\n<p>El diario de artista es un cuaderno personal de anotaciones y dibujos que sirve al artista para recoger ideas y pensamientos que surgen en el trabajo creativo del d\u00eda a d\u00eda. Es un recurso previo a la producci\u00f3n art\u00edstica, por lo tanto tiene que ser muy libre, no se tiene que censurar nada, es un tipo de brainstorming y de reflexi\u00f3n de nuestras ideas en el proceso diario de trabajo.<\/p>\n<p>Los<strong> objetivos<\/strong> del diario son:<\/p>\n<ul>\n<li>Facilitar un proceso creativo de auto reflexi\u00f3n<\/li>\n<li>Favorecer el autoaprendizaje.<\/li>\n<li>Crear el h\u00e1bito del dibujo<\/li>\n<li>Documentar nuestra investigaci\u00f3n art\u00edstica<\/li>\n<li>Anotar ideas, inspiraciones por posibles proyectos, estudios de elementos<\/li>\n<\/ul>\n<p>El diario es un cuaderno de campo. En este sentido, podemos hacer la analog\u00eda con los cuadernos de campo de los bot\u00e1nicos investigadores: en el cuaderno queda constancia de los pensamientos, reflexiones, ideas inspiradoras, dibujos de los elementos del mundo real que nos resultan interesantes, estudios y anotaciones de la observaci\u00f3n del entorno. Tambi\u00e9n se pueden incluir objetos, fotograf\u00edas y cualquiera otro elemento con la t\u00e9cnica del collage. El trabajo en el cuaderno es una pr\u00e1ctica del d\u00eda a d\u00eda, y se puede hacer en cualquier momento cotidiano, cuando tengamos la necesidad de anotar una reflexi\u00f3n o poner imagen a una idea.<\/p>\n<p>El <strong>formato<\/strong> habitualmente es anal\u00f3gico, y usaremos un cuaderno que sea manejable y podamos llevar con nosotros en el d\u00eda a d\u00eda. Pero no hay normas en cuanto a formato y calidad del papel.<\/p>\n<h1>\u00bfC\u00f3mo elaboramos un diario?<\/h1>\n<p>Par elaborar un diario hemos de saber que contamos con un conjunt de herramientas y diversidad de t\u00e9cnicas para elaborarlo. En la creaci\u00f3n tamb\u00e9n hemos de tener en cuenta, adem\u00e1s del uso de imagenes, el uso del texto. Estos aspectos los vemos a continuaci\u00f3n.<\/p>\n<h2>Herramientas<\/h2>\n<p>Disponemos de herramientas web para poder crear nuestro diario. Por ejemplo Pinterest permite crear tableros con fotograf\u00edas, o Evernote que permite crear anotaciones.<\/p>\n<p>Pinterest (<a href=\"https:\/\/es.pinterest.com\/\">https:\/\/es.pinterest.com\/<\/a>) es una plataforma online donde podemos crear nuestros propios tableros con im\u00e1genes que hemos encontrado en Internet. Podemos crear todos los tableros que queramos, y los podemos dedicar a una tem\u00e1tica concreta. Pinterest es una plataforma social, por lo tanto los tableros los podemos compartir con otros usuarios, adem\u00e1s de ver los de los otros. Tambi\u00e9n dispone de b\u00fasquedas por palabras clave asociadas a las im\u00e1genes. Es una herramienta muy \u00fatil si queremos recopilar im\u00e1genes de referencia cuando estamos iniciando un trabajo o una obra.<\/p>\n<p>Evernote (<a href=\"https:\/\/evernote.com\">https:\/\/evernote.com<\/a>) es una App que podemos instalar y sincronizar a los dispositivos m\u00f3viles, que funciona como un tipo de bloque de notas. Podemos crear anotaciones con texto, a\u00f1adir recordatorios en la agenda, y crear listas de tareas para organizar el trabajo del proyecto que estamos haciendo.<\/p>\n<h2>T\u00e9cnicas<\/h2>\n<p>Las t\u00e9cnicas que podemos usar para hacer el diario son variadas. Es importante la libertad creativa a la hora de reflejar conceptos, ideas e im\u00e1genes en el diario, y tambi\u00e9n la rapidez y uso de m\u00e9todos directos. Por lo tanto, las t\u00e9cnicas tienen que cumplir estas caracter\u00edsticas de flexibilidad y rapidez. A continuaci\u00f3n tienes una lista de t\u00e9cnicas con las cuales puedes experimentar, aunque ya las trabajas en el Taller de dibujo:<\/p>\n<ul>\n<li>Dibujo con todo tipo de t\u00e9cnicas gr\u00e1ficas: l\u00e1piz, l\u00e1piz cont\u00e9, bol\u00edgrafo, pluma.<\/li>\n<li>Acuarelas, acr\u00edlico, anilines, gouache.<\/li>\n<li>Tinta china&#8230;<\/li>\n<li>Pasteles, ceras o crayons.<\/li>\n<li>Fotograf\u00eda: integraci\u00f3n de fotograf\u00edas o collage con fotograf\u00edas.<\/li>\n<li>Collage con material de revistas, papeles, objetos.<\/li>\n<\/ul>\n<h2>Contenido: texto e imagen<\/h2>\n<p>Es importante la imagen, pero piensa que tambi\u00e9n los textos son imprescindibles para que quede constancia de las reflexiones, ideas, conclusiones, ejemplos que se relacionan con las im\u00e1genes. Por lo tanto, las im\u00e1genes, si se considera conveniente, pueden ir acompa\u00f1adas de texto, que explique qu\u00e9 nos sugiere la imagen, o para qu\u00e9 la podemos usar, en definitiva, tenemos que recoger por qu\u00e9 hemos seleccionado aquella imagen.<\/p>\n<h1>Ejemplos de diarios de artistas<\/h1>\n<p>Los artistas han hecho diarios personales desde hace siglos, porque siempre ha sido la necesidad de poner en papel sus ideas y reflexiones, que pueden surgir en un momento cualquiera para fijarlas y poder trabajar con ellas posteriormente. Los ejemplos confirman que el diario de artista puede ser muy diferente y tambi\u00e9n tener planteamientos muy diversos seg\u00fan cada artista.<\/p>\n<ul>\n<li><strong>Leonardo da Vinci<\/strong><\/li>\n<\/ul>\n<p>El cuaderno de notas de Leonardo da Vinci fue en realidad un conjunto de hojas con dibujos y anotaciones que realiz\u00f3 a lo largo de toda su vida, y que despu\u00e9s de su muerte se encuadern\u00f3. A\u00fan as\u00ed, es un ejemplo muy ilustrativo de un diario de artista. Este cuaderno nos da la idea de la capacidad anal\u00edtica y el inter\u00e9s cient\u00edfico y tecnol\u00f3gico del artista.<\/p>\n<p>En el cuaderno se combinan dibujos con diagramas y esquemas que ayudan a entender aquello que est\u00e1 analizando. Los temas son muy diversos, desde todo tipo de mec\u00e1nicas hasta el vuelo de los p\u00e1jaros. Los esquemas tienen la funci\u00f3n de explicar el dise\u00f1o y estructura de unos artefactos que s\u00f3lo est\u00e1n en su imaginaci\u00f3n. Podr\u00eda ser un cuaderno de un investigador o de un dise\u00f1ador industrial, pero tambi\u00e9n de un artista pl\u00e1stico.<\/p>\n<p>El texto y la imagen est\u00e1n ordenados y estructurados. No hay ning\u00fan uso del color. Los dibujos son una manera de aclarar o hacer m\u00e1s comprensibles las anotaciones.<\/p>\n<p>En la British Library encontrar\u00e9is digitalizado el<a href=\"http:\/\/www.bl.uk\/turning-the-pages\/?id=cb4c06b9-02f4-49af-80ce-540836464a46&amp;type=book\" target=\"_blank\" rel=\"noopener noreferrer\"> cuaderno<\/a> de Leonardo da Vinci.<\/p>\n<ul>\n<li><strong>Frida Kahlo<\/strong><\/li>\n<\/ul>\n<p>El diario de Frida Kahlo es un ejemplo de diario de artista \u00edntimo, donde expresa sus pensamientos \u00edntimos y personales en el d\u00eda a d\u00eda. Tiene, por lo tanto, un car\u00e1cter autobiogr\u00e1fico y de autoreflexi\u00f3n. Lo empez\u00f3 a mediados de la d\u00e9cada de los cuarenta, y lo continu\u00f3 hasta su muerte.<\/p>\n<p>En el diario vemos textos e ilustraciones, espont\u00e1neas, im\u00e1genes dibujadas con rapidez y figuras on\u00edricas.<\/p>\n<p>Tambi\u00e9n se aprecia la espontaneidad en algunos dibujos del diario, donde sigue un proceso de juego, por ejemplo, al crear figuras a partir de las manchas que obten\u00eda esparciendo o salpicando tinta al papel.<\/p>\n<p>En cuanto a las t\u00e9cnicas que usaba, eran diversas: l\u00e1piz de colores, tintas, aguada, crayons y l\u00e1pices Cont\u00e9.<\/p>\n<ul>\n<li><strong>Guillermo del Toro<\/strong><\/li>\n<\/ul>\n<p>Este director, guionista y productor tambi\u00e9n realiza un diario para registrar las impresiones, documentaci\u00f3n y ideas que va recopilando para elaborar\u00a0 sus obras.<\/p>\n<p>Podeis ver como este autor utiliza el diario y la documentaci\u00f3n en l&#8217;<a href=\"https:\/\/www.youtube.com\/watch?v=klk6VKjH5zM\" target=\"_blank\" rel=\"noopener noreferrer\">entrevista<\/a> efectuada por el profesor de la UOC Jordi S\u00e1nchez. Estad atentos al corte que va del minuto 2.27 al 4.58.<\/p>\n<h1>Cuadernos de esbozos<\/h1>\n<p>Hay que diferenciar el diario de artista del cuaderno de esbozos. A pesar de que hay una l\u00ednea muy fina que los diferencia. La diferencia la vemos en el siguiente ejemplo, que no podemos incluir dentro del concepto de diario de artista, dado que no hay anotaciones.<\/p>\n<p>&nbsp;<\/p>\n<p><img loading=\"lazy\" decoding=\"async\" class=\"alignnone wp-image-46\" src=\"http:\/\/multimedia.uoc.edu\/blogs\/labdoc\/files\/2017\/03\/david-cox.jpg\" alt=\"\" width=\"546\" height=\"254\" \/><\/p>\n<p>Sketchbook from David Cox<\/p>\n<p>Font: Victoria and Albert Museum<\/p>\n<p><img loading=\"lazy\" decoding=\"async\" class=\"alignnone wp-image-44\" src=\"http:\/\/multimedia.uoc.edu\/blogs\/labdoc\/files\/2017\/10\/williamb-trost.jpg\" alt=\"\" width=\"553\" height=\"384\" \/><\/p>\n<p><em>William Trost Richard, Sketchbook of English Landscape and Coastal Scenery<\/em><\/p>\n<p><em>Brooklyn Museum<\/em><\/p>\n<p><em>Font: Wikipedia<\/em><\/p>\n<p>C\u00f3mo podemos apreciar, un libro de esbozos s\u00f3lo contiene dibujos r\u00e1pidos y espont\u00e1neos, hechos al natural, o capturando un momento instant\u00e1neo, a pesar de que tambi\u00e9n pueden ser dibujos hechos a partir de la imaginaci\u00f3n del artista. Pero estos formatos no contienen anotaciones ni ninguna reflexi\u00f3n escrita, se acercan m\u00e1s al trabajo de observaci\u00f3n y estudio formal.<\/p>\n<p>&nbsp;<\/p>","protected":false},"excerpt":{"rendered":"<p>\u00bfQu\u00e9 es un diario de artista? El diario de artista es un cuaderno personal de anotaciones y dibujos que sirve al artista para recoger ideas y pensamientos que surgen en el trabajo creativo del d\u00eda a d\u00eda. Es un recurso previo a la producci\u00f3n art\u00edstica, por lo tanto tiene que ser muy libre, no se &hellip; <\/p>\n<p class=\"link-more\"><a href=\"http:\/\/multimedia.uoc.edu\/blogs\/labdoc\/es\/diari-dartista\/\" class=\"more-link\">Seguir leyendo<span class=\"screen-reader-text\"> \u00abDiario de artista\u00bb<\/span><\/a><\/p>\n","protected":false},"author":142,"featured_media":0,"parent":0,"menu_order":0,"comment_status":"closed","ping_status":"closed","template":"plantilla-pagina.php","meta":{"footnotes":""},"tags":[],"class_list":["post-100","page","type-page","status-publish","hentry","entry"],"_links":{"self":[{"href":"http:\/\/multimedia.uoc.edu\/blogs\/labdoc\/es\/wp-json\/wp\/v2\/pages\/100","targetHints":{"allow":["GET"]}}],"collection":[{"href":"http:\/\/multimedia.uoc.edu\/blogs\/labdoc\/es\/wp-json\/wp\/v2\/pages"}],"about":[{"href":"http:\/\/multimedia.uoc.edu\/blogs\/labdoc\/es\/wp-json\/wp\/v2\/types\/page"}],"author":[{"embeddable":true,"href":"http:\/\/multimedia.uoc.edu\/blogs\/labdoc\/es\/wp-json\/wp\/v2\/users\/142"}],"replies":[{"embeddable":true,"href":"http:\/\/multimedia.uoc.edu\/blogs\/labdoc\/es\/wp-json\/wp\/v2\/comments?post=100"}],"version-history":[{"count":14,"href":"http:\/\/multimedia.uoc.edu\/blogs\/labdoc\/es\/wp-json\/wp\/v2\/pages\/100\/revisions"}],"predecessor-version":[{"id":332,"href":"http:\/\/multimedia.uoc.edu\/blogs\/labdoc\/es\/wp-json\/wp\/v2\/pages\/100\/revisions\/332"}],"wp:attachment":[{"href":"http:\/\/multimedia.uoc.edu\/blogs\/labdoc\/es\/wp-json\/wp\/v2\/media?parent=100"}],"wp:term":[{"taxonomy":"post_tag","embeddable":true,"href":"http:\/\/multimedia.uoc.edu\/blogs\/labdoc\/es\/wp-json\/wp\/v2\/tags?post=100"}],"curies":[{"name":"wp","href":"https:\/\/api.w.org\/{rel}","templated":true}]}}