{"id":103,"date":"2017-10-07T08:44:04","date_gmt":"2017-10-07T07:44:04","guid":{"rendered":"http:\/\/multimedia.uoc.edu\/blogs\/labdoc\/?page_id=103"},"modified":"2017-11-10T18:51:20","modified_gmt":"2017-11-10T17:51:20","slug":"dossier-de-proces","status":"publish","type":"page","link":"http:\/\/multimedia.uoc.edu\/blogs\/labdoc\/es\/mostrarporces\/dossier-de-proces\/","title":{"rendered":"Dossier de proceso"},"content":{"rendered":"<p><\/p>\n<h1>\u00bfQu\u00e9 es el dossier de proceso?<\/h1>\n<p>El dossier de proceso es una herramienta que nos permite documentar el proceso de trabajo que hemos seguido para realizar una obra determinada. Puede ser una obra pict\u00f3rica, dibujo, escultura, o un proyecto de dise\u00f1o gr\u00e1fico. En cualquier caso, el dossier mostrar\u00e1 el proceso completo de trabajo desde las primeras ideas, esbozos, y pruebas, pasando por las fases de ejecuci\u00f3n del proyecto, y acabando con la pieza final.<\/p>\n<h1>Objetivos<\/h1>\n<p>El objetivo primordial del dossier de proceso es documentar y mostrar el proceso, es decir, c\u00f3mo ha evolucionado el trabajo desde el inicio hasta lo entrega. Por lo tanto, el dossier ayudar\u00e1 al lector a entender el contexto de la obra: c\u00f3mo se ha iniciado el proyecto, como se ha desarrollado, qu\u00e9 problemas ha tenido en la realizaci\u00f3n, como se han solucionado, etc.<\/p>\n<p>En definitiva, el dossier de proceso es un documento que debe permitir:<\/p>\n<ul>\n<li>Documentar tu trabajo desde el inicio hasta la entrega.<\/li>\n<li>Ayudar al lector a entender el itinerario de la creaci\u00f3n.<\/li>\n<li>Explicar c\u00f3mo se ha desarrollado el trabajo desde el inicio hasta la obra acabada.<\/li>\n<li>Indicar qu\u00e9 problemas se han tenido en la realizaci\u00f3n y c\u00f3mo se han solucionado.<\/li>\n<li>Compartir el proceso de aprendizaje con el profesor y con el resto de compa\u00f1eros, si se tercia.<\/li>\n<li>Tomar conciencia del proceso realizado para llevar a cabo la obra final.<\/li>\n<\/ul>\n<h1>Elementos imprescindibles en el dossier de proceso:<\/h1>\n<p>Para cumplir su objetivo, el dossier de proceso tiene que contener los siguientes aspectos:<\/p>\n<ul>\n<li><strong>Idea inicial o enunciado<\/strong>: tenemos que formular la idea o planteamiento inicial del trabajo que se muestra en el dossier.<\/li>\n<li><strong>Referentes<\/strong>: debemos incluir im\u00e1genes de los referentes que hemos tomado como modelo, o im\u00e1genes de otros artistas que hemos usado como ejemplo o que aportan ideas para la creaci\u00f3n de nuestro trabajo final. Los referentes pueden ser tanto la imagen o la situaci\u00f3n (original, paisaje, en torno, espacio, objeto, etc.) de la que hab\u00e9is partido si ha habido, como referentes (autores, obras, im\u00e1genes inspiradoras y de referencia, textos, etc.) relacionados con el trabajo. Hace falta que todos los referentes est\u00e9n bien referenciados y citados. Esto lo vemos en <a href=\"http:\/\/multimedia.uoc.edu\/blogs\/labdoc\/citar\/\">otro apartado<\/a>.<\/li>\n<li><strong>Esbozos<\/strong>: tenemos que hacer borradores, trabajos preliminares, anotaciones, ideas relacionadas con la obra que estamos trabajando. Es muy importante en el proceso de trabajo hacer esbozos previos como preparaci\u00f3n de lo que vamos a hacer. Los esbozos son dibujos y esquemas que hacemos para estudiar varios aspectos de la obra y establecer c\u00f3mo ser\u00e1 antes de la ejecuci\u00f3n definitiva del trabajo. Algunos de los aspectos que themos de considerar en los esbozos son: la composici\u00f3n, el punto de vista, el encuadre, el tipo de tratamiento, aspectos t\u00e9cnicos de construcci\u00f3n si se trata de una escultura o una instalaci\u00f3n, por ejemplo.<\/li>\n<\/ul>\n<p>Tambi\u00e9n podemos hacer trabajos previos de an\u00e1lisis de alguna parte del trabajo final. Por ejemplo, si tenemos que analizar alguna parte del trabajo donde encontramos dificultades, podemos hacer un estudio previo con esbozos y dibujos.<\/p>\n<ul>\n<li><strong>La autor\u00eda del trabajo:<\/strong> tenemos que incluir alguna evidencia (foto o v\u00eddeo, seg\u00fan se os pida) que demuestre que vosotros sois los autores de la obra.<\/li>\n<li><strong>Muestra del trabajo en los diferentes puntos del proceso de realizaci\u00f3n<\/strong> mediante im\u00e1genes (foto o v\u00eddeo, seg\u00fan se nos pida en la actividad del aula) del proceso y la evoluci\u00f3n del trabajo.<\/li>\n<\/ul>\n<p>En caso de emplear<strong> im\u00e1genes<\/strong>, es preciso poner un pie de foto en cada imagen que explique el momento del proceso. Tenemos que poner las im\u00e1genes secuencialmente porque as\u00ed se entender\u00e1 mejor la temporizaci\u00f3n y evoluci\u00f3n.<\/p>\n<p>En caso de que el proceso se documente con un <strong>v\u00eddeo<\/strong>, hay que explicar de palabra el proceso. Antes nos prepararemos un gui\u00f3n donde hemos de explicar:<\/p>\n<ul>\n<li>El planteamiento inicial del trabajo, la intencionalidad y qu\u00e9 materiales hemos elegido y por qu\u00e9.<\/li>\n<li>Los errores y problemas que nos hemos encontrado en la ejecuci\u00f3n, c\u00f3mo los hemos solucionado.<\/li>\n<li>Una valoraci\u00f3n del proceso en si mismo y de los resultados obtenidos.<\/li>\n<li>Una reflexi\u00f3n sobre el aprendizaje que se ha producido durante el proceso: explicaci\u00f3n del proceso y espacios de trabajo, uso de materiales, intencionalidad y conceptualizaci\u00f3n de las decisiones, dificultades encontradas y conclusiones sobre los resultados obtenidos y sobre el propio aprendizaje aportado por la actividad trabajada (total unas 200-300 palabras)<\/li>\n<\/ul>\n<p>Conviene cuidar la maquetaci\u00f3n (colocaci\u00f3n de texto e im\u00e1genes) y los aspectos gr\u00e1ficos: tipograf\u00eda, color, m\u00e1rgenes y recursos gr\u00e1ficos. El software Adobe Indesign puede resultar una herramienta muy \u00fatil por la maquetaci\u00f3n de los textos y las im\u00e1genes. Hemos de tener en cuenta que el dise\u00f1o del dossier tiene que reforzar y mostrar claramente el mensaje.<\/p>","protected":false},"excerpt":{"rendered":"<p>\u00bfQu\u00e9 es el dossier de proceso? El dossier de proceso es una herramienta que nos permite documentar el proceso de trabajo que hemos seguido para realizar una obra determinada. Puede ser una obra pict\u00f3rica, dibujo, escultura, o un proyecto de dise\u00f1o gr\u00e1fico. En cualquier caso, el dossier mostrar\u00e1 el proceso completo de trabajo desde las &hellip; <\/p>\n<p class=\"link-more\"><a href=\"http:\/\/multimedia.uoc.edu\/blogs\/labdoc\/es\/mostrarporces\/dossier-de-proces\/\" class=\"more-link\">Seguir leyendo<span class=\"screen-reader-text\"> \u00abDossier de proceso\u00bb<\/span><\/a><\/p>\n","protected":false},"author":142,"featured_media":0,"parent":16,"menu_order":0,"comment_status":"closed","ping_status":"closed","template":"plantilla-pagina.php","meta":{"footnotes":""},"tags":[],"class_list":["post-103","page","type-page","status-publish","hentry","entry"],"_links":{"self":[{"href":"http:\/\/multimedia.uoc.edu\/blogs\/labdoc\/es\/wp-json\/wp\/v2\/pages\/103","targetHints":{"allow":["GET"]}}],"collection":[{"href":"http:\/\/multimedia.uoc.edu\/blogs\/labdoc\/es\/wp-json\/wp\/v2\/pages"}],"about":[{"href":"http:\/\/multimedia.uoc.edu\/blogs\/labdoc\/es\/wp-json\/wp\/v2\/types\/page"}],"author":[{"embeddable":true,"href":"http:\/\/multimedia.uoc.edu\/blogs\/labdoc\/es\/wp-json\/wp\/v2\/users\/142"}],"replies":[{"embeddable":true,"href":"http:\/\/multimedia.uoc.edu\/blogs\/labdoc\/es\/wp-json\/wp\/v2\/comments?post=103"}],"version-history":[{"count":8,"href":"http:\/\/multimedia.uoc.edu\/blogs\/labdoc\/es\/wp-json\/wp\/v2\/pages\/103\/revisions"}],"predecessor-version":[{"id":329,"href":"http:\/\/multimedia.uoc.edu\/blogs\/labdoc\/es\/wp-json\/wp\/v2\/pages\/103\/revisions\/329"}],"up":[{"embeddable":true,"href":"http:\/\/multimedia.uoc.edu\/blogs\/labdoc\/es\/wp-json\/wp\/v2\/pages\/16"}],"wp:attachment":[{"href":"http:\/\/multimedia.uoc.edu\/blogs\/labdoc\/es\/wp-json\/wp\/v2\/media?parent=103"}],"wp:term":[{"taxonomy":"post_tag","embeddable":true,"href":"http:\/\/multimedia.uoc.edu\/blogs\/labdoc\/es\/wp-json\/wp\/v2\/tags?post=103"}],"curies":[{"name":"wp","href":"https:\/\/api.w.org\/{rel}","templated":true}]}}