{"id":110,"date":"2017-10-07T08:48:17","date_gmt":"2017-10-07T07:48:17","guid":{"rendered":"http:\/\/multimedia.uoc.edu\/blogs\/labdoc\/?page_id=110"},"modified":"2017-10-11T16:34:08","modified_gmt":"2017-10-11T15:34:08","slug":"drets-dautor-i-us-de-llicencies","status":"publish","type":"page","link":"http:\/\/multimedia.uoc.edu\/blogs\/labdoc\/es\/drets-dautor-i-us-de-llicencies\/","title":{"rendered":"Derechos de autor y uso de licencias"},"content":{"rendered":"<p><\/p>\n<h1>Derechos de autor: uso de licencias<\/h1>\n<p>Hay muchos conceptos alrededor de los derechos de autor : propiedad intelectual, copyright, GNU, dominio p\u00fablico, <em>creative commons<\/em>, si son derechos temporales o permanentes, si son propios o se pueden transferir &#8230;., entre otros temas.<\/p>\n<p>Este cap\u00edtulo del material empezar\u00e1 por los conceptos m\u00e1s gen\u00e9ricos que son Propiedad industrial y Propiedad intelectual e ir\u00e1 bajando hacia termas m\u00e1s espec\u00edficos siguiendo la siguiente figura:<\/p>\n<h3><img loading=\"lazy\" decoding=\"async\" class=\"alignnone size-full wp-image-247\" src=\"http:\/\/multimedia.uoc.edu\/blogs\/labdoc\/files\/2017\/10\/Slide1.png\" alt=\"\" width=\"653\" height=\"470\" \/><\/h3>\n<p>Figura 1. Elaboraci\u00f3n propia<\/p>\n<p>A pesar de la apariencia de uso libre de textos e im\u00e1genes a la red, en realidad las obras s\u00f3lo pueden ser usadas en las condiciones que los autores hayan establecido.<\/p>\n<h2>Propiedad industrial y propiedad intelectual<\/h2>\n<p>Hay dos tipos de derechos sobre la propiedad:<\/p>\n<p>&#8211; derechos sobre la propiedad industrial que incluye las patentes, los dise\u00f1os industriales, marcas y denominaciones de origen. En el estado espa\u00f1ol el organismo que las regula es la Oficina espa\u00f1ola de patentas y marcas, la OEPM <a href=\"https:\/\/www.oepm.es\/ca\/\">https:\/\/www.oepm.es\/ca\/<\/a> .<\/p>\n<p>&#8211; derechos sobre la propiedad intelectual que incluye los derechos de autor y derechos conexos, que incluyen las creaciones de la mente, obras literarias y art\u00edsticas.<\/p>\n<p>En este material trabajaremos la propiedad intelectual<\/p>\n<h3>Derechos de autor<\/h3>\n<p>El autor tiene dos derechos: los derechos morales y los derechos econ\u00f3micos.<\/p>\n<p><strong>Morales<\/strong>: Estos derechos son irrenunciables y nadie se los puede sacar (incluso a sus herederos). Son derechos como el del reconocimiento de que \u00e9l\/ella es el autor y la integridad de la obra. Esto tiene relaci\u00f3n con el cap\u00edtulo anterior de las referencias, donde hemos aprendido que hay que citar y referenciar la autor\u00eda de las ideas, porque moralmente es l\u00edcito, porque forma parte de los derechos de autor y no queremos caer en el plagio.<\/p>\n<p><strong>Econ\u00f3micos<\/strong>: A diferencia de los anteriores que eran inalienables, estos son transferibles, es decir, el autor puede ceder sus derechos por ejemplo a una Fundaci\u00f3n. Sea como fuere, estos derechos conocidos como derechos de explotaci\u00f3n o patrimoniales tienen una duraci\u00f3n limitada en el tiempo: a la legislaci\u00f3n espa\u00f1ola los derechos se mantienen hasta 70 a\u00f1os despu\u00e9s de la muerte (80 a\u00f1os si han muerto antes del 07\/12\/1987), despu\u00e9s la obra pasa a ser de dominio p\u00fablico.<\/p>\n<p>Estos derechos hacen referencia a reproducciones, distribuci\u00f3n, comunicaci\u00f3n p\u00fablica y transformaci\u00f3n de la obra.<\/p>\n<p>Ponemos un ejemplo extra\u00eddo del material UOC sobre propiedad intelectual:<\/p>\n<p><em>\u201cel texto original de Lewis Carroll y las ilustraciones de John Tenniel del libro Alicia al pa\u00eds de las maravillas, publicado el 1865, son al dominio p\u00fablico, pero la adaptaci\u00f3n de este libro original en forma de pel\u00edcula y los dibujos adaptados por Walt Disney del 1951 todav\u00eda restan protegidos por el derecho de autor y el derecho de marcas, y su uso requiere autorizaci\u00f3n.\u201d<\/em><\/p>\n<p>Los derechos econ\u00f3micos (o derechos de explotaci\u00f3n o derechos patrimoniales) pueden ir desde las condiciones m\u00e1s restrictivas (all rights reserved) a las menos restrictivas (no rights reserved)., pasando por t\u00e9rminos medios (some rights reserved).<\/p>\n<table width=\"443\">\n<tbody>\n<tr>\n<td width=\"147\"><strong>M\u00e1s restrictivas<\/strong><\/p>\n<p><strong>(All rights reserved)<\/strong><\/td>\n<td width=\"149\"><strong>Medianamente restrictivas<\/strong><\/p>\n<p><strong>(Some rights reserved)<\/strong><\/td>\n<td width=\"148\"><strong>Sin restricciones<\/strong><\/p>\n<p><strong>(No rights reserved)<\/strong><\/td>\n<\/tr>\n<tr>\n<td width=\"147\">Copyright<\/td>\n<td width=\"149\">Creative commons<\/p>\n<p>GNU<\/td>\n<td width=\"148\">Dominio p\u00fablico<\/td>\n<\/tr>\n<\/tbody>\n<\/table>\n<p><strong>\u00a0<\/strong><\/p>\n<h4>El copyright<\/h4>\n<p>Se representa con el s\u00edmbolo \u00a9 y el nombre del titular del derecho, lugar y a\u00f1o de divulgaci\u00f3n de la obra. Tienen todos los derechos reservados.<\/p>\n<p><img loading=\"lazy\" decoding=\"async\" class=\"alignnone size-full wp-image-200\" src=\"http:\/\/multimedia.uoc.edu\/blogs\/labdoc\/files\/2017\/10\/copyright.png\" alt=\"\" width=\"296\" height=\"294\" \/><\/p>\n<h4>El Creative commons<\/h4>\n<p>Son licencias en unos contratos ya escritos y determinados que se conectan de forma autom\u00e1tica con las obras creadas. El autor puede elegir entre seis modelos diferentes en funci\u00f3n del grado de libertad o restricci\u00f3n que quiera aplicar a las copias, la distribuci\u00f3n, los usos comerciales y las copias derivadas (copias alteradas del original).<\/p>\n<p>La menos restrictiva es la creative Commons BY que autoriza la reproducci\u00f3n, distribuci\u00f3n, transformaci\u00f3n y comunicaci\u00f3n p\u00fablica, para cualquier finalidad y para todas las modalidades de explotaci\u00f3n con car\u00e1cter gratuito y para todo el plazo de protecci\u00f3n.<\/p>\n<p>A partir de la CC BY podemos ir a\u00f1adiendo restricciones, por ejemplo una licencia CC BY NC significa que no permite los usos comerciales de la obra.<\/p>\n<p><img loading=\"lazy\" decoding=\"async\" class=\"alignnone size-full wp-image-199\" src=\"http:\/\/multimedia.uoc.edu\/blogs\/labdoc\/files\/2017\/10\/licenses.png\" alt=\"\" width=\"425\" height=\"277\" \/><\/p>\n<p>Ejemplo:<\/p>\n<p>si encontramos esta imagen en Flickr nos fijaremos en sus derechos de autor y veremos que es CC BY SA , lo cual quiere decir que permite usos comerciales y que se pueden hacer copias derivadas. Pero recordamos que siempre tenemos que mantener los derechos de autor (autor\u00eda e integridad).<\/p>\n<p><img loading=\"lazy\" decoding=\"async\" class=\"alignnone size-full wp-image-185\" src=\"http:\/\/multimedia.uoc.edu\/blogs\/labdoc\/files\/2017\/10\/The-memories-we-both1.jpg\" alt=\"\" width=\"500\" height=\"335\" \/><\/p>\n<p>Foto Prewedding \u2013 the memories we both. Imagen en <a href=\"https:\/\/www.flickr.com\/photos\/31272605@N06\/6160969981\/in\/photolist-aoqzJn-9cMTyM-88t3us-dwy3Jd-dwsxaa-dwy3Ay-dwy9sW-88pNC6-dMX2km-dLm8ge-dLm8de-cFeTU9-cFeQWf-cFeU9A-cFeQwj-c3N8vj-c3Nu3S-cQ8zGj-cQ8zJo-cQ8zyS-cQ8zRo-bgX1FK-8FXbwa-bgWZ3K-7Ds3Uy-bneZf9-beXfcc-\">Flickr<\/a> de Fajri Photography Licencia Creative Commons CC BY-SANO 2.0<\/p>\n<p><strong>Sugerencia:<\/strong><\/p>\n<p>Si quer\u00e9is trabajar con im\u00e1genes de la red buscad informaci\u00f3n sobre los derechos de explotaci\u00f3n de la imagen o buscad im\u00e1genes directamente sin derechos. A Google Images por ejemplo ten\u00e9is que buscar el tema que quereis y entonces hacer clic en el icono Herramientas.<\/p>\n<p><img loading=\"lazy\" decoding=\"async\" class=\"alignnone size-full wp-image-198\" src=\"http:\/\/multimedia.uoc.edu\/blogs\/labdoc\/files\/2017\/10\/google-image-eines.png\" alt=\"\" width=\"365\" height=\"228\" \/><\/p>\n<p>Se desplegar\u00e1 un submen\u00fa muy interesante, donde hay la opci\u00f3n Derechos de utilizaci\u00f3n.<\/p>\n<p><img loading=\"lazy\" decoding=\"async\" class=\"alignnone wp-image-202\" src=\"http:\/\/multimedia.uoc.edu\/blogs\/labdoc\/files\/2017\/10\/google-images.png\" alt=\"\" width=\"368\" height=\"236\" \/><\/p>\n<h4>Las licencias GNU<\/h4>\n<p>Las licencias GNU son licencias de software libre con las que los autores autorizan la ejecuci\u00f3n de sus softwares de forma libre.<\/p>\n<p>Hay varias licencias GNU, entre las cuales destacan la GNU General Public License (GPL o GPL ordinaria) y la GNU Lesser General Public License (LGPL o GPL reducida).<\/p>\n<p>M\u00e1s informaci\u00f3n: <a href=\"https:\/\/www.gnu.org\/software\/software.html\">https:\/\/www.gnu.org\/software\/software.html<\/a><\/p>\n<h4>Dominio p\u00fablico<\/h4>\n<p>Cuando vence el plazo de 70 o 80 a\u00f1os seg\u00fan la fecha de defunci\u00f3n del autor, la obra pasa a dominio p\u00fablico lo cual quiere decir que puede ser explotada libremente pero contin\u00faa conservando los derechos de autor (autor\u00eda e integridad de la obra).<\/p>\n<h3>Derechos conexos<\/h3>\n<p>Los derechos conexos son los derechos relativos a proteger los intereses jur\u00eddicos de determinadas personas que contribuyen a poner las obras a disposici\u00f3n del p\u00fablico. Ejemplos de estos derechos ser\u00edan los que tienen los cantantes al interpretar una canci\u00f3n y, tambi\u00e9n, los de un actor cuando interpreta un gui\u00f3n.<\/p>\n<p>Bibliograf\u00eda:<\/p>\n<p>UOC (2017). Material sobre la propiedad intelectual. Disponible a http:\/\/biblioteca.uoc.edu\/ca\/materials\/la-propietat-intel%C2%B7lectual <a href=\"http:\/\/biblioteca.uoc.edu\/ca\/materials\/la-propietat-intel%C2%B7lectual\">http:\/\/biblioteca.uoc.edu\/ca\/materials\/la-propietat-intel%C2%B7lectual<\/a>. Consulta 27\/09\/2017<\/p>","protected":false},"excerpt":{"rendered":"<p>Derechos de autor: uso de licencias Hay muchos conceptos alrededor de los derechos de autor : propiedad intelectual, copyright, GNU, dominio p\u00fablico, creative commons, si son derechos temporales o permanentes, si son propios o se pueden transferir &#8230;., entre otros temas. Este cap\u00edtulo del material empezar\u00e1 por los conceptos m\u00e1s gen\u00e9ricos que son Propiedad industrial &hellip; <\/p>\n<p class=\"link-more\"><a href=\"http:\/\/multimedia.uoc.edu\/blogs\/labdoc\/es\/drets-dautor-i-us-de-llicencies\/\" class=\"more-link\">Seguir leyendo<span class=\"screen-reader-text\"> \u00abDerechos de autor y uso de licencias\u00bb<\/span><\/a><\/p>\n","protected":false},"author":142,"featured_media":0,"parent":0,"menu_order":0,"comment_status":"closed","ping_status":"closed","template":"plantilla-pagina.php","meta":{"footnotes":""},"tags":[],"class_list":["post-110","page","type-page","status-publish","hentry","entry"],"_links":{"self":[{"href":"http:\/\/multimedia.uoc.edu\/blogs\/labdoc\/es\/wp-json\/wp\/v2\/pages\/110","targetHints":{"allow":["GET"]}}],"collection":[{"href":"http:\/\/multimedia.uoc.edu\/blogs\/labdoc\/es\/wp-json\/wp\/v2\/pages"}],"about":[{"href":"http:\/\/multimedia.uoc.edu\/blogs\/labdoc\/es\/wp-json\/wp\/v2\/types\/page"}],"author":[{"embeddable":true,"href":"http:\/\/multimedia.uoc.edu\/blogs\/labdoc\/es\/wp-json\/wp\/v2\/users\/142"}],"replies":[{"embeddable":true,"href":"http:\/\/multimedia.uoc.edu\/blogs\/labdoc\/es\/wp-json\/wp\/v2\/comments?post=110"}],"version-history":[{"count":7,"href":"http:\/\/multimedia.uoc.edu\/blogs\/labdoc\/es\/wp-json\/wp\/v2\/pages\/110\/revisions"}],"predecessor-version":[{"id":269,"href":"http:\/\/multimedia.uoc.edu\/blogs\/labdoc\/es\/wp-json\/wp\/v2\/pages\/110\/revisions\/269"}],"wp:attachment":[{"href":"http:\/\/multimedia.uoc.edu\/blogs\/labdoc\/es\/wp-json\/wp\/v2\/media?parent=110"}],"wp:term":[{"taxonomy":"post_tag","embeddable":true,"href":"http:\/\/multimedia.uoc.edu\/blogs\/labdoc\/es\/wp-json\/wp\/v2\/tags?post=110"}],"curies":[{"name":"wp","href":"https:\/\/api.w.org\/{rel}","templated":true}]}}