{"id":94,"date":"2017-10-07T08:42:12","date_gmt":"2017-10-07T07:42:12","guid":{"rendered":"http:\/\/multimedia.uoc.edu\/blogs\/labdoc\/?page_id=94"},"modified":"2017-10-24T18:31:06","modified_gmt":"2017-10-24T17:31:06","slug":"com-escanejar","status":"publish","type":"page","link":"http:\/\/multimedia.uoc.edu\/blogs\/labdoc\/es\/com-escanejar\/","title":{"rendered":"Como escanear los materiales"},"content":{"rendered":"<p><\/p>\n<h1>Objetivos<\/h1>\n<p>El esc\u00e1ner es el dispositivo que utilizaremos para digitalizar cualquier material f\u00edsico que hayamos utilizado para documentar nuestro proyecto, como por ejemplo el original f\u00edsico que hayamos reproducido o los diferentes esbozos manuales que hayamos hecho.<\/p>\n<p>En este apartado veremos los aspectos que hemos de tener en cuenta para llevar a cabo un correcto proceso de escaneo:<\/p>\n<ol>\n<li>Los <strong>par\u00e1metros de los esc\u00e1neres: frecuencia de muestreo, <\/strong> profundidad de color, ajustes de salida,<\/li>\n<li>Los<strong> formatos<\/strong> de archivo,<\/li>\n<li>El <strong>proceso<\/strong> de escanear.<\/li>\n<\/ol>\n<h1>Par\u00e1metros de los esc\u00e1neres<\/h1>\n<p>Para escanear existen en el mercado actual esc\u00e1neres dom\u00e9sticos que nos ofrecen una buena calidad para la obtenci\u00f3n de im\u00e1genes. Vamos a ver qu\u00e9 <strong>par\u00e1metros del esc\u00e1ner<\/strong> hemos de tener en cuenta para obtener una imagen escaneada de buena calidad:<\/p>\n<ul>\n<li>Frecuencia de muestreo o resoluci\u00f3n \u00f3ptica.<\/li>\n<li>Profundidad de color.<\/li>\n<li>Ajustes de salida.<\/li>\n<\/ul>\n<h2><strong>Frecuencia de muestreo <\/strong><\/h2>\n<p>La <strong>frecuencia de muestreo o resoluci\u00f3n \u00f3ptica <\/strong>es el n\u00famero de p\u00edxeles por pulgada con los que puede captarse la imagen en su medida real. Un pixel es la menor unidad homog\u00e9nea en color que forma parte de una imagen digital.<\/p>\n<p>La frecuencia de muestreo de un esc\u00e1ner se puede traducir como la resoluci\u00f3n de la captaci\u00f3n de la imagen escaneada. Dicho de otro modo, es el n\u00famero de puntos individuales de la imagen que es capaz de captar el sensor del esc\u00e1ner. Esta es la resoluci\u00f3n indicada en las especificaciones t\u00e9cnicas del esc\u00e1ner y que define las caracter\u00edsticas f\u00edsicas del dispositivo. Se expresa con dos medidas, el n\u00famero de puntos horizontales y el n\u00famero de puntos verticales en una pulgada.<\/p>\n<p>El n\u00famero de puntos por pulgada se indica con d.p.i (del ingl\u00e9s <em>dotes por inch<\/em>).<\/p>\n<p>Por ejemplo, un esc\u00e1ner con una resoluci\u00f3n de 400 x 600 dpi es capaz de captar 400 puntos en una l\u00ednea horizontal, y 600 puntos en una l\u00ednea vertical de una pulgada.<\/p>\n<p>Actualmente hay esc\u00e1neres que llegan a tener una resoluci\u00f3n m\u00e1xima de 6.400 dpi.<\/p>\n<h2><strong>Profundidad de color<\/strong><\/h2>\n<p>Una imagen digital en color est\u00e1 constituida por tres canales independientes, cada uno de los cuales tiene la informaci\u00f3n de uno de los tres colores primarios RGB: <em>Red<\/em> (Rojo), <em>Green\u00a0<\/em>(Verde) y Blue (Azul). La superposici\u00f3n de los tres canales crea la imagen resultante, en el modo de color RGB.<\/p>\n<p>Habitualmente los archivos escaneados en color RGB se editan en modo de 24 bits, o sea, 8 bits por cada canal RGB. La profundidad de bits es el n\u00famero de colores de cada p\u00edxel de la imagen. Si la profundidad de colores es de 24 bits y la imagen est\u00e1 en modo RGB, quiere decir que cada canal tiene una profundidad de 8 bits. Con la profundidad de color de 8 bits, un canal puede tener 256 colores potenciales. En total, la imagen tiene 24 bits, porque es la multiplicaci\u00f3n de la profundidad de los tres canales: 8*8*8= 24 bits. De este modo el n\u00famero de colores es muy grande: la imagen podr\u00e1 tener m\u00e1s de 16 millones de colores posibles.<\/p>\n<p>Es importante ser consciente que el peso del archivo obtenido variar\u00e1 seg\u00fan la resoluci\u00f3n y la profundidad de color que elegimos.<\/p>\n<p>Con esta profundidad de color tenemos una buena calidad para manipular despu\u00e9s la imagen con el software Adobe Photoshop. Los esc\u00e1neres pueden crear im\u00e1genes adem\u00e1s profundidad de color, como 48 bits, o raw , es decir, sin ajustes, para convertirlas m\u00e1s tarde a 24 bits.<\/p>\n<table width=\"397\">\n<tbody>\n<tr>\n<td width=\"120\"><strong>Profundidad de color<\/strong><\/td>\n<td width=\"277\"><strong>Caracter\u00edsticas de la imagen<\/strong><\/td>\n<\/tr>\n<tr>\n<td width=\"120\">Color 48 bits<\/td>\n<td width=\"277\">Obtenemos una fotograf\u00eda en color que despu\u00e9s se podr\u00e1 modificar en un programa de edici\u00f3n de im\u00e1genes que trabaje con 48 bits<\/p>\n<p>El peso del archivo ser\u00e1 mucho m\u00e1s grande que si utilizamos color 24 bits.<\/td>\n<\/tr>\n<tr>\n<td width=\"120\">Color 24 bits<\/p>\n<p>&nbsp;<\/td>\n<td width=\"277\">Fotograf\u00eda a color, o gr\u00e1ficos, diagramas o dibujos originales a color<\/td>\n<\/tr>\n<tr>\n<td width=\"120\">Grises 16 bits<\/td>\n<td width=\"277\">Fotograf\u00edas en blanco y negro con muchas sombras de gris. El peso del archivo ser\u00e1 m\u00e1s grande que si utilizamos la profundidad de color de grises 8 bits.<\/td>\n<\/tr>\n<tr>\n<td width=\"120\">Grises 8 bits<\/td>\n<td width=\"277\">Fotograf\u00edas en blanco y negro con algunas sombras de gris, dibujos de l\u00ednea que tengan algunas sombras de gris<\/td>\n<\/tr>\n<\/tbody>\n<\/table>\n<h2><strong>Ajustes de salida<\/strong><\/h2>\n<p>Los esc\u00e1neres siempre se tienen que usar con el software que el fabricante entrega al comprarlos. En este software se tienen que especificar los ajustes de salida: la medida de salida y la resoluci\u00f3n de salida del archivo escaneado.<\/p>\n<p>La resoluci\u00f3n<strong> de salida<\/strong> se refiere a la resoluci\u00f3n del archivo final. Cuidado, no se tiene que confundir con la frecuencia de muestreo o resoluci\u00f3n \u00f3ptica.<\/p>\n<p>La resoluci\u00f3n de escaneado vendr\u00e1 determinada por:<\/p>\n<ul>\n<li>El destino o apoyo final de la imagen.<\/li>\n<li>El peso requerido.<\/li>\n<li>El tipo de original.<\/li>\n<\/ul>\n<h3>Destino o apoyo final y peso requerido<\/h3>\n<p>Seg\u00fan el destino o el uso que le daremos a la imagen determinaremos la resoluci\u00f3n del archivo final.<\/p>\n<p>La resoluci\u00f3n de un archivo digitalizado es el n\u00famero de p\u00edxeles por pulgada que tiene la imagen. Se indica en ppp (p\u00edxeles por pulgada).<\/p>\n<p>Habitualmente en imagen digital se trabaja con tres resoluciones:<\/p>\n<ul>\n<li><strong>300 ppp:<\/strong> alta resoluci\u00f3n destinada a impresi\u00f3n y laboratorios digitales.<\/li>\n<li><strong>150 ppp:<\/strong> resoluci\u00f3n mediana, por impresi\u00f3n en impresora dom\u00e9stica.<\/li>\n<li><strong>72 ppp &#8211; 96 ppp<\/strong>: baja resoluci\u00f3n, por pantalla de ordenador.<\/li>\n<\/ul>\n<p>Vamos a ver estas tres resoluciones con m\u00e1s detalle.<\/p>\n<h4><strong>Resoluci\u00f3n de 300 ppp: impresi\u00f3n e im\u00e1genes de alta calidad. <\/strong><\/h4>\n<p>Esta es la resoluci\u00f3n por im\u00e1genes de alta calidad, y que se imprimir\u00e1n en una imprenta o en un laboratorio fotogr\u00e1fico.<\/p>\n<p>En caso de dirigir la imagen escaneada a la impresi\u00f3n anal\u00f3gica, convendr\u00eda calcular la resoluci\u00f3n en funci\u00f3n de un valor propio de la impresi\u00f3n industrial c\u00f3mo es la lineatura de impresi\u00f3n.<\/p>\n<h4><strong>Resoluci\u00f3n de 150 ppp: im\u00e1genes destinadas a impresi\u00f3n de calidad mediana o dom\u00e9stica. <\/strong><\/h4>\n<p>Es una calidad mediana que en realidad no usaremos mucho, habitualmente trabajaremos en alta o baja calidad (impresi\u00f3n o web)<\/p>\n<h4><strong>Resoluci\u00f3n de 72 ppp a 96 ppp: im\u00e1genes destinadas a pantalla o aplicaciones web. <\/strong><\/h4>\n<p>La resoluci\u00f3n baja se hace coincidir con la resoluci\u00f3n propia nativa de las pantallas de ordenador, que es de 72 ppp o 96 ppp en caso de Mac.<\/p>\n<p>Las im\u00e1genes con la resoluci\u00f3n de 72 ppp se ver\u00e1n a escala real (100%) en un monitor de 72 ppp.<\/p>\n<table width=\"396\">\n<tbody>\n<tr>\n<td width=\"173\"><strong>Destino y tipo de imagen<\/strong><\/td>\n<td width=\"224\"><strong>Resoluci\u00f3n<\/strong><\/td>\n<\/tr>\n<tr>\n<td width=\"173\">impresi\u00f3n de alta calidad, laboratorio fotogr\u00e1fico<\/td>\n<td width=\"224\">alta resoluci\u00f3n &#8211; 300 ppp<\/td>\n<\/tr>\n<tr>\n<td width=\"173\">impresi\u00f3n en impresora dom\u00e9stica<\/td>\n<td width=\"224\">resoluci\u00f3n media &#8211; 150 ppp<\/td>\n<\/tr>\n<tr>\n<td width=\"173\">pantalla de ordenador<\/td>\n<td width=\"224\">baja resoluci\u00f3n &#8211; 72 ppp a 96 ppp<\/td>\n<\/tr>\n<tr>\n<td width=\"173\">dibujo de l\u00ednea con poca modulaci\u00f3n tonal (pocos grises)<\/td>\n<td width=\"224\">1200 ppp<\/td>\n<\/tr>\n<\/tbody>\n<\/table>\n<p>&nbsp;<\/p>\n<h3>Tipo de original<\/h3>\n<p>Por otro lado, tambi\u00e9n hemos de tener en cuenta el <strong>tipo de original<\/strong> que estamos digitalizando. Seg\u00fan el tipo de original elegiremos algunos ajustes espec\u00edficos del esc\u00e1ner.<\/p>\n<ul>\n<li>\n<h4><strong>Im\u00e1genes de l\u00ednea en blanco y negro <\/strong><\/h4>\n<\/li>\n<\/ul>\n<p><strong>\u00a0<\/strong>Si queremos escanear originales que son dibujos de l\u00ednea con muy pocos grises, (dibujos a l\u00e1pices o a tinta, o textos) seleccionaremos una resoluci\u00f3n de salida mucho m\u00e1s elevada: 1200 ppp.<\/p>\n<p>La profundidad de color que elegiremos ser\u00e1 de escala de grises de 8 bits.<\/p>\n<ul>\n<li>\n<h4><strong>Escaneados de im\u00e1genes tramadas<\/strong><\/h4>\n<\/li>\n<\/ul>\n<p>Destacamos especialmente el recurso de <strong>destramado<\/strong>\u00a0en el esc\u00e1ner, porque es recomendable su activaci\u00f3n y configuraci\u00f3n para escanear impresos tramados. Las im\u00e1genes procedentes de una publicaci\u00f3n impresa (libros, revistas, diarios) est\u00e1n formadas por una textura de puntos ordenada llamada trama. La trama es consecuencia del sistema de impresi\u00f3n utilizado en la imprenta. Al escanear un original tramado, en la imagen digitalizada se apreciar\u00e1 la textura de la trama de puntos.<\/p>\n<p>El destramado disimula esta textura. Si no activamos esta funci\u00f3n, el documento digitalizado mostrar\u00e1 de forma m\u00e1s o menos apreciable el correspondiente patr\u00f3n de puntos impresos del original. En consecuencia, habr\u00e1 que seleccionar el destramado para escanear productos producidos (especialmente) en impresi\u00f3n anal\u00f3gica, como por ejemplo, en offset. El destramado consigue eliminar o reducir la visualizaci\u00f3n de la trama del impreso aplicando un desenfoque. No es por lo tanto un tratamiento inocuo sobre la imagen a escanear. A\u00fan as\u00ed este desenfoque es regulable. As\u00ed pues, seleccionaremos el grado de destramado en funci\u00f3n de la naturaleza del original a escanear.<\/p>\n<ul>\n<li>\n<h4><strong>Cambiar la medida de un original: el escalado<\/strong><\/h4>\n<\/li>\n<\/ul>\n<p>Se entiende por <strong>escalado<\/strong> el proceso de aumentar o reducir la medida de una imagen, de forma que mantenga la proporci\u00f3n del original.<\/p>\n<p>En un esc\u00e1ner podemos escanear con un factor de escala de aumento, por ejemplo del doble de la medida original, o sea con una escala de 200%. Pero en este caso el dispositivo interpolar\u00e1 la informaci\u00f3n obtenida, y el resultado ser\u00e1 una imagen borrosa.<\/p>\n<p>La interpolaci\u00f3n se producir\u00e1 siempre que se modifica la medida de la imagen, tanto si aumentamos como si reducimos.<\/p>\n<p>Para evitar este resultado, podemos aumentar la resoluci\u00f3n de escaneado y conservar la calidad despu\u00e9s de la ampliaci\u00f3n. Se tiene que aumentar la resoluci\u00f3n en la misma cantidad en que aumentamos la medida de la imagen. Por ejemplo, si la resoluci\u00f3n es de 300 ppp y se quiere aumentar la imagen al 200%,(el doble) la resoluci\u00f3n tambi\u00e9n se tiene que aumentar al doble (600 ppp).<\/p>\n<ul>\n<li>\n<h4><strong>Otros tipos de originales<\/strong><\/h4>\n<\/li>\n<\/ul>\n<p>Hasta ahora estamos hablando de escanear obras hechas por nosotros sobre papel, fotograf\u00edas, material impreso. Todos tienen en com\u00fan que el apoyo es opaco y no deja pasar la luz. Pero tambi\u00e9n podemos escanear originales con apoyo transl\u00facidos c\u00f3mo son los negativos fotogr\u00e1ficos y las diapositivas. En este caso usaremos una configuraci\u00f3n espec\u00edfica por apoyos transl\u00facidos, se explica m\u00e1s abajo.<\/p>\n<p>Tambi\u00e9n podemos experimentar, y escanear cualquier tipo de objeto o material (una tela, un papeles con textura, hojas, etc.)<\/p>\n<h2>\u00a0<em>Formatos de archivo<\/em><\/h2>\n<p>En el proceso de escanear podemos obtener im\u00e1genes en diferentes formatos de archivo. Existen un gran n\u00famero de formatos de imagen, veremos los que tienen un uso m\u00e1s habitual.<strong>\u00a0<\/strong><\/p>\n<table width=\"432\">\n<tbody>\n<tr>\n<td width=\"160\"><strong>Formato y extensi\u00f3n del archivo<\/strong><\/td>\n<td width=\"272\"><strong>Explicaci\u00f3n<\/strong><\/p>\n<p>&nbsp;<\/td>\n<\/tr>\n<tr>\n<td width=\"160\">BITMAP o mapa de bits<\/p>\n<p>BMP<\/td>\n<td width=\"272\">Es un formato de archivo por im\u00e1genes en blanco y negro, con profundidad de color de 1 bit.<\/td>\n<\/tr>\n<tr>\n<td width=\"160\">JPEG (JPG)<\/td>\n<td width=\"272\">Es un formato de compresi\u00f3n que permite elegir un nivel de compresi\u00f3n, de m\u00e1s o menos calidad. A mayor compresi\u00f3n, tendremos menor calidad y menos peso. Los datos que se han perdido o eliminado con el proceso de compresi\u00f3n no se pueden recuperar. La imagen pierde calidad cuando se modifica y se guarda en formato JPEG. Cada vez que se guarda, se pierde informaci\u00f3n y la imagen sufre un proceso de degradaci\u00f3n. Sirve por lo tanto para im\u00e1genes finales que se mostrar\u00e1n en pantalla, pero no para el proceso de trabajo o manipulaci\u00f3n.<\/td>\n<\/tr>\n<tr>\n<td width=\"160\">PNG<\/td>\n<td width=\"272\">Es un formato de compresi\u00f3n que puede tener zonas transparentes en el caso de PNG de 24 bits. Aplica una compresi\u00f3n sin p\u00e9rdida, y es interesante sobretodo por Web.<\/td>\n<\/tr>\n<tr>\n<td width=\"160\">TIFF(*.TIF)<\/td>\n<td width=\"272\">Es un formato de archivo que sirve para intercambiar datos entre programas y sistemas operativos, apropiado para el mundo de gr\u00e1ficos y edici\u00f3n. Es un formato que se ha usado tradicionalmente para sistemas de impresi\u00f3n.<\/td>\n<\/tr>\n<\/tbody>\n<\/table>\n<p>En resumen:<\/p>\n<ul>\n<li>Usaremos JPG para <strong>compartir o mostrar las im\u00e1genes por Web<\/strong>, y siempre y cuando no queramos editarlas. Hemos de tener en cuenta que la informaci\u00f3n del archivo<strong> se comprime<\/strong> y cada vez que lo exportamos en este formato<strong> hay p\u00e9rdida de datos<\/strong>, y por lo tanto la imagen se degrada.<\/li>\n<li>Usaremos PNG para <strong>compartir o mostrar las im\u00e1genes en Web<\/strong>, y siempre y cuando no queramos editarlas. Hemos de tener en cuenta que este formato comprime los datos pero <strong>no hay ninguna p\u00e9rdida de informaci\u00f3n<\/strong>, por lo tanto imagen no se degrada.<\/li>\n<li>Usaremos TIFF <strong>si queremos editar las im\u00e1genes<\/strong> con un <em>software<\/em> de tratamiento digital, o bien <strong>si queremos imprimirlas<\/strong> en una imprenta.<\/li>\n<\/ul>\n<h1><strong><em>El proceso de escanear<\/em><\/strong><\/h1>\n<p>En este apartado veremos paso a paso <strong>el proceso de escanear<\/strong>, partiendo de un ejemplo<strong>.<\/strong> Hemos elegido un esc\u00e1ner EPSON V700 como ejemplo. Veremos como se tiene que utilizar el software proporcionado con la compra del esc\u00e1ner, que es similar a todos los softwares TWAIN.<\/p>\n<p>TWAIN es un tipo de software destinado a la obtenci\u00f3n de im\u00e1genes con esc\u00e1neres, que hace posible su comunicaci\u00f3n con el ordenador.<\/p>\n<p>Veamos a continuaci\u00f3n los pasos:<\/p>\n<ol>\n<li>Abrimos la cubierta del esc\u00e1ner. Si hace falta, limpiamos el vidrio de la superficie de exploraci\u00f3n.<\/li>\n<li>Situamos contra la pantalla de vidrio el documento que queremos escanear, por lo tanto habr\u00e1 que situarlo con la cara a digitalizar cabeza abajo.<\/li>\n<li>Bajamos la cubierta del esc\u00e1ner con cuidado de no mover el documento. Resulta fundamental encuadrar el documento a digitalizar contra el v\u00e9rtice del \u00e1rea de exploraci\u00f3n para asegurarnos que el original est\u00e1 correctamente alineado.<\/li>\n<li>Una vez tenemos colocado correctamente el original y bajada la cubierta del esc\u00e1ner, abriremos el software instalado previamente. Encontraremos el icono para abrir el software en el escritorio del ordenador. Este software, denominado TWAIN, nos permitir\u00e1 realizar todo el proceso de digitalizaci\u00f3n.<\/li>\n<\/ol>\n<p><img loading=\"lazy\" decoding=\"async\" class=\"size-full wp-image-76 aligncenter\" src=\"http:\/\/multimedia.uoc.edu\/blogs\/labdoc\/files\/2017\/10\/c47400010u.gif\" alt=\"\" width=\"398\" height=\"137\" \/><\/p>\n<p>El software nos pide en primer lugar qu\u00e9 modo queremos usar:<\/p>\n<ul>\n<li>Full Auto Mode (Modo autom\u00e1tico)<\/li>\n<li>Home Mode (Modo f\u00e1cil)<\/li>\n<li>Office Mode (Modo de oficina)<\/li>\n<li>Professional Mode (Modo profesional)<\/li>\n<\/ul>\n<p>Seg\u00fan el modo que elijamos, veremos una ventana con opciones un poco diferentes. A continuaci\u00f3n vemos las cuatro opciones que el programa nos ofrece.<\/p>\n<h2><strong>Full Auto Mode (Modo autom\u00e1tico)<\/strong><\/h2>\n<p>Permite escanear de forma r\u00e1pida. No tenemos que seleccionar ajustes ni previsualizar la imagen. S\u00f3lo deberemos presionar el bot\u00f3n \u201cScan\u201d y el proceso se realizar\u00e1 autom\u00e1ticamente. \u00danicamente nos pedir\u00e1 configurar dos valores:<\/p>\n<p><img loading=\"lazy\" decoding=\"async\" class=\"size-full wp-image-79 aligncenter\" src=\"http:\/\/multimedia.uoc.edu\/blogs\/labdoc\/files\/2017\/10\/ca1220003u.gif\" alt=\"\" width=\"399\" height=\"514\" \/><\/p>\n<ol>\n<li>Nombre de archivo: se tiene que indicar en <em>File Name<\/em><\/li>\n<li>Tipo de archivo: se debe elegir el formato de imagen<\/li>\n<\/ol>\n<p><img loading=\"lazy\" decoding=\"async\" class=\"size-full wp-image-77 aligncenter\" src=\"http:\/\/multimedia.uoc.edu\/blogs\/labdoc\/files\/2017\/10\/c47400023u.gif\" alt=\"\" width=\"401\" height=\"482\" \/><\/p>\n<p>En \u00abtipo de archivo\u00bb podemos elegir entre las siguientes opciones (ya hemos hablado anteriormente de los formatos de archivos m\u00e1s habituales y adecuados en cada situaci\u00f3n):<\/p>\n<ul>\n<li>BITMAP (*.bmp) (s\u00f3lo en Windows): formato de archivo est\u00e1ndar de Windows, permite almacenar im\u00e1genes en blanco y negro sin gradaciones.<\/li>\n<li>JPEG (*.jpg): hemos visto anteriormente que este formato es un formato que comprime los datos y tiene p\u00e9rdida progresiva de calidad, y que este proceso es irreversible, por lo tanto s\u00f3lo lo usaremos si son im\u00e1genes por Web o para compartir y mostrar, pero siempre que no queramos editarlas en ning\u00fan programa de tratamiento digital.<\/li>\n<li>Multe-TIFF (*.tiff): formato que permite recoger varias im\u00e1genes en formato TIFF a modo de p\u00e1ginas dentro del fichero. Se debe tener un programa compatible para abrirlos, por lo tanto no es el formato que usaremos.<\/li>\n<li>PDF (*.pdf): adecuado si queremos imprimir o si queremos enviar el documento y asegurarnos que hay mucha compatibilidad y cualquiera podr\u00e1 abrir el archivo.<\/li>\n<li>PICT (*.pct) (s\u00f3lo en Macintosh): espec\u00edfico de Mac, no es muy habitual su uso.<\/li>\n<li>TIFF (*.tif) c\u00f3mo hemos visto anteriormente, es el formato adecuado si queremos editar posteriormente la imagen en un programa de tratamiento de imagen digital, como por ejemplo Adobe Photoshop. Tambi\u00e9n si queremos imprimir la imagen en un sistema de impresi\u00f3n.<\/li>\n<\/ul>\n<p>Cuando ya hemos seleccionado el nombre y el tipo de archivo, empezamos a escanear el documento.<\/p>\n<h2><strong>Modo oficina: configura resoluci\u00f3n<\/strong><\/h2>\n<p>La opci\u00f3n directa \u201cScan\u201d no es suficiente, puesto que hay que configurar todav\u00eda un valor decisivo c\u00f3mo es la resoluci\u00f3n. La opci\u00f3n Office Mode nos permite definir m\u00e1s ajustes de salida, adem\u00e1s del formato de archivo de la imagen:<\/p>\n<p><img loading=\"lazy\" decoding=\"async\" class=\"size-full wp-image-81 aligncenter\" src=\"http:\/\/multimedia.uoc.edu\/blogs\/labdoc\/files\/2017\/10\/ca1220009u.gif\" alt=\"\" width=\"399\" height=\"570\" \/><\/p>\n<p>Los par\u00e1metros que nos muestra la ventana del modo <em>Office Mode <\/em>son los siguientes:<\/p>\n<p><strong><em>Image type<\/em><\/strong>: elegimos si la imagen tiene que ser en color, escalera de grises, o s\u00f3lo blanco y negro.<\/p>\n<p><strong><em>Size orientation<\/em><\/strong>: orientaci\u00f3n del documento final. Puede ser horizontal o vertical.<\/p>\n<p><strong>Resolution<\/strong>: en este apartado especificaremos la resoluci\u00f3n seg\u00fan el destino del documento: 300 dpi, 150 dpi o 72 dpi.<\/p>\n<p>Si queremos aplicar destramado por qu\u00e9 el original es una imagen tramada, activaremos la opci\u00f3n <strong><em>Descreening.<\/em><\/strong><\/p>\n<p>La opci\u00f3n <strong><em>Unsharp mask<\/em><\/strong> la activaremos si deseamos que el esc\u00e1ner aplique a la imagen un filtro de desenfoque.<\/p>\n<p>Finalmente pulsamos el bot\u00f3n <strong>Scan<\/strong> para iniciar la digitalizaci\u00f3n.<\/p>\n<h2><strong>Home Mode: elegir ajustes de manera dirigida<\/strong><\/h2>\n<p>Esta opci\u00f3n permite configurar los ajustes de salida y elegir el tipo de original, pero de una manera m\u00e1s sencilla y dirigida que la opci\u00f3n Office mode.<\/p>\n<p><img loading=\"lazy\" decoding=\"async\" class=\"size-full wp-image-82 aligncenter\" src=\"http:\/\/multimedia.uoc.edu\/blogs\/labdoc\/files\/2017\/10\/ca1220019u.gif\" alt=\"\" width=\"399\" height=\"574\" \/><\/p>\n<p>Encontramos las siguientes opciones:<\/p>\n<p><strong><em>Document type<\/em><\/strong>: se puede elegir por tipo de original.<\/p>\n<p><strong><em>Image type<\/em><\/strong>: seleccionamos si queremos un fichero a color, escalera de grises o blanco y negro<\/p>\n<p><strong><em>Destination<\/em><\/strong>: elegimos el destino del fichero (pantalla o web, impresora, otras), y la resoluci\u00f3n se ajustar\u00e1 autom\u00e1ticamente.<\/p>\n<p><strong><em>Imagen adjustments<\/em><\/strong>: dentro de este apartado encontramos la opci\u00f3n <strong><em>Descreening<\/em><\/strong> para destramar la imagen tramada.<\/p>\n<h2><strong>Profesional mode<\/strong><\/h2>\n<p>La opci\u00f3n profesional nos ofrece m\u00e1s par\u00e1metros para refinar la configuraci\u00f3n del proceso de escanear. Es recomendable el modo profesional porque con \u00e9l podemos controlar todos los par\u00e1metros del esc\u00e1ner.<\/p>\n<p><strong>\u00a0<img loading=\"lazy\" decoding=\"async\" class=\"size-full wp-image-80 aligncenter\" src=\"http:\/\/multimedia.uoc.edu\/blogs\/labdoc\/files\/2017\/10\/ca1220007u.gif\" alt=\"\" width=\"401\" height=\"777\" \/><\/strong><\/p>\n<p>En el modo profesional podemos configurar los siguientes par\u00e1metros:<\/p>\n<p><strong>Documento Type<\/strong>: seleccionaremos <strong>Reflective <\/strong>para el escaneado de im\u00e1genes en apoyos opacos. Tambi\u00e9n existe la opci\u00f3n <strong>Film <\/strong>para el escaneado de negativos fotogr\u00e1ficos o diapositivas. En nuestro caso es muy probable que s\u00f3lo usemos la opci\u00f3n <em>Reflective.<\/em><\/p>\n<p><strong>Auto Exposure Type: <\/strong>si hemos elegido antes la opci\u00f3n <em>Reflective<\/em>, elegiremos entre: <em>Photo<\/em> para fotograf\u00edas o <em>Document <\/em>para los otros tipos de documentos. Siempre que sean im\u00e1genes elegiremos la opci\u00f3n <em>Photo<\/em>. Si son documentos de texto, elegimos la opci\u00f3n <em>Document<\/em>.<\/p>\n<p><strong>Image Type<\/strong>: es el ajuste donde indicamos la profundidad de la imagen, que elegiremos seg\u00fan sea el tipo de imagen que queremos obtener. C\u00f3mo ya se ha explicado en el apartado de profundiad de color, elegimos 24-bit Color para fotograf\u00edas e im\u00e1genes a color, 16 bits para im\u00e1genes en escala de grises, 1 bit para im\u00e1genes de l\u00ednea.<\/p>\n<p><strong>Resolution: <\/strong>indicamos la resoluci\u00f3n.<\/p>\n<p><strong>Document size<\/strong>: indicamos la medida de la imagen. Si queremos escalarla cambiamos las medidas para ampliar o reducir.<\/p>\n<p>El siguiente bloque corresponde a los ajustes de la imagen (<em>Adjustments<\/em>), que son ajustes de color y de luminosidad. Podemos aplicar los ajustes dentro del proceso de escaneado, a pesar de que controlaremos con mucha m\u00e1s precisi\u00f3n los ajustes si los aplicamos desde el software de tratamiento de im\u00e1genes (Adobe Photoshop). En este apartado encontraremos la opci\u00f3n de destramado (<em>Descreening<\/em>).<\/p>\n<p>Finalmente, para iniciar el proceso de digitalizaci\u00f3n puls\u00e1is <strong>Scan<\/strong>.<\/p>","protected":false},"excerpt":{"rendered":"<p>Objetivos El esc\u00e1ner es el dispositivo que utilizaremos para digitalizar cualquier material f\u00edsico que hayamos utilizado para documentar nuestro proyecto, como por ejemplo el original f\u00edsico que hayamos reproducido o los diferentes esbozos manuales que hayamos hecho. En este apartado veremos los aspectos que hemos de tener en cuenta para llevar a cabo un correcto &hellip; <\/p>\n<p class=\"link-more\"><a href=\"http:\/\/multimedia.uoc.edu\/blogs\/labdoc\/es\/com-escanejar\/\" class=\"more-link\">Seguir leyendo<span class=\"screen-reader-text\"> \u00abComo escanear los materiales\u00bb<\/span><\/a><\/p>\n","protected":false},"author":142,"featured_media":0,"parent":0,"menu_order":0,"comment_status":"closed","ping_status":"closed","template":"plantilla-pagina.php","meta":{"footnotes":""},"tags":[],"class_list":["post-94","page","type-page","status-publish","hentry","entry"],"_links":{"self":[{"href":"http:\/\/multimedia.uoc.edu\/blogs\/labdoc\/es\/wp-json\/wp\/v2\/pages\/94","targetHints":{"allow":["GET"]}}],"collection":[{"href":"http:\/\/multimedia.uoc.edu\/blogs\/labdoc\/es\/wp-json\/wp\/v2\/pages"}],"about":[{"href":"http:\/\/multimedia.uoc.edu\/blogs\/labdoc\/es\/wp-json\/wp\/v2\/types\/page"}],"author":[{"embeddable":true,"href":"http:\/\/multimedia.uoc.edu\/blogs\/labdoc\/es\/wp-json\/wp\/v2\/users\/142"}],"replies":[{"embeddable":true,"href":"http:\/\/multimedia.uoc.edu\/blogs\/labdoc\/es\/wp-json\/wp\/v2\/comments?post=94"}],"version-history":[{"count":18,"href":"http:\/\/multimedia.uoc.edu\/blogs\/labdoc\/es\/wp-json\/wp\/v2\/pages\/94\/revisions"}],"predecessor-version":[{"id":320,"href":"http:\/\/multimedia.uoc.edu\/blogs\/labdoc\/es\/wp-json\/wp\/v2\/pages\/94\/revisions\/320"}],"wp:attachment":[{"href":"http:\/\/multimedia.uoc.edu\/blogs\/labdoc\/es\/wp-json\/wp\/v2\/media?parent=94"}],"wp:term":[{"taxonomy":"post_tag","embeddable":true,"href":"http:\/\/multimedia.uoc.edu\/blogs\/labdoc\/es\/wp-json\/wp\/v2\/tags?post=94"}],"curies":[{"name":"wp","href":"https:\/\/api.w.org\/{rel}","templated":true}]}}