{"id":11,"date":"2017-03-08T11:25:33","date_gmt":"2017-03-08T10:25:33","guid":{"rendered":"http:\/\/multimedia.uoc.edu\/blogs\/process\/?page_id=11"},"modified":"2017-10-20T23:40:34","modified_gmt":"2017-10-20T22:40:34","slug":"citar","status":"publish","type":"page","link":"http:\/\/multimedia.uoc.edu\/blogs\/labdoc\/citar\/","title":{"rendered":"Citar les fonts"},"content":{"rendered":"<p><\/p>\n<h1>Com elaborar refer\u00e8ncies i \u00a0cites<\/h1>\n<h2>Objectius:<\/h2>\n<p>Aquest \u00e9s un cap\u00edtol principalment pr\u00e0ctic que pret\u00e9n proporcionar a l\u2019estudiant un m\u00e8tode per a elaborar:<\/p>\n<ol>\n<li>citacions bibliogr\u00e0fiques<\/li>\n<li>refer\u00e8ncies bibliogr\u00e0fiques<\/li>\n<\/ol>\n<h2>Sumari<\/h2>\n<ol>\n<li>Cita i refer\u00e8ncia documental<\/li>\n<li>\u00a0\u00a0\u00a0\u00a0Necessitat de citar i referenciar<\/li>\n<li>\u00a0\u00a0\u00a0\u00a0Aprenent a fer una cita<\/li>\n<li>Aprenent a fer una refer\u00e8ncia<\/li>\n<\/ol>\n<p><b>\u00a0<\/b><\/p>\n<h3>1. Cita i refer\u00e8ncia documental<\/h3>\n<p>Qu\u00e8 \u00e9s una cita? Qu\u00e8 \u00e9s una refer\u00e8ncia?<\/p>\n<p>Prendrem per exemple el llibre de Witold Rybczynski \u00a0titulat La Casa: historia de una idea.<\/p>\n<p><img loading=\"lazy\" decoding=\"async\" class=\" wp-image-165 aligncenter\" src=\"http:\/\/multimedia.uoc.edu\/blogs\/labdoc\/files\/2017\/10\/la-casa-historia-de-una-idea.jpg\" alt=\"\" width=\"295\" height=\"501\" \/><\/p>\n<table style=\"height: 59px\" width=\"733\">\n<tbody>\n<tr>\n<td><b>Aix\u00f2 \u00e9s una cita<br \/>\n<\/b><\/td>\n<td><b>Aix\u00f2 \u00e9s una refer\u00e8ncia<\/b><\/td>\n<\/tr>\n<tr>\n<td>(Rybczynski,1989)<\/td>\n<td>Rybczynski,Witod (1989). <i>La Casa: Historia de una idea<\/i>. Madrid: Nerea, 253 p.<\/td>\n<\/tr>\n<\/tbody>\n<\/table>\n<p>Com es pot apreciar, la cita d\u00f3na una informaci\u00f3 breu: nom\u00e9s cognom i data, mentre que la refer\u00e8ncia proporciona nom i cognom, editorial i ciutat. Informaci\u00f3 suficient per a localitzar aquesta monografia en qualsevol cat\u00e0leg.<\/p>\n<p>La cita s\u2019inclou en el text, mentre que la refer\u00e8ncia va a peu de p\u00e0gina o m\u00e9s habitualment al final del document.<\/p>\n<table>\n<tbody>\n<tr>\n<td><b>La cita va dins el text<\/b><\/td>\n<td><b>La refer\u00e8ncia va al final<\/b><\/td>\n<\/tr>\n<tr>\n<td>La idea del confort no era un tema cabdal en l\u2019estudi de l\u2019arquitectura a principis del segle XX ( Rybczynski,1989). Les aules es trobaven allunyades d\u2019aquest concepte&#8230;.<\/td>\n<td>Fonts d\u2019informaci\u00f3:<\/p>\n<p>Rybczynski,Witod (1989). <i>La Casa: Historia de una idea<\/i>. Madrid: Nerea, 253 p<\/td>\n<\/tr>\n<\/tbody>\n<\/table>\n<p><strong>Nota<\/strong>: Tamb\u00e9 trobem les refer\u00e8ncies sota el nom de Bibliografia, Webgrafia, Fonts consultades, etc..<\/p>\n<p>La funci\u00f3 de cadascuna \u00e9s diferent: la cita esmenta l\u2019autoria de la idea i la refer\u00e8ncia \u00e9s l\u2019eina normalitzada que ens permet trobar aquest original a qualsevol cat\u00e0leg (qualsevol lector podria comprovar la font on ens hem basat). Al text nom\u00e9s posem la cita per a que la lectura sigui m\u00e9s \u00e0gil.<\/p>\n<h3>2. Necessitat de citar i referenciar<\/h3>\n<p>Per ser professionals, \u00e9s obligatori \u00e8ticament i documentalment, fer refer\u00e8ncia del document que ha estat citat expressament en un treball de recerca o qualsevol altre treball acad\u00e8mic, com \u00e9s el cas de les PACs del grau. Altrament, serem acusats de plagi.<\/p>\n<p>La descripci\u00f3 ha de ser precisa i detallada i com a tal t\u00e9 unes normatives. Potser ara no us ho sembla per\u00f2 hi ha moltes maneres d\u2019alterar una cosa aparentment tan senzilla com un nom. Podem escriure\u2019l:<\/p>\n<p style=\"text-align: center\">Witod Rybczynski<\/p>\n<p style=\"text-align: center\">Rybczynski<\/p>\n<p style=\"text-align: center\">Rybczynski, Witod<\/p>\n<p style=\"text-align: center\">Rybczynski, W.<\/p>\n<p>A m\u00e9s de q\u00fcestions \u00e8tiques, la normalitzaci\u00f3 s\u2019ha convertit actualment en una necessitat del desenvolupament dels museus, arxius i biblioteques. No es concep parlar de xarxes, col\u00b7leccions virtuals, cooperaci\u00f3 i acc\u00e9s a recursos compartits, sense que hi hagi normes o est\u00e0ndards que en sistematitzin la implementaci\u00f3.<\/p>\n<p>Fins l\u2019arribada de la web, referenciar correctament podia ser un \u201cplus de pr\u00e0ctica professional\u201d, per\u00f2 ara, ha esdevingut part consubstancial de l\u2019acc\u00e9s a recursos compartits.<\/p>\n<p><strong>Sempre van juntes les cites i les refer\u00e8ncies?<\/strong><\/p>\n<p>La resposta \u00e9s s\u00ed.<\/p>\n<p>Sembla banal per\u00f2 no ho \u00e9s. Si no hem citat, no hem de referenciar. Posem exemples:<\/p>\n<table>\n<tbody>\n<tr>\n<td><strong>Correcte<\/strong><\/td>\n<td><strong>Incorrecte (cas 1)<\/strong><\/td>\n<td><strong>Incorrecte (cas 2)<\/strong><\/td>\n<\/tr>\n<tr>\n<td>La idea del confort no era un tema cabdal en l\u2019estudi de l\u2019arquitectura a principis del segle XX<\/p>\n<p>( Rybczynski,1989). Les aules es trobaven allunyades d\u2019aquest concepte&#8230;.<\/td>\n<td>La idea del confort no era un tema cabdal en l\u2019estudi de l\u2019arquitectura a principis del segle XX<\/p>\n<p>( Rybczynski,1989). Les aules es trobaven allunyades d\u2019aquest concepte&#8230;.<\/td>\n<td>La idea del confort no era un tema cabdal en l\u2019estudi de l\u2019arquitectura a principis del segle XX. Les aules es trobaven allunyades d\u2019aquest concepte&#8230;.<\/td>\n<\/tr>\n<tr>\n<td>Fonts d\u2019informaci\u00f3:<\/p>\n<p>Rybczynski,Witod (1989). <i>La Casa: Historia de una idea.<\/i> Madrid: Nerea, 253 p<\/td>\n<td><\/td>\n<td>Fonts d\u2019informaci\u00f3:<\/p>\n<p>Rybczynski,Witod (1989). <i>La Casa: Historia de una idea.<\/i> Madrid: Nerea, 253 p<\/td>\n<\/tr>\n<\/tbody>\n<\/table>\n<p>En el cas incorrecte n\u00ba 1 falta la refer\u00e8ncia. En el cas n\u00ba 2 , no hi ha vincle que relacioni la idea amb la font original.<\/p>\n<p><strong>Es el mateix un link que una refer\u00e8ncia?<\/strong><\/p>\n<p>Un link \u00e9s l\u2019acc\u00e9s al document (en l\u00ednia) per\u00f2 no t\u00e9 dades de la refer\u00e8ncia, com a molt i no en tots els casos pot dur alguna metadada. Qualsevol document o imatge que no estigui en l\u00ednia no t\u00e9 link i per tant no quedaria referenciada.<\/p>\n<p>Un link no substitueix la refer\u00e8ncia.<\/p>\n<p>Quan el document o obra que volem citar \u00e9s en l\u00ednia, la mateixa refer\u00e8ncia porta inclosa el link.<\/p>\n<p>Exemple: prendrem el mateix llibre de Rybczynski en pdf accessible en l\u00ednia a l\u2019adre\u00e7a<a href=\"https:\/\/bibliodarq.files.wordpress.com\/2016\/05\/rybczynski-witold-la-casa-historia-de-una-idea.pdf\"> https:\/\/bibliodarq.files.wordpress.com\/2016\/05\/rybczynski-witold-la-casa-historia-de-una-idea.pdf<\/a> i veurem com quedaria la seva refer\u00e8ncia:<\/p>\n<p>Rybczynski,Witod (1989). <i>La Casa: Historia de una idea<\/i>. Madrid: Nerea, 253 p Disponible a<a href=\"https:\/\/bibliodarq.files.wordpress.com\/2016\/05\/rybczynski-witold-la-casa-historia-de-una-idea.pdf.%20%20Consultat%2019\/09\/2017\"> https:\/\/bibliodarq.files.wordpress.com\/2016\/05\/rybczynski-witold-la-casa-historia-de-una-idea.pdf. <\/a>\u00a0Consultat 19\/09\/2017.<\/p>\n<h3>3. Aprenent a fer una cita<\/h3>\n<p>B\u00e0sicament el format d\u2019una cita \u00e9s par\u00e8ntesi cognom coma data de publicaci\u00f3 par\u00e8ntesi.<\/p>\n<p>(Rybczynski,1989)<\/p>\n<h3>4. Aprenent a fer una refer\u00e8ncia<\/h3>\n<p>Hi ha diversos tipus documentals per referenciar:<\/p>\n<p>4.1 Obra pict\u00f2rica o escult\u00f2rica o audiovisual o fotografia<\/p>\n<p>4.2 Text publicat o digital<\/p>\n<h4>4.1 Obra pict\u00f2rica o escult\u00f2rica o audiovisual o fotografia<\/h4>\n<p>Quadres i escultures: es referencia posant autor, t\u00edtol, format, data de creaci\u00f3, museu on es troba la imatge i si heu fet la consulta online, posant la URL i data de la consulta.<\/p>\n<p>Audiovisual, arxiu de v\u00eddeo, arxiu de so, fotografia, documental, pel\u00b7l\u00edcula: el mateix esquema substituint l\u2019autor pel director. Podeu afegir si volem el productor com a autor tamb\u00e9. No es posa la ubicaci\u00f3. Posem el pa\u00eds i la productora.<\/p>\n<p>Fotografia: hem de consignar el nom del fot\u00f2graf, la data, el t\u00edtol de la foto, persones i localitzacions (si no queden expressament citades al t\u00edtol), suport original, localitzaci\u00f3 (museu, galeria, col\u00b7lecci\u00f3, arxiu&#8230;). Si hem \u00a0tret la foto d\u2019una web, copiem la URL i data de consulta.<\/p>\n<p>Exemples:<\/p>\n<table>\n<tbody>\n<tr>\n<td><img loading=\"lazy\" decoding=\"async\" class=\"alignnone wp-image-177\" src=\"http:\/\/multimedia.uoc.edu\/blogs\/labdoc\/files\/2017\/03\/Numero-1-Pollock.jpg\" alt=\"\" width=\"123\" height=\"75\" \/><\/td>\n<td>Pollock, Jackson (1950). <i>N\u00famero 1<\/i> [Pintura]. National Gallery of Art, Washington. Disponible a<a href=\"https:\/\/www.nga.gov\/content\/ngaweb\/Collection\/artist-info.1793.html#works\"> https:\/\/www.nga.gov\/content\/ngaweb\/Collection\/artist-info.1793.html#works<\/a>. Consulta 19\/09\/2017<\/td>\n<\/tr>\n<tr>\n<td>\u00a0<img loading=\"lazy\" decoding=\"async\" class=\"alignnone wp-image-166\" src=\"http:\/\/multimedia.uoc.edu\/blogs\/labdoc\/files\/2017\/10\/Hermes_di_Prassitele_at_Olimpia_front.jpg\" alt=\"\" width=\"127\" height=\"217\" \/><\/td>\n<td>Praxiteles (350-330 ac) <i>Hermes amb Dion\u00eds infant<\/i> [Escultura]. Museu Arqueol\u00f2gic, Olimpia. Disponible a<a href=\"http:\/\/www.xtec.cat\/~jarrimad\/grecia\/hermes.htm\"> http:\/\/www.xtec.cat\/~jarrimad\/grecia\/hermes.htm<\/a>. Consulta 19\/09\/2917<\/td>\n<\/tr>\n<tr>\n<td>\u00a0<img loading=\"lazy\" decoding=\"async\" class=\"alignnone wp-image-159\" src=\"http:\/\/multimedia.uoc.edu\/blogs\/labdoc\/files\/2017\/10\/Sleuth-film.jpg\" alt=\"\" width=\"106\" height=\"161\" \/><\/td>\n<td>Gotlieb, Morton (productor) &amp;<a href=\"https:\/\/www.filmaffinity.com\/es\/search.php?stype=director&amp;sn&amp;stext=Joseph%20L.%20Mankiewicz\"> Mankiewicz<\/a>, Joseph L. (director). (1972). <i>Sleuth<\/i> [Cinta cinematogr\u00e0fica].EUA: 20th Century Fox \/ Palomar Pictures.<\/td>\n<\/tr>\n<tr>\n<td>\u00a0<img loading=\"lazy\" decoding=\"async\" class=\"alignnone wp-image-164\" src=\"http:\/\/multimedia.uoc.edu\/blogs\/labdoc\/files\/2017\/10\/Man_Ray_Salvador_Dali.jpg\" alt=\"\" width=\"90\" height=\"59\" \/><\/td>\n<td>Vechten, Carl van (1934). Salvador Dal\u00ed und Man Ray in Paris [Fotografia]. \u00a0<a href=\"http:\/\/www.loc.gov\/pictures\/collection\/van\/\">Van Vechten Collection<\/a> at <a href=\"https:\/\/en.wikipedia.org\/wiki\/Library_of_Congress\">Library of Congress<\/a>. Disponible a<a href=\"https:\/\/de.wikipedia.org\/wiki\/Salvador_Dal%C3%AD#\/media\/File:Man_Ray_Salvador_Dali.jpg\"> https:\/\/de.wikipedia.org\/wiki\/Salvador_Dal%C3%AD#\/media\/File:Man_Ray_Salvador_Dali.jpg<\/a> Consulta 19\/09\/2017<\/td>\n<\/tr>\n<\/tbody>\n<\/table>\n<p>Si no sabem algun dada la deixem en blanc. Abans per\u00f2 hem d\u2019estar segurs de que no la podem trobar en una font d\u2019informaci\u00f3 indirecta. Si creiem que pot ser una data per\u00f2 no estem segurs, podem posar la data amb interrogant.<\/p>\n<h4>4.2 Text publicat o digital: monografia, article de revista<\/h4>\n<p><strong>Nota<\/strong>: Monografia \u00e9s el terme documental correcte pel que quotidianament es coneix com \u201cun llibre\u201d.<\/p>\n<table>\n<tbody>\n<tr>\n<td>Monografia<\/p>\n<p><img loading=\"lazy\" decoding=\"async\" class=\"alignnone wp-image-163\" src=\"http:\/\/multimedia.uoc.edu\/blogs\/labdoc\/files\/2017\/10\/Negroponte.jpg\" alt=\"\" width=\"142\" height=\"221\" \/><\/td>\n<td>Negroponte, Nicholas (1995).<i>El mundo digital<\/i> . Barcelona: Ediciones B<\/td>\n<\/tr>\n<tr>\n<td>Article de revista<\/p>\n<p><img loading=\"lazy\" decoding=\"async\" class=\"alignnone size-full wp-image-176\" src=\"http:\/\/multimedia.uoc.edu\/blogs\/labdoc\/files\/2017\/03\/Revista-materia.jpg\" alt=\"\" width=\"133\" height=\"160\" \/><\/td>\n<td>Garrido, Carmen (2016).<a href=\"http:\/\/www.raco.cat\/index.php\/Materia\/article\/view\/317257\"> El Bosco: el proceso creativo de sus pinturas<\/a> <i>Materia, revista internacional d\u2019art<\/i>.N\u00fam 10.11, pag 77-89. Disponible a<a href=\"http:\/\/www.raco.cat\/index.php\/Materia\/issue\/view\/24255\/showToc\"> http:\/\/www.raco.cat\/index.php\/Materia\/issue\/view\/24255\/showToc<\/a> Consulta 19\/09\/2017<\/td>\n<\/tr>\n<\/tbody>\n<\/table>\n<p>&nbsp;<\/p>\n<h1><\/h1>\n<p><\/p>","protected":false},"excerpt":{"rendered":"<p>Com elaborar refer\u00e8ncies i \u00a0cites Objectius: Aquest \u00e9s un cap\u00edtol principalment pr\u00e0ctic que pret\u00e9n proporcionar a l\u2019estudiant un m\u00e8tode per a elaborar: citacions bibliogr\u00e0fiques refer\u00e8ncies bibliogr\u00e0fiques Sumari Cita i refer\u00e8ncia documental \u00a0\u00a0\u00a0\u00a0Necessitat de citar i referenciar \u00a0\u00a0\u00a0\u00a0Aprenent a fer una cita Aprenent a fer una refer\u00e8ncia \u00a0 1. Cita i refer\u00e8ncia documental Qu\u00e8 \u00e9s una &hellip; <\/p>\n<p class=\"link-more\"><a href=\"http:\/\/multimedia.uoc.edu\/blogs\/labdoc\/citar\/\" class=\"more-link\">Continua llegint <span class=\"screen-reader-text\">\u00abCitar les fonts\u00bb<\/span><\/a><\/p>\n","protected":false},"author":50,"featured_media":0,"parent":0,"menu_order":0,"comment_status":"closed","ping_status":"closed","template":"plantilla-pagina.php","meta":{"footnotes":""},"tags":[],"class_list":["post-11","page","type-page","status-publish","hentry","entry"],"_links":{"self":[{"href":"http:\/\/multimedia.uoc.edu\/blogs\/labdoc\/wp-json\/wp\/v2\/pages\/11","targetHints":{"allow":["GET"]}}],"collection":[{"href":"http:\/\/multimedia.uoc.edu\/blogs\/labdoc\/wp-json\/wp\/v2\/pages"}],"about":[{"href":"http:\/\/multimedia.uoc.edu\/blogs\/labdoc\/wp-json\/wp\/v2\/types\/page"}],"author":[{"embeddable":true,"href":"http:\/\/multimedia.uoc.edu\/blogs\/labdoc\/wp-json\/wp\/v2\/users\/50"}],"replies":[{"embeddable":true,"href":"http:\/\/multimedia.uoc.edu\/blogs\/labdoc\/wp-json\/wp\/v2\/comments?post=11"}],"version-history":[{"count":27,"href":"http:\/\/multimedia.uoc.edu\/blogs\/labdoc\/wp-json\/wp\/v2\/pages\/11\/revisions"}],"predecessor-version":[{"id":294,"href":"http:\/\/multimedia.uoc.edu\/blogs\/labdoc\/wp-json\/wp\/v2\/pages\/11\/revisions\/294"}],"wp:attachment":[{"href":"http:\/\/multimedia.uoc.edu\/blogs\/labdoc\/wp-json\/wp\/v2\/media?parent=11"}],"wp:term":[{"taxonomy":"post_tag","embeddable":true,"href":"http:\/\/multimedia.uoc.edu\/blogs\/labdoc\/wp-json\/wp\/v2\/tags?post=11"}],"curies":[{"name":"wp","href":"https:\/\/api.w.org\/{rel}","templated":true}]}}