{"id":110,"date":"2017-10-07T08:48:17","date_gmt":"2017-10-07T07:48:17","guid":{"rendered":"http:\/\/multimedia.uoc.edu\/blogs\/labdoc\/?page_id=110"},"modified":"2017-10-11T16:34:08","modified_gmt":"2017-10-11T15:34:08","slug":"drets-dautor-i-us-de-llicencies","status":"publish","type":"page","link":"http:\/\/multimedia.uoc.edu\/blogs\/labdoc\/drets-dautor-i-us-de-llicencies\/","title":{"rendered":"Drets d&#8217;autor i us de llic\u00e8ncies"},"content":{"rendered":"<p><\/p>\n<h1>Drets d\u2019autor: us de llic\u00e8ncies<\/h1>\n<p>Hi ha molts conceptes al voltant dels drets d\u2019autor : propietat intel\u00b7lectual, copyright, GNU, domini p\u00fablic, creative commons, si s\u00f3n drets temporals o permanents, si s\u00f3n propis o es poden transferir &#8230;., entre d\u2019altres temes.<\/p>\n<p>Aquest cap\u00edtol del material comen\u00e7ar\u00e0 pels conceptes m\u00e9s gen\u00e8rics que s\u00f3n Propietat industrial i Propietat \u00a0intel\u00b7lectual i anir\u00e0 baixant cap a termes m\u00e9s espec\u00edfics seguint la seg\u00fcent figura:<\/p>\n<p><img loading=\"lazy\" decoding=\"async\" class=\"wp-image-201 aligncenter\" src=\"http:\/\/multimedia.uoc.edu\/blogs\/labdoc\/files\/2017\/10\/propietat-intelectual-cat.png\" alt=\"\" width=\"478\" height=\"269\" \/><\/p>\n<p>Figura 1. Elaboraci\u00f3 pr\u00f2pia<\/p>\n<p>Malgrat l\u2019aparen\u00e7a d\u2019\u00fas lliure de textos i imatges a la xarxa, en realitat les obres nom\u00e9s poden ser usades en les condicions que els autors hagin establert.<\/p>\n<h2>Propietat industrial i propietat intel\u00b7lectual<\/h2>\n<p>Hi ha dos tipus de drets sobre la propietat:<\/p>\n<p>&#8211; drets sobre la propietat industrial que inclou les patents, els dissenys industrials, marques \u00a0i denominacions d\u2019origen. A l\u2019estat espanyol l\u2019organisme que les regula \u00e9s la Oficina espanyola de patentes y marcas, l\u2019OEPM<a href=\"https:\/\/www.oepm.es\/ca\/\"> https:\/\/www.oepm.es\/ca\/<\/a> .<\/p>\n<p>&#8211; drets sobre la propietat intel\u00b7lectual que inclou els drets d\u2019autor i drets connexos, que inclouen les creacions de la ment, obres liter\u00e0ries i art\u00edstiques.<\/p>\n<p>En aquest material treballarem la propietat intel\u00b7lectual.<\/p>\n<h3>Drets d\u2019autor<\/h3>\n<p>L\u2019autor t\u00e9 dos drets: els drets morals i els drets econ\u00f2mics.<\/p>\n<p><b>Morals<\/b>: Aquests drets s\u00f3n irrenunciables i ning\u00fa els hi pot treure (fins i hi tot passen als seus hereus). S\u00f3n drets com el del reconeixement de que ell\/a \u00e9s l\u2019autor i la integritat de l\u2019obra. Aix\u00f2 t\u00e9 relaci\u00f3 amb el cap\u00edtol anterior de les refer\u00e8ncies, on \u00a0hem apr\u00e9s que cal citar i referenciar l\u2019autoria de les idees, perqu\u00e8 moralment \u00e9s l\u00edcit, perqu\u00e8 forma part dels drets d\u2019autor i no volem caure en el plagi.<\/p>\n<p><b>Econ\u00f2mics<\/b>: A difer\u00e8ncia dels anteriors que eren inalienables, aquests s\u00f3n transferibles, es a dir l\u2019autor pot cedir els seus drets , per a exemple a una Fundaci\u00f3. Sigui com sigui, aquests drets coneguts com drets d\u2019explotaci\u00f3 o patrimonials tenen una durada limitada en el temps: a la legislaci\u00f3 espanyola els drets es mantenen fins a 70 anys despr\u00e9s de la mort (80 anys si han mort abans del 07\/12\/1987), despr\u00e9s l\u2019obra passa a ser de domini p\u00fablic.<\/p>\n<p>Aquests drets fan refer\u00e8ncia a reproduccions, distribuci\u00f3, comunicaci\u00f3 p\u00fablica i transformaci\u00f3 de l\u2019obra.<\/p>\n<p>Posem un exemple extret del material UOC sobre propietat intel\u00b7lectual:<\/p>\n<p><i>\u201cel text original de Lewis Carroll i les il\u00b7lustracions de John Tenniel del llibre Alicia al pa\u00eds de les meravelles, publicat el 1865, s\u00f3n al domini p\u00fablic, per\u00f2 l\u2019adaptaci\u00f3 d\u2019aquest llibre original en forma de pel\u00b7l\u00edcula i els dibuixos adaptats per Walt Disney del 1951 encara resten protegits pel dret d\u2019autor i el dret de marques, i el seu \u00fas requereix autoritzaci\u00f3.\u201d<\/i><\/p>\n<p>Els drets econ\u00f2mics (o drets d\u2019explotaci\u00f3 o drets patrimonials) poden anar des de les condicions m\u00e9s restrictives (all rights reserved) a les menys restrictives (no rights reserved)., passant per termes mitjos (some rights reserved).<\/p>\n<table>\n<tbody>\n<tr>\n<td><strong>M\u00e9s restrictives<\/strong><\/p>\n<p><strong>(All rights reserved)<\/strong><\/td>\n<td><strong>Mitjanament restrictives<\/strong><\/p>\n<p><strong>(Some rights reserved)<\/strong><\/td>\n<td><strong>Sense restriccions<\/strong><\/p>\n<p><strong>(No rights reserved)<\/strong><\/td>\n<\/tr>\n<tr>\n<td>Copyright<\/td>\n<td>Creative commons<\/p>\n<p>GNU<\/td>\n<td>Domini p\u00fablic<\/td>\n<\/tr>\n<\/tbody>\n<\/table>\n<p>&nbsp;<\/p>\n<h4>El copyright<\/h4>\n<p>Es representa amb el s\u00edmbol \u00a9 i el nom del titular del dret, lloc i any de divulgaci\u00f3 de l\u2019obra. Tenen tots els drets reservats.<\/p>\n<p><img loading=\"lazy\" decoding=\"async\" class=\"wp-image-200 aligncenter\" src=\"http:\/\/multimedia.uoc.edu\/blogs\/labdoc\/files\/2017\/10\/copyright.png\" alt=\"\" width=\"356\" height=\"354\" \/><\/p>\n<h4>El Creative commons<\/h4>\n<p>S\u00f3n llic\u00e8ncies en uns contractes ja escrits i determinats que es connecten de forma autom\u00e0tica amb les obres creades. L\u2019autor pot triar entre sis models diferents en funci\u00f3 del grau de llibertat o restricci\u00f3 que vulgui aplicar a les c\u00f2pies, la distribuci\u00f3, els usos comercials i les c\u00f2pies derivades (c\u00f2pies alterades de l\u2019original).<\/p>\n<p>La menys restrictiva \u00e9s la creative Commons BY que autoritza la reproducci\u00f3, distribuci\u00f3, transformaci\u00f3 i comunicaci\u00f3 p\u00fablica, per a qualsevol finalitat i per a totes les modalitats d\u2019explotaci\u00f3 amb car\u00e0cter gratu\u00eft i per a tot el termini de protecci\u00f3.<\/p>\n<p>A partir de la CC BY podem anar afegint restriccions, per exemple una llic\u00e8ncia CC BY NC significa que no permet els usos comercials de l\u2019obra.<\/p>\n<p><img loading=\"lazy\" decoding=\"async\" class=\"size-full wp-image-199 aligncenter\" src=\"http:\/\/multimedia.uoc.edu\/blogs\/labdoc\/files\/2017\/10\/licenses.png\" alt=\"\" width=\"425\" height=\"277\" \/><\/p>\n<p>Exemple:<\/p>\n<p>si trobem aquesta imatge a Flickr ens fixarem en els seus drets d\u2019autor i veurem que \u00e9s CC BY SA , la qual cosa vol dir que permet usos comercials i que es poden fer c\u00f2pies derivades. Per\u00f2 recordem que sempre hem de mantenir els drets d\u2019autor (autoria i integritat).<\/p>\n<p><img loading=\"lazy\" decoding=\"async\" class=\"size-full wp-image-185 aligncenter\" src=\"http:\/\/multimedia.uoc.edu\/blogs\/labdoc\/files\/2017\/10\/The-memories-we-both1.jpg\" alt=\"\" width=\"500\" height=\"335\" \/><\/p>\n<p>Foto Prewedding \u2013 the memories we both. Imatge a <a href=\"https:\/\/www.flickr.com\/photos\/31272605@N06\/6160969981\/in\/photolist-aoqzJn-9cMTyM-88t3us-dwy3Jd-dwsxaa-dwy3Ay-dwy9sW-88pNC6-dMX2km-dLm8ge-dLm8de-cFeTU9-cFeQWf-cFeU9A-cFeQwj-c3N8vj-c3Nu3S-cQ8zGj-cQ8zJo-cQ8zyS-cQ8zRo-bgX1FK-8FXbwa-bgWZ3K-7Ds3Uy-bneZf9-beXfcc-beXgWz-beXhoX-aQX2Ae-aQWZMD-aQWYXt-aQWYQV-aQX2FT-aQX2ux-aQX1mB-aQX31i-aQX2oa-aQX2hz-aTCuDe-aQXTZg-aQX3VV-aQYdJR-aQX37R\">Flickr<\/a> de Fajri Photography Llic\u00e8ncia Creative Commons CC BY-SA 2.0<\/p>\n<p><b>Suggeriment: <\/b>si voleu treballar amb imatges de la xarxa busqueu informaci\u00f3 sobre els drets d\u2019explotaci\u00f3 de la imatge o busqueu imatges directament sense drets. A Google Images per exemple heu de buscar el tema que vulgueu i llavors fer clic a la icona Eines<\/p>\n<p><img loading=\"lazy\" decoding=\"async\" class=\"size-full wp-image-198 aligncenter\" src=\"http:\/\/multimedia.uoc.edu\/blogs\/labdoc\/files\/2017\/10\/google-image-eines.png\" alt=\"\" width=\"365\" height=\"228\" \/><\/p>\n<p>Es desplegar\u00e0 un submen\u00fa molt interessant, on hi ha l\u2019opci\u00f3 Drets d\u2019utilitzaci\u00f3.<\/p>\n<p><img loading=\"lazy\" decoding=\"async\" class=\"wp-image-202 aligncenter\" src=\"http:\/\/multimedia.uoc.edu\/blogs\/labdoc\/files\/2017\/10\/google-images.png\" alt=\"\" width=\"363\" height=\"226\" \/><\/p>\n<h4>Les llic\u00e8ncies GNU<\/h4>\n<p>Les llic\u00e8ncies GNU s\u00f3n llic\u00e8ncies de programari lliure amb qu\u00e8 els autors autoritzen l\u2019execuci\u00f3 dels seus programaris de forma lliure.<\/p>\n<p>Hi ha diverses llic\u00e8ncies GNU, entre les quals destaquen la GNU General Public License (GPL o GPL ordin\u00e0ria) i la GNU Lesser General Public License (LGPL o GPL redu\u00efda).<\/p>\n<p>M\u00e9s informaci\u2019o: <a href=\"https:\/\/www.gnu.org\/software\/software.html\">https:\/\/www.gnu.org\/software\/software.html<\/a><\/p>\n<h4>Domini p\u00fablic<\/h4>\n<p>Quan ven\u00e7 el termini de 70 o 80 anys segons la data de defunci\u00f3 de l\u2019autor, l\u2019obra passa a domini p\u00fablic la qual cosa vol dir que pot ser explotada lliurement per\u00f2 continua conservant els drets d\u2019autor (autoria i integritat de l\u2019obra).<\/p>\n<h3>Drets connexos<\/h3>\n<p>Els drets connexos s\u00f3n els drets relatius a protegir els interessos jur\u00eddics de determinades persones que contribueixen a posar les obres a disposici\u00f3 del p\u00fablic. Exemples d\u2019aquests drets serien els que tenen els cantants en interpretar una can\u00e7\u00f3 i, tamb\u00e9, els d\u2019un actor quan interpreta un gui\u00f3.<\/p>\n<p>Bibliografia:<\/p>\n<p>UOC (2017). Material sobre la propietat intel\u00b7lectual. Disponible a<a href=\"http:\/\/biblioteca.uoc.edu\/ca\/materials\/la-propietat-intel%C2%B7lectual\"> http:\/\/biblioteca.uoc.edu\/ca\/materials\/la-propietat-intel%C2%B7lectual<\/a>. Consulta 27\/09\/2017<\/p>\n<p>&nbsp;<\/p>","protected":false},"excerpt":{"rendered":"<p>Drets d\u2019autor: us de llic\u00e8ncies Hi ha molts conceptes al voltant dels drets d\u2019autor : propietat intel\u00b7lectual, copyright, GNU, domini p\u00fablic, creative commons, si s\u00f3n drets temporals o permanents, si s\u00f3n propis o es poden transferir &#8230;., entre d\u2019altres temes. Aquest cap\u00edtol del material comen\u00e7ar\u00e0 pels conceptes m\u00e9s gen\u00e8rics que s\u00f3n Propietat industrial i Propietat &hellip; <\/p>\n<p class=\"link-more\"><a href=\"http:\/\/multimedia.uoc.edu\/blogs\/labdoc\/drets-dautor-i-us-de-llicencies\/\" class=\"more-link\">Continua llegint <span class=\"screen-reader-text\">\u00abDrets d&#8217;autor i us de llic\u00e8ncies\u00bb<\/span><\/a><\/p>\n","protected":false},"author":142,"featured_media":0,"parent":0,"menu_order":0,"comment_status":"closed","ping_status":"closed","template":"plantilla-pagina.php","meta":{"footnotes":""},"tags":[],"class_list":["post-110","page","type-page","status-publish","hentry","entry"],"_links":{"self":[{"href":"http:\/\/multimedia.uoc.edu\/blogs\/labdoc\/wp-json\/wp\/v2\/pages\/110","targetHints":{"allow":["GET"]}}],"collection":[{"href":"http:\/\/multimedia.uoc.edu\/blogs\/labdoc\/wp-json\/wp\/v2\/pages"}],"about":[{"href":"http:\/\/multimedia.uoc.edu\/blogs\/labdoc\/wp-json\/wp\/v2\/types\/page"}],"author":[{"embeddable":true,"href":"http:\/\/multimedia.uoc.edu\/blogs\/labdoc\/wp-json\/wp\/v2\/users\/142"}],"replies":[{"embeddable":true,"href":"http:\/\/multimedia.uoc.edu\/blogs\/labdoc\/wp-json\/wp\/v2\/comments?post=110"}],"version-history":[{"count":7,"href":"http:\/\/multimedia.uoc.edu\/blogs\/labdoc\/wp-json\/wp\/v2\/pages\/110\/revisions"}],"predecessor-version":[{"id":269,"href":"http:\/\/multimedia.uoc.edu\/blogs\/labdoc\/wp-json\/wp\/v2\/pages\/110\/revisions\/269"}],"wp:attachment":[{"href":"http:\/\/multimedia.uoc.edu\/blogs\/labdoc\/wp-json\/wp\/v2\/media?parent=110"}],"wp:term":[{"taxonomy":"post_tag","embeddable":true,"href":"http:\/\/multimedia.uoc.edu\/blogs\/labdoc\/wp-json\/wp\/v2\/tags?post=110"}],"curies":[{"name":"wp","href":"https:\/\/api.w.org\/{rel}","templated":true}]}}