{"id":97,"date":"2017-10-07T08:43:10","date_gmt":"2017-10-07T07:43:10","guid":{"rendered":"http:\/\/multimedia.uoc.edu\/blogs\/labdoc\/?page_id=97"},"modified":"2017-12-03T23:58:12","modified_gmt":"2017-12-03T22:58:12","slug":"com-fer-videos","status":"publish","type":"page","link":"http:\/\/multimedia.uoc.edu\/blogs\/labdoc\/com-fer-videos\/","title":{"rendered":"Com fer v\u00eddeos"},"content":{"rendered":"<p><\/p>\n<h1>C\u00e0meres b\u00e0siques<\/h1>\n<p>L\u2019enregistrament de v\u00eddeo es pot realitzar amb una c\u00e0mera r\u00e8flex. Les c\u00e0meres actuals ofereixen la possibilitat de grabar v\u00eddeo amb molt bona qualitat. Una altra opci\u00f3, si no necessitem alta qualitat, \u00e9s utilitzar un dispositiu m\u00f2bil (ja sigui <i>smartphone o tablet<\/i>). En tots els casos el proc\u00e9s ser\u00e0 el mateix i obtindreu el mateix tipus de formats d\u2019arxiu de v\u00eddeo.<\/p>\n<h1>Aspectes a tenir en compte<\/h1>\n<p>De la mateixa manera que hem considerat en la fotografia, cal tenir en compte dos aspectes: els\u00a0<b>t\u00e8cnics<\/b> i els <b>est\u00e8tics.<\/b><\/p>\n<p>Quant als aspectes t\u00e8cnics, veurem les caracter\u00edstiques b\u00e0siques dels arxius de v\u00eddeo digital: les dimensions, el nombre de quadres per segon, i les opcions de compressi\u00f3. Tamb\u00e9 veurem com afegir audio.<\/p>\n<p>Quant als aspectes est\u00e8tics, al tractar-se de contingut visual, tindrem en compte els mateixos aspectes que ja s\u2019han tractat a l\u2019apartat d\u2019aspectes est\u00e8tics de la fotografia: elements visuals, composici\u00f3, enquadrament, etc. Aix\u00f2 s\u00ed, hi afagirem altres conceptes propis del llenguatge audiovisual: els tipus de plans, el punt de vista de la c\u00e0mera, i els moviments de c\u00e0mera.<\/p>\n<h2>Aspectes t\u00e8cnics<\/h2>\n<p>Configurar la c\u00e0mera per gravar v\u00eddeo \u00e9s molt senzill. Les c\u00e0meres tenen la opci\u00f3 de canviar de modo imatge a v\u00eddeo des de la pantalla on es mostren tots els comandos.<\/p>\n<p>Despr\u00e9s d\u2019enregistrar, el format d\u2019arxiu que s\u2019obt\u00e9 es MOV, tot i que els formats poden variar segons el model de la c\u00e0mera. La duraci\u00f3 m\u00e0xima de l\u2019arxiu de v\u00eddeo sol ser de 10 minuts.<\/p>\n<h3>Caracter\u00edstiques b\u00e0siques<\/h3>\n<p>Les caracter\u00edstiques b\u00e0siques de v\u00eddeo que podeu configurar en la c\u00e0mera s\u00f3n:<\/p>\n<ul>\n<li>El <b>format<\/b> fa refer\u00e8ncia a la proporci\u00f3 del format de v\u00eddeo. El format 16:9 \u00e9s el format panor\u00e0mic. \u00c9s el que habitualment fareu servir, i el que tenen, per exemple, les pantalles de televisi\u00f3 digitals. El format 4:3 \u00e9s un format rectangular, per\u00f2 m\u00e9s estret, i correspon a les televisions antigues anal\u00f2giques. En la seg\u00fcent imatge veieu la diferencia de proporci\u00f3 entre 16:9 i 4:3.<\/li>\n<li>Les <b>dimensions<\/b> o <b>mida del v\u00eddeo<\/b> s\u2019indiquen amb el nombre de p\u00edxels per fila i columna. Depenent de la quantitat de p\u00edxels la imatge tindr\u00e0 m\u00e9s qualitat, i per conseg\u00fcent l\u2019arxiu final tindr\u00e0 m\u00e9s pes en mem\u00f2ria. Podeu triar entre tres dimensions:\n<ul>\n<li>1920&#215;1080. L\u2019arxiu tindr\u00e0 qualitat de gravaci\u00f3 Full HD (alta definici\u00f3). El format ser\u00e1 16:9 (\u00e9s un format panor\u00e0mic).<\/li>\n<li>1280&#215;720. L\u2019arxiu tindr\u00e0 qualitat de gravaci\u00f3 HD (alta definici\u00f3). El format ser\u00e0 16:9 (\u00e9s un format panor\u00e0mic).<\/li>\n<li>640&#215;480: L\u2019arxiu tindr\u00e0 qualitat de gravaci\u00f3 de definici\u00f3 est\u00e0ndar. El format ser\u00e0 4:3 (\u00e9s un format rectangular).<\/li>\n<\/ul>\n<\/li>\n<\/ul>\n<p><img loading=\"lazy\" decoding=\"async\" class=\"wp-image-206 aligncenter\" src=\"http:\/\/multimedia.uoc.edu\/blogs\/labdoc\/files\/2017\/10\/formatos-video.png\" alt=\"\" width=\"716\" height=\"398\" \/><\/p>\n<ul>\n<li>La <b>freq\u00fc\u00e8ncia de quadres<\/b> \u00e9s el numero de fotogrames per segon (fps). S\u2019ha de configurar en relaci\u00f3 a les zones geogr\u00e0fiques on es veur\u00e0 el v\u00eddeo, en el nostre cas, Europa, s\u2019emprar\u00e0 el format PAL. Les opcions s\u00f3n les seg\u00fcents:\n<ul>\n<li>30 fps: Per zones en que el format de TV \u00e9s NTSC (Nord-am\u00e8rica, Jap\u00f3, Corea, M\u00e8xic, etc.).<\/li>\n<li>25 fps: Per zones en que el format de TV \u00e9s PAL (Europa, R\u00fassia, Xina, Austr\u00e0lia, etc.).<\/li>\n<li>24 fps: Principalment per pel\u00b7l\u00edcules i cinema d\u2019animaci\u00f3.<\/li>\n<\/ul>\n<\/li>\n<li>El <b>tipus de compressi\u00f3<\/b> del arxiu de v\u00eddeo. El m\u00e8tode de compressi\u00f3 redueix la informaci\u00f3 de v\u00eddeo mitjan\u00e7ant procediments sofisticats per eliminar les dades redundants. Els m\u00e8todes que s\u2019apliquen s\u00f3n dos: IPB i ALL-I, que els veiem a continuaci\u00f3.\n<ul>\n<li>IPB: comprimeix els quadres o fotogrames. Comprimeix diversos quadres al mateix temps eficientment per a la gravaci\u00f3. Donat que la mida d\u2019arxiu ser\u00e0 menor que amb ALL-I, es podr\u00e0 gravar m\u00e9s temps.<\/li>\n<li>ALL-I: comprimeix els quadres d\u2019un en un a la vegada per la gravaci\u00f3. Tot i que la mida d\u2019arxiu ser\u00e0 major que amb el format de compressi\u00f3 IPB, el v\u00eddeo ser\u00e0 m\u00e9s adequat per l\u2019edici\u00f3.<\/li>\n<\/ul>\n<\/li>\n<\/ul>\n<h3>Afegir \u00e0udio<\/h3>\n<p>En el proc\u00e9s d\u2019enregistrament de v\u00eddeo, la c\u00e0mera tamb\u00e9 realitza la gravaci\u00f3 de l\u2019\u00e0udio amb el micr\u00f2fon integrat en la c\u00e0mera. Si vols millorar la qualitat de l\u2019\u00e0udio haur\u00e0s de connectar un micr\u00f2fon extern per obtenir el s\u00f3 amb qualitat.<\/p>\n<h2>Aspectes est\u00e8tics<\/h2>\n<p>Quant a aspectes est\u00e8tics, les imatges enregistrades en v\u00eddeo comparteixen les regles de composici\u00f3 de la imatge fixa: elements compositius, regla dels ter\u00e7os, regla de l\u2019horitz\u00f3, i l\u2019enquadrament.<\/p>\n<p>Per altra banda, \u00e9s important tenir en compte alguns conceptes b\u00e0sics de narraci\u00f3 audiovisual: els <b>tipus de plans<\/b> i els <b>moviments de c\u00e0mera<\/b>.<\/p>\n<p>Els tipus de plans fan refer\u00e8ncia a l\u2019enquadrament i distancia del motiu que estem enregistrant. Els principals s\u00f3n:<\/p>\n<p><b>Pla general: <\/b>el pla general mostra una escena ampla que inclou molts elements que es veuen llunyans. Introdueix a l&#8217;espectador en la situaci\u00f3, li ofereix una vista general i li informa sobre el lloc i de les condicions en qu\u00e8 es desenvolupa l&#8217;acci\u00f3.<\/p>\n<p><b>Pl\u00e0nol mitj\u00e0:<\/b> limita \u00f2pticament l&#8217;acci\u00f3 mitjan\u00e7ant un enquadrament m\u00e9s redu\u00eft i dirigeix l&#8217;atenci\u00f3 de l&#8217;espectador cap a l&#8217;objecte. Els elements es diferencien millor i els grups de persones es poden distingir b\u00e9 i poden arribar a omplir la pantalla.<\/p>\n<p><b>Primer pl\u00e0nol<\/b> enquadrament d&#8217;una figura humana per sota de la clav\u00edcula. El rostre de l&#8217;actor omple la pantalla. T\u00e9 la facultat d&#8217;introduir-nos en la psicologia del personatge. Amb aquest enquadrament s&#8217;arriba a un dels extrems del llenguatge visual: els objectes creixen fins a aconseguir proporcions desmesurades i es mostren els detalls (ulls, boca, etc.).<\/p>\n<p><b>Gran primer pl\u00e0nol:<\/b> quan el cap omple l&#8217;enquadrament.<\/p>\n<p><b>Pla detall<\/b>: Primer\u00edssims pl\u00e0nols d&#8217;objectes o subjectes.<\/p>\n<p>&nbsp;<\/p>","protected":false},"excerpt":{"rendered":"<p>C\u00e0meres b\u00e0siques L\u2019enregistrament de v\u00eddeo es pot realitzar amb una c\u00e0mera r\u00e8flex. Les c\u00e0meres actuals ofereixen la possibilitat de grabar v\u00eddeo amb molt bona qualitat. Una altra opci\u00f3, si no necessitem alta qualitat, \u00e9s utilitzar un dispositiu m\u00f2bil (ja sigui smartphone o tablet). En tots els casos el proc\u00e9s ser\u00e0 el mateix i obtindreu el &hellip; <\/p>\n<p class=\"link-more\"><a href=\"http:\/\/multimedia.uoc.edu\/blogs\/labdoc\/com-fer-videos\/\" class=\"more-link\">Continua llegint <span class=\"screen-reader-text\">\u00abCom fer v\u00eddeos\u00bb<\/span><\/a><\/p>\n","protected":false},"author":142,"featured_media":0,"parent":0,"menu_order":0,"comment_status":"closed","ping_status":"closed","template":"plantilla-pagina.php","meta":{"footnotes":""},"tags":[],"class_list":["post-97","page","type-page","status-publish","hentry","entry"],"_links":{"self":[{"href":"http:\/\/multimedia.uoc.edu\/blogs\/labdoc\/wp-json\/wp\/v2\/pages\/97","targetHints":{"allow":["GET"]}}],"collection":[{"href":"http:\/\/multimedia.uoc.edu\/blogs\/labdoc\/wp-json\/wp\/v2\/pages"}],"about":[{"href":"http:\/\/multimedia.uoc.edu\/blogs\/labdoc\/wp-json\/wp\/v2\/types\/page"}],"author":[{"embeddable":true,"href":"http:\/\/multimedia.uoc.edu\/blogs\/labdoc\/wp-json\/wp\/v2\/users\/142"}],"replies":[{"embeddable":true,"href":"http:\/\/multimedia.uoc.edu\/blogs\/labdoc\/wp-json\/wp\/v2\/comments?post=97"}],"version-history":[{"count":11,"href":"http:\/\/multimedia.uoc.edu\/blogs\/labdoc\/wp-json\/wp\/v2\/pages\/97\/revisions"}],"predecessor-version":[{"id":353,"href":"http:\/\/multimedia.uoc.edu\/blogs\/labdoc\/wp-json\/wp\/v2\/pages\/97\/revisions\/353"}],"wp:attachment":[{"href":"http:\/\/multimedia.uoc.edu\/blogs\/labdoc\/wp-json\/wp\/v2\/media?parent=97"}],"wp:term":[{"taxonomy":"post_tag","embeddable":true,"href":"http:\/\/multimedia.uoc.edu\/blogs\/labdoc\/wp-json\/wp\/v2\/tags?post=97"}],"curies":[{"name":"wp","href":"https:\/\/api.w.org\/{rel}","templated":true}]}}