{"id":1016,"date":"2014-03-08T15:10:43","date_gmt":"2014-03-08T15:10:43","guid":{"rendered":"http:\/\/multimedia.uoc.edu\/blogs\/labeines\/?p=1016"},"modified":"2015-12-17T09:35:35","modified_gmt":"2015-12-17T09:35:35","slug":"justinmind-prototyper-creant-els-nostres-prototips-web","status":"publish","type":"page","link":"http:\/\/multimedia.uoc.edu\/blogs\/labeines\/es\/prototipat\/justinmind-prototyper-creant-els-nostres-prototips-web\/","title":{"rendered":"Justinmind Prototyper, creando nuestros prototipos web"},"content":{"rendered":"<p>Una de las fases m\u00e1s cl\u00e1sicas y necesarias en la creaci\u00f3n es el llamado boceto o croquis. Llevado al campo del dise\u00f1o web ser\u00eda el llamado \u201cMockup\u201d, que b\u00e1sicamente se utiliza para crear una interfaz que pueda ser testeada antes de dise\u00f1ar y montar. Necesitamos dejar definid la estructura, \u00a0funcionalidades y \u00a0\u00a0dise\u00f1o antes de comenzar con el desarrollo en s\u00ed. Este boceto servir\u00e1 para ir concretando detalles e ir desarrollando el dise\u00f1o final, como para presentar \u00a0a los clientes, u otros trabajadores del equipo que trabajan en el proyecto.<\/p>\n<p>Con Justinmind Prototyper\u00a0podemos hacer esto y mucho m\u00e1s de una forma bastante sencilla. Se trata de una aplicaci\u00f3n de origen espa\u00f1ol , aunque se ha afincado en USA, en Silicon Valley. \u00a0Google, Audi, Paypal, NASA, Redbull, Sony y MTV son algunas de las empresas que utilizan esta herramienta<\/p>\n<p>Para crear nuestro prototipo lo vamos a hacer distribuyendo\u00a0distintos widgets\u00a0en la pantalla. Podemos crear varias pantallas e ir enlaz\u00e1ndolas para obtener la simulaci\u00f3n de una aplicacion web completa.<\/p>\n<p>Adem\u00e1s de los widgets incluidos con la aplicaci\u00f3n podemos descargar algunos m\u00e1s desde la web de Justinmind:\u00a0<a href=\"http:\/\/www.justinmind.com\/prototyper\/widgets-web\">http:\/\/www.justinmind.com\/prototyper\/widgets-web<\/a>. Adem\u00e1s de estos sets, podemos crear los nuestros propios, espec\u00edficos para cada proyecto.<\/p>\n<p>La aplicaci\u00f3n es bastantes encilla de usar y tiene 2 partes principales, los paneles dinamicos y los eventos.<br \/>\nLos paneles din\u00e1micos:\u00a0Te permiten poner \u00a0varios elementos en el mismo \u00e1rea, de esta forma podremos simular botones, cambios de pesta\u00f1a u otros contenidos que cambian din\u00e1micamente, etc.<\/p>\n<p>Los eventos:\u00a0Nos permiten indicar acciones sobre los elementos que tenemos en nuestro dise\u00f1o.<\/p>\n<p>Podemos consultar un manual de iniciaci\u00f3n en la siguiente web (en castellano)<\/p>\n<p><a href=\"https:\/\/www.yumpu.com\/es\/document\/view\/12459850\/tutoriales-para-justinmind-prototyper-nivel-basico-amazon-web-\">https:\/\/www.yumpu.com\/es\/document\/view\/12459850\/tutoriales-para-justinmind-prototyper-nivel-basico-amazon-web-<\/a><\/p>\n<p>&nbsp;<\/p>\n<p>Enlaces de inter\u00e9s<\/p>\n<ul>\n<li><a href=\"http:\/\/www.justinmind.com\/\">http:\/\/www.justinmind.com\/<\/a>\u00a0(web oficial)<\/li>\n<li><a href=\"http:\/\/www.justinmind.com\/prototyper\/learn-build\">http:\/\/www.justinmind.com\/prototyper\/learn-build<\/a>\u00a0(tutoriales oficiales en ingles)<\/li>\n<li><a href=\"http:\/\/olgacarreras.blogspot.com.es\/2007\/02\/wireframes.html\">http:\/\/olgacarreras.blogspot.com.es\/2007\/02\/wireframes.html<\/a>\u00a0(terminologia)<\/li>\n<li><a href=\"http:\/\/www.abc.es\/tecnologia\/moviles-aplicaciones\/20131205\/abci-justinmind-prototyper-triunfo-espanol-201312042057.html\">http:\/\/www.abc.es\/tecnologia\/moviles-aplicaciones\/20131205\/abci-justinmind-prototyper-triunfo-espanol-201312042057.html<\/a><\/li>\n<li><a href=\"http:\/\/www.ddw.com.ar\/guias\/planificacion-web\/241-haz-prototipos-para-tu-sitio-web\">http:\/\/www.ddw.com.ar\/guias\/planificacion-web\/241-haz-prototipos-para-tu-sitio-web<\/a><\/li>\n<li><a href=\"http:\/\/www.desarrolloweb.com\/articulos\/prototipado-diseno-web.html\">http:\/\/www.desarrolloweb.com\/articulos\/prototipado-diseno-web.html<\/a><\/li>\n<\/ul>\n<p>&nbsp;<\/p>","protected":false},"excerpt":{"rendered":"<p>Una de las fases m\u00e1s cl\u00e1sicas y necesarias en la creaci\u00f3n es el llamado boceto o croquis. Llevado al campo del dise\u00f1o web ser\u00eda el llamado \u201cMockup\u201d, que b\u00e1sicamente se utiliza para crear una interfaz que pueda ser testeada antes de dise\u00f1ar y montar. Necesitamos dejar definid la estructura, \u00a0funcionalidades y \u00a0\u00a0dise\u00f1o antes de comenzar &hellip; <\/p>\n<p class=\"link-more\"><a href=\"http:\/\/multimedia.uoc.edu\/blogs\/labeines\/es\/prototipat\/justinmind-prototyper-creant-els-nostres-prototips-web\/\" class=\"more-link\">Seguir leyendo<span class=\"screen-reader-text\"> \u00abJustinmind Prototyper, creando nuestros prototipos web\u00bb<\/span><\/a><\/p>\n","protected":false},"author":58,"featured_media":0,"parent":1162,"menu_order":0,"comment_status":"closed","ping_status":"closed","template":"plantilla-pagina.php","meta":{"footnotes":""},"tags":[37],"class_list":["post-1016","page","type-page","status-publish","hentry","tag-justinmind","entry"],"_links":{"self":[{"href":"http:\/\/multimedia.uoc.edu\/blogs\/labeines\/es\/wp-json\/wp\/v2\/pages\/1016","targetHints":{"allow":["GET"]}}],"collection":[{"href":"http:\/\/multimedia.uoc.edu\/blogs\/labeines\/es\/wp-json\/wp\/v2\/pages"}],"about":[{"href":"http:\/\/multimedia.uoc.edu\/blogs\/labeines\/es\/wp-json\/wp\/v2\/types\/page"}],"author":[{"embeddable":true,"href":"http:\/\/multimedia.uoc.edu\/blogs\/labeines\/es\/wp-json\/wp\/v2\/users\/58"}],"replies":[{"embeddable":true,"href":"http:\/\/multimedia.uoc.edu\/blogs\/labeines\/es\/wp-json\/wp\/v2\/comments?post=1016"}],"version-history":[{"count":2,"href":"http:\/\/multimedia.uoc.edu\/blogs\/labeines\/es\/wp-json\/wp\/v2\/pages\/1016\/revisions"}],"predecessor-version":[{"id":1018,"href":"http:\/\/multimedia.uoc.edu\/blogs\/labeines\/es\/wp-json\/wp\/v2\/pages\/1016\/revisions\/1018"}],"up":[{"embeddable":true,"href":"http:\/\/multimedia.uoc.edu\/blogs\/labeines\/es\/wp-json\/wp\/v2\/pages\/1162"}],"wp:attachment":[{"href":"http:\/\/multimedia.uoc.edu\/blogs\/labeines\/es\/wp-json\/wp\/v2\/media?parent=1016"}],"wp:term":[{"taxonomy":"post_tag","embeddable":true,"href":"http:\/\/multimedia.uoc.edu\/blogs\/labeines\/es\/wp-json\/wp\/v2\/tags?post=1016"}],"curies":[{"name":"wp","href":"https:\/\/api.w.org\/{rel}","templated":true}]}}