{"id":1077,"date":"2014-04-07T08:25:07","date_gmt":"2014-04-07T08:25:07","guid":{"rendered":"http:\/\/multimedia.uoc.edu\/blogs\/labeines\/?p=1077"},"modified":"2018-02-16T13:03:14","modified_gmt":"2018-02-16T13:03:14","slug":"text-amb-inkscape","status":"publish","type":"page","link":"http:\/\/multimedia.uoc.edu\/blogs\/labeines\/es\/introduccio\/text-amb-inkscape\/","title":{"rendered":"Texto con Inkscape"},"content":{"rendered":"<p>Inkscape tiene un sistema sofisticado para crear y manipular texto. A parte de lo habitual (negritas, cursivas, tama\u00f1os, alineaciones, etc.) tambi\u00e9n puede ser vertical o horitzontal, variar distancias entre car\u00e1cteres y se puede poner en una trayectoria de un trazo.<\/p>\n<p>En Incskape hay tres tipos de objectos de texto.<\/p>\n<ul>\n<li>El <strong>texto normal<\/strong> es una linea de texto horitzontal o vertical que empieza en el punto donde se clica y se expande a medida que se introducen car\u00e1cteres. Es \u00fatil para introducir pocas palabras.<\/li>\n<li>El <strong>text fluido<\/strong> o texto de p\u00e1rrafo utiliza los l\u00edmites de un objecto para controlar el flujo de car\u00e1cteres, cuando el texto llega a uno de los l\u00edmites, se ajusta autom\u00e1ticamente a la forma del area. Es \u00fatil para incluir uno o varios p\u00e1rrafos.<\/li>\n<li>El <strong>text fluido-enlazado <\/strong>fluye a lo largo del borde del trazado (abierto o cerrado), en la direcci\u00f3n en la cual se han a\u00f1adido los puntos del trazado. Para obterner m\u00e1s informaci\u00f3n: <a href=\"http:\/\/tavmjong.free.fr\/INKSCAPE\/MANUAL_v15\/html_es\/Text-Creating.html\">http:\/\/tavmjong.free.fr\/INKSCAPE\/MANUAL_v15\/html_es\/Text-Creating.html<\/a><\/li>\n<\/ul>\n<p>Una vez tenemos el texto creado, para editarlo hay que seleccionarlo. Encontrar\u00e9is las explicaciones oportunas en:<\/p>\n<ul>\n<li>seleccionar: <a href=\"http:\/\/tavmjong.free.fr\/INKSCAPE\/MANUAL_v15\/html_es\/Text-Selection.html\">http:\/\/tavmjong.free.fr\/INKSCAPE\/MANUAL_v15\/html_es\/Text-Selection.html<\/a><\/li>\n<li>editar: <a href=\"http:\/\/tavmjong.free.fr\/INKSCAPE\/MANUAL_v15\/html_es\/Text-Editing.html\">http:\/\/tavmjong.free.fr\/INKSCAPE\/MANUAL_v15\/html_es\/Text-Editing.html<\/a><\/li>\n<\/ul>\n<p>Para dar formato al texto o editar los car\u00e1cteres seleccionados, Inkscape nos ofrece tres formars de hacerlo: a trav\u00e9s del los controles de la herramiento de texto, combinaciones de teclas o el cuadro de di\u00e1logo Texto y tipograf\u00eda. Para m\u00e1s informaci\u00f3n: <a href=\"http:\/\/tavmjong.free.fr\/INKSCAPE\/MANUAL_v15\/html_es\/Text-Formatting.html\">http:\/\/tavmjong.free.fr\/INKSCAPE\/MANUAL_v15\/html_es\/Text-Formatting.html<\/a><\/p>\n<p>Podremos editar:<\/p>\n<ul>\n<li>Fuente<\/li>\n<li>Tama\u00f1io de la letra<\/li>\n<li>Estilo de la letra<\/li>\n<li>Alineaci\u00f3n<\/li>\n<li>Super\u00edndice\/Sub\u00edndice<\/li>\n<li>Espacio entre lineas<\/li>\n<li>Espacio entre palabras<\/li>\n<li>Espacio entre letras<\/li>\n<li>Interletrage, desplazamiento y rotaci\u00f3n de caracteres<\/li>\n<li>Orientaci\u00f3n<\/li>\n<\/ul>\n<p>Si se editan las propiedades de un texto, estos cambios solo se aplicaran al textos seleccionado, pero si no tuvi\u00e9ramos nada seleccionado, entonces afectar\u00edan al estilo predeterminado.<\/p>\n<p>Para poner texto sobre un trazado habr\u00e1 que introducir el texto con texto normal o fluido y, luego, dibujar el trazo. Este texto tambi\u00e9n se podr\u00e1 editar. Encontrar\u00e9is todas las explicaciones en: <a href=\"http:\/\/tavmjong.free.fr\/INKSCAPE\/MANUAL_v15\/html_es\/Text-Path.html\">http:\/\/tavmjong.free.fr\/INKSCAPE\/MANUAL_v15\/html_es\/Text-Path.html<\/a><\/p>\n<p>Tambi\u00e9n es posible poner un text dentro de una forma determinada. M\u00e1s informaci\u00f3 en <a href=\"http:\/\/tavmjong.free.fr\/INKSCAPE\/MANUAL_v15\/html_es\/Text-Flow.html\">http:\/\/tavmjong.free.fr\/INKSCAPE\/MANUAL_v15\/html_es\/Text-Flow.html<\/a><\/p>\n<p>Algunos links que pueden servir para ampliar informaci\u00f3n y practicar:<\/p>\n<ul>\n<li>Poner un texto en un trazo: <a title=\"Posar text en un cam\u00ed\" href=\"http:\/\/www.youtube.com\/watch?v=ZnRc5ylPiiE\" target=\"_blank\" rel=\"noopener\">http:\/\/www.youtube.com\/watch?v=ZnRc5ylPiiE<\/a><\/li>\n<li>Rellenar un texto con una imagen: <a title=\"Farcir text amb una imatge\" href=\"http:\/\/www.youtube.com\/watch?v=PEKRSD3OAWg\" target=\"_blank\" rel=\"noopener\">http:\/\/www.youtube.com\/watch?v=PEKRSD3OAWg<\/a><\/li>\n<\/ul>\n<p><\/p>","protected":false},"excerpt":{"rendered":"<p>Inkscape tiene un sistema sofisticado para crear y manipular texto. A parte de lo habitual (negritas, cursivas, tama\u00f1os, alineaciones, etc.) tambi\u00e9n puede ser vertical o horitzontal, variar distancias entre car\u00e1cteres y se puede poner en una trayectoria de un trazo. En Incskape hay tres tipos de objectos de texto. El texto normal es una linea &hellip; <\/p>\n<p class=\"link-more\"><a href=\"http:\/\/multimedia.uoc.edu\/blogs\/labeines\/es\/introduccio\/text-amb-inkscape\/\" class=\"more-link\">Seguir leyendo<span class=\"screen-reader-text\"> \u00abTexto con Inkscape\u00bb<\/span><\/a><\/p>\n","protected":false},"author":57,"featured_media":0,"parent":1126,"menu_order":0,"comment_status":"closed","ping_status":"closed","template":"plantilla-pagina.php","meta":{"footnotes":""},"tags":[18],"class_list":["post-1077","page","type-page","status-publish","hentry","tag-inkscape","entry"],"_links":{"self":[{"href":"http:\/\/multimedia.uoc.edu\/blogs\/labeines\/es\/wp-json\/wp\/v2\/pages\/1077","targetHints":{"allow":["GET"]}}],"collection":[{"href":"http:\/\/multimedia.uoc.edu\/blogs\/labeines\/es\/wp-json\/wp\/v2\/pages"}],"about":[{"href":"http:\/\/multimedia.uoc.edu\/blogs\/labeines\/es\/wp-json\/wp\/v2\/types\/page"}],"author":[{"embeddable":true,"href":"http:\/\/multimedia.uoc.edu\/blogs\/labeines\/es\/wp-json\/wp\/v2\/users\/57"}],"replies":[{"embeddable":true,"href":"http:\/\/multimedia.uoc.edu\/blogs\/labeines\/es\/wp-json\/wp\/v2\/comments?post=1077"}],"version-history":[{"count":6,"href":"http:\/\/multimedia.uoc.edu\/blogs\/labeines\/es\/wp-json\/wp\/v2\/pages\/1077\/revisions"}],"predecessor-version":[{"id":1652,"href":"http:\/\/multimedia.uoc.edu\/blogs\/labeines\/es\/wp-json\/wp\/v2\/pages\/1077\/revisions\/1652"}],"up":[{"embeddable":true,"href":"http:\/\/multimedia.uoc.edu\/blogs\/labeines\/es\/wp-json\/wp\/v2\/pages\/1126"}],"wp:attachment":[{"href":"http:\/\/multimedia.uoc.edu\/blogs\/labeines\/es\/wp-json\/wp\/v2\/media?parent=1077"}],"wp:term":[{"taxonomy":"post_tag","embeddable":true,"href":"http:\/\/multimedia.uoc.edu\/blogs\/labeines\/es\/wp-json\/wp\/v2\/tags?post=1077"}],"curies":[{"name":"wp","href":"https:\/\/api.w.org\/{rel}","templated":true}]}}