{"id":1079,"date":"2014-04-07T08:29:43","date_gmt":"2014-04-07T08:29:43","guid":{"rendered":"http:\/\/multimedia.uoc.edu\/blogs\/labeines\/?p=1079"},"modified":"2018-02-16T13:06:29","modified_gmt":"2018-02-16T13:06:29","slug":"unitats-amb-inkscape","status":"publish","type":"page","link":"http:\/\/multimedia.uoc.edu\/blogs\/labeines\/es\/introduccio\/unitats-amb-inkscape\/","title":{"rendered":"Unidades en Inkscape"},"content":{"rendered":"<p>Las unidades de medidad generales, para trazos y texto que utiliza Inkscape por defecto, se pueden cambiar.<\/p>\n<p>Desde Fichero &gt; Propiedades del documento (May\u00fas+Ctrl+D) podemos definir las unidades por defecto y las unidades del tama\u00f1o de p\u00e1gina.<\/p>\n<p>La opci\u00f3n General afecta las reglas, para medir la distancia entre puntos, mover y transformar objectos, ajustar el espacio de cuadr\u00edcula y de las gu\u00edas, y para crear formas.<\/p>\n<p>Adem\u00e1s, se puede cambiar la unidad de medida al introducir un valor de un cuadro. Podemos escoger entre: cm (Cent\u00edmetros), ft (pies), in (pulgadas), m (metros), mm (mil\u00edmetros), pc (picas), pt (puntos) i px (p\u00edxeles) <a href=\"http:\/\/tavmjong.free.fr\/INKSCAPE\/MANUAL_v15\/html_es\/Shapes-Rectangles.html\">http:\/\/tavmjong.free.fr\/INKSCAPE\/MANUAL_v15\/html_es\/Shapes-Rectangles.html<\/a><\/p>","protected":false},"excerpt":{"rendered":"<p>Las unidades de medidad generales, para trazos y texto que utiliza Inkscape por defecto, se pueden cambiar. Desde Fichero &gt; Propiedades del documento (May\u00fas+Ctrl+D) podemos definir las unidades por defecto y las unidades del tama\u00f1o de p\u00e1gina. La opci\u00f3n General afecta las reglas, para medir la distancia entre puntos, mover y transformar objectos, ajustar el &hellip; <\/p>\n<p class=\"link-more\"><a href=\"http:\/\/multimedia.uoc.edu\/blogs\/labeines\/es\/introduccio\/unitats-amb-inkscape\/\" class=\"more-link\">Seguir leyendo<span class=\"screen-reader-text\"> \u00abUnidades en Inkscape\u00bb<\/span><\/a><\/p>\n","protected":false},"author":57,"featured_media":0,"parent":1126,"menu_order":0,"comment_status":"closed","ping_status":"closed","template":"plantilla-pagina.php","meta":{"footnotes":""},"tags":[18],"class_list":["post-1079","page","type-page","status-publish","hentry","tag-inkscape","entry"],"_links":{"self":[{"href":"http:\/\/multimedia.uoc.edu\/blogs\/labeines\/es\/wp-json\/wp\/v2\/pages\/1079","targetHints":{"allow":["GET"]}}],"collection":[{"href":"http:\/\/multimedia.uoc.edu\/blogs\/labeines\/es\/wp-json\/wp\/v2\/pages"}],"about":[{"href":"http:\/\/multimedia.uoc.edu\/blogs\/labeines\/es\/wp-json\/wp\/v2\/types\/page"}],"author":[{"embeddable":true,"href":"http:\/\/multimedia.uoc.edu\/blogs\/labeines\/es\/wp-json\/wp\/v2\/users\/57"}],"replies":[{"embeddable":true,"href":"http:\/\/multimedia.uoc.edu\/blogs\/labeines\/es\/wp-json\/wp\/v2\/comments?post=1079"}],"version-history":[{"count":3,"href":"http:\/\/multimedia.uoc.edu\/blogs\/labeines\/es\/wp-json\/wp\/v2\/pages\/1079\/revisions"}],"predecessor-version":[{"id":1654,"href":"http:\/\/multimedia.uoc.edu\/blogs\/labeines\/es\/wp-json\/wp\/v2\/pages\/1079\/revisions\/1654"}],"up":[{"embeddable":true,"href":"http:\/\/multimedia.uoc.edu\/blogs\/labeines\/es\/wp-json\/wp\/v2\/pages\/1126"}],"wp:attachment":[{"href":"http:\/\/multimedia.uoc.edu\/blogs\/labeines\/es\/wp-json\/wp\/v2\/media?parent=1079"}],"wp:term":[{"taxonomy":"post_tag","embeddable":true,"href":"http:\/\/multimedia.uoc.edu\/blogs\/labeines\/es\/wp-json\/wp\/v2\/tags?post=1079"}],"curies":[{"name":"wp","href":"https:\/\/api.w.org\/{rel}","templated":true}]}}