{"id":280,"date":"2013-03-13T12:06:52","date_gmt":"2013-03-13T12:06:52","guid":{"rendered":"http:\/\/multimedia.uoc.edu\/blogs\/labeines\/?p=280"},"modified":"2015-12-17T09:34:53","modified_gmt":"2015-12-17T09:34:53","slug":"curs-basic-de-mapes-mentals","status":"publish","type":"page","link":"http:\/\/multimedia.uoc.edu\/blogs\/labeines\/es\/diagrames\/curs-basic-de-mapes-mentals\/","title":{"rendered":"Curso b\u00e1sico de mapas mentales"},"content":{"rendered":"<p>Curso con v\u00eddeos en castellano con consejos acerca de la creaci\u00f3n de mapas mentales, y con introducci\u00f3n a algunas de las herramientas que podemos utilizar para ello.<\/p>\n<p><img loading=\"lazy\" decoding=\"async\" src=\"http:\/\/multimedia.uoc.edu\/blogs\/labeines\/files\/2013\/03\/curso-mapas-mentales.png\" alt=\"curso-mapas-mentales\" width=\"300\" height=\"300\" class=\"alignnone size-full wp-image-530\" srcset=\"http:\/\/multimedia.uoc.edu\/blogs\/labeines\/files\/2013\/03\/curso-mapas-mentales.png 300w, http:\/\/multimedia.uoc.edu\/blogs\/labeines\/files\/2013\/03\/curso-mapas-mentales-150x150.png 150w\" sizes=\"auto, (max-width: 300px) 100vw, 300px\" \/><\/p>\n<p>Acceso al curso:<br \/>\n<a href=\"http:\/\/cursomapasmentales.igipuzkoa.net\/\">Curs b\u00e0sic de mapes mentals<\/a>. <cite>Innovaci\u00f3n y Sociedad del Conocimiento (Gipuzkoa)<\/cite>.<\/p>","protected":false},"excerpt":{"rendered":"<p>Curso con v\u00eddeos en castellano con consejos acerca de la creaci\u00f3n de mapas mentales, y con introducci\u00f3n a algunas de las herramientas que podemos utilizar para ello.<\/p>\n<p>Acceso al curso:<br \/>\n<a href=\"http:\/\/cursomapasmentales.igipuzkoa.net\/\">Curs b\u00e0sic de mapes mentals<\/a>. <cite>Innovaci\u00f3n y Sociedad del Conocimiento (Gipuzkoa)<\/cite>.<\/p>\n","protected":false},"author":6,"featured_media":530,"parent":1145,"menu_order":0,"comment_status":"closed","ping_status":"open","template":"plantilla-pagina.php","meta":{"footnotes":""},"tags":[],"class_list":["post-280","page","type-page","status-publish","has-post-thumbnail","hentry","entry"],"_links":{"self":[{"href":"http:\/\/multimedia.uoc.edu\/blogs\/labeines\/es\/wp-json\/wp\/v2\/pages\/280","targetHints":{"allow":["GET"]}}],"collection":[{"href":"http:\/\/multimedia.uoc.edu\/blogs\/labeines\/es\/wp-json\/wp\/v2\/pages"}],"about":[{"href":"http:\/\/multimedia.uoc.edu\/blogs\/labeines\/es\/wp-json\/wp\/v2\/types\/page"}],"author":[{"embeddable":true,"href":"http:\/\/multimedia.uoc.edu\/blogs\/labeines\/es\/wp-json\/wp\/v2\/users\/6"}],"replies":[{"embeddable":true,"href":"http:\/\/multimedia.uoc.edu\/blogs\/labeines\/es\/wp-json\/wp\/v2\/comments?post=280"}],"version-history":[{"count":11,"href":"http:\/\/multimedia.uoc.edu\/blogs\/labeines\/es\/wp-json\/wp\/v2\/pages\/280\/revisions"}],"predecessor-version":[{"id":1325,"href":"http:\/\/multimedia.uoc.edu\/blogs\/labeines\/es\/wp-json\/wp\/v2\/pages\/280\/revisions\/1325"}],"up":[{"embeddable":true,"href":"http:\/\/multimedia.uoc.edu\/blogs\/labeines\/es\/wp-json\/wp\/v2\/pages\/1145"}],"wp:featuredmedia":[{"embeddable":true,"href":"http:\/\/multimedia.uoc.edu\/blogs\/labeines\/es\/wp-json\/wp\/v2\/media\/530"}],"wp:attachment":[{"href":"http:\/\/multimedia.uoc.edu\/blogs\/labeines\/es\/wp-json\/wp\/v2\/media?parent=280"}],"wp:term":[{"taxonomy":"post_tag","embeddable":true,"href":"http:\/\/multimedia.uoc.edu\/blogs\/labeines\/es\/wp-json\/wp\/v2\/tags?post=280"}],"curies":[{"name":"wp","href":"https:\/\/api.w.org\/{rel}","templated":true}]}}