{"id":4,"date":"2013-02-23T10:22:19","date_gmt":"2013-02-23T10:22:19","guid":{"rendered":"http:\/\/multimedia.uoc.edu\/blogs\/labeines\/?page_id=4"},"modified":"2015-12-17T09:35:23","modified_gmt":"2015-12-17T09:35:23","slug":"inici","status":"publish","type":"page","link":"http:\/\/multimedia.uoc.edu\/blogs\/labeines\/es\/","title":{"rendered":"Inicio"},"content":{"rendered":"<p>Este es un espacio con recursos sobre <strong>herramientas de dise\u00f1o <\/strong> de los <a href=\"http:\/\/eimt.uoc.edu\">Estudios de inform\u00e1tica, multimedia i telecomunicaci\u00f3n <\/a> de la <a href=\"http:\/\/www.uoc.edu\">Universitat Oberta de Catalunya<\/a>.<\/p>\n<p>Desde el men\u00fa de la izquierda se puede acceder al conjunto de entradas relacionadas con las distintas \u00e1reas relacionadas con el proceso de dise\u00f1o, as\u00ed como una breve explicaci\u00f3n y un listado de herramientas recomendadas<\/p>","protected":false},"excerpt":{"rendered":"<p>Este es un espacio con recursos sobre herramientas de dise\u00f1o de los Estudios de inform\u00e1tica, multimedia i telecomunicaci\u00f3n de la Universitat Oberta de Catalunya. Desde el men\u00fa de la izquierda se puede acceder al conjunto de entradas relacionadas con las distintas \u00e1reas relacionadas con el proceso de dise\u00f1o, as\u00ed como una breve explicaci\u00f3n y un &hellip; <\/p>\n<p class=\"link-more\"><a href=\"http:\/\/multimedia.uoc.edu\/blogs\/labeines\/es\/\" class=\"more-link\">Seguir leyendo<span class=\"screen-reader-text\"> \u00abInicio\u00bb<\/span><\/a><\/p>\n","protected":false},"author":6,"featured_media":0,"parent":0,"menu_order":0,"comment_status":"closed","ping_status":"open","template":"plantilla-pagina.php","meta":{"footnotes":""},"tags":[],"class_list":["post-4","page","type-page","status-publish","hentry","entry"],"_links":{"self":[{"href":"http:\/\/multimedia.uoc.edu\/blogs\/labeines\/es\/wp-json\/wp\/v2\/pages\/4","targetHints":{"allow":["GET"]}}],"collection":[{"href":"http:\/\/multimedia.uoc.edu\/blogs\/labeines\/es\/wp-json\/wp\/v2\/pages"}],"about":[{"href":"http:\/\/multimedia.uoc.edu\/blogs\/labeines\/es\/wp-json\/wp\/v2\/types\/page"}],"author":[{"embeddable":true,"href":"http:\/\/multimedia.uoc.edu\/blogs\/labeines\/es\/wp-json\/wp\/v2\/users\/6"}],"replies":[{"embeddable":true,"href":"http:\/\/multimedia.uoc.edu\/blogs\/labeines\/es\/wp-json\/wp\/v2\/comments?post=4"}],"version-history":[{"count":98,"href":"http:\/\/multimedia.uoc.edu\/blogs\/labeines\/es\/wp-json\/wp\/v2\/pages\/4\/revisions"}],"predecessor-version":[{"id":1333,"href":"http:\/\/multimedia.uoc.edu\/blogs\/labeines\/es\/wp-json\/wp\/v2\/pages\/4\/revisions\/1333"}],"wp:attachment":[{"href":"http:\/\/multimedia.uoc.edu\/blogs\/labeines\/es\/wp-json\/wp\/v2\/media?parent=4"}],"wp:term":[{"taxonomy":"post_tag","embeddable":true,"href":"http:\/\/multimedia.uoc.edu\/blogs\/labeines\/es\/wp-json\/wp\/v2\/tags?post=4"}],"curies":[{"name":"wp","href":"https:\/\/api.w.org\/{rel}","templated":true}]}}