{"id":884,"date":"2013-10-14T17:22:24","date_gmt":"2013-10-14T17:22:24","guid":{"rendered":"http:\/\/multimedia.uoc.edu\/blogs\/labeines\/?p=884"},"modified":"2017-12-28T11:18:11","modified_gmt":"2017-12-28T11:18:11","slug":"exportacio-de-grafics-a-diferents-formats","status":"publish","type":"page","link":"http:\/\/multimedia.uoc.edu\/blogs\/labeines\/es\/introduccio\/exportacio-de-grafics-a-diferents-formats\/","title":{"rendered":"Exportaci\u00f3n de gr\u00e1ficos a diferentes formatos"},"content":{"rendered":"<p>Informaci\u00f3n sobre exportaci\u00f3n de gr\u00e1ficos a diferentes formatos,<\/p>\n<p>Hay varios par\u00e1metros de resoluci\u00f3n que influyen en un documento de Illustrator.<\/p>\n<ul>\n<li>El primero de ellos est\u00e1 en Efectos &gt; ajuste de efectos de rasterizado de documento<\/li>\n<li>En Edici\u00f3n &gt; ajustes preestablecidos del acoplador de transparencias se introduce la resoluci\u00f3n de los objetos que al solaparse exigen rastrerizaci\u00f3n (convertir vectores a mapa de bits), Por ejemplo: una sombra paralela que cae encima de un texto o de un rect\u00e1ngulo exigir\u00e1 que a la hora de imprimir la parte de ese texto o rect\u00e1ngulo afectada por la sombra se convierta a mapa de bits. En la ventana Previsualizador del Acoplador puedes ver los objetos que se ver\u00e1n afectados y ajustar la resoluci\u00f3n.<\/li>\n<li>El \u00faltimo ajuste de resoluci\u00f3n se hace en la ventana de impresi\u00f3n.<\/li>\n<\/ul>\n<p>Hay que tener en cuenta que los archivos de vectores no tienen resoluci\u00f3n. Son f\u00f3rmulas matem\u00e1ticas que crean formas por lo que su ampliaci\u00f3n en el mismo documento no afecta a su resoluci\u00f3n. Es en el momento de la salida de ese documento a impresi\u00f3n cuando tienes que modificar los valores de resoluci\u00f3n. Los efectos raster o de mapa de bits se tambi\u00e9n rastrerizan en el momento de salida del documento.<\/p>\n<p>Por otro lado hay que tener en cuenta tambi\u00e9n que para no tener problemas con la exportaci\u00f3n, es muy importante que los materiales de im\u00e1genes (mapa de bits) que us\u00e9is en la composici\u00f3n tengan las resoluciones adecuadas. Por ejemplo, si us\u00e1is una imagen con una baja resoluci\u00f3n, es posible que en vuestro monitor que usa una resoluci\u00f3n de 72ppp se vea m\u00e1s o menos bien, pero al imprimir, que se usa al menos 300ppp lo ver\u00e9is mal.<\/p>\n<p>Si vuestra composici\u00f3n est\u00e1 pensada para enviar a imprenta, tendr\u00e9is que tener en cuenta que suelen usar el tipo de color cmyk y que piden que los dise\u00f1os tengan unos mil\u00edmetros de sangr\u00eda que var\u00edan seg\u00fan la imprenta\u00a0 (2 o 3 habitualmente) .<\/p>\n<p>Os incluyo una serie de enlaces de varias p\u00e1ginas\u00a0 que pueden ser de inter\u00e9s:<\/p>\n<ul>\n<li>Ajuste de los documentos para impresi\u00f3n <a href=\"http:\/\/help.adobe.com\/es_ES\/illustrator\/cs\/using\/WS714a382cdf7d304e7e07d0100196cbc5f-64cea.html\">http:\/\/help.adobe.com\/es_ES\/illustrator\/cs\/using\/WS714a382cdf7d304e7e07d0100196cbc5f-64cea.html<\/a><\/li>\n<li>Impresi\u00f3n y almacenamiento de ilustraciones transparentes <a href=\"http:\/\/help.adobe.com\/es_ES\/illustrator\/cs\/using\/WS714a382cdf7d304e7e07d0100196cbc5f-64a2a.html\">http:\/\/help.adobe.com\/es_ES\/illustrator\/cs\/using\/WS714a382cdf7d304e7e07d0100196cbc5f-64a2a.html<\/a><\/li>\n<li>Almacenamiento de ilustraciones <a href=\"http:\/\/help.adobe.com\/es_ES\/illustrator\/cs\/using\/WS714a382cdf7d304e7e07d0100196cbc5f-6561a.html\">http:\/\/help.adobe.com\/es_ES\/illustrator\/cs\/using\/WS714a382cdf7d304e7e07d0100196cbc5f-6561a.html<\/a><\/li>\n<li>Dise\u00f1o Grafico &#8211; Resoluci\u00f3n de una imagen <a href=\"http:\/\/www.taringa.net\/comunidades\/illustrator\/773907\/Diseno-Grafico---Resolucion-de-una-imagen.html\">http:\/\/www.taringa.net\/comunidades\/illustrator\/773907\/Diseno-Grafico&#8212;Resolucion-de-una-imagen.html<\/a><\/li>\n<li>Artboards en Adobe Illustrator. Estos elementos te permiten poner varios elementos en diferentes regiones del documento, esto puede ser muy \u00fatil para imprimir o para mantener elementos afuera del \u00e1rea de trabajo,\u00a0<a href=\"http:\/\/es.mishes.com\/tutoriales\/adobe-illustrator\/artboards-tips\">http:\/\/es.mishes.com\/tutoriales\/adobe-illustrator\/artboards-tips<\/a><\/li>\n<li>Exportar a PDF con capas ocultas <a href=\"http:\/\/forums.adobe.com\/thread\/1086759\">http:\/\/forums.adobe.com\/thread\/1086759<\/a><\/li>\n<\/ul>\n<p><\/p>","protected":false},"excerpt":{"rendered":"<p>Informaci\u00f3n sobre exportaci\u00f3n de gr\u00e1ficos a diferentes formatos, Hay varios par\u00e1metros de resoluci\u00f3n que influyen en un documento de Illustrator. El primero de ellos est\u00e1 en Efectos &gt; ajuste de efectos de rasterizado de documento En Edici\u00f3n &gt; ajustes preestablecidos del acoplador de transparencias se introduce la resoluci\u00f3n de los objetos que al solaparse exigen &hellip; <\/p>\n<p class=\"link-more\"><a href=\"http:\/\/multimedia.uoc.edu\/blogs\/labeines\/es\/introduccio\/exportacio-de-grafics-a-diferents-formats\/\" class=\"more-link\">Seguir leyendo<span class=\"screen-reader-text\"> \u00abExportaci\u00f3n de gr\u00e1ficos a diferentes formatos\u00bb<\/span><\/a><\/p>\n","protected":false},"author":58,"featured_media":0,"parent":1126,"menu_order":0,"comment_status":"closed","ping_status":"closed","template":"plantilla-pagina.php","meta":{"footnotes":""},"tags":[8],"class_list":["post-884","page","type-page","status-publish","hentry","tag-illustrator","entry"],"_links":{"self":[{"href":"http:\/\/multimedia.uoc.edu\/blogs\/labeines\/es\/wp-json\/wp\/v2\/pages\/884","targetHints":{"allow":["GET"]}}],"collection":[{"href":"http:\/\/multimedia.uoc.edu\/blogs\/labeines\/es\/wp-json\/wp\/v2\/pages"}],"about":[{"href":"http:\/\/multimedia.uoc.edu\/blogs\/labeines\/es\/wp-json\/wp\/v2\/types\/page"}],"author":[{"embeddable":true,"href":"http:\/\/multimedia.uoc.edu\/blogs\/labeines\/es\/wp-json\/wp\/v2\/users\/58"}],"replies":[{"embeddable":true,"href":"http:\/\/multimedia.uoc.edu\/blogs\/labeines\/es\/wp-json\/wp\/v2\/comments?post=884"}],"version-history":[{"count":12,"href":"http:\/\/multimedia.uoc.edu\/blogs\/labeines\/es\/wp-json\/wp\/v2\/pages\/884\/revisions"}],"predecessor-version":[{"id":1608,"href":"http:\/\/multimedia.uoc.edu\/blogs\/labeines\/es\/wp-json\/wp\/v2\/pages\/884\/revisions\/1608"}],"up":[{"embeddable":true,"href":"http:\/\/multimedia.uoc.edu\/blogs\/labeines\/es\/wp-json\/wp\/v2\/pages\/1126"}],"wp:attachment":[{"href":"http:\/\/multimedia.uoc.edu\/blogs\/labeines\/es\/wp-json\/wp\/v2\/media?parent=884"}],"wp:term":[{"taxonomy":"post_tag","embeddable":true,"href":"http:\/\/multimedia.uoc.edu\/blogs\/labeines\/es\/wp-json\/wp\/v2\/tags?post=884"}],"curies":[{"name":"wp","href":"https:\/\/api.w.org\/{rel}","templated":true}]}}