{"id":908,"date":"2013-10-22T15:21:21","date_gmt":"2013-10-22T15:21:21","guid":{"rendered":"http:\/\/multimedia.uoc.edu\/blogs\/labeines\/?p=908"},"modified":"2015-12-17T09:35:35","modified_gmt":"2015-12-17T09:35:35","slug":"recursos-principals-fireworks","status":"publish","type":"page","link":"http:\/\/multimedia.uoc.edu\/blogs\/labeines\/es\/recursos-principals-fireworks\/","title":{"rendered":"Recursos principales Fireworks"},"content":{"rendered":"<p>Adobe Fireworks en un software especializado en gr\u00e1ficos de pantalla, creaci\u00f3n r\u00e1pida de prototipos y dise\u00f1os para web y dispositivos m\u00f3viles. Permite trabajar con mapa de bits, gr\u00e1ficos vectoriales, gr\u00e1ficos en 3D y contenido interactivo b\u00e1sico multiplataforma.  <\/p>\n<hr>\n<h2>Recursos principals<\/h2>\n<ul>\n<li><a href=\"http:\/\/multimedia.uoc.edu\/guias\/fwcs5\/FWCS5_es.pdf\" title=\"Gu\u00eda de Fireworks CS5\"> Gu\u00eda de aprendizaje &#8211; Fireworks CS5 (PDF) (15 MB)<\/a>. <cite>UOC<\/cite>.<\/li>\n<li><a href=\"http:\/\/multimedia.uoc.edu\/guias\/fwcs5\/FWCS5recursos.zip\" title=\"Recursos para realizar la gu\u00eda de Fireworks CS5\"> Recursos para realizar la gu\u00eda de Fireworks CS5 (ZIP) (6 MB) <\/a>. <cite>UOC<\/cite>.<\/li>\n<li><a title=\"Fireworks - Pagina oficial\" href=\"http:\/\/www.adobe.com\/es\/products\/fireworks.html\">P\u00e1gina oficial<\/a>.  <cite>Adobe<\/cite>.<\/li>\n<li><a title=\"Fireworks Reference\" href=\"http:\/\/helpx.adobe.com\/pdf\/fireworks_reference.pdf\"> Manual de referencia (English) (PDF)<\/a>.  <cite>Adobe<\/cite>.<\/li>\n<li><a title=\"Help Center de Fireworks\" href=\"http:\/\/helpx.adobe.com\/es\/fireworks.html\">Help Center <\/a>.  <cite>Adobe<\/cite>.<\/li>\n<\/ul>\n<hr>\n<h2>Recopilaciones de tutoriales<\/h2>\n<dl>\n<dt><a href=\"http:\/\/helpx.adobe.com\/content\/help\/es\/fireworks\/topics.html\">Ayuda y tutoriales de Fireworks<\/a>. <cite>Adobe<\/cite>.<\/dt>\n<dd>En las p\u00e1ginas de ayuda de Adobe Fireworks podemos encontrar varios tutoriales muy completos en texto y en v\u00eddeo que abarcan todos los aspectos importantes del uso de la herramienta (espacio de trabajo, selecci\u00f3n y transformaci\u00f3n de objetos, utilizaci\u00f3n de mapas de bits y de objetos vectoriales, texto, color, capas, interactividad, prototipos, etc.).<\/dd>\n<dt><a href=\"http:\/\/layersmagazine.com\/category\/fireworks\">Free Adobe Fireworks Tutorials<\/a>. <cite>Layers Magazine<\/cite>.<\/dt>\n<dd>P\u00e1gina recomendada por Adobe con numerosos videotutoriales en ingl\u00e9s sobre diversos aspectos de la herramienta.<\/dd>\n<dt><a href=\"http:\/\/tv.adobe.com\/product\/fireworks\/\">Videotutoriales<\/a>. <cite>Adobe TV<\/cite>.<\/dt>\n<dd>Videotutoriales en ingl\u00e9s sobre Fireworks realizados por Adobe.<\/dd>\n<dt><a href=\"http:\/\/abduzeedo.com\/tags\/fireworks\">Fireworks Tutorials<\/a>. <cite>Abduzeedo<\/cite>.<\/dt>\n<dd>Tutoriales paso a paso de Fireworks.<\/dd>\n<dt><a href=\"http:\/\/webdesign.tutsplus.com\/?s=fireworks\/\">Using Fireworks<\/a>. <cite>Webdesigntuts+<\/cite>.<\/dt>\n<dd>Art\u00edculos, tutoriales, noticias, tips y recursos relacionados con Fireworks.<\/dd>\n<\/dl>\n<hr>\n<p><\/p>","protected":false},"excerpt":{"rendered":"<p>Adobe Fireworks en un software especializado en gr\u00e1ficos de pantalla, creaci\u00f3n r\u00e1pida de prototipos y dise\u00f1os para web y dispositivos m\u00f3viles. Permite trabajar con mapa de bits, gr\u00e1ficos vectoriales, gr\u00e1ficos en 3D y contenido interactivo b\u00e1sico multiplataforma. En esta entrada encontrar\u00e9is algunos de los recursos generales y principales sobre este software.<\/p>\n","protected":false},"author":50,"featured_media":0,"parent":0,"menu_order":0,"comment_status":"closed","ping_status":"closed","template":"plantilla-pagina.php","meta":{"footnotes":""},"tags":[6],"class_list":["post-908","page","type-page","status-publish","hentry","tag-fireworks","entry"],"_links":{"self":[{"href":"http:\/\/multimedia.uoc.edu\/blogs\/labeines\/es\/wp-json\/wp\/v2\/pages\/908","targetHints":{"allow":["GET"]}}],"collection":[{"href":"http:\/\/multimedia.uoc.edu\/blogs\/labeines\/es\/wp-json\/wp\/v2\/pages"}],"about":[{"href":"http:\/\/multimedia.uoc.edu\/blogs\/labeines\/es\/wp-json\/wp\/v2\/types\/page"}],"author":[{"embeddable":true,"href":"http:\/\/multimedia.uoc.edu\/blogs\/labeines\/es\/wp-json\/wp\/v2\/users\/50"}],"replies":[{"embeddable":true,"href":"http:\/\/multimedia.uoc.edu\/blogs\/labeines\/es\/wp-json\/wp\/v2\/comments?post=908"}],"version-history":[{"count":2,"href":"http:\/\/multimedia.uoc.edu\/blogs\/labeines\/es\/wp-json\/wp\/v2\/pages\/908\/revisions"}],"predecessor-version":[{"id":931,"href":"http:\/\/multimedia.uoc.edu\/blogs\/labeines\/es\/wp-json\/wp\/v2\/pages\/908\/revisions\/931"}],"wp:attachment":[{"href":"http:\/\/multimedia.uoc.edu\/blogs\/labeines\/es\/wp-json\/wp\/v2\/media?parent=908"}],"wp:term":[{"taxonomy":"post_tag","embeddable":true,"href":"http:\/\/multimedia.uoc.edu\/blogs\/labeines\/es\/wp-json\/wp\/v2\/tags?post=908"}],"curies":[{"name":"wp","href":"https:\/\/api.w.org\/{rel}","templated":true}]}}