{"id":1126,"date":"2014-09-23T10:57:54","date_gmt":"2014-09-23T10:57:54","guid":{"rendered":"http:\/\/multimedia.uoc.edu\/blogs\/labeines\/?page_id=1126"},"modified":"2017-12-28T11:10:17","modified_gmt":"2017-12-28T11:10:17","slug":"introduccio","status":"publish","type":"page","link":"http:\/\/multimedia.uoc.edu\/blogs\/labeines\/introduccio\/","title":{"rendered":"Dibuix vectorial"},"content":{"rendered":"<p>En un gr\u00e0fic vectorial el que codifica la imatge \u00e9s la informaci\u00f3 num\u00e8rica de la seva geometria. Hi ha diverses maneres de codificar una imatge a partir de vectors. La m\u00e9s estesa entre els programes i els formats de fitxer de gr\u00e0fics vectorials \u00e9s la que es basa en les anomenades corbes de B\u00e9zier o, per extensi\u00f3, objectes B\u00e9zier.<\/p>\n<p style=\"color: #232323\">Treballarem amb imatges vectorials quan vulguem fer un tipus d\u2019imatge que es pugui modificar o retocar f\u00e0cilment, b\u00e9 perqu\u00e8 es necessiti una aplicaci\u00f3 d\u2019aquesta imatge en diverses mides o b\u00e9 perqu\u00e8 interessi obtenir un arxiu de mida redu\u00efda d\u2019emmagatzemament. La flexibilitat de treball que permeten deriva de la independ\u00e8ncia dels seus objectes i la possibilitat de reproduir-les a qualsevol mida sense perdre qualitat.<\/p>\n<hr \/>\n<h2>Eines recomanades<\/h2>\n<h3><a title=\"Illustrator\" href=\"http:\/\/multimedia.uoc.edu\/blogs\/labeines\/recursos-illustrator\/\">Illustrator<\/a><\/h3>\n<p>Adobe Illustrator en un programari especialitzat en disseny gr\u00e0fic i dibuix vectorial. Per aprendre en profunditat aquesta eina es pot consultar tot el material disponible en l\u2019apartat de programari.<\/p>\n<ul>\n<li><a href=\"http:\/\/www.adobe.com\/es\/products\/illustrator.html\" target=\"_blank\" rel=\"noopener\">P\u00e0gina oficial<\/a><\/li>\n<li><a href=\"https:\/\/helpx.adobe.com\/es\/illustrator\/user-guide.html\" target=\"_blank\" rel=\"noopener\">Manual oficial<\/a><\/li>\n<li><a href=\"https:\/\/helpx.adobe.com\/es\/illustrator\/tutorials.html\" target=\"_blank\" rel=\"noopener\">Tutorials oficials<\/a><\/li>\n<\/ul>\n<h3><a title=\"Inkscape\" href=\"http:\/\/multimedia.uoc.edu\/blogs\/labeines\/recursos-inkscape\/\">Inkscape<\/a><\/h3>\n<p>Editor de gr\u00e0fics vectorials de codi obert amb capacitats semblants a Illustrator, Freehand, CorelDraw o Xara X, i totalment compatible amb els est\u00e0ndards XML, SVG i CSS.<\/p>\n<ul>\n<li><a href=\"https:\/\/inkscape.org\/es\/\" target=\"_blank\" rel=\"noopener\">P\u00e0gina oficial<\/a><\/li>\n<li><a href=\"https:\/\/inkscape.org\/es\/aprende\/tutoriales\/\" target=\"_blank\" rel=\"noopener\">Manuals i tutorials oficial<\/a><\/li>\n<\/ul>\n<h2><\/h2>\n<p><\/p>","protected":false},"excerpt":{"rendered":"<p>En un gr\u00e0fic vectorial el que codifica la imatge \u00e9s la informaci\u00f3 num\u00e8rica de la seva geometria. Hi ha diverses maneres de codificar una imatge a partir de vectors. La m\u00e9s estesa entre els programes i els formats de fitxer de gr\u00e0fics vectorials \u00e9s la que es basa en les anomenades corbes de B\u00e9zier o, &hellip; <\/p>\n<p class=\"link-more\"><a href=\"http:\/\/multimedia.uoc.edu\/blogs\/labeines\/introduccio\/\" class=\"more-link\">Continua llegint <span class=\"screen-reader-text\">\u00abDibuix vectorial\u00bb<\/span><\/a><\/p>\n","protected":false},"author":57,"featured_media":0,"parent":0,"menu_order":0,"comment_status":"closed","ping_status":"closed","template":"plantilla-pagina.php","meta":{"footnotes":""},"tags":[],"class_list":["post-1126","page","type-page","status-publish","hentry","entry"],"_links":{"self":[{"href":"http:\/\/multimedia.uoc.edu\/blogs\/labeines\/wp-json\/wp\/v2\/pages\/1126","targetHints":{"allow":["GET"]}}],"collection":[{"href":"http:\/\/multimedia.uoc.edu\/blogs\/labeines\/wp-json\/wp\/v2\/pages"}],"about":[{"href":"http:\/\/multimedia.uoc.edu\/blogs\/labeines\/wp-json\/wp\/v2\/types\/page"}],"author":[{"embeddable":true,"href":"http:\/\/multimedia.uoc.edu\/blogs\/labeines\/wp-json\/wp\/v2\/users\/57"}],"replies":[{"embeddable":true,"href":"http:\/\/multimedia.uoc.edu\/blogs\/labeines\/wp-json\/wp\/v2\/comments?post=1126"}],"version-history":[{"count":33,"href":"http:\/\/multimedia.uoc.edu\/blogs\/labeines\/wp-json\/wp\/v2\/pages\/1126\/revisions"}],"predecessor-version":[{"id":1606,"href":"http:\/\/multimedia.uoc.edu\/blogs\/labeines\/wp-json\/wp\/v2\/pages\/1126\/revisions\/1606"}],"wp:attachment":[{"href":"http:\/\/multimedia.uoc.edu\/blogs\/labeines\/wp-json\/wp\/v2\/media?parent=1126"}],"wp:term":[{"taxonomy":"post_tag","embeddable":true,"href":"http:\/\/multimedia.uoc.edu\/blogs\/labeines\/wp-json\/wp\/v2\/tags?post=1126"}],"curies":[{"name":"wp","href":"https:\/\/api.w.org\/{rel}","templated":true}]}}