{"id":1139,"date":"2014-09-23T11:55:41","date_gmt":"2014-09-23T11:55:41","guid":{"rendered":"http:\/\/multimedia.uoc.edu\/blogs\/labeines\/?page_id=1139"},"modified":"2016-02-29T17:53:00","modified_gmt":"2016-02-29T17:53:00","slug":"auoedicio","status":"publish","type":"page","link":"http:\/\/multimedia.uoc.edu\/blogs\/labeines\/es\/auoedicio\/","title":{"rendered":"Autoedici\u00f3n"},"content":{"rendered":"<p>La composici\u00f3n editorial es una rama del dise\u00f1o gr\u00e1fico dedicada fundamentalmente a la maquetaci\u00f3n de publicaciones para diferentes soportes.<\/p>\n<hr \/>\n<h2>Herramientas recomendadas<\/h2>\n<h3><a href=\"http:\/\/multimedia.uoc.edu\/blogs\/labeines\/es\/recursos-indesign\/\">InDesign<\/a><\/h3>\n<p>Herramienta de autoedici\u00f3n dirigida a dise\u00f1adores gr\u00e1ficos y maquetadores profesionales, que permite crear p\u00e1ginas para impresi\u00f3n, tablets y otras pantallas, con un control de p\u00edxeles perfecto sobre el dise\u00f1o y la tipograf\u00eda.<\/p>\n<ul>\n<li><a href=\"https:\/\/helpx.adobe.com\/es\/indesign\/topics.html\">Ayuda y tutoriales oficiales<\/a><\/li>\n<\/ul>\n<h3><a href=\"http:\/\/multimedia.uoc.edu\/blogs\/labeines\/es\/recursos-scribus\">Scribus<\/a><\/h3>\n<p>Scribus es una herramienta de autoedici\u00f3n de c\u00f3digo abierto. Con ella se pueden crear revistas, peri\u00f3dicos, carteles y pdf con caracter\u00edsticas avanzadas.<\/p>\n<ul>\n<li><a href=\"http:\/\/www.scribus.net\/\" target=\"_blank\">P\u00e1gina oficial<\/a><\/li>\n<li><a href=\"http:\/\/wiki.scribus.net\/canvas\/Help:TOC\" target=\"_blank\">Manual y\u00a0tutoriales oficiales<\/a><\/li>\n<\/ul>\n<p>Como tutoriales en castellano destacamos el\u00a0<a href=\"http:\/\/www.iesfuente.org\/departamentos\/informatica\/Temas_informatica\/bachillerato\/Manual_de_Scribus.pdf\">Manual de Scribus de Antonio Cobo (PDF)<\/a>\u00a0y el\u00a0<a href=\"http:\/\/www.imh.es\/es\/comunicacion\/dokumentazio-irekia\/manuales\/scribus-software-libre-para-publicacion-y-maquetacion\">Manual de Scribus del Instituto M\u00e1quina-Herramienta<\/a>.<\/p>\n<h2><\/h2>\n<p><\/p>","protected":false},"excerpt":{"rendered":"<p>La composici\u00f3n editorial es una rama del dise\u00f1o gr\u00e1fico dedicada fundamentalmente a la maquetaci\u00f3n de publicaciones para diferentes soportes. Herramientas recomendadas InDesign Herramienta de autoedici\u00f3n dirigida a dise\u00f1adores gr\u00e1ficos y maquetadores profesionales, que permite crear p\u00e1ginas para impresi\u00f3n, tablets y otras pantallas, con un control de p\u00edxeles perfecto sobre el dise\u00f1o y la tipograf\u00eda. Ayuda &hellip; <\/p>\n<p class=\"link-more\"><a href=\"http:\/\/multimedia.uoc.edu\/blogs\/labeines\/es\/auoedicio\/\" class=\"more-link\">Seguir leyendo<span class=\"screen-reader-text\"> \u00abAutoedici\u00f3n\u00bb<\/span><\/a><\/p>\n","protected":false},"author":57,"featured_media":0,"parent":0,"menu_order":0,"comment_status":"closed","ping_status":"closed","template":"plantilla-pagina.php","meta":{"footnotes":""},"tags":[],"class_list":["post-1139","page","type-page","status-publish","hentry","entry"],"_links":{"self":[{"href":"http:\/\/multimedia.uoc.edu\/blogs\/labeines\/es\/wp-json\/wp\/v2\/pages\/1139","targetHints":{"allow":["GET"]}}],"collection":[{"href":"http:\/\/multimedia.uoc.edu\/blogs\/labeines\/es\/wp-json\/wp\/v2\/pages"}],"about":[{"href":"http:\/\/multimedia.uoc.edu\/blogs\/labeines\/es\/wp-json\/wp\/v2\/types\/page"}],"author":[{"embeddable":true,"href":"http:\/\/multimedia.uoc.edu\/blogs\/labeines\/es\/wp-json\/wp\/v2\/users\/57"}],"replies":[{"embeddable":true,"href":"http:\/\/multimedia.uoc.edu\/blogs\/labeines\/es\/wp-json\/wp\/v2\/comments?post=1139"}],"version-history":[{"count":16,"href":"http:\/\/multimedia.uoc.edu\/blogs\/labeines\/es\/wp-json\/wp\/v2\/pages\/1139\/revisions"}],"predecessor-version":[{"id":1493,"href":"http:\/\/multimedia.uoc.edu\/blogs\/labeines\/es\/wp-json\/wp\/v2\/pages\/1139\/revisions\/1493"}],"wp:attachment":[{"href":"http:\/\/multimedia.uoc.edu\/blogs\/labeines\/es\/wp-json\/wp\/v2\/media?parent=1139"}],"wp:term":[{"taxonomy":"post_tag","embeddable":true,"href":"http:\/\/multimedia.uoc.edu\/blogs\/labeines\/es\/wp-json\/wp\/v2\/tags?post=1139"}],"curies":[{"name":"wp","href":"https:\/\/api.w.org\/{rel}","templated":true}]}}