{"id":4,"date":"2013-02-23T10:22:19","date_gmt":"2013-02-23T10:22:19","guid":{"rendered":"http:\/\/multimedia.uoc.edu\/blogs\/labeines\/?page_id=4"},"modified":"2015-12-17T09:35:23","modified_gmt":"2015-12-17T09:35:23","slug":"inici","status":"publish","type":"page","link":"http:\/\/multimedia.uoc.edu\/blogs\/labeines\/","title":{"rendered":"Inici"},"content":{"rendered":"<p>Aquest \u00e9s un espai amb recursos sobre <strong>eines de disseny<\/strong> dels <a href=\"http:\/\/eimt.uoc.edu\">Estudis d&#8217;inform\u00e0tica, multim\u00e8dia i Telecomunicaci\u00f3<\/a> de la <a href=\"http:\/\/www.uoc.edu\">Universitat Oberta de Catalunya<\/a>.<\/p>\n<p>Des del men\u00fa de l&#8217;esquerra podeu accedir al recull d&#8217;entrades\u00a0relacionades amb les diferents \u00e0rees del disseny\u00a0en la seva vesant m\u00e9s instrumental aix\u00ed com a una breu introducci\u00f3 a cada una d&#8217;elles amb el seu\u00a0llistat de programari.<\/p>","protected":false},"excerpt":{"rendered":"<p>Aquest \u00e9s un espai amb recursos sobre eines de disseny dels Estudis d&#8217;inform\u00e0tica, multim\u00e8dia i Telecomunicaci\u00f3 de la Universitat Oberta de Catalunya. Des del men\u00fa de l&#8217;esquerra podeu accedir al recull d&#8217;entrades\u00a0relacionades amb les diferents \u00e0rees del disseny\u00a0en la seva vesant m\u00e9s instrumental aix\u00ed com a una breu introducci\u00f3 a cada una d&#8217;elles amb el &hellip; <\/p>\n<p class=\"link-more\"><a href=\"http:\/\/multimedia.uoc.edu\/blogs\/labeines\/\" class=\"more-link\">Continua llegint <span class=\"screen-reader-text\">\u00abInici\u00bb<\/span><\/a><\/p>\n","protected":false},"author":6,"featured_media":0,"parent":0,"menu_order":0,"comment_status":"closed","ping_status":"open","template":"plantilla-pagina.php","meta":{"footnotes":""},"tags":[],"class_list":["post-4","page","type-page","status-publish","hentry","entry"],"_links":{"self":[{"href":"http:\/\/multimedia.uoc.edu\/blogs\/labeines\/wp-json\/wp\/v2\/pages\/4","targetHints":{"allow":["GET"]}}],"collection":[{"href":"http:\/\/multimedia.uoc.edu\/blogs\/labeines\/wp-json\/wp\/v2\/pages"}],"about":[{"href":"http:\/\/multimedia.uoc.edu\/blogs\/labeines\/wp-json\/wp\/v2\/types\/page"}],"author":[{"embeddable":true,"href":"http:\/\/multimedia.uoc.edu\/blogs\/labeines\/wp-json\/wp\/v2\/users\/6"}],"replies":[{"embeddable":true,"href":"http:\/\/multimedia.uoc.edu\/blogs\/labeines\/wp-json\/wp\/v2\/comments?post=4"}],"version-history":[{"count":98,"href":"http:\/\/multimedia.uoc.edu\/blogs\/labeines\/wp-json\/wp\/v2\/pages\/4\/revisions"}],"predecessor-version":[{"id":1333,"href":"http:\/\/multimedia.uoc.edu\/blogs\/labeines\/wp-json\/wp\/v2\/pages\/4\/revisions\/1333"}],"wp:attachment":[{"href":"http:\/\/multimedia.uoc.edu\/blogs\/labeines\/wp-json\/wp\/v2\/media?parent=4"}],"wp:term":[{"taxonomy":"post_tag","embeddable":true,"href":"http:\/\/multimedia.uoc.edu\/blogs\/labeines\/wp-json\/wp\/v2\/tags?post=4"}],"curies":[{"name":"wp","href":"https:\/\/api.w.org\/{rel}","templated":true}]}}