{"id":850,"date":"2013-10-01T15:35:19","date_gmt":"2013-10-01T15:35:19","guid":{"rendered":"http:\/\/multimedia.uoc.edu\/blogs\/labeines\/?p=850"},"modified":"2015-12-17T09:34:53","modified_gmt":"2015-12-17T09:34:53","slug":"indesign-introduccio","status":"publish","type":"page","link":"http:\/\/multimedia.uoc.edu\/blogs\/labeines\/auoedicio\/indesign-introduccio\/","title":{"rendered":"InDesign, introducci\u00f3"},"content":{"rendered":"<p>Guia b\u00e0sica introduct\u00f2ria a InDesign. Creada per Francesc Morera Vidal per al Grado de Multim\u00e8dia de la UOC.<\/p>\n<p>Acc\u00e9s al document:<br \/>\n<a href=\"http:\/\/multimedia.uoc.edu\/blogs\/labeines\/files\/2013\/10\/Introduccio-n_a_InDesign.pdf\">Introduccion a InDesign<\/a>. <cite>UOC<\/cite>.<\/p>","protected":false},"excerpt":{"rendered":"<p>Guia b\u00e0sica introduct\u00f2ria a InDesign. Creada per Francesc Morera Vidal per al Grau de Multim\u00e8dia de la UOC.<\/p>\n<p>Acc\u00e9s al document:<br \/>\n<a href=\"http:\/\/multimedia.uoc.edu\/blogs\/labeines\/files\/2013\/10\/Introduccio-n_a_InDesign.pdf\">Introduccion a InDesign<\/a> <cite>UOC<\/cite><\/p>\n","protected":false},"author":50,"featured_media":0,"parent":1139,"menu_order":0,"comment_status":"closed","ping_status":"closed","template":"plantilla-pagina.php","meta":{"footnotes":""},"tags":[9],"class_list":["post-850","page","type-page","status-publish","hentry","tag-indesign","entry"],"_links":{"self":[{"href":"http:\/\/multimedia.uoc.edu\/blogs\/labeines\/wp-json\/wp\/v2\/pages\/850","targetHints":{"allow":["GET"]}}],"collection":[{"href":"http:\/\/multimedia.uoc.edu\/blogs\/labeines\/wp-json\/wp\/v2\/pages"}],"about":[{"href":"http:\/\/multimedia.uoc.edu\/blogs\/labeines\/wp-json\/wp\/v2\/types\/page"}],"author":[{"embeddable":true,"href":"http:\/\/multimedia.uoc.edu\/blogs\/labeines\/wp-json\/wp\/v2\/users\/50"}],"replies":[{"embeddable":true,"href":"http:\/\/multimedia.uoc.edu\/blogs\/labeines\/wp-json\/wp\/v2\/comments?post=850"}],"version-history":[{"count":7,"href":"http:\/\/multimedia.uoc.edu\/blogs\/labeines\/wp-json\/wp\/v2\/pages\/850\/revisions"}],"predecessor-version":[{"id":938,"href":"http:\/\/multimedia.uoc.edu\/blogs\/labeines\/wp-json\/wp\/v2\/pages\/850\/revisions\/938"}],"up":[{"embeddable":true,"href":"http:\/\/multimedia.uoc.edu\/blogs\/labeines\/wp-json\/wp\/v2\/pages\/1139"}],"wp:attachment":[{"href":"http:\/\/multimedia.uoc.edu\/blogs\/labeines\/wp-json\/wp\/v2\/media?parent=850"}],"wp:term":[{"taxonomy":"post_tag","embeddable":true,"href":"http:\/\/multimedia.uoc.edu\/blogs\/labeines\/wp-json\/wp\/v2\/tags?post=850"}],"curies":[{"name":"wp","href":"https:\/\/api.w.org\/{rel}","templated":true}]}}