{"id":877,"date":"2013-10-10T10:21:26","date_gmt":"2013-10-10T10:21:26","guid":{"rendered":"http:\/\/multimedia.uoc.edu\/blogs\/labeines\/?p=877"},"modified":"2015-12-23T10:25:53","modified_gmt":"2015-12-23T10:25:53","slug":"revisio-ortografica-i-diccionaris-didiomes","status":"publish","type":"page","link":"http:\/\/multimedia.uoc.edu\/blogs\/labeines\/auoedicio\/revisio-ortografica-i-diccionaris-didiomes\/","title":{"rendered":"InDesign: Revisi\u00f3 ortogr\u00e0fica i diccionaris d&#8217;idiomes"},"content":{"rendered":"<p>Amb Indesign tamb\u00e9 podem corregir els textos que escrivim.<\/p>\n<p>M\u00e9s informaci\u00f3: <a title=\"Revisi\u00f3n ortogr\u00e1fica y diccionarios de idiomas Indesign\" href=\"http:\/\/help.adobe.com\/es_ES\/indesign\/cs\/using\/WSa285fff53dea4f8617383751001ea8cb3f-6f53a.html\" target=\"_blank\">Ajut de l&#8217;Adobe<\/a><\/p>","protected":false},"excerpt":{"rendered":"<p>Amb Indesign tamb\u00e9 podem corregir els textos que escrivim. M\u00e9s informaci\u00f3: Ajut de l&#8217;Adobe<\/p>\n","protected":false},"author":57,"featured_media":0,"parent":1139,"menu_order":0,"comment_status":"closed","ping_status":"closed","template":"plantilla-pagina.php","meta":{"footnotes":""},"tags":[9],"class_list":["post-877","page","type-page","status-publish","hentry","tag-indesign","entry"],"_links":{"self":[{"href":"http:\/\/multimedia.uoc.edu\/blogs\/labeines\/wp-json\/wp\/v2\/pages\/877","targetHints":{"allow":["GET"]}}],"collection":[{"href":"http:\/\/multimedia.uoc.edu\/blogs\/labeines\/wp-json\/wp\/v2\/pages"}],"about":[{"href":"http:\/\/multimedia.uoc.edu\/blogs\/labeines\/wp-json\/wp\/v2\/types\/page"}],"author":[{"embeddable":true,"href":"http:\/\/multimedia.uoc.edu\/blogs\/labeines\/wp-json\/wp\/v2\/users\/57"}],"replies":[{"embeddable":true,"href":"http:\/\/multimedia.uoc.edu\/blogs\/labeines\/wp-json\/wp\/v2\/comments?post=877"}],"version-history":[{"count":3,"href":"http:\/\/multimedia.uoc.edu\/blogs\/labeines\/wp-json\/wp\/v2\/pages\/877\/revisions"}],"predecessor-version":[{"id":1391,"href":"http:\/\/multimedia.uoc.edu\/blogs\/labeines\/wp-json\/wp\/v2\/pages\/877\/revisions\/1391"}],"up":[{"embeddable":true,"href":"http:\/\/multimedia.uoc.edu\/blogs\/labeines\/wp-json\/wp\/v2\/pages\/1139"}],"wp:attachment":[{"href":"http:\/\/multimedia.uoc.edu\/blogs\/labeines\/wp-json\/wp\/v2\/media?parent=877"}],"wp:term":[{"taxonomy":"post_tag","embeddable":true,"href":"http:\/\/multimedia.uoc.edu\/blogs\/labeines\/wp-json\/wp\/v2\/tags?post=877"}],"curies":[{"name":"wp","href":"https:\/\/api.w.org\/{rel}","templated":true}]}}