{"id":884,"date":"2013-10-14T17:22:24","date_gmt":"2013-10-14T17:22:24","guid":{"rendered":"http:\/\/multimedia.uoc.edu\/blogs\/labeines\/?p=884"},"modified":"2017-12-28T11:18:11","modified_gmt":"2017-12-28T11:18:11","slug":"exportacio-de-grafics-a-diferents-formats","status":"publish","type":"page","link":"http:\/\/multimedia.uoc.edu\/blogs\/labeines\/introduccio\/exportacio-de-grafics-a-diferents-formats\/","title":{"rendered":"Exportaci\u00f3 de gr\u00e0fics a diferents formats"},"content":{"rendered":"<p>Informaci\u00f3 sobre exportaci\u00f3 de gr\u00e0fics a diferents formats,<\/p>\n<p>Hi ha diversos par\u00e0metres de resoluci\u00f3 que influeixen en un document d&#8217;Illustrator.<\/p>\n<ul>\n<li>El primer de tots est\u00e0 en &#8220;Efecto &gt; ajustes de efectos de rasterizado de documento&#8221;<\/li>\n<li>A &#8220;Edici\u00f3n &gt; ajustes preestablecidos del acoplador de transparencias&#8221; s&#8217;introdueix la resoluci\u00f3 dels objectes que en solapar-se exigeixen rasteritzaci\u00f3 (convertir vectors a mapa de bits). Per exemple: una ombra paral\u00b7lela que cau damunt d&#8217;un text o d&#8217;un rectangle exigir\u00e0 a l&#8217;hora d&#8217;imprimir que la part d&#8217;aquest text o rectangle afectada per l&#8217;ombra es converteixi a mapa de bits. En la finestra &#8220;Previsualizador del Acoplador&#8221; es pot veure els objectes que es veurien afectats i ajustar la resoluci\u00f3.<\/li>\n<li>L&#8217;\u00faltim ajustament de resoluci\u00f3 es fa des de la finestra d&#8217;impressi\u00f3.<\/li>\n<\/ul>\n<p>S&#8217;ha de tenir en compte que els arxius de vectors no tenen resoluci\u00f3. S\u00f3n f\u00f3rmules matem\u00e0tiques que creen formes, per tant la seva ampliaci\u00f3 en el mateix document no afecta la resoluci\u00f3. \u00c9s en el moment de la impressi\u00f3 d&#8217;aquest document quan s&#8217;han de modificar els valors de resoluci\u00f3. Els efectes raster o de mapa de bits tamb\u00e9 es rasteritzen en el moment de sortida del document.<\/p>\n<p>D&#8217;altra banda s&#8217;ha de tenir en compte tamb\u00e9, per no tenir problemes en l&#8217;exportaci\u00f3, que els materials de les imatges (mapa de bits) que s&#8217;utilitzin en la composici\u00f3 tinguin resolucions adequades. Per exemple, si s&#8217;utilitza una imatge amb baixa resoluci\u00f3, \u00e9s possible que en el monitor, normalment amb resoluci\u00f3 de 72 ppp, es vegi m\u00e9s o menys b\u00e9, per\u00f2 a l&#8217;imprimir es vegi malament, ja que s&#8217;utilitza, almenys 300 ppp.<\/p>\n<p>Si la vostra composici\u00f3 est\u00e0 pensada per enviar a impremta, haureu de tenir en compte que normalment s&#8217;utilitza el tipus de color CMYK i que \u00e9s habitual demanar que els dissenys tinguin uns mil\u00b7l\u00edmetres de sagnat que varien segons la impremta (2 o 3 normalment).<\/p>\n<p>Segueixen uns quants enlla\u00e7os a diverses p\u00e0gines que poden ser interessants:<\/p>\n<ul>\n<li>Ajuste de los documentos para impresi\u00f3n\u00a0<a href=\"http:\/\/help.adobe.com\/es_ES\/illustrator\/cs\/using\/WS714a382cdf7d304e7e07d0100196cbc5f-64cea.html\">http:\/\/help.adobe.com\/es_ES\/illustrator\/cs\/using\/WS714a382cdf7d304e7e07d0100196cbc5f-64cea.html<\/a><\/li>\n<li>Impresi\u00f3n y almacenamiento de ilustraciones transparentes\u00a0<a href=\"http:\/\/help.adobe.com\/es_ES\/illustrator\/cs\/using\/WS714a382cdf7d304e7e07d0100196cbc5f-64a2a.html\">http:\/\/help.adobe.com\/es_ES\/illustrator\/cs\/using\/WS714a382cdf7d304e7e07d0100196cbc5f-64a2a.html<\/a><\/li>\n<li>Almacenamiento de ilustraciones\u00a0<a href=\"http:\/\/help.adobe.com\/es_ES\/illustrator\/cs\/using\/WS714a382cdf7d304e7e07d0100196cbc5f-6561a.html\">http:\/\/help.adobe.com\/es_ES\/illustrator\/cs\/using\/WS714a382cdf7d304e7e07d0100196cbc5f-6561a.html<\/a><\/li>\n<li>Dise\u00f1o Grafico &#8211; Resoluci\u00f3n de una imagen\u00a0<a href=\"http:\/\/www.taringa.net\/comunidades\/illustrator\/773907\/Diseno-Grafico---Resolucion-de-una-imagen.html\">http:\/\/www.taringa.net\/comunidades\/illustrator\/773907\/Diseno-Grafico&#8212;Resolucion-de-una-imagen.html<\/a><\/li>\n<li>Artboards en Adobe Illustrator. Aquests elements permeten posar diversos elements en diferents zones del document. Aix\u00f2 pot ser molt \u00fatil per a imprimir o per mantenir elements fora de l&#8217;\u00e0rea de treball,\u00a0<a href=\"http:\/\/es.mishes.com\/tutoriales\/adobe-illustrator\/artboards-tips\">http:\/\/es.mishes.com\/tutoriales\/adobe-illustrator\/artboards-tips<\/a><\/li>\n<li>Exportar a PDF con capas ocultas\u00a0<a href=\"http:\/\/forums.adobe.com\/thread\/1086759\">http:\/\/forums.adobe.com\/thread\/1086759<\/a><\/li>\n<\/ul>\n<p><\/p>","protected":false},"excerpt":{"rendered":"<p>Informaci\u00f3 sobre exportaci\u00f3 de gr\u00e0fics a diferents formats, Hi ha diversos par\u00e0metres de resoluci\u00f3 que influeixen en un document d&#8217;Illustrator. El primer de tots est\u00e0 en &#8220;Efecto &gt; ajustes de efectos de rasterizado de documento&#8221; A &#8220;Edici\u00f3n &gt; ajustes preestablecidos del acoplador de transparencias&#8221; s&#8217;introdueix la resoluci\u00f3 dels objectes que en solapar-se exigeixen rasteritzaci\u00f3 (convertir &hellip; <\/p>\n<p class=\"link-more\"><a href=\"http:\/\/multimedia.uoc.edu\/blogs\/labeines\/introduccio\/exportacio-de-grafics-a-diferents-formats\/\" class=\"more-link\">Continua llegint <span class=\"screen-reader-text\">\u00abExportaci\u00f3 de gr\u00e0fics a diferents formats\u00bb<\/span><\/a><\/p>\n","protected":false},"author":58,"featured_media":0,"parent":1126,"menu_order":0,"comment_status":"closed","ping_status":"closed","template":"plantilla-pagina.php","meta":{"footnotes":""},"tags":[8],"class_list":["post-884","page","type-page","status-publish","hentry","tag-illustrator","entry"],"_links":{"self":[{"href":"http:\/\/multimedia.uoc.edu\/blogs\/labeines\/wp-json\/wp\/v2\/pages\/884","targetHints":{"allow":["GET"]}}],"collection":[{"href":"http:\/\/multimedia.uoc.edu\/blogs\/labeines\/wp-json\/wp\/v2\/pages"}],"about":[{"href":"http:\/\/multimedia.uoc.edu\/blogs\/labeines\/wp-json\/wp\/v2\/types\/page"}],"author":[{"embeddable":true,"href":"http:\/\/multimedia.uoc.edu\/blogs\/labeines\/wp-json\/wp\/v2\/users\/58"}],"replies":[{"embeddable":true,"href":"http:\/\/multimedia.uoc.edu\/blogs\/labeines\/wp-json\/wp\/v2\/comments?post=884"}],"version-history":[{"count":12,"href":"http:\/\/multimedia.uoc.edu\/blogs\/labeines\/wp-json\/wp\/v2\/pages\/884\/revisions"}],"predecessor-version":[{"id":1608,"href":"http:\/\/multimedia.uoc.edu\/blogs\/labeines\/wp-json\/wp\/v2\/pages\/884\/revisions\/1608"}],"up":[{"embeddable":true,"href":"http:\/\/multimedia.uoc.edu\/blogs\/labeines\/wp-json\/wp\/v2\/pages\/1126"}],"wp:attachment":[{"href":"http:\/\/multimedia.uoc.edu\/blogs\/labeines\/wp-json\/wp\/v2\/media?parent=884"}],"wp:term":[{"taxonomy":"post_tag","embeddable":true,"href":"http:\/\/multimedia.uoc.edu\/blogs\/labeines\/wp-json\/wp\/v2\/tags?post=884"}],"curies":[{"name":"wp","href":"https:\/\/api.w.org\/{rel}","templated":true}]}}