{"id":908,"date":"2013-10-22T15:21:21","date_gmt":"2013-10-22T15:21:21","guid":{"rendered":"http:\/\/multimedia.uoc.edu\/blogs\/labeines\/?p=908"},"modified":"2015-12-17T09:35:35","modified_gmt":"2015-12-17T09:35:35","slug":"recursos-principals-fireworks","status":"publish","type":"page","link":"http:\/\/multimedia.uoc.edu\/blogs\/labeines\/recursos-principals-fireworks\/","title":{"rendered":"Recursos principals Fireworks"},"content":{"rendered":"<p>Adobe Fireworks en un programari especialitzat en gr\u00e0fics de pantalla, creaci\u00f3 r\u00e0pida de prototips i dissenys per a web i dispositius m\u00f2bils. Permet treballar amb mapa de bits, gr\u00e0fics vectorials, gr\u00e0fics 3D i contingut interactiu b\u00e0sic multiplataforma.<\/p>\n<hr>\n<h2>Recursos principals<\/h2>\n<ul>\n<li><a href=\"http:\/\/multimedia.uoc.edu\/guias\/fwcs5\/FWCS5_cat.pdf\" title=\"Guia de Fireworks CS5\">Guia d&#8217;aprenentatge &#8211; Fireworks CS5 (PDF) (15 MB) <\/a>. <cite>UOC<\/cite>.<\/li>\n<li><a href=\"http:\/\/multimedia.uoc.edu\/guias\/fwcs5\/FWCS5recursos.zip\" title=\"Recursos per realitzar la guia de Fireworks CS5\"> Recursos per realitzar la guia de Fireworks CS5 (ZIP) (6 MB) <\/a>. <cite>UOC<\/cite><\/li>\n<li><a title=\"Fireworks - P\u00e0gina oficial\" href=\"http:\/\/www.adobe.com\/es\/products\/fireworks.html\">P\u00e0gina oficial<\/a>.  <cite>Adobe<\/cite>.<\/li>\n<li><a title=\"Fireworks Reference\" href=\"http:\/\/helpx.adobe.com\/pdf\/fireworks_reference.pdf\"> Manual de refer\u00e8ncia (English) (PDF)<\/a>.  <cite>Adobe<\/cite>.<\/li>\n<li><a title=\"Help Center del Fireworks\" href=\"http:\/\/helpx.adobe.com\/es\/fireworks.html\">Help Center <\/a>.  <cite>Adobe<\/cite>.<\/li>\n<\/ul>\n<hr>\n<h2>Recopilacions de tutorials<\/h2>\n<dl>\n<dt><a href=\"http:\/\/helpx.adobe.com\/content\/help\/es\/fireworks\/topics.html\">Ajuda i tutorials del Fireworks<\/a>. <cite>Adobe<\/cite>.<\/dt>\n<dd>En les p\u00e0gines d&#8217;ajuda del Adobe Fireworks podem trobar diversos tutorials molt complets en text i en v\u00eddeo que abasten tots els aspectes importants de l&#8217;\u00fas de l&#8217;eina (espai de treball, selecci\u00f3 i transformaci\u00f3 d&#8217;objectes, utilitzaci\u00f3 de mapes de bits i d&#8217;objectes vectorials, text, color, capes, interactivitat, prototips, etc.) .<\/dd>\n<dt><a href=\"http:\/\/layersmagazine.com\/category\/fireworks\">Free Adobe Fireworks Tutorials<\/a>. <cite>Layers Magazine<\/cite>.<\/dt>\n<dd>P\u00e0gina recomanada per Adobe amb nombrosos videotutorials en angl\u00e8s sobre diversos aspectes de l&#8217;eina.<\/dd>\n<dt><a href=\"http:\/\/tv.adobe.com\/product\/fireworks\/\">Videotutoriales<\/a>. <cite>Adobe TV<\/cite>.<\/dt>\n<dd>Videotutorials en angl\u00e8s sobre Fireworks realitzats per Adobe.<\/dd>\n<dt><a href=\"http:\/\/abduzeedo.com\/tags\/fireworks\">Fireworks Tutorials<\/a>. <cite>Abduzeedo<\/cite>.<\/dt>\n<dd>Tutorials pas a pas de Fireworks.<\/dd>\n<dt><a href=\"http:\/\/webdesign.tutsplus.com\/?s=fireworks\/\">Using Fireworks<\/a>. <cite>Webdesigntuts+<\/cite>.<\/dt>\n<dd>Articles, tutorials, not\u00edcies, tips i recursos relacionats amb Fireworks.<\/dd>\n<\/dl>\n<hr>\n<p><\/p>","protected":false},"excerpt":{"rendered":"<p>Adobe Fireworks en un programari especialitzat en gr\u00e0fics de pantalla, creaci\u00f3 r\u00e0pida de prototips i dissenys per a web i dispositius m\u00f2bils. Permet treballar amb mapa de bits, gr\u00e0fics vectorials, gr\u00e0fics 3D i contingut interactiu b\u00e0sic multiplataforma. En aquesta entrada trobareu alguns dels recursos generals i principals sobre aquest programari.<\/p>\n","protected":false},"author":50,"featured_media":0,"parent":0,"menu_order":0,"comment_status":"closed","ping_status":"closed","template":"plantilla-pagina.php","meta":{"footnotes":""},"tags":[6],"class_list":["post-908","page","type-page","status-publish","hentry","tag-fireworks","entry"],"_links":{"self":[{"href":"http:\/\/multimedia.uoc.edu\/blogs\/labeines\/wp-json\/wp\/v2\/pages\/908","targetHints":{"allow":["GET"]}}],"collection":[{"href":"http:\/\/multimedia.uoc.edu\/blogs\/labeines\/wp-json\/wp\/v2\/pages"}],"about":[{"href":"http:\/\/multimedia.uoc.edu\/blogs\/labeines\/wp-json\/wp\/v2\/types\/page"}],"author":[{"embeddable":true,"href":"http:\/\/multimedia.uoc.edu\/blogs\/labeines\/wp-json\/wp\/v2\/users\/50"}],"replies":[{"embeddable":true,"href":"http:\/\/multimedia.uoc.edu\/blogs\/labeines\/wp-json\/wp\/v2\/comments?post=908"}],"version-history":[{"count":2,"href":"http:\/\/multimedia.uoc.edu\/blogs\/labeines\/wp-json\/wp\/v2\/pages\/908\/revisions"}],"predecessor-version":[{"id":931,"href":"http:\/\/multimedia.uoc.edu\/blogs\/labeines\/wp-json\/wp\/v2\/pages\/908\/revisions\/931"}],"wp:attachment":[{"href":"http:\/\/multimedia.uoc.edu\/blogs\/labeines\/wp-json\/wp\/v2\/media?parent=908"}],"wp:term":[{"taxonomy":"post_tag","embeddable":true,"href":"http:\/\/multimedia.uoc.edu\/blogs\/labeines\/wp-json\/wp\/v2\/tags?post=908"}],"curies":[{"name":"wp","href":"https:\/\/api.w.org\/{rel}","templated":true}]}}