{"id":914,"date":"2013-10-22T15:24:23","date_gmt":"2013-10-22T15:24:23","guid":{"rendered":"http:\/\/multimedia.uoc.edu\/blogs\/labeines\/?p=914"},"modified":"2017-12-28T11:34:25","modified_gmt":"2017-12-28T11:34:25","slug":"recursos-principals-illustrator","status":"publish","type":"page","link":"http:\/\/multimedia.uoc.edu\/blogs\/labeines\/introduccio\/recursos-principals-illustrator\/","title":{"rendered":"Recursos principals Illustrator"},"content":{"rendered":"<p>Adobe Illustrator en un programari especialitzat en disseny gr\u00e0fic i dibuix vectorial.<\/p>\n<hr \/>\n<h2>Recursos principals<\/h2>\n<ul>\n<li><a title=\"Guia d'aprenentatge de Illustrator CS5\" href=\"http:\/\/multimedia.uoc.edu\/guias\/IllustratorCS5_cat\/IllustratorCS5_cat.pdf\"> Guia d&#8217;aprenentatge &#8211; Illustrator CS5 (PDF) (21.4 MB)<\/a>. <cite>UOC<\/cite>.<\/li>\n<li><a title=\"Recurso per realitzar la guia de Illustrator CS5\" href=\"http:\/\/multimedia.uoc.edu\/guias\/IllustratorCS5_cat\/imagen_matruska.tif\"> Recurso per realitzar la guia del Illustrator CS5 (TIF) (6 MB) <\/a>. <cite>UOC<\/cite><\/li>\n<li><a title=\"Illustrator - P\u00e0gina oficial\" href=\"http:\/\/www.adobe.com\/es\/products\/illustrator.html\">P\u00e0gina oficial<\/a>. <cite>Adobe<\/cite>.<\/li>\n<li><a title=\"Illustrator Reference\" href=\"http:\/\/helpx.adobe.com\/es\/pdf\/illustrator_reference.pdf\"> Manual de refer\u00e8ncia (PDF)<\/a>. <cite>Adobe<\/cite>.<\/li>\n<li><a title=\"Help Center del Illustrator\" href=\"http:\/\/helpx.adobe.com\/es\/illustrator.html\">Help Center<\/a>. <cite>Adobe<\/cite>.<\/li>\n<\/ul>\n<hr \/>\n<h2>Recopilacions de tutorials<\/h2>\n<dl>\n<dt><a href=\"http:\/\/helpx.adobe.com\/content\/help\/es\/illustrator\/topics.html\">Ajuda i tutorials del Illustrator<\/a>. <cite>Adobe<\/cite>.<\/dt>\n<dd>En les p\u00e0gines d&#8217;ajuda del Adobe Illustrator podem trobar diversos tutorials molt complets en text i en v\u00eddeo que abasten tots els aspectes importants de l&#8217;\u00fas de l&#8217;eina (espai de treball, dibuix, color, pintura, text, gr\u00e0fics web, etc.) .<\/dd>\n<dt><a href=\"http:\/\/layersmagazine.com\/category\/illustrator\">Free Adobe Illustrator Tutorials<\/a>. <cite>Layers Magazine<\/cite>.<\/dt>\n<dd>P\u00e0gina recomanada per Adobe amb nombrosos videotutorials en angl\u00e8s sobre diversos aspectes de l&#8217;eina.<\/dd>\n<dt><a href=\"http:\/\/www.cristalab.com\/tags\/illustrator\/\">Tutorials de Illustrator<\/a>. <cite>Cristalab<\/cite>.<\/dt>\n<dd>Tutorials, articles i videotutorials de Illustrator en castell\u00e0.<\/dd>\n<dt><a href=\"https:\/\/helpx.adobe.com\/illustrator\/tutorials.html\">Videotutoriales<\/a>. <cite>Adobe<\/cite>.<\/dt>\n<dd>Videotutorials en angl\u00e8s sobre Illustrator realitzats per Adobe.<\/dd>\n<dt><a href=\"http:\/\/abduzeedo.com\/tags\/illustrator\">Illustrator Tutorials<\/a>. <cite>Abduzeedo<\/cite>.<\/dt>\n<dd>Tutorials pas a pas de Illustrator.<\/dd>\n<dt><a href=\"https:\/\/design.tutsplus.com\/series\/learn-adobe-illustrator--cms-1110\">Tutorials from beginner to advanced<\/a>. <cite>Vectortuts+<\/cite>.<\/dt>\n<dd>Articles, tutorials, not\u00edcies, tips i recursos relacionats amb Illustrator.<\/dd>\n<dt><a href=\"http:\/\/www.computerarts.co.uk\/tag\/illustrator?sort=latest\">Illustrator articles and tutorials<\/a>. <cite>Computer Ars Magazine<\/cite>.<\/dt>\n<dd>Tutorials, articles i trucs sobre Illustrator.<\/dd>\n<\/dl>\n<hr \/>\n<p><\/p>","protected":false},"excerpt":{"rendered":"<p>Adobe Illustrator \u00e9s un programari especialitzat en disseny gr\u00e0fic i dibuix vectorial. En aquesta entrada trobareu alguns dels recursos generals i principals sobre aquest programari.<\/p>\n","protected":false},"author":50,"featured_media":0,"parent":1126,"menu_order":0,"comment_status":"closed","ping_status":"closed","template":"plantilla-pagina.php","meta":{"footnotes":""},"tags":[8],"class_list":["post-914","page","type-page","status-publish","hentry","tag-illustrator","entry"],"_links":{"self":[{"href":"http:\/\/multimedia.uoc.edu\/blogs\/labeines\/wp-json\/wp\/v2\/pages\/914","targetHints":{"allow":["GET"]}}],"collection":[{"href":"http:\/\/multimedia.uoc.edu\/blogs\/labeines\/wp-json\/wp\/v2\/pages"}],"about":[{"href":"http:\/\/multimedia.uoc.edu\/blogs\/labeines\/wp-json\/wp\/v2\/types\/page"}],"author":[{"embeddable":true,"href":"http:\/\/multimedia.uoc.edu\/blogs\/labeines\/wp-json\/wp\/v2\/users\/50"}],"replies":[{"embeddable":true,"href":"http:\/\/multimedia.uoc.edu\/blogs\/labeines\/wp-json\/wp\/v2\/comments?post=914"}],"version-history":[{"count":7,"href":"http:\/\/multimedia.uoc.edu\/blogs\/labeines\/wp-json\/wp\/v2\/pages\/914\/revisions"}],"predecessor-version":[{"id":1614,"href":"http:\/\/multimedia.uoc.edu\/blogs\/labeines\/wp-json\/wp\/v2\/pages\/914\/revisions\/1614"}],"up":[{"embeddable":true,"href":"http:\/\/multimedia.uoc.edu\/blogs\/labeines\/wp-json\/wp\/v2\/pages\/1126"}],"wp:attachment":[{"href":"http:\/\/multimedia.uoc.edu\/blogs\/labeines\/wp-json\/wp\/v2\/media?parent=914"}],"wp:term":[{"taxonomy":"post_tag","embeddable":true,"href":"http:\/\/multimedia.uoc.edu\/blogs\/labeines\/wp-json\/wp\/v2\/tags?post=914"}],"curies":[{"name":"wp","href":"https:\/\/api.w.org\/{rel}","templated":true}]}}