{"id":922,"date":"2013-10-22T15:00:36","date_gmt":"2013-10-22T15:00:36","guid":{"rendered":"http:\/\/multimedia.uoc.edu\/blogs\/labeines\/?p=922"},"modified":"2017-12-28T11:24:57","modified_gmt":"2017-12-28T11:24:57","slug":"dibuix-vectorial-logotips","status":"publish","type":"page","link":"http:\/\/multimedia.uoc.edu\/blogs\/labeines\/introduccio\/dibuix-vectorial-logotips\/","title":{"rendered":"Dibuix vectorial (logotips)"},"content":{"rendered":"<p>A l&#8217;hora de realitzar logotips amb dibuix vectorial a Illustrator es poden fer servir moltes eines en funci\u00f3 del logotip a crear. Malgrat aix\u00f2, una de les eines que us seran de m\u00e9s utilitat \u00e9s l&#8217;eina &#8220;Pluma&#8221;. Aquesta eina permet realitzar tant l\u00ednies rectes com corbes i ajustar-les de manera molt precisa. En aquest enlla\u00e7 trobareu informaci\u00f3 detallada al respecte:<br \/>\n<a href=\"http:\/\/help.adobe.com\/es_ES\/illustrator\/cs\/using\/WS3f28b00cc50711d9-2cf89fa2133b344d448-8000.html\" target=\"_blank\" rel=\"noopener\">http:\/\/help.adobe.com\/es_ES\/illustrator\/cs\/using\/WS3f28b00cc50711d9-2cf89fa2133b344d448-8000.html<\/a><\/p>\n<p>Al principi, l&#8217;eina &#8220;Pluma&#8221;, acostuma a ser una mica dif\u00edcil de fer servir, especialment quan es tracta de realitzar l\u00ednies corbes. En els seg\u00fcents enlla\u00e7os trobareu unes plantilles per descarregar que us ajudaran molt a tenir una primera presa de contacte amb aquesta eina. Estan en angl\u00e8s per\u00f2 s&#8217;entenen for\u00e7a b\u00e9:<\/p>\n<p>\u2022\u00a0<a href=\"http:\/\/veerle.duoh.com\/design\/article\/illustrator_pen_tool_exercises\" target=\"_blank\" rel=\"noopener\">http:\/\/veerle.duoh.com\/design\/article\/illustrator_pen_tool_exercises<br \/>\n<\/a><em>(Trobareu la plantilla a descarregar al final de l&#8217;article)<\/em><br \/>\n\u2022\u00a0<a href=\"http:\/\/vector.tutsplus.com\/tutorials\/tools-tips\/illustrators-pen-tool-the-comprehensive-guide\/\" target=\"_blank\" rel=\"noopener\">http:\/\/vector.tutsplus.com\/tutorials\/tools-tips\/illustrators-pen-tool-the-comprehensive-guide\/<br \/>\n<\/a><em>(Trobareu la plantilla a descarregar al final de l&#8217;article. Tamb\u00e9 \u00e9s recomanable la lectura de l&#8217;article)<\/em><\/p>\n<p>Un cop tenim els tra\u00e7ats realitzats, ja sigui amb l&#8217;eina &#8220;Pluma&#8221; o amb qualsevol altra eina que ho permeti, aquests es poden editar de diferents maneres. Aqu\u00ed teniu informaci\u00f3 detallada:<br \/>\n<a href=\"http:\/\/help.adobe.com\/es_ES\/illustrator\/cs\/using\/WS714a382cdf7d304e7e07d0100196cbc5f-6246a.html\" target=\"_blank\" rel=\"noopener\">http:\/\/help.adobe.com\/es_ES\/illustrator\/cs\/using\/WS714a382cdf7d304e7e07d0100196cbc5f-6246a.html<\/a><\/p>\n<p>Als tra\u00e7ats els hi podem donar gruix, color, crear l\u00ednies discont\u00ednues,\u2026 En aquest enlla\u00e7 teniu informaci\u00f3 sobre com fer-ho:<br \/>\n<a href=\"http:\/\/help.adobe.com\/es_ES\/illustrator\/cs\/using\/WSA1E31D7D-13E6-41ac-AA8C-4AD129B9FC1Ca.html\" target=\"_blank\" rel=\"noopener\">http:\/\/help.adobe.com\/es_ES\/illustrator\/cs\/using\/WSA1E31D7D-13E6-41ac-AA8C-4AD129B9FC1Ca.html<\/a><\/p>\n<p>A m\u00e9s de l&#8217;eina &#8220;Pluma&#8221;, tamb\u00e9 us pot ser d&#8217;utilitat el panell &#8220;Buscatrazos&#8221; amb el que podreu combinar diferents formes. En aquest enlla\u00e7 teniu informaci\u00f3 detallada:<br \/>\n<a href=\"http:\/\/help.adobe.com\/es_ES\/illustrator\/cs\/using\/WS714a382cdf7d304e7e07d0100196cbc5f-6462a.html#WS12312fb24e2221162c8ac029133b8844bb1-8000\" target=\"_blank\" rel=\"noopener\">http:\/\/help.adobe.com\/es_ES\/illustrator\/cs\/using\/WS714a382cdf7d304e7e07d0100196cbc5f-6462a.html#WS12312fb24e2221162c8ac029133b8844bb1-8000<\/a><\/p>\n<p>Com veureu el panell &#8220;Buscatrazos&#8221; permet treballar amb formes compostes o amb tra\u00e7ats compostos. Us recomano la utilitzaci\u00f3 de formes compostes perqu\u00e8 us permetran editar de forma m\u00e9s precisa l&#8217;element creat. En aquest enlla\u00e7 teniu un v\u00eddeo en qu\u00e8 s&#8217;explica com realitzar formes compostes amb el panell &#8220;Buscatrazos&#8221;:<br \/>\n<a href=\"https:\/\/www.video2brain.com\/es\/videos-22955.htm\" target=\"_blank\" rel=\"noopener\">https:\/\/www.video2brain.com\/es\/videos-22955.htm<\/a><\/p>","protected":false},"excerpt":{"rendered":"<p>A l&#8217;hora de realitzar logotips amb dibuix vectorial a Illustrator es poden fer servir moltes eines en funci\u00f3 del logotip a crear. Malgrat aix\u00f2, una de les eines que us seran de m\u00e9s utilitat \u00e9s l&#8217;eina &#8220;Pluma&#8221;. Aquesta eina permet realitzar tant l\u00ednies rectes com corbes i ajustar-les de manera molt precisa. En aquest enlla\u00e7 &hellip; <\/p>\n<p class=\"link-more\"><a href=\"http:\/\/multimedia.uoc.edu\/blogs\/labeines\/introduccio\/dibuix-vectorial-logotips\/\" class=\"more-link\">Continua llegint <span class=\"screen-reader-text\">\u00abDibuix vectorial (logotips)\u00bb<\/span><\/a><\/p>\n","protected":false},"author":56,"featured_media":0,"parent":1126,"menu_order":0,"comment_status":"closed","ping_status":"closed","template":"plantilla-pagina.php","meta":{"footnotes":""},"tags":[8],"class_list":["post-922","page","type-page","status-publish","hentry","tag-illustrator","entry"],"_links":{"self":[{"href":"http:\/\/multimedia.uoc.edu\/blogs\/labeines\/wp-json\/wp\/v2\/pages\/922","targetHints":{"allow":["GET"]}}],"collection":[{"href":"http:\/\/multimedia.uoc.edu\/blogs\/labeines\/wp-json\/wp\/v2\/pages"}],"about":[{"href":"http:\/\/multimedia.uoc.edu\/blogs\/labeines\/wp-json\/wp\/v2\/types\/page"}],"author":[{"embeddable":true,"href":"http:\/\/multimedia.uoc.edu\/blogs\/labeines\/wp-json\/wp\/v2\/users\/56"}],"replies":[{"embeddable":true,"href":"http:\/\/multimedia.uoc.edu\/blogs\/labeines\/wp-json\/wp\/v2\/comments?post=922"}],"version-history":[{"count":9,"href":"http:\/\/multimedia.uoc.edu\/blogs\/labeines\/wp-json\/wp\/v2\/pages\/922\/revisions"}],"predecessor-version":[{"id":1611,"href":"http:\/\/multimedia.uoc.edu\/blogs\/labeines\/wp-json\/wp\/v2\/pages\/922\/revisions\/1611"}],"up":[{"embeddable":true,"href":"http:\/\/multimedia.uoc.edu\/blogs\/labeines\/wp-json\/wp\/v2\/pages\/1126"}],"wp:attachment":[{"href":"http:\/\/multimedia.uoc.edu\/blogs\/labeines\/wp-json\/wp\/v2\/media?parent=922"}],"wp:term":[{"taxonomy":"post_tag","embeddable":true,"href":"http:\/\/multimedia.uoc.edu\/blogs\/labeines\/wp-json\/wp\/v2\/tags?post=922"}],"curies":[{"name":"wp","href":"https:\/\/api.w.org\/{rel}","templated":true}]}}