{"id":945,"date":"2013-10-25T17:31:34","date_gmt":"2013-10-25T17:31:34","guid":{"rendered":"http:\/\/multimedia.uoc.edu\/blogs\/labeines\/?p=945"},"modified":"2018-02-19T10:45:09","modified_gmt":"2018-02-19T10:45:09","slug":"disseny-web-responsive","status":"publish","type":"page","link":"http:\/\/multimedia.uoc.edu\/blogs\/labeines\/responsive-web\/disseny-web-responsive\/","title":{"rendered":"Disseny web responsive"},"content":{"rendered":"<p>Us presentem a continuaci\u00f3 una s\u00e8rie d&#8217;enlla\u00e7os disseny web responsive per completar la informaci\u00f3 d&#8217;aquest tema.<\/p>\n<p>El W3C ha publicat els seus &#8220;<a href=\"http:\/\/www.w3.org\/TR\/mobile-bp\/\" target=\"_blank\" rel=\"noopener\">Mobile Web Best Practices<\/a>&#8221; en els que descriu moltes de les millors pr\u00e0ctiques per al lliurament de contingut web als dispositius m\u00f2bils. L&#8217;objectiu principal \u00e9s millorar l&#8217;experi\u00e8ncia d&#8217;usuari de la Web quan s&#8217;accedeix des d&#8217;aquest tipus de dispositius. Per\u00f2 la part m\u00e9s interessant del document, \u00e9s la secci\u00f3 3.1, &#8220;<a href=\"http:\/\/www.w3.org\/TR\/mobile-bp\/#OneWeb\" target=\"_blank\" rel=\"noopener\">Una Web<\/a>&#8220;. En aquesta secci\u00f3, el W3C aprova oficialment els principis de disseny de p\u00e0gines web responsive.<\/p>\n<p>Una petita Guia de Responsive Web Design per comen\u00e7ar a con\u00e8ixer aquesta disciplina\u00a0<a href=\"http:\/\/www.ecbloguer.com\/marketingdigital\/?p=2635\" target=\"_blank\" rel=\"noopener\">www.ecbloguer.com\/marketingdigital\/?p=2635\u00a0<\/a><\/p>\n<p>Introducci\u00f3 al Disseny Web Adaptable o Responsive Web Design\u00a0<a href=\"http:\/\/www.emenia.es\/diseno-web-adaptable-o-responsive-web-design\/\" target=\"_blank\" rel=\"noopener\">www.emenia.es\/diseno-web-adaptable-o-responsive-web-design\/<\/a><\/p>\n<p>Tutorial: Transforma el teu web en Responsive Design\u00a0<a href=\"http:\/\/blog.ikhuerta.com\/transforma-tu-web-en-responsive-design\" target=\"_blank\" rel=\"noopener\">blog.ikhuerta.com\/transforma-tu-web-en-responsive-design<\/a><\/p>\n<p>&nbsp;<\/p>","protected":false},"excerpt":{"rendered":"<p>Us presentem a continuaci\u00f3 una s\u00e8rie d&#8217;enlla\u00e7os disseny web responsive per completar la informaci\u00f3 d&#8217;aquest tema. El W3C ha publicat els seus &#8220;Mobile Web Best Practices&#8221; en els que descriu moltes de les millors pr\u00e0ctiques per al lliurament de contingut web als dispositius m\u00f2bils. L&#8217;objectiu principal \u00e9s millorar l&#8217;experi\u00e8ncia d&#8217;usuari de la Web quan s&#8217;accedeix &hellip; <\/p>\n<p class=\"link-more\"><a href=\"http:\/\/multimedia.uoc.edu\/blogs\/labeines\/responsive-web\/disseny-web-responsive\/\" class=\"more-link\">Continua llegint <span class=\"screen-reader-text\">\u00abDisseny web responsive\u00bb<\/span><\/a><\/p>\n","protected":false},"author":58,"featured_media":0,"parent":1165,"menu_order":0,"comment_status":"closed","ping_status":"closed","template":"plantilla-pagina.php","meta":{"footnotes":""},"tags":[],"class_list":["post-945","page","type-page","status-publish","hentry","entry"],"_links":{"self":[{"href":"http:\/\/multimedia.uoc.edu\/blogs\/labeines\/wp-json\/wp\/v2\/pages\/945","targetHints":{"allow":["GET"]}}],"collection":[{"href":"http:\/\/multimedia.uoc.edu\/blogs\/labeines\/wp-json\/wp\/v2\/pages"}],"about":[{"href":"http:\/\/multimedia.uoc.edu\/blogs\/labeines\/wp-json\/wp\/v2\/types\/page"}],"author":[{"embeddable":true,"href":"http:\/\/multimedia.uoc.edu\/blogs\/labeines\/wp-json\/wp\/v2\/users\/58"}],"replies":[{"embeddable":true,"href":"http:\/\/multimedia.uoc.edu\/blogs\/labeines\/wp-json\/wp\/v2\/comments?post=945"}],"version-history":[{"count":4,"href":"http:\/\/multimedia.uoc.edu\/blogs\/labeines\/wp-json\/wp\/v2\/pages\/945\/revisions"}],"predecessor-version":[{"id":1664,"href":"http:\/\/multimedia.uoc.edu\/blogs\/labeines\/wp-json\/wp\/v2\/pages\/945\/revisions\/1664"}],"up":[{"embeddable":true,"href":"http:\/\/multimedia.uoc.edu\/blogs\/labeines\/wp-json\/wp\/v2\/pages\/1165"}],"wp:attachment":[{"href":"http:\/\/multimedia.uoc.edu\/blogs\/labeines\/wp-json\/wp\/v2\/media?parent=945"}],"wp:term":[{"taxonomy":"post_tag","embeddable":true,"href":"http:\/\/multimedia.uoc.edu\/blogs\/labeines\/wp-json\/wp\/v2\/tags?post=945"}],"curies":[{"name":"wp","href":"https:\/\/api.w.org\/{rel}","templated":true}]}}