{"id":956,"date":"2013-11-29T08:54:53","date_gmt":"2013-11-29T08:54:53","guid":{"rendered":"http:\/\/multimedia.uoc.edu\/blogs\/labeines\/?p=956"},"modified":"2015-12-23T10:25:35","modified_gmt":"2015-12-23T10:25:35","slug":"pdfs-interactius","status":"publish","type":"page","link":"http:\/\/multimedia.uoc.edu\/blogs\/labeines\/auoedicio\/pdfs-interactius\/","title":{"rendered":"InDesign: PDFs interactius"},"content":{"rendered":"<p>Indesign \u00e9s el programari adient per crear revistes digitals, llibres, publicacions i altres suports digitals animats, mitjan\u00e7ant pdfs interactius.<\/p>\n<p>Indesign permet incorporar en un pdf animacions, transicions de p\u00e0gines, marcadors, video i audio, hipervincles i molt m\u00e9s, de forma senzilla.<\/p>\n<ul>\n<li><a href=\"http:\/\/youtu.be\/Esbp-vA5A2o\" target=\"_blank\">Crear pdf interactivo en Indesign<\/a><\/li>\n<li><a href=\"http:\/\/help.adobe.com\/es_ES\/indesign\/cs\/using\/WS328f5ee33f08f77d1e63e3d120f2667a4c-7ffe.html#WS25B6E685-EB91-4c42-9EC4-87E1F94D68B2\" target=\"_blank\">Creaci\u00f3n de documentos interactivos para PDF<\/a><\/li>\n<li><a href=\"http:\/\/www.adwe.es\/diseno-web-2\/creando-pdf-interactivo-con-indesign\" target=\"_blank\">Creando PDF interactivo con InDesign<\/a><\/li>\n<li><a href=\"http:\/\/youtu.be\/fILq_Kw7B-0\" target=\"_blank\">Pdf interactivo con Indesign: Crear formularios<\/a><\/li>\n<li><a href=\"http:\/\/adobe.ly\/xFRwoT\" target=\"_blank\">Preparing Accessible PDFs with Adobre InDesign CS5.5: Part 1<\/a><\/li>\n<\/ul>\n<p><\/p>","protected":false},"excerpt":{"rendered":"<p>Indesign \u00e9s el programari adient per crear revistes digitals, llibres, publicacions i altres suports digitals animats, mitjan\u00e7ant pdfs interactius. Indesign permet incorporar en un pdf animacions, transicions de p\u00e0gines, marcadors, video i audio, hipervincles i molt m\u00e9s, de forma senzilla. Crear pdf interactivo en Indesign Creaci\u00f3n de documentos interactivos para PDF Creando PDF interactivo con &hellip; <\/p>\n<p class=\"link-more\"><a href=\"http:\/\/multimedia.uoc.edu\/blogs\/labeines\/auoedicio\/pdfs-interactius\/\" class=\"more-link\">Continua llegint <span class=\"screen-reader-text\">\u00abInDesign: PDFs interactius\u00bb<\/span><\/a><\/p>\n","protected":false},"author":57,"featured_media":0,"parent":1139,"menu_order":0,"comment_status":"closed","ping_status":"closed","template":"plantilla-pagina.php","meta":{"footnotes":""},"tags":[9],"class_list":["post-956","page","type-page","status-publish","hentry","tag-indesign","entry"],"_links":{"self":[{"href":"http:\/\/multimedia.uoc.edu\/blogs\/labeines\/wp-json\/wp\/v2\/pages\/956","targetHints":{"allow":["GET"]}}],"collection":[{"href":"http:\/\/multimedia.uoc.edu\/blogs\/labeines\/wp-json\/wp\/v2\/pages"}],"about":[{"href":"http:\/\/multimedia.uoc.edu\/blogs\/labeines\/wp-json\/wp\/v2\/types\/page"}],"author":[{"embeddable":true,"href":"http:\/\/multimedia.uoc.edu\/blogs\/labeines\/wp-json\/wp\/v2\/users\/57"}],"replies":[{"embeddable":true,"href":"http:\/\/multimedia.uoc.edu\/blogs\/labeines\/wp-json\/wp\/v2\/comments?post=956"}],"version-history":[{"count":3,"href":"http:\/\/multimedia.uoc.edu\/blogs\/labeines\/wp-json\/wp\/v2\/pages\/956\/revisions"}],"predecessor-version":[{"id":1390,"href":"http:\/\/multimedia.uoc.edu\/blogs\/labeines\/wp-json\/wp\/v2\/pages\/956\/revisions\/1390"}],"up":[{"embeddable":true,"href":"http:\/\/multimedia.uoc.edu\/blogs\/labeines\/wp-json\/wp\/v2\/pages\/1139"}],"wp:attachment":[{"href":"http:\/\/multimedia.uoc.edu\/blogs\/labeines\/wp-json\/wp\/v2\/media?parent=956"}],"wp:term":[{"taxonomy":"post_tag","embeddable":true,"href":"http:\/\/multimedia.uoc.edu\/blogs\/labeines\/wp-json\/wp\/v2\/tags?post=956"}],"curies":[{"name":"wp","href":"https:\/\/api.w.org\/{rel}","templated":true}]}}