{"id":5,"date":"2013-02-28T12:20:05","date_gmt":"2013-02-28T12:20:05","guid":{"rendered":"http:\/\/multimedia.uoc.edu\/blogs\/metodologia\/?page_id=5"},"modified":"2016-03-15T21:22:33","modified_gmt":"2016-03-15T21:22:33","slug":"home","status":"publish","type":"page","link":"http:\/\/multimedia.uoc.edu\/blogs\/metodologia\/es\/","title":{"rendered":"Inicio"},"content":{"rendered":"<p>Este es un espacio con materiales de la asignatura Metodolog\u00eda y desarrollo de proyectos en red del <a href=\"http:\/\/estudios.uoc.edu\/es\/grados-2-ciclo\/multimedia\/presentacion\" target=\"_blank\">Grado de Multimedia<\/a> de la <a href=\"http:\/\/www.uoc.edu\/portal\/es\/index.html\" target=\"_blank\">Universitat Oberta de Catalunya<\/a>.<\/p>\n<p>En este recurso web encontrar\u00e1 informaci\u00f3n complementaria y actualizada sobre algunos de los conceptos desarrollados en los diferentes m\u00f3dulos gracias a enlaces a libros, art\u00edculos, sitios webs o material audiovisual.<\/p>\n<p>\u00a1Esperamos que esta informaci\u00f3n sea de inter\u00e9s!<\/p>","protected":false},"excerpt":{"rendered":"<p>Este es un espacio con materiales de la asignatura Metodolog\u00eda y desarrollo de proyectos en red del Grado de Multimedia de la Universitat Oberta de Catalunya. En este recurso web encontrar\u00e1 informaci\u00f3n complementaria y actualizada sobre algunos de los conceptos desarrollados en los diferentes m\u00f3dulos gracias a enlaces a libros, art\u00edculos, sitios webs o material &hellip; <\/p>\n<p class=\"link-more\"><a href=\"http:\/\/multimedia.uoc.edu\/blogs\/metodologia\/es\/\" class=\"more-link\">Seguir leyendo<span class=\"screen-reader-text\"> \u00abInicio\u00bb<\/span><\/a><\/p>\n","protected":false},"author":24,"featured_media":0,"parent":0,"menu_order":1,"comment_status":"closed","ping_status":"closed","template":"","meta":{"footnotes":""},"tags":[],"class_list":["post-5","page","type-page","status-publish","hentry","entry"],"_links":{"self":[{"href":"http:\/\/multimedia.uoc.edu\/blogs\/metodologia\/es\/wp-json\/wp\/v2\/pages\/5","targetHints":{"allow":["GET"]}}],"collection":[{"href":"http:\/\/multimedia.uoc.edu\/blogs\/metodologia\/es\/wp-json\/wp\/v2\/pages"}],"about":[{"href":"http:\/\/multimedia.uoc.edu\/blogs\/metodologia\/es\/wp-json\/wp\/v2\/types\/page"}],"author":[{"embeddable":true,"href":"http:\/\/multimedia.uoc.edu\/blogs\/metodologia\/es\/wp-json\/wp\/v2\/users\/24"}],"replies":[{"embeddable":true,"href":"http:\/\/multimedia.uoc.edu\/blogs\/metodologia\/es\/wp-json\/wp\/v2\/comments?post=5"}],"version-history":[{"count":21,"href":"http:\/\/multimedia.uoc.edu\/blogs\/metodologia\/es\/wp-json\/wp\/v2\/pages\/5\/revisions"}],"predecessor-version":[{"id":289,"href":"http:\/\/multimedia.uoc.edu\/blogs\/metodologia\/es\/wp-json\/wp\/v2\/pages\/5\/revisions\/289"}],"wp:attachment":[{"href":"http:\/\/multimedia.uoc.edu\/blogs\/metodologia\/es\/wp-json\/wp\/v2\/media?parent=5"}],"wp:term":[{"taxonomy":"post_tag","embeddable":true,"href":"http:\/\/multimedia.uoc.edu\/blogs\/metodologia\/es\/wp-json\/wp\/v2\/tags?post=5"}],"curies":[{"name":"wp","href":"https:\/\/api.w.org\/{rel}","templated":true}]}}