{"id":181,"date":"2013-04-02T01:10:06","date_gmt":"2013-04-02T01:10:06","guid":{"rendered":"http:\/\/multimedia.uoc.edu\/blogs\/mi\/?page_id=181"},"modified":"2013-04-09T14:22:26","modified_gmt":"2013-04-09T14:22:26","slug":"presentacio","status":"publish","type":"page","link":"http:\/\/multimedia.uoc.edu\/blogs\/mi\/es\/","title":{"rendered":"Inicio"},"content":{"rendered":"<p><\/p>\n<div>\n<div>En este blog encontrar\u00e9is informaci\u00f3n en abierto y actualizada sobre los principales temas que se trabajan en la asignatura de Medios Interactivos. Se ofrecen diferentes art\u00edculos, conferencias,\u00a0v\u00eddeos, referencias, etc. ordenados por categor\u00edas seg\u00fan los grandes ejes de la cultura digital. Es un recurso din\u00e1mico y en constante expansi\u00f3n que se adapta continuamente al transcurso de la asignatura y de la actualidad de los nuevos medios digitales.<\/div>\n<div><\/div>\n<\/div>\n<div>La r\u00e1pida evoluci\u00f3n tecnol\u00f3gica de los nuevos medios hace que \u00a0muy a menudo avancemos sin tener tiempo de reflexionar y asentar las bases sobre las que avanza nuestra sociedad. Con la evoluci\u00f3n de la multimedia se da el mismo fen\u00f3meno, avanzamos en el uso de las nuevas herramientas digitales, sin pararnos a pensar como son realmente posibles o cu\u00e1les son sus caracter\u00edsticas m\u00e1s importantes, tanto a nivel f\u00edsico y epistemol\u00f3gico como a nivel social.<\/div>\n<div><\/div>\n<div>El objetivo de la asignatura Medios Interactivos es realizar un acercamiento te\u00f3rico-pr\u00e1ctico al entorno digital actual; repasando la evoluci\u00f3n de los medios de comunicaci\u00f3n y su vinculaci\u00f3n con la modernidad, y estableciendo un modelo de referencia te\u00f3rico que permita a la estudiante analizar, criticar y mejorar las plataformas interactivas existentes.<\/div>\n<div><\/div>\n<div>Para ello se plantea un doble enfoque. Por un lado la reflexi\u00f3n te\u00f3rica enfocada a la adquisici\u00f3n de las bases para cr\u00edtica y la reflexi\u00f3n en torno a los nuevos medios, por otro lado un marco pr\u00e1ctico continuado que desemboca en la realizaci\u00f3n de un proyecto multimedia original y bien documentado, adaptado a las caracter\u00edsticas principales del entorno digital.<\/div>\n<p>\u00a0<\/p>","protected":false},"excerpt":{"rendered":"<p>En este blog encontrar\u00e9is informaci\u00f3n en abierto y actualizada sobre los principales temas que se trabajan en la asignatura de Medios Interactivos. Se ofrecen diferentes art\u00edculos, conferencias,\u00a0v\u00eddeos, referencias, etc. ordenados por categor\u00edas seg\u00fan los grandes ejes de la cultura digital. Es un recurso din\u00e1mico y en constante expansi\u00f3n que se adapta continuamente al transcurso de &hellip; <\/p>\n<p class=\"link-more\"><a href=\"http:\/\/multimedia.uoc.edu\/blogs\/mi\/es\/\" class=\"more-link\">Seguir leyendo<span class=\"screen-reader-text\"> \u00abInicio\u00bb<\/span><\/a><\/p>\n","protected":false},"author":3,"featured_media":0,"parent":0,"menu_order":0,"comment_status":"closed","ping_status":"closed","template":"","meta":{"footnotes":""},"tags":[],"class_list":["post-181","page","type-page","status-publish","hentry","entry"],"_links":{"self":[{"href":"http:\/\/multimedia.uoc.edu\/blogs\/mi\/es\/wp-json\/wp\/v2\/pages\/181","targetHints":{"allow":["GET"]}}],"collection":[{"href":"http:\/\/multimedia.uoc.edu\/blogs\/mi\/es\/wp-json\/wp\/v2\/pages"}],"about":[{"href":"http:\/\/multimedia.uoc.edu\/blogs\/mi\/es\/wp-json\/wp\/v2\/types\/page"}],"author":[{"embeddable":true,"href":"http:\/\/multimedia.uoc.edu\/blogs\/mi\/es\/wp-json\/wp\/v2\/users\/3"}],"replies":[{"embeddable":true,"href":"http:\/\/multimedia.uoc.edu\/blogs\/mi\/es\/wp-json\/wp\/v2\/comments?post=181"}],"version-history":[{"count":9,"href":"http:\/\/multimedia.uoc.edu\/blogs\/mi\/es\/wp-json\/wp\/v2\/pages\/181\/revisions"}],"predecessor-version":[{"id":235,"href":"http:\/\/multimedia.uoc.edu\/blogs\/mi\/es\/wp-json\/wp\/v2\/pages\/181\/revisions\/235"}],"wp:attachment":[{"href":"http:\/\/multimedia.uoc.edu\/blogs\/mi\/es\/wp-json\/wp\/v2\/media?parent=181"}],"wp:term":[{"taxonomy":"post_tag","embeddable":true,"href":"http:\/\/multimedia.uoc.edu\/blogs\/mi\/es\/wp-json\/wp\/v2\/tags?post=181"}],"curies":[{"name":"wp","href":"https:\/\/api.w.org\/{rel}","templated":true}]}}