{"id":181,"date":"2013-04-02T01:10:06","date_gmt":"2013-04-02T01:10:06","guid":{"rendered":"http:\/\/multimedia.uoc.edu\/blogs\/mi\/?page_id=181"},"modified":"2013-04-09T14:22:26","modified_gmt":"2013-04-09T14:22:26","slug":"presentacio","status":"publish","type":"page","link":"http:\/\/multimedia.uoc.edu\/blogs\/mi\/","title":{"rendered":"Inici"},"content":{"rendered":"<p>En aquest bloc podreu trobar informaci\u00f3 en obert i actualitzada sobre els principals temes que es treballen a l&#8217;assignatura de Mitjans Interactius. S&#8217;ofereixen diferents articles, confer\u00e8ncies, v\u00eddeos, refer\u00e8ncies, etc. ordenats per categories segons els grans eixos de la cultura digital. \u00c9s un recurs din\u00e0mic i en constant expansi\u00f3 que s&#8217;adapta cont\u00ednuament al decurs de l&#8217;assignatura i a l&#8217;actualitat dels nous mitjans interactius.<\/p>\n<p>La r\u00e0pida evoluci\u00f3 tecnol\u00f2gica dels nous mitjans fa qu\u00e8 -massa sovint- avancem sense tenir temps de reflexionar i assentar les bases sobre les qu\u00e8 avan\u00e7a la nostra societat. Amb l&#8217;evoluci\u00f3 de la multim\u00e8dia \u00e9s d\u00f3na el mateix fenomen, avancem en l&#8217;\u00fas de les noves eines digitals sense parar-nos a pensar com s\u00f3n realment possibles o quines s\u00f3n les seves caracter\u00edstiques m\u00e9s importants; tant a nivell f\u00edsic i epistemol\u00f2gic com a nivell social.<\/p>\n<p>L&#8217;objectiu de l&#8217;assignatura Mitjans Interactius \u00e9s fer un acostament te\u00f2ric-pr\u00e0ctic a l&#8217;entorn digital actual repassant l&#8217;evoluci\u00f3 dels mitjans de comunicaci\u00f3 i la seva vinculaci\u00f3 amb la modernitat, i establint un model de refer\u00e8ncia te\u00f2ric que permeti a l&#8217;estudiant analitzar, criticar i millorar les plataformes interactives existents.<\/p>\n<p>Per a fer-ho es planteja una doble enfocament. \u00a0Per una banda, la reflexi\u00f3 te\u00f2rica enfocada a l&#8217;adquisici\u00f3 de les bases per a la cr\u00edtica i la reflexi\u00f3 a l&#8217;entorn dels nous mitjans, per l&#8217;altra. un marc pr\u00e0ctic continuat que desemboca en la realitzaci\u00f3 d&#8217;un projecte multim\u00e8dia original i ben documentat, adaptat a les caracter\u00edstiques principals de l&#8217;entorn digital.<\/p>","protected":false},"excerpt":{"rendered":"<p>En aquest bloc podreu trobar informaci\u00f3 en obert i actualitzada sobre els principals temes que es treballen a l&#8217;assignatura de Mitjans Interactius. S&#8217;ofereixen diferents articles, confer\u00e8ncies, v\u00eddeos, refer\u00e8ncies, etc. ordenats per categories segons els grans eixos de la cultura digital. \u00c9s un recurs din\u00e0mic i en constant expansi\u00f3 que s&#8217;adapta cont\u00ednuament al decurs de l&#8217;assignatura &hellip; <\/p>\n<p class=\"link-more\"><a href=\"http:\/\/multimedia.uoc.edu\/blogs\/mi\/\" class=\"more-link\">Continue reading<span class=\"screen-reader-text\"> &#8220;Inici&#8221;<\/span><\/a><\/p>\n","protected":false},"author":3,"featured_media":0,"parent":0,"menu_order":0,"comment_status":"closed","ping_status":"closed","template":"","meta":{"footnotes":""},"tags":[],"class_list":["post-181","page","type-page","status-publish","hentry","entry"],"_links":{"self":[{"href":"http:\/\/multimedia.uoc.edu\/blogs\/mi\/wp-json\/wp\/v2\/pages\/181","targetHints":{"allow":["GET"]}}],"collection":[{"href":"http:\/\/multimedia.uoc.edu\/blogs\/mi\/wp-json\/wp\/v2\/pages"}],"about":[{"href":"http:\/\/multimedia.uoc.edu\/blogs\/mi\/wp-json\/wp\/v2\/types\/page"}],"author":[{"embeddable":true,"href":"http:\/\/multimedia.uoc.edu\/blogs\/mi\/wp-json\/wp\/v2\/users\/3"}],"replies":[{"embeddable":true,"href":"http:\/\/multimedia.uoc.edu\/blogs\/mi\/wp-json\/wp\/v2\/comments?post=181"}],"version-history":[{"count":9,"href":"http:\/\/multimedia.uoc.edu\/blogs\/mi\/wp-json\/wp\/v2\/pages\/181\/revisions"}],"predecessor-version":[{"id":235,"href":"http:\/\/multimedia.uoc.edu\/blogs\/mi\/wp-json\/wp\/v2\/pages\/181\/revisions\/235"}],"wp:attachment":[{"href":"http:\/\/multimedia.uoc.edu\/blogs\/mi\/wp-json\/wp\/v2\/media?parent=181"}],"wp:term":[{"taxonomy":"post_tag","embeddable":true,"href":"http:\/\/multimedia.uoc.edu\/blogs\/mi\/wp-json\/wp\/v2\/tags?post=181"}],"curies":[{"name":"wp","href":"https:\/\/api.w.org\/{rel}","templated":true}]}}