{"id":4,"date":"2014-09-05T10:30:01","date_gmt":"2014-09-05T10:30:01","guid":{"rendered":"http:\/\/multimedia.uoc.edu\/blogs\/tamm\/?page_id=4"},"modified":"2014-10-07T08:12:39","modified_gmt":"2014-10-07T08:12:39","slug":"inicio","status":"publish","type":"page","link":"http:\/\/multimedia.uoc.edu\/blogs\/tamm\/ca\/","title":{"rendered":"Inici"},"content":{"rendered":"<p>En aquest blog presentem una s\u00e8rie d&#8217;articles relacionats amb el m\u00f3n de las Tecnologies i Aplicacions Multim\u00e8dia.<\/p>\n<p>Organitzats amb les categories de Wearebles, Desenvolupament d&#8217;App i Pla de Negoci, s&#8217;ofereix una visi\u00f3 en primera persona, conjuntament amb una s\u00e8rie de consells, que us ajudar\u00e0 a entendre i aprofundir en el coneixemnt d&#8217;aquestes tecnologies tant desde el punt de vista t\u00e8cnic com financer.<\/p>","protected":false},"excerpt":{"rendered":"<p>En aquest blog presentem una s\u00e8rie d&#8217;articles relacionats amb el m\u00f3n de las Tecnologies i Aplicacions Multim\u00e8dia. Organitzats amb les categories de Wearebles, Desenvolupament d&#8217;App i Pla de Negoci, s&#8217;ofereix una visi\u00f3 en primera persona, conjuntament amb una s\u00e8rie de consells, que us ajudar\u00e0 a entendre i aprofundir en el coneixemnt d&#8217;aquestes tecnologies tant desde &hellip; <\/p>\n<p class=\"link-more\"><a href=\"http:\/\/multimedia.uoc.edu\/blogs\/tamm\/ca\/\" class=\"more-link\">Continue reading<span class=\"screen-reader-text\"> &#8220;Inici&#8221;<\/span><\/a><\/p>\n","protected":false},"author":4,"featured_media":0,"parent":0,"menu_order":0,"comment_status":"open","ping_status":"open","template":"","meta":{"footnotes":""},"tags":[],"class_list":["post-4","page","type-page","status-publish","hentry","entry"],"_links":{"self":[{"href":"http:\/\/multimedia.uoc.edu\/blogs\/tamm\/ca\/wp-json\/wp\/v2\/pages\/4","targetHints":{"allow":["GET"]}}],"collection":[{"href":"http:\/\/multimedia.uoc.edu\/blogs\/tamm\/ca\/wp-json\/wp\/v2\/pages"}],"about":[{"href":"http:\/\/multimedia.uoc.edu\/blogs\/tamm\/ca\/wp-json\/wp\/v2\/types\/page"}],"author":[{"embeddable":true,"href":"http:\/\/multimedia.uoc.edu\/blogs\/tamm\/ca\/wp-json\/wp\/v2\/users\/4"}],"replies":[{"embeddable":true,"href":"http:\/\/multimedia.uoc.edu\/blogs\/tamm\/ca\/wp-json\/wp\/v2\/comments?post=4"}],"version-history":[{"count":7,"href":"http:\/\/multimedia.uoc.edu\/blogs\/tamm\/ca\/wp-json\/wp\/v2\/pages\/4\/revisions"}],"predecessor-version":[{"id":184,"href":"http:\/\/multimedia.uoc.edu\/blogs\/tamm\/ca\/wp-json\/wp\/v2\/pages\/4\/revisions\/184"}],"wp:attachment":[{"href":"http:\/\/multimedia.uoc.edu\/blogs\/tamm\/ca\/wp-json\/wp\/v2\/media?parent=4"}],"wp:term":[{"taxonomy":"post_tag","embeddable":true,"href":"http:\/\/multimedia.uoc.edu\/blogs\/tamm\/ca\/wp-json\/wp\/v2\/tags?post=4"}],"curies":[{"name":"wp","href":"https:\/\/api.w.org\/{rel}","templated":true}]}}