{"id":4,"date":"2015-10-27T15:35:36","date_gmt":"2015-10-27T15:35:36","guid":{"rendered":"http:\/\/multimedia.uoc.edu\/blogs\/tfgcreativitat\/?page_id=4"},"modified":"2018-06-23T20:42:54","modified_gmt":"2018-06-23T20:42:54","slug":"inicio","status":"publish","type":"page","link":"http:\/\/multimedia.uoc.edu\/blogs\/tfgcreativitat\/ca\/","title":{"rendered":"Inici"},"content":{"rendered":"<p><img loading=\"lazy\" decoding=\"async\" class=\"alignnone size-full wp-image-182\" src=\"http:\/\/multimedia.uoc.edu\/blogs\/tfgcreativitat\/files\/2018\/05\/tfm-01.jpg\" alt=\"\" width=\"602\" height=\"238\" \/><\/p>\n<p>Benvinguts al Bloc de TFG (Treball Fi de Grau) de les assignatures <strong>Creaci\u00f3 Gr\u00e0fica i Comunicaci\u00f3 i Cultura digital<\/strong> de l&#8217;\u00e0rea Multim\u00e8dia de la UOC.<\/p>\n<p>Aquestes assignatures estan pensades per realitzar un treball de s\u00edntesi dels coneixements adquirits en altres assignatures del grau i que requereixi posar-los en pr\u00e0ctica de forma integral en un treball concret.<\/p>\n<p>En aquest bloc trobareu material complementari d&#8217;aquestes assignatures distribu\u00eft en diferents apartats per facilitar la recerca.<\/p>\n<p>En l&#8217;apartat <a href=\"http:\/\/multimedia.uoc.edu\/blogs\/tfgcreativitat\/comunicacion-y-cultura-digital\/\">Comunicaci\u00f3 i cultura digital<\/a> ha enlla\u00e7os a iniciatives, projectes d&#8217;investigaci\u00f3 i programes relacionats amb la comunicaci\u00f3 i cultura digital. Dins de Creaci\u00f3 gr\u00e0fica trobareu continguts relacionats amb la <a href=\"http:\/\/multimedia.uoc.edu\/blogs\/tfgcreativitat\/creacio-grafica\/usabilitat\/\">Usabilitat<\/a> i l&#8217;<a href=\"http:\/\/multimedia.uoc.edu\/blogs\/tfgcreativitat\/creacio-grafica\/ux-experiencia-dusuari\/\">Experi\u00e8ncia d&#8217;usuari UX<\/a>.<\/p>\n<p>A l&#8217;\u00e0rea de <strong>Recursos TFG<\/strong> hi ha enlla\u00e7os a llocs webs, blogs i p\u00e0gines amb refer\u00e8ncies afins als coneixements que s&#8217;expliquen en el transcurs de l&#8217;assignatura.<\/p>\n<p>Disseny gr\u00e0fic, de marca, interf\u00edcies i web recull enlla\u00e7os amb informaci\u00f3 d&#8217;utilitat en el proc\u00e9s de creaci\u00f3 d&#8217;identitat gr\u00e0fica i desenvolupament d&#8217;elements web i multim\u00e8dia.<\/p>\n<p><a href=\"http:\/\/multimedia.uoc.edu\/blogs\/tfgcreativitat\/recursos-tfg\/planificacio-desenvolupament-i-programacio-front-end-back-end\/\">Planificaci\u00f3, desenvolupament i programaci\u00f3<\/a> \u00e9s una \u00e0rea de recursos espec\u00edfics centrats en el llenguatge i tecnologies que s\u00f3n necess\u00e0ries per al desenvolupament d&#8217;aplicacions web i multim\u00e8dia<\/p>\n<p>Tamb\u00e9 hi ha un apartat que ens mostra enlla\u00e7os a <a href=\"http:\/\/multimedia.uoc.edu\/blogs\/tfgcreativitat\/recursos-tfg\/mitjans-de-comunicacio-formacio-i-publicacions-especialitzades\/\">Mitjans de comunicaci\u00f3, formaci\u00f3 i publicacions especialitzades<\/a> d&#8217;actualitat en el m\u00f3n de la creaci\u00f3 gr\u00e0fica, comunicaci\u00f3 i cultura digital.<\/p>\n<p><a href=\"http:\/\/multimedia.uoc.edu\/blogs\/tfgcreativitat\/premis\/\">Premis<\/a> \u00e9s una secci\u00f3 que recollir\u00e0 premis i concursos que estan lligats a l&#8217;area d&#8217;aquest grau<\/p>","protected":false},"excerpt":{"rendered":"<p>Benvinguts al Bloc de TFG (Treball Fi de Grau) de les assignatures Creaci\u00f3 Gr\u00e0fica i Comunicaci\u00f3 i Cultura digital de l&#8217;\u00e0rea Multim\u00e8dia de la UOC. Aquestes assignatures estan pensades per realitzar un treball de s\u00edntesi dels coneixements adquirits en altres assignatures del grau i que requereixi posar-los en pr\u00e0ctica de forma integral en un treball &hellip; <\/p>\n<p class=\"link-more\"><a href=\"http:\/\/multimedia.uoc.edu\/blogs\/tfgcreativitat\/ca\/\" class=\"more-link\">Continua llegint <span class=\"screen-reader-text\">\u00abInici\u00bb<\/span><\/a><\/p>\n","protected":false},"author":42,"featured_media":0,"parent":0,"menu_order":0,"comment_status":"closed","ping_status":"closed","template":"","meta":{"footnotes":""},"tags":[],"class_list":["post-4","page","type-page","status-publish","hentry","entry"],"_links":{"self":[{"href":"http:\/\/multimedia.uoc.edu\/blogs\/tfgcreativitat\/ca\/wp-json\/wp\/v2\/pages\/4","targetHints":{"allow":["GET"]}}],"collection":[{"href":"http:\/\/multimedia.uoc.edu\/blogs\/tfgcreativitat\/ca\/wp-json\/wp\/v2\/pages"}],"about":[{"href":"http:\/\/multimedia.uoc.edu\/blogs\/tfgcreativitat\/ca\/wp-json\/wp\/v2\/types\/page"}],"author":[{"embeddable":true,"href":"http:\/\/multimedia.uoc.edu\/blogs\/tfgcreativitat\/ca\/wp-json\/wp\/v2\/users\/42"}],"replies":[{"embeddable":true,"href":"http:\/\/multimedia.uoc.edu\/blogs\/tfgcreativitat\/ca\/wp-json\/wp\/v2\/comments?post=4"}],"version-history":[{"count":16,"href":"http:\/\/multimedia.uoc.edu\/blogs\/tfgcreativitat\/ca\/wp-json\/wp\/v2\/pages\/4\/revisions"}],"predecessor-version":[{"id":218,"href":"http:\/\/multimedia.uoc.edu\/blogs\/tfgcreativitat\/ca\/wp-json\/wp\/v2\/pages\/4\/revisions\/218"}],"wp:attachment":[{"href":"http:\/\/multimedia.uoc.edu\/blogs\/tfgcreativitat\/ca\/wp-json\/wp\/v2\/media?parent=4"}],"wp:term":[{"taxonomy":"post_tag","embeddable":true,"href":"http:\/\/multimedia.uoc.edu\/blogs\/tfgcreativitat\/ca\/wp-json\/wp\/v2\/tags?post=4"}],"curies":[{"name":"wp","href":"https:\/\/api.w.org\/{rel}","templated":true}]}}