{"id":40,"date":"2017-05-19T18:17:11","date_gmt":"2017-05-19T18:17:11","guid":{"rendered":"http:\/\/multimedia.uoc.edu\/blogs\/tfgcreativitat\/?page_id=40"},"modified":"2018-06-23T20:05:49","modified_gmt":"2018-06-23T20:05:49","slug":"disseny-grafic-de-marca-interficies-i-web","status":"publish","type":"page","link":"http:\/\/multimedia.uoc.edu\/blogs\/tfgcreativitat\/ca\/recursos-tfg\/disseny-grafic-de-marca-interficies-i-web\/","title":{"rendered":"Disseny gr\u00e0fic, de marca, interf\u00edcies i web"},"content":{"rendered":"<p><img loading=\"lazy\" decoding=\"async\" class=\"alignnone size-full wp-image-174\" src=\"http:\/\/multimedia.uoc.edu\/blogs\/tfgcreativitat\/files\/2018\/05\/disenyweb-01.jpg\" alt=\"\" width=\"602\" height=\"238\" \/><\/p>\n<p>Recopilaci\u00f3 d&#8217;enlla\u00e7os amb informaci\u00f3 d&#8217;utilitat en el proc\u00e9s de creaci\u00f3 d&#8217;identitat gr\u00e0fica i desenvolupament d&#8217;elements web i multim\u00e8dia<\/p>\n<h3>Disseny d&#8217;elements gr\u00e0fics<\/h3>\n<p style=\"padding-left: 30px\"><strong>Just Creative Design &#8211; Learn the Basics<br \/>\n<\/strong>Vols saber com dissenyar? justcreative.com explica els fonaments del disseny mitjan\u00e7ant els elements b\u00e0sics del disseny inclouen color, l\u00ednia, forma, escala, espai, textura i valor. Aquestes s\u00f3n les peces fonamentals que componen qualsevol pe\u00e7a de treball.<br \/>\n<a href=\"http:\/\/justcreativedesign.com\/2008\/06\/13\/how-to-design-learn-the-basics\/\" target=\"_blank\" rel=\"noopener noreferrer\"> http:\/\/justcreativedesign.com\/2008\/06\/13\/how-to-design-learn-the-basics\/<\/a><\/p>\n<p style=\"padding-left: 30px\"><strong>Adobe &#8211; Kuler<\/strong><br \/>\nCrea esquemes de color amb la roda de colors o explori milers de combinacions de colors de la comunitat Kuler<br \/>\n<a href=\"https:\/\/color.adobe.com\">https:\/\/color.adobe.com<\/a><\/p>\n<p style=\"padding-left: 30px\"><strong>Wikipedia &#8211; Web colors<br \/>\n<\/strong>Els colors web s\u00f3n aquells colors que apareixen en una p\u00e0gina web. Es poden basar sobre els sistemes de color RGB o HSL<br \/>\n<a href=\"http:\/\/en.wikipedia.org\/wiki\/Web_colors\" target=\"_blank\" rel=\"noopener noreferrer\"> http:\/\/en.wikipedia.org\/wiki\/Web_colors<\/a><\/p>\n<p style=\"padding-left: 30px\"><strong>AIGA &#8211; The professional association for design<br \/>\n<\/strong>L&#8217;American Institute of Graphic Arts (en espanyol com Institut d&#8217;Arts Gr\u00e0fiques d&#8217;Am\u00e8rica del Nord, conegut simplement com AIGA) \u00e9s un col\u00b7legi oficial de disseny gr\u00e0fic creat als Estats Units en 1914. \u00c9s coneguda per les seves activitats de disseny t\u00e8cnic, espec\u00edficament en la creaci\u00f3 de pictogrames del Departament de Transport dels Estats Units en 1979.2 Actualment est\u00e0 organitzat per 20.000 membres a trav\u00e9s de 65 seus a tot el pa\u00eds.<br \/>\n<a href=\"http:\/\/www.aiga.org\/\" target=\"_blank\" rel=\"noopener noreferrer\"> http:\/\/www.aiga.org\/<\/a><\/p>\n<p style=\"padding-left: 30px\"><strong>Design Observer<br \/>\n<\/strong>Design Observer \u00e9s un lloc web dedicat a una varietat de temes de disseny, incloent disseny gr\u00e0fic, innovaci\u00f3 social, urbanisme, cultura popular i cr\u00edtica.<br \/>\n<a href=\"http:\/\/designobserver.com\/\" target=\"_blank\" rel=\"noopener noreferrer\"> http:\/\/designobserver.com\/<\/a><\/p>\n<p style=\"padding-left: 30px\"><strong>Computer Arts Magazine<br \/>\n<\/strong>Revista per a dissenyadors<br \/>\n<a href=\"http:\/\/www.computerarts.co.uk\/\" target=\"_blank\" rel=\"noopener noreferrer\"> http:\/\/www.computerarts.co.uk\/<\/a><\/p>\n<h3>Disseny d&#8217;identitat \/ marca \/ estil<\/h3>\n<p style=\"padding-left: 30px\"><strong>Logoorange &#8211; The Corporate Identity Style Guide<br \/>\n<\/strong>BIdentitat Corporativa, Recursos de Disseny<br \/>\n<a href=\"http:\/\/www.logoorange.com\/corporate-identity-manual-brand-style-guide.php\" target=\"_blank\" rel=\"noopener noreferrer\"> http:\/\/www.logoorange.com\/corporate-identity-manual-brand-style-guide.php<\/a><\/p>\n<p style=\"padding-left: 30px\"><strong>Smashing Magazine &#8211; Designing Style Guidelines For Brands And Websites<br \/>\n<\/strong>Disseny de pautes d&#8217;estil per a marques i llocs web<br \/>\n<a href=\"http:\/\/www.smashingmagazine.com\/2010\/07\/21\/designing-style-guidelines-for-brands-and-websites\/\" target=\"_blank\" rel=\"noopener noreferrer\"> http:\/\/www.smashingmagazine.com\/2010\/07\/21\/designing-style-guidelines-for-brands-and-websites\/<\/a><\/p>\n<p style=\"padding-left: 30px\"><strong>University of Cambridge &#8211; Identity guidelines<br \/>\n<\/strong>Guies de disseny de la universitat de Cambridge<br \/>\n<a href=\"http:\/\/www.admin.cam.ac.uk\/offices\/communications\/services\/identityguidelines\/\" target=\"_blank\" rel=\"noopener noreferrer\"> http:\/\/www.admin.cam.ac.uk\/offices\/communications\/services\/identityguidelines\/<\/a><\/p>\n<p style=\"padding-left: 30px\"><strong>Adobe Corporate Brand Guidelines<br \/>\n<\/strong>Guies de disseny de l&#8217;empresa Adobe<br \/>\n<a href=\"https:\/\/issuu.com\/logobr\/docs\/adobe_brand_guidelines\"> https:\/\/issuu.com\/logobr\/docs\/adobe_brand_guidelines<\/a><\/p>\n<p style=\"padding-left: 30px\"><strong>Conjunt d&#8217;ebooks i manuals d&#8217;identitat corporativa<\/strong><br \/>\n<a href=\"https:\/\/drive.google.com\/folderview?id=0BxTisRIJ7yAPR1dsVWdoN3pxMHc&amp;usp=sharing\">https:\/\/drive.google.com\/folderview?id=0BxTisRIJ7yAPR1dsVWdoN3pxMHc&amp;usp=sharing<\/a><\/p>\n<p><strong>Refer\u00e8ncies Bibliogr\u00e0fiques<\/strong><\/p>\n<p style=\"padding-left: 30px\"><strong>Sobre Branding<\/strong><br \/>\nWeb de Branzai, Acad\u00e8mia de Branding. Informar i Formar sobre la creaci\u00f3 i gesti\u00f3 de marques.<br \/>\n<a href=\"http:\/\/www.branzai.com\/search\/label\/Herramientas\">http:\/\/www.branzai.com\/search\/label\/Herramientas<\/a><br \/>\n<a href=\"http:\/\/www.branzai.com\/search\/label\/Tendencias\">http:\/\/www.branzai.com\/search\/label\/Tendencias<\/a><br \/>\n<a href=\"http:\/\/www.branzai.com\/2012\/05\/de-logos-marcas-fases-de-construccion.html\">http:\/\/www.branzai.com\/2012\/05\/de-logos-marcas-fases-de-construccion.html<\/a><\/p>\n<p style=\"padding-left: 30px\"><strong>Brand off on: El Branding del futur [llibre]<\/strong><br \/>\nEstem albirant el \u00abfutur del futur\u00bb. Vivim un canvi d&#8217;era sense precedents que est\u00e0 transformant el nostre entorn i amb aix\u00f2 totes les empreses i marques.<br \/>\n<a href=\"http:\/\/www.amazon.es\/dp\/B00IN37WES\">http:\/\/www.amazon.es\/dp\/B00IN37WES<\/a><\/p>\n<p style=\"padding-left: 30px\"><strong>Proc\u00e9s de creaci\u00f3 de marca i emprenedors<\/strong><\/p>\n<p style=\"padding-left: 60px\"><strong>Estudi que proposa models de negoci per a Empreses emergents de Disseny<\/strong><br \/>\n<a href=\"http:\/\/www.slideshare.net\/rodrigogajardo\/modelos-de-negocio-para-empresas-emergentes-de-diseo-rodrigo-gajardo-2010\">http:\/\/www.slideshare.net\/rodrigogajardo\/modelos-de-negocio-para-empresas-emergentes-de-diseo-rodrigo-gajardo-2010<br \/>\n<\/a><strong>7 consells per ser un dissenyador freelance reeixit<\/strong><br \/>\n<a href=\"https:\/\/isopixel.net\/2006\/10\/26\/7-consejos-para-ser-un-disenador-freelance-exitoso\/\">https:\/\/isopixel.net\/2006\/10\/26\/7-consejos-para-ser-un-disenador-freelance-exitoso\/<\/a><\/p>\n<p style=\"padding-left: 30px\"><strong>Metodologia de disseny<\/strong><br \/>\nGuia del proc\u00e9s creatiu des del Desig Thinking<br \/>\n<a href=\"https:\/\/dschool-old.stanford.edu\/sandbox\/groups\/designresources\/wiki\/31fbd\/attachments\/027aa\/GU%C3%8DA%20DEL%20PROCESO%20CREATIVO.pdf?sessionID=573efa71aea50503341224491c862e32f5edc0a9\">https:\/\/dschool-old.stanford.edu\/sandbox\/groups\/designresources\/wiki\/31fbd\/attachments\/027aa\/GU%C3%8DA%20DEL%20PROCESO%20CREATIVO.pdf?sessionID=573efa71aea50503341224491c862e32f5edc0a9<\/a><\/p>\n<p style=\"padding-left: 30px\"><strong>Altres enlla\u00e7os d&#8217;inter\u00e8s<\/strong><\/p>\n<p style=\"padding-left: 60px\"><strong>Quina informaci\u00f3 ha de contenir un Manual d&#8217;Identitat Corporativa?<\/strong><br \/>\n<a href=\"http:\/\/uzkiaga.com\/blog\/diseno-grafico\/que-informacion-debe-contener-un-manual-de-identidad-corporativa\">http:\/\/uzkiaga.com\/blog\/diseno-grafico\/que-informacion-debe-contener-un-manual-de-identidad-corporativa<\/a><\/p>\n<p style=\"padding-left: 60px\"><strong>Metodologia del Disseny per a Dissenyadors Gr\u00e0fics &#8211; Scribd<\/strong><br \/>\n<a href=\"http:\/\/es.scribd.com\/doc\/244780\/Capitulo-1-Metodologia-del-Diseno-para-Disenadores-Graficos\">http:\/\/es.scribd.com\/doc\/244780\/Capitulo-1-Metodologia-del-Diseno-para-Disenadores-Graficos<\/a><\/p>\n<p style=\"padding-left: 60px\"><strong>Els 6 passos del disseny d&#8217;un logotip | BCNBIT<\/strong><br \/>\nEls logotips, s\u00f3n la cara de la identitat corporativa, la fa\u00e7ana de les marques. S\u00f3n actors principals en la nostra vida di\u00e0ria: es presenten, ens saluden, ens &#8230;<br \/>\n<a href=\"http:\/\/www.bcnbit.com\/los-6-pasos-de-diseno-de-un-logotipo\/\">http:\/\/www.bcnbit.com\/los-6-pasos-de-diseno-de-un-logotipo\/<\/a><\/p>\n<p style=\"padding-left: 30px\"><strong>Llibres Freelance<\/strong><br \/>\nDues e-books i altres relacionats amb l&#8217;estrat\u00e8gia de freelances.<\/p>\n<p style=\"padding-left: 60px\"><strong>MANUAL DEL DISSENYADOR FREELANCE (Disseny gr\u00e0fic) de Cathy Fishel<\/strong><br \/>\n<a href=\"http:\/\/www.amazon.es\/dp\/8434237628\">http:\/\/www.amazon.es\/dp\/8434237628<\/a><\/p>\n<p style=\"padding-left: 60px\"><strong>La Teva Carrera Com Freelance de Michael Fleishman<\/strong><br \/>\n<a href=\"http:\/\/www.amazon.es\/dp\/8493393126\">http:\/\/www.amazon.es\/dp\/8493393126<\/a><\/p>\n<p style=\"padding-left: 60px\"><strong>Una revista-book molt recomanable encara que est\u00e0 en angl\u00e8s i algunes coses no s&#8217;adapten a la nostra realitat<\/strong><br \/>\n<a href=\"http:\/\/www.creativebloq.com\/computer-arts\/design-studio-handbook-run-thriving-creative-business-4137474\">http:\/\/www.creativebloq.com\/computer-arts\/design-studio-handbook-run-thriving-creative-business-4137474<\/a><\/p>\n<p style=\"padding-left: 60px\"><strong>Exemples de Manuals d&#8217;imatge corporativa amb una presentaci\u00f3 professional<\/strong><br \/>\n<a href=\"https:\/\/drive.google.com\/drive\/folders\/0BxTisRIJ7yAPaUk3T1JKaUZHVGs\">https:\/\/drive.google.com\/drive\/folders\/0BxTisRIJ7yAPaUk3T1JKaUZHVGs<\/a><\/p>\n<p style=\"padding-left: 30px\"><strong>Bones pr\u00e0ctiques<\/strong><\/p>\n<p style=\"padding-left: 30px\"><strong>UNESPA: Manual b\u00e0sic d&#8217;Identitat Corporativa &#8211; Slideshare<\/strong><br \/>\npermet descarregar cada plantilla<br \/>\n<a href=\"http:\/\/www.slideshare.net\/pacobarranco\/unespa-manualbsico-de-identidad-corporativa\">http:\/\/www.slideshare.net\/pacobarranco\/unespa-manualbsico-de-identidad-corporativa<\/a><\/p>\n<p style=\"padding-left: 30px\"><strong>La Generalitat<\/strong> tamb\u00e9 disposa d&#8217;una gran quantitat de manuals en l\u00ednia per als seus departaments i institucions<br \/>\n<a href=\"http:\/\/www.gencat.cat\/piv\/\">http:\/\/www.gencat.cat\/piv\/<\/a><\/p>\n<p style=\"padding-left: 30px\"><strong>Sobre logotips i tend\u00e8ncies<br \/>\n<\/strong>Tend\u00e8ncies de logos 2014, 2015 i 2016 (de logolounge)<br \/>\n<a href=\"https:\/\/www.logolounge.com\/articles\/2014-logo-trends\">https:\/\/www.logolounge.com\/articles\/2014-logo-trends<\/a><br \/>\n<a href=\"https:\/\/www.logolounge.com\/articles\/2015-logo-trends\">https:\/\/www.logolounge.com\/articles\/2015-logo-trends<\/a><br \/>\n<a href=\"https:\/\/www.logolounge.com\/articles\/2016-logo-trends\">https:\/\/www.logolounge.com\/articles\/2016-logo-trends<\/a><\/p>\n<p style=\"padding-left: 30px\"><strong>Evoluci\u00f3 del Flat design<\/strong><br \/>\nhttp:\/\/multimedia.uoc.edu\/blogs\/dg\/2013\/10\/23\/evolucio-del-flat-design\/<\/p>\n<p style=\"padding-left: 30px\"><strong>An\u00e0lisi semiologic<\/strong><br \/>\nCom es realitza una an\u00e0lisi semiol\u00f2gic d&#8217;un logotip?<br \/>\nL&#8217;an\u00e0lisi semiol\u00f2gic d&#8217;un logotip s&#8217;elabora partint de la idea que un logotip \u00e9s un producte de comunicaci\u00f3 visual, &#8230;<br \/>\n<a href=\"http:\/\/elsemainomenon.blogspot.com.es\/2010\/02\/como-se-realiza-un-analisis-semiologico.html\">http:\/\/elsemainomenon.blogspot.com.es\/2010\/02\/como-se-realiza-un-analisis-semiologico.html<\/a><\/p>\n<p style=\"padding-left: 30px\"><strong>Classificaci\u00f3<\/strong><br \/>\nClassificaci\u00f3 tipol\u00f2gica dels s\u00edmbols en la creaci\u00f3 de la imatge gr\u00e0fica<br \/>\n<a href=\"http:\/\/www.eumed.net\/libros-gratis\/2012a\/1184\/clasificacion_tipologica_de_simbolos_imagenes_graficas.html\">http:\/\/www.eumed.net\/libros-gratis\/2012a\/1184\/clasificacion_tipologica_de_simbolos_imagenes_graficas.html<\/a><br \/>\nThe Informed Illustrator: Classification de Logotipos para ilustradores<br \/>\n<a href=\"http:\/\/www.theinformedillustrator.com\/2013\/08\/logo-classification-for-illustrators.html\">http:\/\/www.theinformedillustrator.com\/2013\/08\/logo-classification-for-illustrators.html<\/a><\/p>\n<h3>Disseny d&#8217;interf\u00edcies \/ Usabilitat \/UX<\/h3>\n<p style=\"padding-left: 30px\"><strong>The UX Bookmark &#8211; A huge list of Style Guides and UI Guidelines<br \/>\n<\/strong>Una llista gegantina constantment actualitzada de guies d&#8217;estil i la interf\u00edcie d&#8217;usuari<br \/>\n<a href=\"http:\/\/www.theuxbookmark.com\/2010\/08\/interaction-design\/a-monster-list-of-ui-guidelines-style-guides\/\" target=\"_blank\" rel=\"noopener noreferrer\"> http:\/\/www.theuxbookmark.com\/2010\/08\/interaction-design\/a-monster-list-of-ui-guidelines-style-guides\/<\/a><\/p>\n<p style=\"padding-left: 30px\"><strong>Smashing Magazine &#8211; 10 Useful Techniques To Improve Your User Interface Designs<br \/>\n<\/strong>El disseny web consisteix, en la seva major part, en el disseny d&#8217;interf\u00edcies. Hi ha moltes t\u00e8cniques implicades en l&#8217;elaboraci\u00f3 d&#8217;interf\u00edcies belles i funcionals en aquest lloc hi trobar\u00e0s 10 T\u00e8cniques \u00fatils per millorar els seus dissenys d&#8217;interf\u00edcie d&#8217;usuari<br \/>\n<a href=\"http:\/\/uxdesign.smashingmagazine.com\/2008\/12\/15\/10-useful-techniques-to-improve-your-user-interface-designs\/\" target=\"_blank\" rel=\"noopener noreferrer\"> http:\/\/uxdesign.smashingmagazine.com\/2008\/12\/15\/10-useful-techniques-to-improve-your-user-interface-designs\/<\/a><\/p>\n<p style=\"padding-left: 30px\"><strong>UPA &#8211; Usability Body of Knowledge<br \/>\n<\/strong>Usability BoK es deriva de la literatura publicada, els procediments en la creaci\u00f3 de confer\u00e8ncies i les experi\u00e8ncies dels professionals acumulats durant molts anys. \u00c9s una guia dels recursos existents que est\u00e0 en constant evoluci\u00f3<br \/>\n<a href=\"http:\/\/www.usabilitybok.org\/\" target=\"_blank\" rel=\"noopener noreferrer\"> http:\/\/www.usabilitybok.org\/<\/a><\/p>\n<p style=\"padding-left: 30px\"><strong>Tampere University of Technology &#8211; UX, Usability and ISO Standards<br \/>\n<\/strong><span id=\"result_box\" class=\"\" lang=\"es\"><span class=\"\">El document explora la relaci\u00f3 entre UX i els enfocaments actuals d&#8217;usabilitat en les normes ISO<\/span><\/span><br \/>\n<a href=\"http:\/\/www.cs.tut.fi\/ihte\/CHI08_workshop\/papers\/Bevan_UXEM_CHI08_06April08.pdf\" target=\"_blank\" rel=\"noopener noreferrer\"> http:\/\/www.cs.tut.fi\/ihte\/CHI08_workshop\/papers\/Bevan_UXEM_CHI08_06April08.pdf<\/a><\/p>\n<p style=\"padding-left: 30px\"><strong>A List Apart &#8211; Visual Decision Making<br \/>\n<\/strong>Article relacionat amb el disseny gr\u00e0fic, disseny d&#8217;interacci\u00f3 i usabidad per Patrick Lynch<br \/>\n<a href=\"http:\/\/www.alistapart.com\/articles\/visual-decision-making\/\" target=\"_blank\" rel=\"noopener noreferrer\"> http:\/\/www.alistapart.com\/articles\/visual-decision-making\/<\/a><\/p>\n<p style=\"padding-left: 30px\"><strong>UX Magazine &#8211; UX Factory, Resources<br \/>\n<\/strong>UX Magazine \u00e9s un recurs central i d&#8217;una sola parada per a tot el relacionat amb l&#8217;experi\u00e8ncia de l&#8217;usuari.<br \/>\n<a href=\"http:\/\/uxmag.com\/\" target=\"_blank\" rel=\"noopener noreferrer\"> http:\/\/uxmag.com\/<\/a><\/p>\n<p style=\"padding-left: 30px\"><strong>UX Spain<br \/>\n<\/strong>Trobada de professionals de l&#8217;Experi\u00e8ncia d&#8217;Usuari a Espanya.<br \/>\n<a href=\"http:\/\/uxspain.com\/\" target=\"_blank\" rel=\"noopener noreferrer\"> http:\/\/uxspain.com\/<\/a><\/p>\n<p style=\"padding-left: 30px\"><strong>The Functional Art<br \/>\n<\/strong>L&#8217;Art Funcional: Una Introducci\u00f3 als Gr\u00e0fics d&#8217;Informaci\u00f3 i Visualitzaci\u00f3 per Alberto Cairo<br \/>\n<a href=\"http:\/\/www.thefunctionalart.com\/\" target=\"_blank\" rel=\"noopener noreferrer\"> http:\/\/www.thefunctionalart.com\/<\/a><\/p>\n<p style=\"padding-left: 30px\"><strong>Information Aesthetics<br \/>\n<\/strong>Visualitzaci\u00f3 de dades i disseny d&#8217;informaci\u00f3<br \/>\n<a href=\"http:\/\/infosthetics.com\/\" target=\"_blank\" rel=\"noopener noreferrer\"> http:\/\/infosthetics.com\/<\/a><\/p>\n<h3>Disseny web<\/h3>\n<p style=\"padding-left: 30px\"><strong>Smashing Magazine &#8211; Following a Web Design Process<br \/>\n<\/strong><span id=\"result_box\" class=\"\" lang=\"es\"><span class=\"alt-edited\">Article &#8211; Despr\u00e9s d&#8217;un proc\u00e9s de disseny web i desenvolupament detallat pot accelerar el seu treball i ajudar al seu client a entendre el seu paper en el projecte.<\/span><\/span><br \/>\n<a href=\"http:\/\/www.smashingmagazine.com\/2011\/06\/22\/following-a-web-design-process\/\" target=\"_blank\" rel=\"noopener noreferrer\"> http:\/\/www.smashingmagazine.com\/2011\/06\/22\/following-a-web-design-process\/<\/a><\/p>\n<p style=\"padding-left: 30px\"><strong>Webdesign.Tutsplus \u2013 web design tutorials<br \/>\n<\/strong><span id=\"result_box\" class=\"\" lang=\"es\"><span class=\"\">Milers de tutorials gratu\u00efts i cursos en l\u00ednia per ajudar a aprendre disseny web<\/span><\/span><br \/>\n<a href=\"http:\/\/webdesign.tutsplus.com\/category\/articles\/\" target=\"_blank\" rel=\"noopener noreferrer\"> http:\/\/webdesign.tutsplus.com\/category\/articles\/<\/a><\/p>\n<p style=\"padding-left: 30px\"><strong>Vitaly Friedman &#8211; Web Developer&#8217;s Handbook<br \/>\n<\/strong><span id=\"result_box\" class=\"\" lang=\"es\"><span class=\"\">El <\/span>manual del desenvolupador web \u00e9s una llista de llocs web essencials, que faciliten la vida dels desenvolupadors web. Compilat i actualitzat per Vitaly Friedman.<\/span><br \/>\n<a href=\"http:\/\/www.alvit.de\/handbook\/\" target=\"_blank\" rel=\"noopener noreferrer\"> http:\/\/www.alvit.de\/handbook\/<\/a><\/p>\n<p style=\"padding-left: 30px\"><strong>W3C &#8211; HTML, CSS i altres<br \/>\n<\/strong>El Consorci World Wide Web (W3C) \u00e9s una comunitat internacional on les organitzacions membre, personal a temps complet i el p\u00fablic en general treballen conjuntament per a desenvolupar est\u00e0ndards Web<br \/>\n<a href=\"http:\/\/w3.org\" target=\"_blank\" rel=\"noopener noreferrer\"> http:\/\/w3.org<\/a><\/p>\n<p><\/p>","protected":false},"excerpt":{"rendered":"<p>Recopilaci\u00f3 d&#8217;enlla\u00e7os amb informaci\u00f3 d&#8217;utilitat en el proc\u00e9s de creaci\u00f3 d&#8217;identitat gr\u00e0fica i desenvolupament d&#8217;elements web i multim\u00e8dia Disseny d&#8217;elements gr\u00e0fics Just Creative Design &#8211; Learn the Basics Vols saber com dissenyar? justcreative.com explica els fonaments del disseny mitjan\u00e7ant els elements b\u00e0sics del disseny inclouen color, l\u00ednia, forma, escala, espai, textura i valor. Aquestes s\u00f3n &hellip; <\/p>\n<p class=\"link-more\"><a href=\"http:\/\/multimedia.uoc.edu\/blogs\/tfgcreativitat\/ca\/recursos-tfg\/disseny-grafic-de-marca-interficies-i-web\/\" class=\"more-link\">Continua llegint <span class=\"screen-reader-text\">\u00abDisseny gr\u00e0fic, de marca, interf\u00edcies i web\u00bb<\/span><\/a><\/p>\n","protected":false},"author":9,"featured_media":0,"parent":38,"menu_order":0,"comment_status":"closed","ping_status":"closed","template":"plantilla-pagina.php","meta":{"footnotes":""},"tags":[],"class_list":["post-40","page","type-page","status-publish","hentry","entry"],"_links":{"self":[{"href":"http:\/\/multimedia.uoc.edu\/blogs\/tfgcreativitat\/ca\/wp-json\/wp\/v2\/pages\/40","targetHints":{"allow":["GET"]}}],"collection":[{"href":"http:\/\/multimedia.uoc.edu\/blogs\/tfgcreativitat\/ca\/wp-json\/wp\/v2\/pages"}],"about":[{"href":"http:\/\/multimedia.uoc.edu\/blogs\/tfgcreativitat\/ca\/wp-json\/wp\/v2\/types\/page"}],"author":[{"embeddable":true,"href":"http:\/\/multimedia.uoc.edu\/blogs\/tfgcreativitat\/ca\/wp-json\/wp\/v2\/users\/9"}],"replies":[{"embeddable":true,"href":"http:\/\/multimedia.uoc.edu\/blogs\/tfgcreativitat\/ca\/wp-json\/wp\/v2\/comments?post=40"}],"version-history":[{"count":18,"href":"http:\/\/multimedia.uoc.edu\/blogs\/tfgcreativitat\/ca\/wp-json\/wp\/v2\/pages\/40\/revisions"}],"predecessor-version":[{"id":210,"href":"http:\/\/multimedia.uoc.edu\/blogs\/tfgcreativitat\/ca\/wp-json\/wp\/v2\/pages\/40\/revisions\/210"}],"up":[{"embeddable":true,"href":"http:\/\/multimedia.uoc.edu\/blogs\/tfgcreativitat\/ca\/wp-json\/wp\/v2\/pages\/38"}],"wp:attachment":[{"href":"http:\/\/multimedia.uoc.edu\/blogs\/tfgcreativitat\/ca\/wp-json\/wp\/v2\/media?parent=40"}],"wp:term":[{"taxonomy":"post_tag","embeddable":true,"href":"http:\/\/multimedia.uoc.edu\/blogs\/tfgcreativitat\/ca\/wp-json\/wp\/v2\/tags?post=40"}],"curies":[{"name":"wp","href":"https:\/\/api.w.org\/{rel}","templated":true}]}}