{"id":16,"date":"2015-10-27T16:09:38","date_gmt":"2015-10-27T16:09:38","guid":{"rendered":"http:\/\/multimedia.uoc.edu\/blogs\/tfgcreativitat\/?page_id=16"},"modified":"2018-06-23T20:35:24","modified_gmt":"2018-06-23T20:35:24","slug":"comunicacion-y-cultura-digital","status":"publish","type":"page","link":"http:\/\/multimedia.uoc.edu\/blogs\/tfgcreativitat\/comunicacion-y-cultura-digital\/","title":{"rendered":"Comunicaci\u00f3n y cultura digital"},"content":{"rendered":"<p><img loading=\"lazy\" decoding=\"async\" class=\"alignnone size-full wp-image-195\" src=\"http:\/\/multimedia.uoc.edu\/blogs\/tfgcreativitat\/files\/2018\/05\/comunicacion-01.jpg\" alt=\"\" width=\"602\" height=\"238\" \/><\/p>\n<p>Enlaces a iniciativas, proyectos de investigaci\u00f3n y programas relacionados con la comunicaci\u00f3n y cultura digital<\/p>\n<p><strong>CatLab<\/strong><br \/>\n<span id=\"result_box\" class=\"\" lang=\"es\">El programa <span class=\"\">Catlab<\/span> <span class=\"\">promueve<\/span> la articulaci\u00f3n de una red catalana de innovaci\u00f3n digital, social y <span class=\"\">colaborativa<\/span>, <span class=\"\">que implique<\/span> el conjunto del tejido econ\u00f3mico y social del pa\u00eds en los procesos <span class=\"\">de innovaci\u00f3n<\/span><\/span>.<br \/>\n<a href=\"http:\/\/catalunya2020.gencat.cat\/ca\/instruments\/catlabs\/\" target=\"_blank\" rel=\"noopener noreferrer\">http:\/\/catalunya2020.gencat.cat\/ca\/instruments\/catlabs\/<\/a><\/p>\n<p><strong>Library Living Lab<\/strong><br \/>\nLa iniciativa \u00abLibrary Living Lab \/ Laboratorio Vivo de La Biblioteca &#8211; Barcelona\u00bb (L3) explora los v\u00ednculos entre la cultura, la tecnolog\u00eda y la sociedad, centr\u00e1ndose en el \u00e1rea de Volpelleres, un nuevo barrio de Sant Cugat del Vall\u00e8s ( Barcelona, Espa\u00f1a), cuyo desarrollo ha sido fuertemente afectado por la situaci\u00f3n econ\u00f3mica actual.<br \/>\n<a href=\"http:\/\/librarylivinglab.cvc.uab.cat\/\" target=\"_blank\" rel=\"noopener noreferrer\">http:\/\/librarylivinglab.cvc.uab.cat\/<\/a><\/p>\n<p><strong>Ejemplos relacionados con la Cultura Digital<\/strong><br \/>\n<a href=\"http:\/\/librarylivinglab.cvc.uab.cat\/home\/que-hacemos\/#prototypes\" target=\"_blank\" rel=\"noopener noreferrer\"> http:\/\/librarylivinglab.cvc.uab.cat\/home\/que-hacemos\/#prototypes<\/a><\/p>\n<p style=\"padding-left: 30px\"><strong>Proyectos que intentan vincular el mundo f\u00edsico con el mundo digital<br \/>\n1.- ejemplo de una aplicaci\u00f3n que interactua con partituras:<\/strong><br \/>\n<a href=\"http:\/\/librarylivinglab.cvc.uab.cat\/calendar\/prototypes-and-apps-for-musical-language-learning\/\" target=\"_blank\" rel=\"noopener noreferrer\"> http:\/\/librarylivinglab.cvc.uab.cat\/calendar\/prototypes-and-apps-for-musical-language-learning\/<\/a><br \/>\n<strong>2.- virtual Book<\/strong><br \/>\n<a href=\"http:\/\/librarylivinglab.cvc.uab.cat\/calendar\/prototype-virtual-book\/\" target=\"_blank\" rel=\"noopener noreferrer\"> http:\/\/librarylivinglab.cvc.uab.cat\/calendar\/prototype-virtual-book\/<\/a><\/p>\n<p><strong>Estudio Anual de eCommerce 2016 de la mano de iabspain.net<\/strong><br \/>\n<a href=\"http:\/\/www.iabspain.net\/wp-content\/uploads\/downloads\/2016\/06\/Estudio-eCommerce-IAB-2016_completo.pdf\" target=\"_blank\" rel=\"noopener noreferrer\"> http:\/\/www.iabspain.net\/wp-content\/uploads\/downloads\/2016\/06\/Estudio-eCommerce-IAB-2016_completo.pdf<\/a><\/p>\n<p><strong>Apps movil<br \/>\n<\/strong>30 Herramientas para Crear Apps M\u00f3viles Sin Saber Programar<br \/>\n<a href=\"https:\/\/ignaciosantiago.com\/blog\/mejores-herramientas-crear-aplicacion-movil\/\" target=\"_blank\" rel=\"noopener noreferrer\"> https:\/\/ignaciosantiago.com\/blog\/mejores-herramientas-crear-aplicacion-movil\/<\/a><\/p>\n<h3>Recursos TFG<\/h3>\n<p style=\"padding-left: 30px\"><a href=\"http:\/\/multimedia.uoc.edu\/blogs\/tfgcreativitat\/recursos-tfg\/disen%cc%83o-grafico-de-marca-interfaces-y-web\/\">Dise\u00f1o gr\u00e1fico, de marca, interfaces y web<br \/>\n<\/a>Enlaces con informaci\u00f3n de utilidad en el proceso de creaci\u00f3n de identidad gr\u00e1fica y desarrollo de elementos web y multimedia.<\/p>\n<p style=\"padding-left: 30px\"><a href=\"http:\/\/multimedia.uoc.edu\/blogs\/tfgcreativitat\/recursos-tfg\/planificacion-desarrollo-y-programacion-front-end-back-end\/\">Planificaci\u00f3n, desarrollo y programaci\u00f3n<br \/>\n<\/a>Area de recursos espec\u00edficos centrados en el lenguaje y tecnolog\u00edas que son necesarias para el desarrollo de aplicaciones web y multimedia<\/p>\n<p style=\"padding-left: 30px\"><a href=\"http:\/\/multimedia.uoc.edu\/blogs\/tfgcreativitat\/recursos-tfg\/medios-de-comunicacion-formacion-y-publicaciones-especializadas\/\">Medios de comunicaci\u00f3n, formaci\u00f3n y publicaciones especializadas<\/a><br \/>\nArt\u00edculos de actualidad en el mundo de la creaci\u00f3n gr\u00e1fica, comunicaci\u00f3n y cultura digital<\/p>\n<p><\/p>","protected":false},"excerpt":{"rendered":"<p>Enlaces a iniciativas, proyectos de investigaci\u00f3n y programas relacionados con la comunicaci\u00f3n y cultura digital CatLab El programa Catlab promueve la articulaci\u00f3n de una red catalana de innovaci\u00f3n digital, social y colaborativa, que implique el conjunto del tejido econ\u00f3mico y social del pa\u00eds en los procesos de innovaci\u00f3n. http:\/\/catalunya2020.gencat.cat\/ca\/instruments\/catlabs\/ Library Living Lab La iniciativa \u00abLibrary &hellip; <\/p>\n<p class=\"link-more\"><a href=\"http:\/\/multimedia.uoc.edu\/blogs\/tfgcreativitat\/comunicacion-y-cultura-digital\/\" class=\"more-link\">Seguir leyendo<span class=\"screen-reader-text\"> \u00abComunicaci\u00f3n y cultura digital\u00bb<\/span><\/a><\/p>\n","protected":false},"author":8,"featured_media":0,"parent":0,"menu_order":0,"comment_status":"closed","ping_status":"closed","template":"plantilla-pagina.php","meta":{"footnotes":""},"tags":[],"class_list":["post-16","page","type-page","status-publish","hentry","entry"],"_links":{"self":[{"href":"http:\/\/multimedia.uoc.edu\/blogs\/tfgcreativitat\/wp-json\/wp\/v2\/pages\/16","targetHints":{"allow":["GET"]}}],"collection":[{"href":"http:\/\/multimedia.uoc.edu\/blogs\/tfgcreativitat\/wp-json\/wp\/v2\/pages"}],"about":[{"href":"http:\/\/multimedia.uoc.edu\/blogs\/tfgcreativitat\/wp-json\/wp\/v2\/types\/page"}],"author":[{"embeddable":true,"href":"http:\/\/multimedia.uoc.edu\/blogs\/tfgcreativitat\/wp-json\/wp\/v2\/users\/8"}],"replies":[{"embeddable":true,"href":"http:\/\/multimedia.uoc.edu\/blogs\/tfgcreativitat\/wp-json\/wp\/v2\/comments?post=16"}],"version-history":[{"count":13,"href":"http:\/\/multimedia.uoc.edu\/blogs\/tfgcreativitat\/wp-json\/wp\/v2\/pages\/16\/revisions"}],"predecessor-version":[{"id":215,"href":"http:\/\/multimedia.uoc.edu\/blogs\/tfgcreativitat\/wp-json\/wp\/v2\/pages\/16\/revisions\/215"}],"wp:attachment":[{"href":"http:\/\/multimedia.uoc.edu\/blogs\/tfgcreativitat\/wp-json\/wp\/v2\/media?parent=16"}],"wp:term":[{"taxonomy":"post_tag","embeddable":true,"href":"http:\/\/multimedia.uoc.edu\/blogs\/tfgcreativitat\/wp-json\/wp\/v2\/tags?post=16"}],"curies":[{"name":"wp","href":"https:\/\/api.w.org\/{rel}","templated":true}]}}