{"id":729,"date":"2014-03-13T15:00:51","date_gmt":"2014-03-13T15:00:51","guid":{"rendered":"http:\/\/multimedia.uoc.edu\/blogs\/transmedia\/?page_id=729"},"modified":"2014-03-13T16:57:13","modified_gmt":"2014-03-13T16:57:13","slug":"inici","status":"publish","type":"page","link":"http:\/\/multimedia.uoc.edu\/blogs\/transmedia\/es\/","title":{"rendered":"Inicio"},"content":{"rendered":"<p>Este blog forma parte de les asignaturas de <strong>V\u00eddeo, Fotograf\u00eda digital, Composici\u00f3n digital, Animaci\u00f3n <\/strong>y<strong> Animaci\u00f3n 3D<\/strong> del <strong>Grado de Multimedia<\/strong> y del <strong>Seminario de Investigaci\u00f3n<\/strong> del <strong>Master de Aplicaciones Multimedia<\/strong>. La producci\u00f3n audiovisual actual no se puede entender sin la realidad de las redes sociales claramente transmedi\u00e1tica. En las entradas del blog iremos publicando entradas que tratan los medios audiovisuales en relaci\u00f3n a la narrativa transm\u00e8dia.<\/p>","protected":false},"excerpt":{"rendered":"<p>Este blog forma parte de les asignaturas de V\u00eddeo, Fotograf\u00eda digital, Composici\u00f3n digital, Animaci\u00f3n y Animaci\u00f3n 3D del Grado de Multimedia y del Seminario de Investigaci\u00f3n del Master de Aplicaciones Multimedia. La producci\u00f3n audiovisual actual no se puede entender sin la realidad de las redes sociales claramente transmedi\u00e1tica. En las entradas del blog iremos publicando &hellip; <\/p>\n<p class=\"link-more\"><a href=\"http:\/\/multimedia.uoc.edu\/blogs\/transmedia\/es\/\" class=\"more-link\">Seguir leyendo<span class=\"screen-reader-text\"> \u00abInicio\u00bb<\/span><\/a><\/p>\n","protected":false},"author":4,"featured_media":0,"parent":0,"menu_order":0,"comment_status":"open","ping_status":"open","template":"","meta":{"footnotes":""},"tags":[],"class_list":["post-729","page","type-page","status-publish","hentry","entry"],"_links":{"self":[{"href":"http:\/\/multimedia.uoc.edu\/blogs\/transmedia\/es\/wp-json\/wp\/v2\/pages\/729","targetHints":{"allow":["GET"]}}],"collection":[{"href":"http:\/\/multimedia.uoc.edu\/blogs\/transmedia\/es\/wp-json\/wp\/v2\/pages"}],"about":[{"href":"http:\/\/multimedia.uoc.edu\/blogs\/transmedia\/es\/wp-json\/wp\/v2\/types\/page"}],"author":[{"embeddable":true,"href":"http:\/\/multimedia.uoc.edu\/blogs\/transmedia\/es\/wp-json\/wp\/v2\/users\/4"}],"replies":[{"embeddable":true,"href":"http:\/\/multimedia.uoc.edu\/blogs\/transmedia\/es\/wp-json\/wp\/v2\/comments?post=729"}],"version-history":[{"count":5,"href":"http:\/\/multimedia.uoc.edu\/blogs\/transmedia\/es\/wp-json\/wp\/v2\/pages\/729\/revisions"}],"predecessor-version":[{"id":739,"href":"http:\/\/multimedia.uoc.edu\/blogs\/transmedia\/es\/wp-json\/wp\/v2\/pages\/729\/revisions\/739"}],"wp:attachment":[{"href":"http:\/\/multimedia.uoc.edu\/blogs\/transmedia\/es\/wp-json\/wp\/v2\/media?parent=729"}],"wp:term":[{"taxonomy":"post_tag","embeddable":true,"href":"http:\/\/multimedia.uoc.edu\/blogs\/transmedia\/es\/wp-json\/wp\/v2\/tags?post=729"}],"curies":[{"name":"wp","href":"https:\/\/api.w.org\/{rel}","templated":true}]}}